{"id":15058,"date":"2026-04-24T17:57:18","date_gmt":"2026-04-24T15:57:18","guid":{"rendered":"https:\/\/www.qboxmail.com\/?page_id=15058"},"modified":"2026-04-24T17:57:18","modified_gmt":"2026-04-24T15:57:18","slug":"proveedor-de-email-europeo","status":"publish","type":"page","link":"https:\/\/www.qboxmail.com\/es\/proveedor-de-email-europeo\/","title":{"rendered":"Proveedor de email europeo para la soberan\u00eda digital"},"content":{"rendered":"\n<section class=\"block-section block-bg--gradient-start \" id=\"\">\n\t<div class=\"block-content\">\n\n\t\t<div class=\"block-features-list__content\">\n\t\t\t\n\t\t\t\t\n\t\t\t<div class=\"block-features-list__wrap-card\">\n\t\t\t\t \t\t        \t\t\t        <a class=\"block-features-list__card\" href=\"\">\n\t\t\t\t        <h3 class=\"card-title\">Proveedor de email europeo<\/h3>\n\t\t\t\t        <p class=\"card-text\">Qboxmail desarrolla y gestiona sus servicios en Italia, sobre datacenters ubicados en Europa.<\/p>    \n\t\t\t        <\/a>\n\t\t\t   \t  \t\t\t        <a class=\"block-features-list__card\" href=\"\">\n\t\t\t\t        <h3 class=\"card-title\">M\u00e1s de 10 a\u00f1os de experiencia<\/h3>\n\t\t\t\t        <p class=\"card-text\">Desde hace m\u00e1s de 10 a\u00f1os apoyamos a empresas y distribuidores en la gesti\u00f3n de servicios profesionales de email.<\/p>    \n\t\t\t        <\/a>\n\t\t\t   \t  \t\t\t        <a class=\"block-features-list__card\" href=\"\">\n\t\t\t\t        <h3 class=\"card-title\">Soberan\u00eda, continuidad y cumplimiento<\/h3>\n\t\t\t\t        <p class=\"card-text\">Una soluci\u00f3n dise\u00f1ada para garantizar soberan\u00eda de los datos, continuidad operativa y cumplimiento de la normativa europea.<\/p>    \n\t\t\t        <\/a>\n\t\t\t   \t  \t\t      \t\t\t<\/div>\n\t\t\t\n\t\t<\/div>\n\t\t<div class=\"block-list-wrap-btn\">\n\t\t\t\t\t<\/div>\n\t<\/div>\n<\/section>\n\n\n<section class=\"block-section block-text-box block-bg--gradient-end\">\n\t<div class=\"block-content \">\n\n\t\t<div class=\"block-text-box__content\">\n\t\t\t\t\t\t\t<h2 class=\"block-title\">Dependencia tecnol\u00f3gica y control de los datos<\/h2>\n\t\t\t\n\t\t\t<p>Elegir un proveedor de email europeo significa adoptar una soluci\u00f3n de correo corporativo m\u00e1s alineada con las necesidades de soberan\u00eda digital europea, control de la infraestructura y cumplimiento del RGPD.<\/p>\n<p>Qboxmail ofrece un servicio europeo de correo corporativo independiente de software e infraestructuras de terceros, basado en datacenters ubicados en Italia y en Europa. <\/p>\n<p>M\u00e1s informaci\u00f3n:<br \/>\n<a href=\"https:\/\/www.qboxmail.com\/blog\/digital-sovereignty-why-defend-tech-future\/\" target=\"_blank\">Soberan\u00eda digital en Europa: el futuro tecnol\u00f3gico<\/a><\/p>\n\n\n\t\t\t<div class=\"block-text-box__wrap-btn\">\n\t\t\t\t\t\t\t\t\n\t\t\t\t\t\t\t<\/div>\n\t\t<\/div>\n\n\t\t\t\t\t<div class=\"box block-text-box__box\"><h2 style=\"font-size: 30px;\">\u00bfC\u00f3mo proteger tu empresa?<\/h2>\n<p>Elegir un proveedor de email europeo significa adoptar una soluci\u00f3n de correo corporativo m\u00e1s alineada con las necesidades de soberan\u00eda digital europea, control de la infraestructura y cumplimiento del RGPD.<\/p>\n<p>Qboxmail ofrece un servicio europeo de correo corporativo independiente de software e infraestructuras de terceros, basado en datacenters ubicados en Italia y en Europa.<\/p>\n<p>M\u00e1s informaci\u00f3n:<br \/>\n<a href=\"https:\/\/www.qboxmail.com\/blog\/why-you-should-switch-to-a-european-email-provider\/\" target=\"_blank\">Por qu\u00e9 cambiar a un proveedor de email europeo<\/a><br \/>\n<a href=\"https:\/\/www.qboxmail.com\/blog\/european-alternatives-to-google-workspace-and-microsoft-365\/\" target=\"_blank\">Alternativas europeas a Google Workspace y Microsoft 365<\/a><\/p>\n<\/div>\n\t\t\t<\/div>\n<\/section>\n\n\n<section class=\"block-section block-bg--primary \" id=\"\">\n\t<div class=\"block-content\">\n\n\t\t<div class=\"block-features-list__content\">\n\t\t\t\t\t\t\t<h2 class=\"block-title\">Totalmente independientes y soberanos<\/h2>\n\t\t\t\n\t\t\t<p>Qboxmail es un proveedor europeo de servicios de email que desarrolla su software internamente, gestiona completamente el servicio y utiliza datacenters ubicados en Italia y en Europa.<\/p>\n\t\n\t\t\t<div class=\"block-features-list__wrap-card\">\n\t\t\t\t \t\t        \t\t\t        <a class=\"block-features-list__card\" href=\"\">\n\t\t\t\t        <h3 class=\"card-title\">Independencia<\/h3>\n\t\t\t\t        <p class=\"card-text\">Software desarrollado internamente y gesti\u00f3n directa del servicio, sin dependencias de proveedores externos.<\/p>    \n\t\t\t        <\/a>\n\t\t\t   \t  \t\t\t        <a class=\"block-features-list__card\" href=\"\">\n\t\t\t\t        <h3 class=\"card-title\">Soberan\u00eda<\/h3>\n\t\t\t\t        <p class=\"card-text\">Desarrollo y gesti\u00f3n de infraestructura propia dentro de la Uni\u00f3n Europea, en cumplimiento de la normativa europea.<\/p>    \n\t\t\t        <\/a>\n\t\t\t   \t  \t\t\t        <a class=\"block-features-list__card\" href=\"\">\n\t\t\t\t        <h3 class=\"card-title\">Datacenters<\/h3>\n\t\t\t\t        <p class=\"card-text\">Infraestructura alojada en datacenters europeos seleccionados, con pleno control sobre los datos y la operativa.<\/p>    \n\t\t\t        <\/a>\n\t\t\t   \t  \t\t      \t\t\t<\/div>\n\t\t\t\n\t\t<\/div>\n\t\t<div class=\"block-list-wrap-btn\">\n\t\t\t\t\t<\/div>\n\t<\/div>\n<\/section>\n\n\n<section class=\"block-section block-text-img block-bg--gradient-start\">\n\t<div class=\"block-content \">\n\n\t\t<div class=\"block-text-img__content\">\n\t\t\t\t\n\t\t\t\n\t\t\t\t\t\t\t<h2 class=\"block-title\"><em>Independencia<\/em> del software y de infraestructuras de terceros<\/h2>\n\t\t\t\t\n\n\t\t\t<p>Qboxmail desarrolla sus aplicaciones directamente a trav\u00e9s de un departamento interno de Investigaci\u00f3n y Desarrollo, bas\u00e1ndose en tecnolog\u00edas open source y sin depender de proveedores externos para la capa de software del servicio.<\/p>\n<p>Este enfoque nos permite mantener el control total de la infraestructura, garantizar la continuidad operativa y desarrollar el servicio con mayor autonom\u00eda.<\/p>\n<p>M\u00e1s informaci\u00f3n:<a href=\"https:\/\/www.qboxmail.com\/blog\/difference-between-digital-sovereignty-and-digital-independence\/\" target=\"_blank\"><br \/>\nCu\u00e1l es la diferencia entre soberan\u00eda e independencia digital<\/a><\/p>\n\n\t\t\t\t\t<\/div>\n\n\t\t<figure class=\"block-text-img__img\">\n\t\t\t\t\t\t\t<img decoding=\"async\" src=\"https:\/\/www.qboxmail.com\/wp-content\/uploads\/2026\/04\/Indipendenza_software.jpg\" alt=\"Qboxmail develops its own applications directly through its in-house Research and Development department.\">\n\t\t\t\t\t<\/figure>\n\t<\/div>\n<\/section>\n\n\n<section class=\"block-section block-text-img block-bg--secondary\">\n\t<div class=\"block-content block-content--reverse\">\n\n\t\t<div class=\"block-text-img__content\">\n\t\t\t\t\n\t\t\t\n\t\t\t\t\t\t\t<h2 class=\"block-title\"><em>Soberan\u00eda<\/em>: infraestructura f\u00edsica propia<\/h2>\n\t\t\t\t\n\n\t\t\t<p>Los servicios de Qboxmail se prestan a trav\u00e9s de una infraestructura f\u00edsica propia, sin depender de proveedores cloud de terceros.<\/p>\n<p>La infraestructura se basa en un sistema de virtualizaci\u00f3n construido sobre Hypervisor KVM open source, gestionado directamente por nuestro equipo. Servidores, red, almacenamiento y componentes operativos se administran internamente para mantener el control del entorno de prestaci\u00f3n del servicio. <\/p>\n<p>Elegir un enfoque orientado a la soberan\u00eda digital permite evitar dependencias externas que podr\u00edan comprometer la seguridad o la privacidad.<\/p>\n\n\t\t\t\t\t<\/div>\n\n\t\t<figure class=\"block-text-img__img\">\n\t\t\t\t\t\t\t<img decoding=\"async\" src=\"https:\/\/www.qboxmail.com\/wp-content\/uploads\/2026\/04\/Data_center_Qboxmail.jpg\" alt=\"Digital sovereignty depends on having your own infrastructure.\">\n\t\t\t\t\t<\/figure>\n\t<\/div>\n<\/section>\n\n\n<section class=\"block-section block-text-img block-bg--gradient-end\">\n\t<div class=\"block-content \">\n\n\t\t<div class=\"block-text-img__content\">\n\t\t\t\t\n\t\t\t\n\t\t\t\t\t\t\t<h2 class=\"block-title\"><em>Datacenters<\/em> y datos ubicados en Italia y Europa<\/h2>\n\t\t\t\t\n\n\t\t\t<p>Qboxmail utiliza datacenters ubicados en Italia y en Europa, seleccionados para garantizar fiabilidad, rendimiento y continuidad del servicio.<\/p>\n<p>Todos los datos se gestionan dentro de infraestructuras europeas, sin depender de proveedores hyperscaler. Este enfoque permite mantener un control directo sobre los datos y reforzar el cumplimiento de la normativa europea. <\/p>\n<p>Para muchas empresas que buscan un proveedor de email europeo o una alternativa europea a Gmail, Google Workspace o Microsoft 365, este aspecto es cada vez m\u00e1s importante en la toma de decisiones.<\/p>\n<p>M\u00e1s informaci\u00f3n:<br \/>\n<a href=\"https:\/\/www.qboxmail.com\/blog\/tariffs-and-dependencies\/\" target=\"_blank\">Aranceles y dependencias: la relaci\u00f3n econ\u00f3mica entre la UE y Estados Unidos<\/a><br \/>\n<a href=\"https:\/\/www.qboxmail.com\/blog\/european-alternatives-to-google-workspace-and-microsoft-365\/\" target=\"_blank\">Alternativas europeas a Google Workspace y Microsoft 365<\/a><\/p>\n\n\t\t\t\t\t<\/div>\n\n\t\t<figure class=\"block-text-img__img\">\n\t\t\t\t\t\t\t<img decoding=\"async\" src=\"https:\/\/www.qboxmail.com\/wp-content\/uploads\/2026\/04\/Data_Center_Qboxmail-16.50.53.jpg\" alt=\"Qboxmail Data Center\">\n\t\t\t\t\t<\/figure>\n\t<\/div>\n<\/section>\n\n\n<section class=\"block-section block-cta block-bg--gradient-section \">\n\t<div class=\"block-content\">\n\t\n\t\t\t\t\t<h2 class=\"cta-title\">Lleva la gesti\u00f3n del correo corporativo a un proveedor europeo<\/h2>\n\t\t\t\t\n\t\t<p>Conf\u00eda tu correo corporativo a un proveedor europeo que desarrolla y gestiona el servicio en Italia, con datacenters ubicados en Europa y un enfoque orientado a la soberan\u00eda digital, el control de los datos y el cumplimiento del RGPD.<\/p>\n\n\t\t\n\t\t<div class=\"block-cta__wrap-btn\">\n\t\t\t\t      \t\t<a class=\"btn-accent\" href=\"https:\/\/www.qboxmail.com\/es\/revendedores\/\">Convi\u00e9rtete en revendedor<\/a>\n\t    \t\n\t    \t\n\t\t\t\t\t<\/div>\n\n\t<\/div>\n<\/section>","protected":false},"excerpt":{"rendered":"<p>Protege tu empresa de los riesgos relacionados con la dependencia de infraestructuras extranjeras.<br \/>\n<\/br>Elige un proveedor de email europeo.<\/p>\n","protected":false},"author":10,"featured_media":0,"parent":0,"menu_order":0,"comment_status":"closed","ping_status":"closed","template":"","meta":{"_acf_changed":false,"inline_featured_image":false,"footnotes":""},"class_list":["post-15058","page","type-page","status-publish","hentry"],"acf":[],"yoast_head":"<!-- This site is optimized with the Yoast SEO plugin v27.3 - https:\/\/yoast.com\/product\/yoast-seo-wordpress\/ -->\n<title>Proveedor de email europeo para la soberan\u00eda digital - Qboxmail<\/title>\n<meta name=\"description\" content=\"Qboxmail, proveedor de email europeo para empresas y revendedores, con servicios desarrollados y gestionados internamente y datacenters ubicados en Europa.\" \/>\n<meta name=\"robots\" content=\"index, follow, max-snippet:-1, max-image-preview:large, max-video-preview:-1\" \/>\n<link rel=\"canonical\" href=\"https:\/\/www.qboxmail.com\/es\/proveedor-de-email-europeo\/\" \/>\n<meta property=\"og:locale\" content=\"es_ES\" \/>\n<meta property=\"og:type\" content=\"article\" \/>\n<meta property=\"og:title\" content=\"Proveedor de email europeo para la soberan\u00eda digital - Qboxmail\" \/>\n<meta property=\"og:description\" content=\"Qboxmail, proveedor de email europeo para empresas y revendedores, con servicios desarrollados y gestionados internamente y datacenters ubicados en Europa.\" \/>\n<meta property=\"og:url\" content=\"https:\/\/www.qboxmail.com\/es\/proveedor-de-email-europeo\/\" \/>\n<meta property=\"og:site_name\" content=\"Qboxmail\" \/>\n<meta property=\"article:publisher\" content=\"https:\/\/www.facebook.com\/qboxmail\" \/>\n<meta property=\"og:image\" content=\"https:\/\/www.qboxmail.com\/wp-content\/uploads\/2020\/08\/og_social.jpg\" \/>\n\t<meta property=\"og:image:width\" content=\"1200\" \/>\n\t<meta property=\"og:image:height\" content=\"630\" \/>\n\t<meta property=\"og:image:type\" content=\"image\/jpeg\" \/>\n<meta name=\"twitter:card\" content=\"summary_large_image\" \/>\n<meta name=\"twitter:site\" content=\"@qboxmail\" \/>\n<meta name=\"twitter:label1\" content=\"Tiempo de lectura\" \/>\n\t<meta name=\"twitter:data1\" content=\"4 minutos\" \/>\n<script type=\"application\/ld+json\" class=\"yoast-schema-graph\">{\"@context\":\"https:\\\/\\\/schema.org\",\"@graph\":[{\"@type\":\"WebPage\",\"@id\":\"https:\\\/\\\/www.qboxmail.com\\\/es\\\/proveedor-de-email-europeo\\\/\",\"url\":\"https:\\\/\\\/www.qboxmail.com\\\/es\\\/proveedor-de-email-europeo\\\/\",\"name\":\"Proveedor de email europeo para la soberan\u00eda digital - Qboxmail\",\"isPartOf\":{\"@id\":\"https:\\\/\\\/www.qboxmail.com\\\/es\\\/#website\"},\"datePublished\":\"2026-04-24T15:57:18+00:00\",\"description\":\"Qboxmail, proveedor de email europeo para empresas y revendedores, con servicios desarrollados y gestionados internamente y datacenters ubicados en Europa.\",\"breadcrumb\":{\"@id\":\"https:\\\/\\\/www.qboxmail.com\\\/es\\\/proveedor-de-email-europeo\\\/#breadcrumb\"},\"inLanguage\":\"es\",\"potentialAction\":[{\"@type\":\"ReadAction\",\"target\":[\"https:\\\/\\\/www.qboxmail.com\\\/es\\\/proveedor-de-email-europeo\\\/\"]}]},{\"@type\":\"BreadcrumbList\",\"@id\":\"https:\\\/\\\/www.qboxmail.com\\\/es\\\/proveedor-de-email-europeo\\\/#breadcrumb\",\"itemListElement\":[{\"@type\":\"ListItem\",\"position\":1,\"name\":\"Home\",\"item\":\"https:\\\/\\\/www.qboxmail.com\\\/es\\\/\"},{\"@type\":\"ListItem\",\"position\":2,\"name\":\"Proveedor de email europeo para la soberan\u00eda digital\"}]},{\"@type\":\"WebSite\",\"@id\":\"https:\\\/\\\/www.qboxmail.com\\\/es\\\/#website\",\"url\":\"https:\\\/\\\/www.qboxmail.com\\\/es\\\/\",\"name\":\"Qboxmail\",\"description\":\"Semplifica la gestione delle email aziendali\",\"publisher\":{\"@id\":\"https:\\\/\\\/www.qboxmail.com\\\/es\\\/#organization\"},\"potentialAction\":[{\"@type\":\"SearchAction\",\"target\":{\"@type\":\"EntryPoint\",\"urlTemplate\":\"https:\\\/\\\/www.qboxmail.com\\\/es\\\/?s={search_term_string}\"},\"query-input\":{\"@type\":\"PropertyValueSpecification\",\"valueRequired\":true,\"valueName\":\"search_term_string\"}}],\"inLanguage\":\"es\"},{\"@type\":\"Organization\",\"@id\":\"https:\\\/\\\/www.qboxmail.com\\\/es\\\/#organization\",\"name\":\"Qboxmail Srl\",\"url\":\"https:\\\/\\\/www.qboxmail.com\\\/es\\\/\",\"logo\":{\"@type\":\"ImageObject\",\"inLanguage\":\"es\",\"@id\":\"https:\\\/\\\/www.qboxmail.com\\\/es\\\/#\\\/schema\\\/logo\\\/image\\\/\",\"url\":\"https:\\\/\\\/www.qboxmail.com\\\/wp-content\\\/uploads\\\/2020\\\/08\\\/logo_qboxmail.svg\",\"contentUrl\":\"https:\\\/\\\/www.qboxmail.com\\\/wp-content\\\/uploads\\\/2020\\\/08\\\/logo_qboxmail.svg\",\"width\":\"1024\",\"height\":\"1024\",\"caption\":\"Qboxmail Srl\"},\"image\":{\"@id\":\"https:\\\/\\\/www.qboxmail.com\\\/es\\\/#\\\/schema\\\/logo\\\/image\\\/\"},\"sameAs\":[\"https:\\\/\\\/www.facebook.com\\\/qboxmail\",\"https:\\\/\\\/x.com\\\/qboxmail\",\"https:\\\/\\\/www.linkedin.com\\\/company\\\/qboxmail\"]}]}<\/script>\n<!-- \/ Yoast SEO plugin. -->","yoast_head_json":{"title":"Proveedor de email europeo para la soberan\u00eda digital - Qboxmail","description":"Qboxmail, proveedor de email europeo para empresas y revendedores, con servicios desarrollados y gestionados internamente y datacenters ubicados en Europa.","robots":{"index":"index","follow":"follow","max-snippet":"max-snippet:-1","max-image-preview":"max-image-preview:large","max-video-preview":"max-video-preview:-1"},"canonical":"https:\/\/www.qboxmail.com\/es\/proveedor-de-email-europeo\/","og_locale":"es_ES","og_type":"article","og_title":"Proveedor de email europeo para la soberan\u00eda digital - Qboxmail","og_description":"Qboxmail, proveedor de email europeo para empresas y revendedores, con servicios desarrollados y gestionados internamente y datacenters ubicados en Europa.","og_url":"https:\/\/www.qboxmail.com\/es\/proveedor-de-email-europeo\/","og_site_name":"Qboxmail","article_publisher":"https:\/\/www.facebook.com\/qboxmail","og_image":[{"width":1200,"height":630,"url":"https:\/\/www.qboxmail.com\/wp-content\/uploads\/2020\/08\/og_social.jpg","type":"image\/jpeg"}],"twitter_card":"summary_large_image","twitter_site":"@qboxmail","twitter_misc":{"Tiempo de lectura":"4 minutos"},"schema":{"@context":"https:\/\/schema.org","@graph":[{"@type":"WebPage","@id":"https:\/\/www.qboxmail.com\/es\/proveedor-de-email-europeo\/","url":"https:\/\/www.qboxmail.com\/es\/proveedor-de-email-europeo\/","name":"Proveedor de email europeo para la soberan\u00eda digital - Qboxmail","isPartOf":{"@id":"https:\/\/www.qboxmail.com\/es\/#website"},"datePublished":"2026-04-24T15:57:18+00:00","description":"Qboxmail, proveedor de email europeo para empresas y revendedores, con servicios desarrollados y gestionados internamente y datacenters ubicados en Europa.","breadcrumb":{"@id":"https:\/\/www.qboxmail.com\/es\/proveedor-de-email-europeo\/#breadcrumb"},"inLanguage":"es","potentialAction":[{"@type":"ReadAction","target":["https:\/\/www.qboxmail.com\/es\/proveedor-de-email-europeo\/"]}]},{"@type":"BreadcrumbList","@id":"https:\/\/www.qboxmail.com\/es\/proveedor-de-email-europeo\/#breadcrumb","itemListElement":[{"@type":"ListItem","position":1,"name":"Home","item":"https:\/\/www.qboxmail.com\/es\/"},{"@type":"ListItem","position":2,"name":"Proveedor de email europeo para la soberan\u00eda digital"}]},{"@type":"WebSite","@id":"https:\/\/www.qboxmail.com\/es\/#website","url":"https:\/\/www.qboxmail.com\/es\/","name":"Qboxmail","description":"Semplifica la gestione delle email aziendali","publisher":{"@id":"https:\/\/www.qboxmail.com\/es\/#organization"},"potentialAction":[{"@type":"SearchAction","target":{"@type":"EntryPoint","urlTemplate":"https:\/\/www.qboxmail.com\/es\/?s={search_term_string}"},"query-input":{"@type":"PropertyValueSpecification","valueRequired":true,"valueName":"search_term_string"}}],"inLanguage":"es"},{"@type":"Organization","@id":"https:\/\/www.qboxmail.com\/es\/#organization","name":"Qboxmail Srl","url":"https:\/\/www.qboxmail.com\/es\/","logo":{"@type":"ImageObject","inLanguage":"es","@id":"https:\/\/www.qboxmail.com\/es\/#\/schema\/logo\/image\/","url":"https:\/\/www.qboxmail.com\/wp-content\/uploads\/2020\/08\/logo_qboxmail.svg","contentUrl":"https:\/\/www.qboxmail.com\/wp-content\/uploads\/2020\/08\/logo_qboxmail.svg","width":"1024","height":"1024","caption":"Qboxmail Srl"},"image":{"@id":"https:\/\/www.qboxmail.com\/es\/#\/schema\/logo\/image\/"},"sameAs":["https:\/\/www.facebook.com\/qboxmail","https:\/\/x.com\/qboxmail","https:\/\/www.linkedin.com\/company\/qboxmail"]}]}},"_links":{"self":[{"href":"https:\/\/www.qboxmail.com\/es\/wp-json\/wp\/v2\/pages\/15058","targetHints":{"allow":["GET"]}}],"collection":[{"href":"https:\/\/www.qboxmail.com\/es\/wp-json\/wp\/v2\/pages"}],"about":[{"href":"https:\/\/www.qboxmail.com\/es\/wp-json\/wp\/v2\/types\/page"}],"author":[{"embeddable":true,"href":"https:\/\/www.qboxmail.com\/es\/wp-json\/wp\/v2\/users\/10"}],"replies":[{"embeddable":true,"href":"https:\/\/www.qboxmail.com\/es\/wp-json\/wp\/v2\/comments?post=15058"}],"version-history":[{"count":4,"href":"https:\/\/www.qboxmail.com\/es\/wp-json\/wp\/v2\/pages\/15058\/revisions"}],"predecessor-version":[{"id":15073,"href":"https:\/\/www.qboxmail.com\/es\/wp-json\/wp\/v2\/pages\/15058\/revisions\/15073"}],"wp:attachment":[{"href":"https:\/\/www.qboxmail.com\/es\/wp-json\/wp\/v2\/media?parent=15058"}],"curies":[{"name":"wp","href":"https:\/\/api.w.org\/{rel}","templated":true}]}}