{"id":13483,"date":"2025-10-13T14:53:50","date_gmt":"2025-10-13T12:53:50","guid":{"rendered":"https:\/\/www.qboxmail.com\/?page_id=13483"},"modified":"2025-10-13T16:48:26","modified_gmt":"2025-10-13T14:48:26","slug":"spf-dkim-dmarc","status":"publish","type":"page","link":"https:\/\/www.qboxmail.com\/es\/spf-dkim-dmarc\/","title":{"rendered":"SPF, DKIM, DMARC"},"content":{"rendered":"\n\n<section class=\"block-section block-title-text block-bg--gradient-start\">\n\t<div class=\"block-content\">\n\t\t<h2 class=\"block-title block-title-text__title\">Del clic en ENVIAR a la bandeja de entrada: tres medidas de seguridad en secuencia<\/h2>\n\t\t<div class=\"block-title-text__text\">\n\t\t\t<p dir=\"auto\" data-pm-slice=\"1 1 []\">En una infraestructura de correo electr\u00f3nico, la autenticaci\u00f3n ocurre por etapas. SPF, DKIM y DMARC forman una cadena de verificaci\u00f3n desde el env\u00edo hasta la entrega.<\/p>\n<p dir=\"auto\"><strong>SPF<\/strong> define y verifica, a trav\u00e9s del DNS, que la direcci\u00f3n IP del remitente est\u00e9 autorizada para el dominio.<\/p>\n<p dir=\"auto\"><strong>DKIM<\/strong> aplica una firma criptogr\u00e1fica que protege la integridad del dominio remitente y mantiene su validez incluso en caso de reenv\u00edos<\/p>\n<p dir=\"auto\"><strong>DMARC<\/strong> correlaciona SPF\/DKIM con la alineaci\u00f3n del campo <em>From<\/em> y aplica una pol\u00edtica a los mensajes no conformes, generando informes \u00fatiles para detectar fuentes ilegales y abusos.<\/p>\n<p dir=\"auto\">La secuencia <strong>SPF \u2192 DKIM \u2192 DMARC<\/strong> refuerza la seguridad y el control sobre el env\u00edo de tus correos electr\u00f3nicos empresariales, a\u00f1ade un nivel adicional de protecci\u00f3n contra el <em>spoofing<\/em> y el fraude, ypermite identificarlos desde el principio.<\/p>\n\t\t<\/div>\n\t<\/div>\n<\/section>\n\n\n<section class=\"block-section block-img block-bg--secondary\">\n\t<div class=\"block-content\">\n\n\t\t<figure class=\"block-img__img\">\n\t\t\t\t\t\t\t<img decoding=\"async\" src=\"https:\/\/www.qboxmail.com\/wp-content\/uploads\/2025\/10\/explanation_spf_dkim_dmarc-1280x387.webp\" alt=\"\">\t\t\t\t\t<\/figure>\n\t<\/div>\n<\/section>\n\n\n\n<section class=\"block-section block-check-list block-bg--secondary \">\n<div class=\"block-content\">\n  <div>\n          <h2 class=\"block-title\">SPF, DKIM y DMARC: los beneficios combinados<\/h2>\n    \n    <p dir=\"auto\" data-pm-slice=\"1 1 []\">En \u00e1mbitos empresariales y profesionales, la autenticaci\u00f3n de los correos electr\u00f3nicos implica todas las fuentes de env\u00edo: CRM, ERP, facturaci\u00f3n, atenci\u00f3n al cliente y otras aplicaciones SaaS.<br \/>\nLos beneficios reales aparecen solo cuando configuras correctamente y de forma conjunta SPF, DKIM y DMARC: protecci\u00f3n de la reputaci\u00f3n, mejor entregabilidad y visibilidad sobre el uso de tu nombre de dominio.<\/p>\n<p dir=\"auto\" data-pm-slice=\"1 1 []\"><strong><span class=\"heading-content\">\u00bfQu\u00e9 ventajas aporta a tu empresa?<\/span><\/strong><\/p>\n    \n                  <div class=\"block-check-list__item\">\n          <h3>Reducci\u00f3n de spoofing y phishing<\/h3>\n          <p dir=\"auto\" data-pm-slice=\"1 1 []\"><strong>Contexto:<\/strong> dominios expuestos en varios canales de env\u00edo.<br \/>\n<strong>Mecanismo:<\/strong> DMARC exige que SPF y DKIM sean v\u00e1lidos y est\u00e9n alineados con el campo <em>From<\/em>; de lo contrario, el mensaje se rechaza.<br \/>\n<strong>Resultado:<\/strong> una disminuci\u00f3n dr\u00e1stica en los intentos de abuso y un menor riesgo de fraude.<\/p>\n \n        <\/div>\n                <div class=\"block-check-list__item\">\n          <h3>Identidad remitente coherente en todos los canales de env\u00edo<\/h3>\n          <p dir=\"auto\" data-pm-slice=\"1 1 []\"><strong>Contexto:<\/strong> newsletters, correos transaccionales, CRM<br \/>\n<strong>Mecanismo:<\/strong> verificaci\u00f3n de la alineaci\u00f3n entre el remitente (<em>From<\/em>), la firma DKIM y las IP autorizadas de env\u00edo.<br \/>\n<strong>Resultado:<\/strong> garant\u00eda de tener una configuraci\u00f3n correcta en todas tus herramientas de env\u00edo.<\/p>\n \n        <\/div>\n                <div class=\"block-check-list__item\">\n          <h3>Mejor entregabilidad<\/h3>\n          <p dir=\"auto\" data-pm-slice=\"1 1 []\"><strong>Contexto:<\/strong> Los algoritmos antispam valoran las configuraciones correctas.<br \/>\n<strong>Mecanismo:<\/strong> DMARC obliga a tener configuraciones m\u00e1s verificadas..<br \/>\n<strong>Resultado:<\/strong> menor probabilidad de enviar mensajes no autorizados y mejor calidad en tus env\u00edos.<\/p>\n \n        <\/div>\n                <div class=\"block-check-list__item\">\n          <h3>Mejor visibilidad gracias a las policy y los informes<\/h3>\n          <p dir=\"auto\" data-pm-slice=\"1 1 []\"><strong>Contexto:<\/strong> la mayor\u00eda de los proveedores admiten el cumplimiento de las policy y el env\u00edo de informes..<br \/>\n<strong>Mecanismo:<\/strong> define las policy en el DNS de tu dominio y analiza los informes que recibes.<br \/>\n<strong>Resultado:<\/strong> menos riesgo de fraude y una intervenci\u00f3n precisa en caso de anomal\u00edas o abusos..<\/p>\n \n        <\/div>\n                <\/div>\n<\/div>\n<\/section>\n\n\n<section class=\"block-section block-text-box block-bg--secondary\">\n\t<div class=\"block-content \">\n\n\t\t<div class=\"block-text-box__content\">\n\t\t\t\t\t\t\t<h2 class=\"block-title\">C\u00f3mo definir las policy de seguridad de tu dominio<\/h2>\n\t\t\t\n\t\t\t<p dir=\"auto\" data-pm-slice=\"1 1 []\">Los servicios de Qboxmail permiten configurar de forma sencilla y asistida todos los requisitos necesarios para asegurar tus correos electr\u00f3nicos, como una firma DKIM personalizada y la recepci\u00f3n de los informes DMARC.<br \/>\nAdem\u00e1s, enviamos los informes DMARC a tus destinatarios, contribuyendo a un aumento general de la seguridad y apoyando la lucha contra el fraude.<\/p>\n<p><strong>Policy DMARC disponibles para elegir<\/strong><\/p>\n<p dir=\"auto\" data-pm-slice=\"1 1 []\">Las policy DMARC especifican c\u00f3mo los proveedores remotos deben tratar un mensaje de correo electr\u00f3nico enviado con el dominio de tu empresa cuando SPF y\/o DKIM no son v\u00e1lidos:<\/p>\n<ul>\n<li dir=\"auto\"><strong>none:<\/strong> no requiere ninguna acci\u00f3n especial por parte del receptor, pero permite recibir los informes<\/li>\n<li dir=\"auto\"><strong>quarantine:<\/strong> requiere que los destinatarios clasifiquen el mensaje como potencialmente peligroso y lo coloquen en cuarentena<\/li>\n<li dir=\"auto\"><strong>reject:<\/strong> se solicita al servidor de destino que rechace el mensaje, ya que no ha sido enviado realmente por tu empresa<\/li>\n<\/ul>\n\n\n\t\t\t<div class=\"block-text-box__wrap-btn\">\n\t\t\t\t\t\t\t\t\n\t\t\t\t\t\t\t<\/div>\n\t\t<\/div>\n\n\t\t\t\t\t<div class=\"box block-text-box__box\"><p data-start=\"0\" data-end=\"57\"><strong>Usos pr\u00e1cticos de las policy DMARC<\/strong><\/p>\n<ul data-start=\"59\" data-end=\"390\">\n<li data-start=\"59\" data-end=\"153\">\n<p dir=\"auto\" data-pm-slice=\"1 1 []\"><strong>Detecci\u00f3n de abusos y\/o <em>phishing<\/em>:<\/strong> identificaci\u00f3n de mensajes no autorizados<\/p>\n<\/li>\n<li data-start=\"59\" data-end=\"153\">\n<p dir=\"auto\" data-pm-slice=\"1 1 []\"><strong>An\u00e1lisis y resoluci\u00f3n de problemas:<\/strong> detecci\u00f3n de env\u00edos leg\u00edtimos que fallan en SPF o DKIM por configuraciones incorrectas<\/p>\n<\/li>\n<li data-start=\"59\" data-end=\"153\">\n<p dir=\"auto\" data-pm-slice=\"1 1 []\"><strong>Supervisi\u00f3n de la entregabilidad:<\/strong> seguimiento continuo de los mensajes entregados y rechazados<\/p>\n<p dir=\"auto\"><strong>Beneficios de los informes:<\/strong> los informes DMARC incluyen todos los detalles de los mensajes necesarios para rastrear su origen (IP de env\u00edo, estado SPF, validaci\u00f3n DKIM). Garantizan una visibilidad completa de los correos electr\u00f3nicos enviados con el dominio de tu empresa y permiten tomar decisiones y realizar correcciones de forma precisa y r\u00e1pida.<\/p>\n<\/li>\n<\/ul>\n<\/div>\n\t\t\t<\/div>\n<\/section>\n\n\n<section class=\"block-section block-cta block-bg--gradient-end cta-free-trial\">\n\t<div class=\"block-content\">\n\t\n\t\t\t\t\t<h2 class=\"cta-title\">\u00bfYa tienes activados estos procedimientos de seguridad en tus correos electr\u00f3nicos?<\/h2>\n\t\t\t\t\n\t\t<p dir=\"auto\" data-pm-slice=\"1 1 []\">Qboxmail ayuda a las empresas y a los revendedores a implementar correctamente las medidas de seguridad que ofrece DMARC para proteger sus correos electr\u00f3nicos.<\/p>\n\n\t\t\n\t\t<div class=\"block-cta__wrap-btn\">\n\t\t\t\n\t    \t\n\t\t\t\t      \t\t<a class=\"btn-accent\" href=\"https:\/\/www.qboxmail.com\/es\/prueba-gratis\/\">Empieza tu prueba gratuita<\/a>\n\t    \t\t\t<\/div>\n\n\t<\/div>\n<\/section>\n\n\n<section class=\"block-section block-faq block-bg--gradient-section \">\n\t<div class=\"block-content\">\n\t\t\t\t\t<h2 class=\"block-title\">FAQ<\/h2>\n\t\t\t\t\n\t\t\n\t  \t    \t\t    <div class=\"block-faq__box\">\n\t\t    \t<input class=\"block-faq__toggle\" type=\"checkbox\" id=\"check-faq-1\">\n\t        <label class=\"block-faq__question\" for=\"check-faq-1\">\n\t        \t\u00bfSon necesarios SPF, DKIM y DMARC?\t        <\/label>\n\t        <div class=\"block__text block-faq__answer\"><article class=\"text-token-text-primary w-full focus:outline-none [--shadow-height:45px] has-data-writing-block:pointer-events-none has-data-writing-block:-mt-(--shadow-height) has-data-writing-block:pt-(--shadow-height) [&amp;:has([data-writing-block])&gt;*]:pointer-events-auto scroll-mt-[calc(var(--header-height)+min(200px,max(70px,20svh)))]\" dir=\"auto\" tabindex=\"-1\" data-turn-id=\"request-WEB:54af5a03-0b37-47eb-abc4-901990ce13b9-22\" data-testid=\"conversation-turn-40\" data-scroll-anchor=\"true\" data-turn=\"assistant\">\n<div class=\"text-base my-auto mx-auto pb-10 [--thread-content-margin:--spacing(4)] thread-sm:[--thread-content-margin:--spacing(6)] thread-lg:[--thread-content-margin:--spacing(16)] px-(--thread-content-margin)\">\n<div class=\"[--thread-content-max-width:40rem] thread-lg:[--thread-content-max-width:48rem] mx-auto max-w-(--thread-content-max-width) flex-1 group\/turn-messages focus-visible:outline-hidden relative flex w-full min-w-0 flex-col agent-turn\" tabindex=\"-1\">\n<div class=\"flex max-w-full flex-col grow\">\n<div class=\"min-h-8 text-message relative flex w-full flex-col items-end gap-2 text-start break-words whitespace-normal [.text-message+&amp;]:mt-1\" dir=\"auto\" data-message-author-role=\"assistant\" data-message-id=\"900478cd-63b8-4817-b3b8-8b4ef1088ce9\" data-message-model-slug=\"gpt-5-mini\">\n<div class=\"flex w-full flex-col gap-1 empty:hidden first:pt-[1px]\">\n<div class=\"markdown prose dark:prose-invert w-full break-words dark markdown-new-styling\">\n<p dir=\"auto\" data-pm-slice=\"1 1 []\">S\u00ed. Es imprescindible configurar correctamente los tres protocolos.<br \/>\nSPF y DKIM validan y verifican la autenticidad del env\u00edo.<br \/>\nDMARC comprueba su correcta aplicaci\u00f3n y act\u00faa, seg\u00fan las pol\u00edticas de seguridad definidas por tu empresa, cuando algo no coincide.<\/p>\n<\/div>\n<\/div>\n<\/div>\n<\/div>\n<\/div>\n<\/div>\n<\/article>\n<\/div>\n\t\t    <\/div>\n\t    \t\t    <div class=\"block-faq__box\">\n\t\t    \t<input class=\"block-faq__toggle\" type=\"checkbox\" id=\"check-faq-2\">\n\t        <label class=\"block-faq__question\" for=\"check-faq-2\">\n\t        \t\u00bfEl reenv\u00edo de correos electr\u00f3nicos invalida el SPF?\t        <\/label>\n\t        <div class=\"block__text block-faq__answer\"><article class=\"text-token-text-primary w-full focus:outline-none [--shadow-height:45px] has-data-writing-block:pointer-events-none has-data-writing-block:-mt-(--shadow-height) has-data-writing-block:pt-(--shadow-height) [&amp;:has([data-writing-block])&gt;*]:pointer-events-auto scroll-mt-[calc(var(--header-height)+min(200px,max(70px,20svh)))]\" dir=\"auto\" tabindex=\"-1\" data-turn-id=\"request-WEB:54af5a03-0b37-47eb-abc4-901990ce13b9-24\" data-testid=\"conversation-turn-44\" data-scroll-anchor=\"true\" data-turn=\"assistant\">\n<div class=\"text-base my-auto mx-auto pb-10 [--thread-content-margin:--spacing(4)] thread-sm:[--thread-content-margin:--spacing(6)] thread-lg:[--thread-content-margin:--spacing(16)] px-(--thread-content-margin)\">\n<div class=\"[--thread-content-max-width:40rem] thread-lg:[--thread-content-max-width:48rem] mx-auto max-w-(--thread-content-max-width) flex-1 group\/turn-messages focus-visible:outline-hidden relative flex w-full min-w-0 flex-col agent-turn\" tabindex=\"-1\">\n<div class=\"flex max-w-full flex-col grow\">\n<div class=\"min-h-8 text-message relative flex w-full flex-col items-end gap-2 text-start break-words whitespace-normal [.text-message+&amp;]:mt-1\" dir=\"auto\" data-message-author-role=\"assistant\" data-message-id=\"2a6f7e94-b167-431f-b381-5bac5b409b89\" data-message-model-slug=\"gpt-5-mini\">\n<div class=\"flex w-full flex-col gap-1 empty:hidden first:pt-[1px]\">\n<div class=\"markdown prose dark:prose-invert w-full break-words dark markdown-new-styling\">\n<p dir=\"auto\" data-pm-slice=\"1 1 []\">S\u00ed, el reenv\u00edo de correos electr\u00f3nicos invalida la verificaci\u00f3n <strong>SPF<\/strong>. Qboxmail aplica la t\u00e9cnica SRS de reescritura del remitente para que vuelva a ser v\u00e1lido y, si es necesario, vuelve a firmar los mensajes con <strong>DKIM<\/strong> para mantener la conformidad con <strong>DMARC<\/strong>.<\/p>\n<\/div>\n<\/div>\n<\/div>\n<\/div>\n<\/div>\n<\/div>\n<\/article>\n<\/div>\n\t\t    <\/div>\n\t    \t\t    <div class=\"block-faq__box\">\n\t\t    \t<input class=\"block-faq__toggle\" type=\"checkbox\" id=\"check-faq-3\">\n\t        <label class=\"block-faq__question\" for=\"check-faq-3\">\n\t        \t\u00bfCu\u00e1nto tiempo se necesita para pasar a \u201creject\u201d?\t        <\/label>\n\t        <div class=\"block__text block-faq__answer\"><p dir=\"auto\" data-pm-slice=\"1 1 []\">El tiempo necesario para pasar a \u201c<strong>reject<\/strong>\u201d depende de las fuentes de env\u00edo.<br \/>\nCon los informes DMARC, el proceso se realiza por etapas: <strong>none \u2192 quarantine \u2192 reject<\/strong>, cuando los flujos leg\u00edtimos son conformes.<\/p>\n<\/div>\n\t\t    <\/div>\n\t    \t\t    <div class=\"block-faq__box\">\n\t\t    \t<input class=\"block-faq__toggle\" type=\"checkbox\" id=\"check-faq-4\">\n\t        <label class=\"block-faq__question\" for=\"check-faq-4\">\n\t        \t\u00bfDMARC mejora la entregabilidad?\t        <\/label>\n\t        <div class=\"block__text block-faq__answer\"><p dir=\"auto\" data-pm-slice=\"1 1 []\">S\u00ed. DMARC mejora la entregabilidad porque aumenta la coherencia y reduce los abusos sobre el dominio, estabilizando la reputaci\u00f3n con el tiempo.<\/p>\n<\/div>\n\t\t    <\/div>\n\t    \t\t    <div class=\"block-faq__box\">\n\t\t    \t<input class=\"block-faq__toggle\" type=\"checkbox\" id=\"check-faq-5\">\n\t        <label class=\"block-faq__question\" for=\"check-faq-5\">\n\t        \t\u00bfEs necesario implicar todas las plataformas de env\u00edo?\t        <\/label>\n\t        <div class=\"block__text block-faq__answer\"><p dir=\"auto\" data-pm-slice=\"1 1 []\">S\u00ed, es necesario involucrar todas las plataformas de env\u00edo. Los sistemas de CRM, ERP, marketing y helpdesk deben incluirse para evitar fallos y falsos positivos.<\/p>\n<\/div>\n\t\t    <\/div>\n\t    \t  \n\t<\/div>\n<\/section>","protected":false},"excerpt":{"rendered":"<p>Reduce el spoofing y el phishing, mejora la reputaci\u00f3n y la entregabilidad.<\/p>\n","protected":false},"author":14,"featured_media":0,"parent":0,"menu_order":0,"comment_status":"closed","ping_status":"closed","template":"","meta":{"_acf_changed":false,"inline_featured_image":false,"footnotes":""},"class_list":["post-13483","page","type-page","status-publish","hentry"],"acf":[],"yoast_head":"<!-- This site is optimized with the Yoast SEO plugin v27.3 - https:\/\/yoast.com\/product\/yoast-seo-wordpress\/ -->\n<title>SPF, DKIM, DMARC - Qboxmail<\/title>\n<meta name=\"description\" content=\"M\u00e1s informaci\u00f3n sobre SPF, DKIM y DMARC para proteger su dominio contra el spoofing y el phishing. Gu\u00eda pr\u00e1ctica con ejemplos.\" \/>\n<meta name=\"robots\" content=\"index, follow, max-snippet:-1, max-image-preview:large, max-video-preview:-1\" \/>\n<link rel=\"canonical\" href=\"https:\/\/www.qboxmail.com\/es\/spf-dkim-dmarc\/\" \/>\n<meta property=\"og:locale\" content=\"es_ES\" \/>\n<meta property=\"og:type\" content=\"article\" \/>\n<meta property=\"og:title\" content=\"SPF, DKIM, DMARC - Qboxmail\" \/>\n<meta property=\"og:description\" content=\"M\u00e1s informaci\u00f3n sobre SPF, DKIM y DMARC para proteger su dominio contra el spoofing y el phishing. Gu\u00eda pr\u00e1ctica con ejemplos.\" \/>\n<meta property=\"og:url\" content=\"https:\/\/www.qboxmail.com\/es\/spf-dkim-dmarc\/\" \/>\n<meta property=\"og:site_name\" content=\"Qboxmail\" \/>\n<meta property=\"article:publisher\" content=\"https:\/\/www.facebook.com\/qboxmail\" \/>\n<meta property=\"article:modified_time\" content=\"2025-10-13T14:48:26+00:00\" \/>\n<meta property=\"og:image\" content=\"https:\/\/www.qboxmail.com\/wp-content\/uploads\/2020\/08\/og_social.jpg\" \/>\n\t<meta property=\"og:image:width\" content=\"1200\" \/>\n\t<meta property=\"og:image:height\" content=\"630\" \/>\n\t<meta property=\"og:image:type\" content=\"image\/jpeg\" \/>\n<meta name=\"twitter:card\" content=\"summary_large_image\" \/>\n<meta name=\"twitter:site\" content=\"@qboxmail\" \/>\n<meta name=\"twitter:label1\" content=\"Tiempo de lectura\" \/>\n\t<meta name=\"twitter:data1\" content=\"5 minutos\" \/>\n<script type=\"application\/ld+json\" class=\"yoast-schema-graph\">{\"@context\":\"https:\\\/\\\/schema.org\",\"@graph\":[{\"@type\":\"WebPage\",\"@id\":\"https:\\\/\\\/www.qboxmail.com\\\/es\\\/spf-dkim-dmarc\\\/\",\"url\":\"https:\\\/\\\/www.qboxmail.com\\\/es\\\/spf-dkim-dmarc\\\/\",\"name\":\"SPF, DKIM, DMARC - Qboxmail\",\"isPartOf\":{\"@id\":\"https:\\\/\\\/www.qboxmail.com\\\/es\\\/#website\"},\"datePublished\":\"2025-10-13T12:53:50+00:00\",\"dateModified\":\"2025-10-13T14:48:26+00:00\",\"description\":\"M\u00e1s informaci\u00f3n sobre SPF, DKIM y DMARC para proteger su dominio contra el spoofing y el phishing. Gu\u00eda pr\u00e1ctica con ejemplos.\",\"breadcrumb\":{\"@id\":\"https:\\\/\\\/www.qboxmail.com\\\/es\\\/spf-dkim-dmarc\\\/#breadcrumb\"},\"inLanguage\":\"es\",\"potentialAction\":[{\"@type\":\"ReadAction\",\"target\":[\"https:\\\/\\\/www.qboxmail.com\\\/es\\\/spf-dkim-dmarc\\\/\"]}]},{\"@type\":\"BreadcrumbList\",\"@id\":\"https:\\\/\\\/www.qboxmail.com\\\/es\\\/spf-dkim-dmarc\\\/#breadcrumb\",\"itemListElement\":[{\"@type\":\"ListItem\",\"position\":1,\"name\":\"Home\",\"item\":\"https:\\\/\\\/www.qboxmail.com\\\/es\\\/\"},{\"@type\":\"ListItem\",\"position\":2,\"name\":\"SPF, DKIM, DMARC\"}]},{\"@type\":\"WebSite\",\"@id\":\"https:\\\/\\\/www.qboxmail.com\\\/es\\\/#website\",\"url\":\"https:\\\/\\\/www.qboxmail.com\\\/es\\\/\",\"name\":\"Qboxmail\",\"description\":\"Semplifica la gestione delle email aziendali\",\"publisher\":{\"@id\":\"https:\\\/\\\/www.qboxmail.com\\\/es\\\/#organization\"},\"potentialAction\":[{\"@type\":\"SearchAction\",\"target\":{\"@type\":\"EntryPoint\",\"urlTemplate\":\"https:\\\/\\\/www.qboxmail.com\\\/es\\\/?s={search_term_string}\"},\"query-input\":{\"@type\":\"PropertyValueSpecification\",\"valueRequired\":true,\"valueName\":\"search_term_string\"}}],\"inLanguage\":\"es\"},{\"@type\":\"Organization\",\"@id\":\"https:\\\/\\\/www.qboxmail.com\\\/es\\\/#organization\",\"name\":\"Qboxmail Srl\",\"url\":\"https:\\\/\\\/www.qboxmail.com\\\/es\\\/\",\"logo\":{\"@type\":\"ImageObject\",\"inLanguage\":\"es\",\"@id\":\"https:\\\/\\\/www.qboxmail.com\\\/es\\\/#\\\/schema\\\/logo\\\/image\\\/\",\"url\":\"https:\\\/\\\/www.qboxmail.com\\\/wp-content\\\/uploads\\\/2020\\\/08\\\/logo_qboxmail.svg\",\"contentUrl\":\"https:\\\/\\\/www.qboxmail.com\\\/wp-content\\\/uploads\\\/2020\\\/08\\\/logo_qboxmail.svg\",\"width\":\"1024\",\"height\":\"1024\",\"caption\":\"Qboxmail Srl\"},\"image\":{\"@id\":\"https:\\\/\\\/www.qboxmail.com\\\/es\\\/#\\\/schema\\\/logo\\\/image\\\/\"},\"sameAs\":[\"https:\\\/\\\/www.facebook.com\\\/qboxmail\",\"https:\\\/\\\/x.com\\\/qboxmail\",\"https:\\\/\\\/www.linkedin.com\\\/company\\\/qboxmail\"]}]}<\/script>\n<!-- \/ Yoast SEO plugin. -->","yoast_head_json":{"title":"SPF, DKIM, DMARC - Qboxmail","description":"M\u00e1s informaci\u00f3n sobre SPF, DKIM y DMARC para proteger su dominio contra el spoofing y el phishing. Gu\u00eda pr\u00e1ctica con ejemplos.","robots":{"index":"index","follow":"follow","max-snippet":"max-snippet:-1","max-image-preview":"max-image-preview:large","max-video-preview":"max-video-preview:-1"},"canonical":"https:\/\/www.qboxmail.com\/es\/spf-dkim-dmarc\/","og_locale":"es_ES","og_type":"article","og_title":"SPF, DKIM, DMARC - Qboxmail","og_description":"M\u00e1s informaci\u00f3n sobre SPF, DKIM y DMARC para proteger su dominio contra el spoofing y el phishing. Gu\u00eda pr\u00e1ctica con ejemplos.","og_url":"https:\/\/www.qboxmail.com\/es\/spf-dkim-dmarc\/","og_site_name":"Qboxmail","article_publisher":"https:\/\/www.facebook.com\/qboxmail","article_modified_time":"2025-10-13T14:48:26+00:00","og_image":[{"width":1200,"height":630,"url":"https:\/\/www.qboxmail.com\/wp-content\/uploads\/2020\/08\/og_social.jpg","type":"image\/jpeg"}],"twitter_card":"summary_large_image","twitter_site":"@qboxmail","twitter_misc":{"Tiempo de lectura":"5 minutos"},"schema":{"@context":"https:\/\/schema.org","@graph":[{"@type":"WebPage","@id":"https:\/\/www.qboxmail.com\/es\/spf-dkim-dmarc\/","url":"https:\/\/www.qboxmail.com\/es\/spf-dkim-dmarc\/","name":"SPF, DKIM, DMARC - Qboxmail","isPartOf":{"@id":"https:\/\/www.qboxmail.com\/es\/#website"},"datePublished":"2025-10-13T12:53:50+00:00","dateModified":"2025-10-13T14:48:26+00:00","description":"M\u00e1s informaci\u00f3n sobre SPF, DKIM y DMARC para proteger su dominio contra el spoofing y el phishing. Gu\u00eda pr\u00e1ctica con ejemplos.","breadcrumb":{"@id":"https:\/\/www.qboxmail.com\/es\/spf-dkim-dmarc\/#breadcrumb"},"inLanguage":"es","potentialAction":[{"@type":"ReadAction","target":["https:\/\/www.qboxmail.com\/es\/spf-dkim-dmarc\/"]}]},{"@type":"BreadcrumbList","@id":"https:\/\/www.qboxmail.com\/es\/spf-dkim-dmarc\/#breadcrumb","itemListElement":[{"@type":"ListItem","position":1,"name":"Home","item":"https:\/\/www.qboxmail.com\/es\/"},{"@type":"ListItem","position":2,"name":"SPF, DKIM, DMARC"}]},{"@type":"WebSite","@id":"https:\/\/www.qboxmail.com\/es\/#website","url":"https:\/\/www.qboxmail.com\/es\/","name":"Qboxmail","description":"Semplifica la gestione delle email aziendali","publisher":{"@id":"https:\/\/www.qboxmail.com\/es\/#organization"},"potentialAction":[{"@type":"SearchAction","target":{"@type":"EntryPoint","urlTemplate":"https:\/\/www.qboxmail.com\/es\/?s={search_term_string}"},"query-input":{"@type":"PropertyValueSpecification","valueRequired":true,"valueName":"search_term_string"}}],"inLanguage":"es"},{"@type":"Organization","@id":"https:\/\/www.qboxmail.com\/es\/#organization","name":"Qboxmail Srl","url":"https:\/\/www.qboxmail.com\/es\/","logo":{"@type":"ImageObject","inLanguage":"es","@id":"https:\/\/www.qboxmail.com\/es\/#\/schema\/logo\/image\/","url":"https:\/\/www.qboxmail.com\/wp-content\/uploads\/2020\/08\/logo_qboxmail.svg","contentUrl":"https:\/\/www.qboxmail.com\/wp-content\/uploads\/2020\/08\/logo_qboxmail.svg","width":"1024","height":"1024","caption":"Qboxmail Srl"},"image":{"@id":"https:\/\/www.qboxmail.com\/es\/#\/schema\/logo\/image\/"},"sameAs":["https:\/\/www.facebook.com\/qboxmail","https:\/\/x.com\/qboxmail","https:\/\/www.linkedin.com\/company\/qboxmail"]}]}},"_links":{"self":[{"href":"https:\/\/www.qboxmail.com\/es\/wp-json\/wp\/v2\/pages\/13483","targetHints":{"allow":["GET"]}}],"collection":[{"href":"https:\/\/www.qboxmail.com\/es\/wp-json\/wp\/v2\/pages"}],"about":[{"href":"https:\/\/www.qboxmail.com\/es\/wp-json\/wp\/v2\/types\/page"}],"author":[{"embeddable":true,"href":"https:\/\/www.qboxmail.com\/es\/wp-json\/wp\/v2\/users\/14"}],"replies":[{"embeddable":true,"href":"https:\/\/www.qboxmail.com\/es\/wp-json\/wp\/v2\/comments?post=13483"}],"version-history":[{"count":3,"href":"https:\/\/www.qboxmail.com\/es\/wp-json\/wp\/v2\/pages\/13483\/revisions"}],"predecessor-version":[{"id":13487,"href":"https:\/\/www.qboxmail.com\/es\/wp-json\/wp\/v2\/pages\/13483\/revisions\/13487"}],"wp:attachment":[{"href":"https:\/\/www.qboxmail.com\/es\/wp-json\/wp\/v2\/media?parent=13483"}],"curies":[{"name":"wp","href":"https:\/\/api.w.org\/{rel}","templated":true}]}}