{"id":11667,"date":"2022-03-14T12:19:40","date_gmt":"2022-03-14T11:19:40","guid":{"rendered":"https:\/\/www.qboxmail.com\/cloudfest-2022-codigo-promocional\/"},"modified":"2025-04-23T09:37:24","modified_gmt":"2025-04-23T07:37:24","slug":"cloudfest-2022-codigo-promocional","status":"publish","type":"page","link":"https:\/\/www.qboxmail.com\/es\/cloudfest-2022-codigo-promocional\/","title":{"rendered":"CloudFest 2022 &#8211; C\u00f3digo promocional"},"content":{"rendered":"\n<section class=\"block-section block-evidence block-bg--gradient-start \">\n\t<div class=\"block-content\">\n\t\t<p>Demasiado tarde amigo!<br \/>\nEl c\u00f3digo promocional para CloudFest 2022 ha expirado&#8230;<\/p>\n\t<\/div>\n<\/section>\n<section class=\"block-section block-cta block-bg--gradient-end \">\n\t<div class=\"block-content\">\n\t\n\t\t\t\t\t<h2 class=\"cta-title\">Pruebe los servicios de Qboxmail <em>gratis<\/em> durante 30 d\u00edas<\/h2>\n\t\t\t\t\n\t\t<p>Prueba Qboxmail Cloud GRATIS durante 30 d\u00edas, dise\u00f1ado para gestionar mejor los correos corporativos. Descubrir\u00e1s un servicio dise\u00f1ado para aumentar la seguridad y productividad de tu empresa. <\/p>\n\n\t\t\n\t\t<div class=\"block-cta__wrap-btn\">\n\t\t\t\t      \t\t<a class=\"btn-accent\" href=\"https:\/\/www.qboxmail.com\/es\/revendedores\/\">Convi\u00e9rtete en revendedor<\/a>\n\t    \t\n\t    \t\t      \t\t<a class=\"btn-outline\" href=\"https:\/\/www.qboxmail.com\/\" target=\"_blank\">Descubra Qboxmail<\/a>\n\t    \t\n\t\t\t\t\t<\/div>\n\n\t<\/div>\n<\/section>\n<section class=\"block-section block-text-img block-bg--gradient-start\">\n\t<div class=\"block-content block-content--reverse\">\n\n\t\t<div class=\"block-text-img__content\">\n\t\t\t\t\n\t\t\t\n\t\t\t\t\t\t\t<h2 class=\"block-title\">Gesti\u00f3n centralizada del correo electr\u00f3nico<\/h2>\n\t\t\t\t\n\n\t\t\t<p>Un \u00fanico <strong>Panel de Control<\/strong> para gestionar f\u00e1cilmente las cuentas de correo electr\u00f3nico de tus clientes que te permitir\u00e1 ahorrar horas de trabajo.<\/p>\n<p>Nuestro Panel de Control le permite:<\/p>\n<ul>\n<li><strong>Gestiona <\/strong>y ajusta todos los aspectos relacionados con un buz\u00f3n de correo electr\u00f3nico, en unos simples clics.<\/li>\n<li><strong>Delegue<\/strong> la gesti\u00f3n de cuentas de correo electr\u00f3nico a los miembros de su equipo con una funci\u00f3n de varios niveles.<\/li>\n<li><strong>Responda<\/strong> a las solicitudes de soporte t\u00e9cnico de forma r\u00e1pida y precisa utilizando Tracemail, la herramienta exclusiva de an\u00e1lisis de registros de correo electr\u00f3nico.<\/li>\n<\/ul>\n\n\t\t\t\t\t<\/div>\n\n\t\t<figure class=\"block-text-img__img\">\n\t\t\t\t\t\t\t<img decoding=\"async\" src=\"\" alt=\"\">\n\t\t\t\t\t<\/figure>\n\t<\/div>\n<\/section>\n<section class=\"block-section block-text-img block-bg--secondary\">\n\t<div class=\"block-content \">\n\n\t\t<div class=\"block-text-img__content\">\n\t\t\t\t\n\t\t\t\n\t\t\t\t\t\t\t<h2 class=\"block-title\">Aumente el conocimiento de la marca de su empresa<\/h2>\n\t\t\t\t\n\n\t\t\t<p>Qboxmail ofrece un servicio de correo electr\u00f3nico de <strong>marca blanca<\/strong> para personalizar la <strong>URL de acceso<\/strong> y el <strong>logotipo<\/strong> de nuestras interfaces.<\/p>\n\n\t\t\t\t\t<\/div>\n\n\t\t<figure class=\"block-text-img__img\">\n\t\t\t\t\t\t\t<img decoding=\"async\" src=\"\" alt=\"\">\n\t\t\t\t\t<\/figure>\n\t<\/div>\n<\/section>\n<section class=\"block-section block-text-img block-bg--gradient-end\">\n\t<div class=\"block-content block-content--reverse\">\n\n\t\t<div class=\"block-text-img__content\">\n\t\t\t\t\n\t\t\t\n\t\t\t\t\t\t\t<h2 class=\"block-title\">Flexibilidad de pago<\/h2>\n\t\t\t\t\n\n\t\t\t<p>Con la facturaci\u00f3n de <strong>pago por uso<\/strong>, se le cobrar\u00e1 solo por los servicios <strong>activos<\/strong> y tendr\u00e1 acceso a descuentos por <strong>volumen exclusivamente<\/strong> para revendedores.<\/p>\n<ul>\n<li>Flexibilidad contractual<\/li>\n<li>Sin cargos por activaci\u00f3n del servicio<\/li>\n<li>Transparencia de costos<\/li>\n<li>Optimizaci\u00f3n de la gesti\u00f3n de facturas<\/li>\n<\/ul>\n\n\t\t\t\t\t<\/div>\n\n\t\t<figure class=\"block-text-img__img\">\n\t\t\t\t\t\t\t<img decoding=\"async\" src=\"https:\/\/www.qboxmail.com\/wp-content\/uploads\/2022\/03\/panel_prices_screenshot.png\" alt=\"panel prices screenshot\">\n\t\t\t\t\t<\/figure>\n\t<\/div>\n<\/section>\n<section class=\"block-section block-text-img block-bg--gradient-section\">\n\t<div class=\"block-content \">\n\n\t\t<div class=\"block-text-img__content\">\n\t\t\t\t\n\t\t\t\n\t\t\t\t\t\t\t<h2 class=\"block-title\">Soporte t\u00e9cnico calificado<\/h2>\n\t\t\t\t\n\n\t\t\t<p>Nuestro equipo de <strong>expertos<\/strong> le ayudar\u00e1 pacientemente a resolver sus problemas relacionados con la gesti\u00f3n profesional del correo electr\u00f3nico:<\/p>\n<ul>\n<li>Soporte de tickets los 7 d\u00edas de la semana<\/li>\n<li>Asistencia telef\u00f3nica con operadores altamente capacitados<\/li>\n<li>Documentaci\u00f3n clara y de f\u00e1cil consulta<\/li>\n<li>Compartir escritorio<\/li>\n<\/ul>\n<p>En caso de necesidad puede consultar a nuestro soporte comercial, le ayudaremos a definir una <strong>estrategia \u00f3ptima<\/strong> para comunicar el valor del servicio a sus clientes ayud\u00e1ndole a <strong>incrementar sus ventas<\/strong>.<\/p>\n\n\t\t\t\t\t<\/div>\n\n\t\t<figure class=\"block-text-img__img\">\n\t\t\t\t\t\t\t<img decoding=\"async\" src=\"https:\/\/www.qboxmail.com\/wp-content\/uploads\/2022\/03\/customer_support_light.png\" alt=\"customer support light\">\n\t\t\t\t\t<\/figure>\n\t<\/div>\n<\/section>","protected":false},"excerpt":{"rendered":"","protected":false},"author":10,"featured_media":0,"parent":0,"menu_order":0,"comment_status":"closed","ping_status":"closed","template":"page-templates\/page-landing-minimal.php","meta":{"_acf_changed":false,"inline_featured_image":false,"footnotes":""},"class_list":["post-11667","page","type-page","status-publish","hentry"],"acf":[],"yoast_head":"<!-- This site is optimized with the Yoast SEO plugin v27.3 - https:\/\/yoast.com\/product\/yoast-seo-wordpress\/ -->\n<title>CloudFest 2022 - C\u00f3digo promocional - Qboxmail<\/title>\n<meta name=\"robots\" content=\"index, follow, max-snippet:-1, max-image-preview:large, max-video-preview:-1\" \/>\n<link rel=\"canonical\" href=\"https:\/\/www.qboxmail.com\/es\/cloudfest-2022-codigo-promocional\/\" \/>\n<meta property=\"og:locale\" content=\"es_ES\" \/>\n<meta property=\"og:type\" content=\"article\" \/>\n<meta property=\"og:title\" content=\"CloudFest 2022 - C\u00f3digo promocional - Qboxmail\" \/>\n<meta property=\"og:url\" content=\"https:\/\/www.qboxmail.com\/es\/cloudfest-2022-codigo-promocional\/\" \/>\n<meta property=\"og:site_name\" content=\"Qboxmail\" \/>\n<meta property=\"article:publisher\" content=\"https:\/\/www.facebook.com\/qboxmail\" \/>\n<meta property=\"article:modified_time\" content=\"2025-04-23T07:37:24+00:00\" \/>\n<meta property=\"og:image\" content=\"https:\/\/www.qboxmail.com\/wp-content\/uploads\/2020\/08\/og_social.jpg\" \/>\n\t<meta property=\"og:image:width\" content=\"1200\" \/>\n\t<meta property=\"og:image:height\" content=\"630\" \/>\n\t<meta property=\"og:image:type\" content=\"image\/jpeg\" \/>\n<meta name=\"twitter:card\" content=\"summary_large_image\" \/>\n<meta name=\"twitter:site\" content=\"@qboxmail\" \/>\n<script type=\"application\/ld+json\" class=\"yoast-schema-graph\">{\"@context\":\"https:\\\/\\\/schema.org\",\"@graph\":[{\"@type\":\"WebPage\",\"@id\":\"https:\\\/\\\/www.qboxmail.com\\\/es\\\/cloudfest-2022-codigo-promocional\\\/\",\"url\":\"https:\\\/\\\/www.qboxmail.com\\\/es\\\/cloudfest-2022-codigo-promocional\\\/\",\"name\":\"CloudFest 2022 - C\u00f3digo promocional - Qboxmail\",\"isPartOf\":{\"@id\":\"https:\\\/\\\/www.qboxmail.com\\\/es\\\/#website\"},\"datePublished\":\"2022-03-14T11:19:40+00:00\",\"dateModified\":\"2025-04-23T07:37:24+00:00\",\"breadcrumb\":{\"@id\":\"https:\\\/\\\/www.qboxmail.com\\\/es\\\/cloudfest-2022-codigo-promocional\\\/#breadcrumb\"},\"inLanguage\":\"es\",\"potentialAction\":[{\"@type\":\"ReadAction\",\"target\":[\"https:\\\/\\\/www.qboxmail.com\\\/es\\\/cloudfest-2022-codigo-promocional\\\/\"]}]},{\"@type\":\"BreadcrumbList\",\"@id\":\"https:\\\/\\\/www.qboxmail.com\\\/es\\\/cloudfest-2022-codigo-promocional\\\/#breadcrumb\",\"itemListElement\":[{\"@type\":\"ListItem\",\"position\":1,\"name\":\"Home\",\"item\":\"https:\\\/\\\/www.qboxmail.com\\\/es\\\/\"},{\"@type\":\"ListItem\",\"position\":2,\"name\":\"CloudFest 2022 &#8211; C\u00f3digo promocional\"}]},{\"@type\":\"WebSite\",\"@id\":\"https:\\\/\\\/www.qboxmail.com\\\/es\\\/#website\",\"url\":\"https:\\\/\\\/www.qboxmail.com\\\/es\\\/\",\"name\":\"Qboxmail\",\"description\":\"Semplifica la gestione delle email aziendali\",\"publisher\":{\"@id\":\"https:\\\/\\\/www.qboxmail.com\\\/es\\\/#organization\"},\"potentialAction\":[{\"@type\":\"SearchAction\",\"target\":{\"@type\":\"EntryPoint\",\"urlTemplate\":\"https:\\\/\\\/www.qboxmail.com\\\/es\\\/?s={search_term_string}\"},\"query-input\":{\"@type\":\"PropertyValueSpecification\",\"valueRequired\":true,\"valueName\":\"search_term_string\"}}],\"inLanguage\":\"es\"},{\"@type\":\"Organization\",\"@id\":\"https:\\\/\\\/www.qboxmail.com\\\/es\\\/#organization\",\"name\":\"Qboxmail Srl\",\"url\":\"https:\\\/\\\/www.qboxmail.com\\\/es\\\/\",\"logo\":{\"@type\":\"ImageObject\",\"inLanguage\":\"es\",\"@id\":\"https:\\\/\\\/www.qboxmail.com\\\/es\\\/#\\\/schema\\\/logo\\\/image\\\/\",\"url\":\"https:\\\/\\\/www.qboxmail.com\\\/wp-content\\\/uploads\\\/2020\\\/08\\\/logo_qboxmail.svg\",\"contentUrl\":\"https:\\\/\\\/www.qboxmail.com\\\/wp-content\\\/uploads\\\/2020\\\/08\\\/logo_qboxmail.svg\",\"width\":\"1024\",\"height\":\"1024\",\"caption\":\"Qboxmail Srl\"},\"image\":{\"@id\":\"https:\\\/\\\/www.qboxmail.com\\\/es\\\/#\\\/schema\\\/logo\\\/image\\\/\"},\"sameAs\":[\"https:\\\/\\\/www.facebook.com\\\/qboxmail\",\"https:\\\/\\\/x.com\\\/qboxmail\",\"https:\\\/\\\/www.linkedin.com\\\/company\\\/qboxmail\"]}]}<\/script>\n<!-- \/ Yoast SEO plugin. -->","yoast_head_json":{"title":"CloudFest 2022 - C\u00f3digo promocional - Qboxmail","robots":{"index":"index","follow":"follow","max-snippet":"max-snippet:-1","max-image-preview":"max-image-preview:large","max-video-preview":"max-video-preview:-1"},"canonical":"https:\/\/www.qboxmail.com\/es\/cloudfest-2022-codigo-promocional\/","og_locale":"es_ES","og_type":"article","og_title":"CloudFest 2022 - C\u00f3digo promocional - Qboxmail","og_url":"https:\/\/www.qboxmail.com\/es\/cloudfest-2022-codigo-promocional\/","og_site_name":"Qboxmail","article_publisher":"https:\/\/www.facebook.com\/qboxmail","article_modified_time":"2025-04-23T07:37:24+00:00","og_image":[{"width":1200,"height":630,"url":"https:\/\/www.qboxmail.com\/wp-content\/uploads\/2020\/08\/og_social.jpg","type":"image\/jpeg"}],"twitter_card":"summary_large_image","twitter_site":"@qboxmail","schema":{"@context":"https:\/\/schema.org","@graph":[{"@type":"WebPage","@id":"https:\/\/www.qboxmail.com\/es\/cloudfest-2022-codigo-promocional\/","url":"https:\/\/www.qboxmail.com\/es\/cloudfest-2022-codigo-promocional\/","name":"CloudFest 2022 - C\u00f3digo promocional - Qboxmail","isPartOf":{"@id":"https:\/\/www.qboxmail.com\/es\/#website"},"datePublished":"2022-03-14T11:19:40+00:00","dateModified":"2025-04-23T07:37:24+00:00","breadcrumb":{"@id":"https:\/\/www.qboxmail.com\/es\/cloudfest-2022-codigo-promocional\/#breadcrumb"},"inLanguage":"es","potentialAction":[{"@type":"ReadAction","target":["https:\/\/www.qboxmail.com\/es\/cloudfest-2022-codigo-promocional\/"]}]},{"@type":"BreadcrumbList","@id":"https:\/\/www.qboxmail.com\/es\/cloudfest-2022-codigo-promocional\/#breadcrumb","itemListElement":[{"@type":"ListItem","position":1,"name":"Home","item":"https:\/\/www.qboxmail.com\/es\/"},{"@type":"ListItem","position":2,"name":"CloudFest 2022 &#8211; C\u00f3digo promocional"}]},{"@type":"WebSite","@id":"https:\/\/www.qboxmail.com\/es\/#website","url":"https:\/\/www.qboxmail.com\/es\/","name":"Qboxmail","description":"Semplifica la gestione delle email aziendali","publisher":{"@id":"https:\/\/www.qboxmail.com\/es\/#organization"},"potentialAction":[{"@type":"SearchAction","target":{"@type":"EntryPoint","urlTemplate":"https:\/\/www.qboxmail.com\/es\/?s={search_term_string}"},"query-input":{"@type":"PropertyValueSpecification","valueRequired":true,"valueName":"search_term_string"}}],"inLanguage":"es"},{"@type":"Organization","@id":"https:\/\/www.qboxmail.com\/es\/#organization","name":"Qboxmail Srl","url":"https:\/\/www.qboxmail.com\/es\/","logo":{"@type":"ImageObject","inLanguage":"es","@id":"https:\/\/www.qboxmail.com\/es\/#\/schema\/logo\/image\/","url":"https:\/\/www.qboxmail.com\/wp-content\/uploads\/2020\/08\/logo_qboxmail.svg","contentUrl":"https:\/\/www.qboxmail.com\/wp-content\/uploads\/2020\/08\/logo_qboxmail.svg","width":"1024","height":"1024","caption":"Qboxmail Srl"},"image":{"@id":"https:\/\/www.qboxmail.com\/es\/#\/schema\/logo\/image\/"},"sameAs":["https:\/\/www.facebook.com\/qboxmail","https:\/\/x.com\/qboxmail","https:\/\/www.linkedin.com\/company\/qboxmail"]}]}},"_links":{"self":[{"href":"https:\/\/www.qboxmail.com\/es\/wp-json\/wp\/v2\/pages\/11667","targetHints":{"allow":["GET"]}}],"collection":[{"href":"https:\/\/www.qboxmail.com\/es\/wp-json\/wp\/v2\/pages"}],"about":[{"href":"https:\/\/www.qboxmail.com\/es\/wp-json\/wp\/v2\/types\/page"}],"author":[{"embeddable":true,"href":"https:\/\/www.qboxmail.com\/es\/wp-json\/wp\/v2\/users\/10"}],"replies":[{"embeddable":true,"href":"https:\/\/www.qboxmail.com\/es\/wp-json\/wp\/v2\/comments?post=11667"}],"version-history":[{"count":1,"href":"https:\/\/www.qboxmail.com\/es\/wp-json\/wp\/v2\/pages\/11667\/revisions"}],"predecessor-version":[{"id":11671,"href":"https:\/\/www.qboxmail.com\/es\/wp-json\/wp\/v2\/pages\/11667\/revisions\/11671"}],"wp:attachment":[{"href":"https:\/\/www.qboxmail.com\/es\/wp-json\/wp\/v2\/media?parent=11667"}],"curies":[{"name":"wp","href":"https:\/\/api.w.org\/{rel}","templated":true}]}}