{"id":11648,"date":"2020-09-02T11:25:11","date_gmt":"2020-09-02T09:25:11","guid":{"rendered":"https:\/\/www.qboxmail.com\/todo-lo-que-necesitas-para-gestionar-tus-correos-electronicos\/mail-time-machine\/"},"modified":"2025-06-27T11:01:56","modified_gmt":"2025-06-27T09:01:56","slug":"mail-time-machine","status":"publish","type":"page","link":"https:\/\/www.qboxmail.com\/es\/caracteristicas\/mail-time-machine\/","title":{"rendered":"Mail Time Machine"},"content":{"rendered":"\n<section class=\"block-section block-evidence block-bg--gradient-start \">\n\t<div class=\"block-content\">\n\t\t<p>Mail Time Machine es una herramienta que te permite acceder a las copias de seguridad de tus cuentas de correo electr\u00f3nico para verificar o recuperar posibles mensajes perdidos.<\/p>\n\t<\/div>\n<\/section>\n\n\n<section class=\"block-section block-text-img block-bg--secondary\">\n\t<div class=\"block-content block-content--reverse\">\n\n\t\t<div class=\"block-text-img__content\">\n\t\t\t\t\n\t\t\t\n\t\t\t\t\t\t\t<h2 class=\"block-title\">Mail Time Machine<\/h2>\n\t\t\t\t\n\n\t\t\t<p>A trav\u00e9s de Mail Time Machine puedes acceder a las copias de seguridad de los buzones de correo de los usuarios, realizadas en los \u00faltimos 15 d\u00edas, para verificar el estado de las copias o restaurar mensajes.<br \/>\nMail Time Machine est\u00e1 dise\u00f1ada para responder en tiempo real a las solicitudes de recuperaci\u00f3n de correos electr\u00f3nicos eliminados por error que reciban los usuarios del servicio.<\/p>\n\n\t\t\t\t\t<\/div>\n\n\t\t<figure class=\"block-text-img__img\">\n\t\t\t\t\t\t\t<img decoding=\"async\" src=\"https:\/\/www.qboxmail.com\/wp-content\/uploads\/2025\/02\/mtm_main_interface_screenshot-1280x736.png\" alt=\"'Mail Time Machine' application interface showing an inbox with several emails.\">\n\t\t\t\t\t<\/figure>\n\t<\/div>\n<\/section>\n\n\n<section class=\"block-section block-text-img block-bg--gradient-end\">\n\t<div class=\"block-content \">\n\n\t\t<div class=\"block-text-img__content\">\n\t\t\t\t\n\t\t\t\n\t\t\t\t\t\t\t<h2 class=\"block-title\">Copia de seguridad autom\u00e1tica<\/h2>\n\t\t\t\t\n\n\t\t\t<p>El backup de los buzones de correo se realiza autom\u00e1ticamente cada d\u00eda mediante tecnolog\u00eda Snapshot directamente en nuestros sistemas de almacenamiento, sin impacto en el rendimiento del servicio, y se conserva en modo de solo lectura. <\/p>\n<p>Puedes restaurar tanto mensajes individuales como una cuenta de correo completa en caso de eliminaci\u00f3n accidental por parte de un usuario o error humano de un operador.<\/p>\n\n\t\t\t\t\t<\/div>\n\n\t\t<figure class=\"block-text-img__img\">\n\t\t\t\t\t\t\t<img decoding=\"async\" src=\"https:\/\/www.qboxmail.com\/wp-content\/uploads\/2022\/04\/mtm_screenshot.png\" alt=\"mtm screenshot\">\n\t\t\t\t\t<\/figure>\n\t<\/div>\n<\/section>\n\n\n<section class=\"block-section block-cta block-bg--gradient-section \">\n\t<div class=\"block-content\">\n\t\n\t\t\t\t\t<h2 class=\"cta-title\">Restauraci\u00f3n instant\u00e1nea de correos desde la copia de seguridad, sin coste adicional<\/h2>\n\t\t\t\t\n\t\t<p><span class=\"highlight author-d-1gg9uz65z1iz85zgdz68zmqkz84zo2qowz81zz86z59libz82zz66z4cz69zhz69zz74zz83zfz81z52z73zz76zz88zq6xnz70zz85zwt\" data-highlight-color=\"#F7CC62\">Search and restore any message with 15-day cloud backups, no extra cost.<\/span><\/p>\n\n\t\t\n\t\t<div class=\"block-cta__wrap-btn\">\n\t\t\t\t      \t\t<a class=\"btn-accent\" href=\"https:\/\/www.qboxmail.com\/es\/prueba-gratis\/\">Comience una prueba gratuita<\/a>\n\t    \t\n\t    \t\n\t\t\t\t\t<\/div>\n\n\t<\/div>\n<\/section>\n\n\n<p><\/p>\n","protected":false},"excerpt":{"rendered":"<p>El servicio incluye una copia de seguridad autom\u00e1tica del correo electr\u00f3nico<\/p>\n","protected":false},"author":5,"featured_media":0,"parent":11576,"menu_order":0,"comment_status":"closed","ping_status":"closed","template":"","meta":{"_acf_changed":false,"inline_featured_image":false,"footnotes":""},"class_list":["post-11648","page","type-page","status-publish","hentry"],"acf":[],"yoast_head":"<!-- This site is optimized with the Yoast SEO plugin v27.3 - https:\/\/yoast.com\/product\/yoast-seo-wordpress\/ -->\n<title>Copia de seguridad autom\u00e1tica del correo electr\u00f3nico con Mail Time Machine - Qboxmail<\/title>\n<meta name=\"description\" content=\"Mail Time Machine te permite acceder a la copia de seguridad de tu cuenta de correo electr\u00f3nico, para que puedas verificar o recuperar cualquier mensaje perdido.\" \/>\n<meta name=\"robots\" content=\"index, follow, max-snippet:-1, max-image-preview:large, max-video-preview:-1\" \/>\n<link rel=\"canonical\" href=\"https:\/\/www.qboxmail.com\/es\/caracteristicas\/mail-time-machine\/\" \/>\n<meta property=\"og:locale\" content=\"es_ES\" \/>\n<meta property=\"og:type\" content=\"article\" \/>\n<meta property=\"og:title\" content=\"Copia de seguridad autom\u00e1tica del correo electr\u00f3nico con Mail Time Machine - Qboxmail\" \/>\n<meta property=\"og:description\" content=\"Mail Time Machine te permite acceder a la copia de seguridad de tu cuenta de correo electr\u00f3nico, para que puedas verificar o recuperar cualquier mensaje perdido.\" \/>\n<meta property=\"og:url\" content=\"https:\/\/www.qboxmail.com\/es\/caracteristicas\/mail-time-machine\/\" \/>\n<meta property=\"og:site_name\" content=\"Qboxmail\" \/>\n<meta property=\"article:publisher\" content=\"https:\/\/www.facebook.com\/qboxmail\" \/>\n<meta property=\"article:modified_time\" content=\"2025-06-27T09:01:56+00:00\" \/>\n<meta property=\"og:image\" content=\"https:\/\/www.qboxmail.com\/wp-content\/uploads\/2020\/08\/og_social.jpg\" \/>\n\t<meta property=\"og:image:width\" content=\"1200\" \/>\n\t<meta property=\"og:image:height\" content=\"630\" \/>\n\t<meta property=\"og:image:type\" content=\"image\/jpeg\" \/>\n<meta name=\"twitter:card\" content=\"summary_large_image\" \/>\n<meta name=\"twitter:site\" content=\"@qboxmail\" \/>\n<meta name=\"twitter:label1\" content=\"Tiempo de lectura\" \/>\n\t<meta name=\"twitter:data1\" content=\"1 minuto\" \/>\n<script type=\"application\/ld+json\" class=\"yoast-schema-graph\">{\"@context\":\"https:\\\/\\\/schema.org\",\"@graph\":[{\"@type\":\"WebPage\",\"@id\":\"https:\\\/\\\/www.qboxmail.com\\\/es\\\/caracteristicas\\\/mail-time-machine\\\/\",\"url\":\"https:\\\/\\\/www.qboxmail.com\\\/es\\\/caracteristicas\\\/mail-time-machine\\\/\",\"name\":\"Copia de seguridad autom\u00e1tica del correo electr\u00f3nico con Mail Time Machine - Qboxmail\",\"isPartOf\":{\"@id\":\"https:\\\/\\\/www.qboxmail.com\\\/es\\\/#website\"},\"datePublished\":\"2020-09-02T09:25:11+00:00\",\"dateModified\":\"2025-06-27T09:01:56+00:00\",\"description\":\"Mail Time Machine te permite acceder a la copia de seguridad de tu cuenta de correo electr\u00f3nico, para que puedas verificar o recuperar cualquier mensaje perdido.\",\"breadcrumb\":{\"@id\":\"https:\\\/\\\/www.qboxmail.com\\\/es\\\/caracteristicas\\\/mail-time-machine\\\/#breadcrumb\"},\"inLanguage\":\"es\",\"potentialAction\":[{\"@type\":\"ReadAction\",\"target\":[\"https:\\\/\\\/www.qboxmail.com\\\/es\\\/caracteristicas\\\/mail-time-machine\\\/\"]}]},{\"@type\":\"BreadcrumbList\",\"@id\":\"https:\\\/\\\/www.qboxmail.com\\\/es\\\/caracteristicas\\\/mail-time-machine\\\/#breadcrumb\",\"itemListElement\":[{\"@type\":\"ListItem\",\"position\":1,\"name\":\"Home\",\"item\":\"https:\\\/\\\/www.qboxmail.com\\\/es\\\/\"},{\"@type\":\"ListItem\",\"position\":2,\"name\":\"Muchas funciones para mejorar los correos electr\u00f3nicos de tus clientes\",\"item\":\"https:\\\/\\\/www.qboxmail.com\\\/es\\\/caracteristicas\\\/\"},{\"@type\":\"ListItem\",\"position\":3,\"name\":\"Mail Time Machine\"}]},{\"@type\":\"WebSite\",\"@id\":\"https:\\\/\\\/www.qboxmail.com\\\/es\\\/#website\",\"url\":\"https:\\\/\\\/www.qboxmail.com\\\/es\\\/\",\"name\":\"Qboxmail\",\"description\":\"Semplifica la gestione delle email aziendali\",\"publisher\":{\"@id\":\"https:\\\/\\\/www.qboxmail.com\\\/es\\\/#organization\"},\"potentialAction\":[{\"@type\":\"SearchAction\",\"target\":{\"@type\":\"EntryPoint\",\"urlTemplate\":\"https:\\\/\\\/www.qboxmail.com\\\/es\\\/?s={search_term_string}\"},\"query-input\":{\"@type\":\"PropertyValueSpecification\",\"valueRequired\":true,\"valueName\":\"search_term_string\"}}],\"inLanguage\":\"es\"},{\"@type\":\"Organization\",\"@id\":\"https:\\\/\\\/www.qboxmail.com\\\/es\\\/#organization\",\"name\":\"Qboxmail Srl\",\"url\":\"https:\\\/\\\/www.qboxmail.com\\\/es\\\/\",\"logo\":{\"@type\":\"ImageObject\",\"inLanguage\":\"es\",\"@id\":\"https:\\\/\\\/www.qboxmail.com\\\/es\\\/#\\\/schema\\\/logo\\\/image\\\/\",\"url\":\"https:\\\/\\\/www.qboxmail.com\\\/wp-content\\\/uploads\\\/2020\\\/08\\\/logo_qboxmail.svg\",\"contentUrl\":\"https:\\\/\\\/www.qboxmail.com\\\/wp-content\\\/uploads\\\/2020\\\/08\\\/logo_qboxmail.svg\",\"width\":\"1024\",\"height\":\"1024\",\"caption\":\"Qboxmail Srl\"},\"image\":{\"@id\":\"https:\\\/\\\/www.qboxmail.com\\\/es\\\/#\\\/schema\\\/logo\\\/image\\\/\"},\"sameAs\":[\"https:\\\/\\\/www.facebook.com\\\/qboxmail\",\"https:\\\/\\\/x.com\\\/qboxmail\",\"https:\\\/\\\/www.linkedin.com\\\/company\\\/qboxmail\"]}]}<\/script>\n<!-- \/ Yoast SEO plugin. -->","yoast_head_json":{"title":"Copia de seguridad autom\u00e1tica del correo electr\u00f3nico con Mail Time Machine - Qboxmail","description":"Mail Time Machine te permite acceder a la copia de seguridad de tu cuenta de correo electr\u00f3nico, para que puedas verificar o recuperar cualquier mensaje perdido.","robots":{"index":"index","follow":"follow","max-snippet":"max-snippet:-1","max-image-preview":"max-image-preview:large","max-video-preview":"max-video-preview:-1"},"canonical":"https:\/\/www.qboxmail.com\/es\/caracteristicas\/mail-time-machine\/","og_locale":"es_ES","og_type":"article","og_title":"Copia de seguridad autom\u00e1tica del correo electr\u00f3nico con Mail Time Machine - Qboxmail","og_description":"Mail Time Machine te permite acceder a la copia de seguridad de tu cuenta de correo electr\u00f3nico, para que puedas verificar o recuperar cualquier mensaje perdido.","og_url":"https:\/\/www.qboxmail.com\/es\/caracteristicas\/mail-time-machine\/","og_site_name":"Qboxmail","article_publisher":"https:\/\/www.facebook.com\/qboxmail","article_modified_time":"2025-06-27T09:01:56+00:00","og_image":[{"width":1200,"height":630,"url":"https:\/\/www.qboxmail.com\/wp-content\/uploads\/2020\/08\/og_social.jpg","type":"image\/jpeg"}],"twitter_card":"summary_large_image","twitter_site":"@qboxmail","twitter_misc":{"Tiempo de lectura":"1 minuto"},"schema":{"@context":"https:\/\/schema.org","@graph":[{"@type":"WebPage","@id":"https:\/\/www.qboxmail.com\/es\/caracteristicas\/mail-time-machine\/","url":"https:\/\/www.qboxmail.com\/es\/caracteristicas\/mail-time-machine\/","name":"Copia de seguridad autom\u00e1tica del correo electr\u00f3nico con Mail Time Machine - Qboxmail","isPartOf":{"@id":"https:\/\/www.qboxmail.com\/es\/#website"},"datePublished":"2020-09-02T09:25:11+00:00","dateModified":"2025-06-27T09:01:56+00:00","description":"Mail Time Machine te permite acceder a la copia de seguridad de tu cuenta de correo electr\u00f3nico, para que puedas verificar o recuperar cualquier mensaje perdido.","breadcrumb":{"@id":"https:\/\/www.qboxmail.com\/es\/caracteristicas\/mail-time-machine\/#breadcrumb"},"inLanguage":"es","potentialAction":[{"@type":"ReadAction","target":["https:\/\/www.qboxmail.com\/es\/caracteristicas\/mail-time-machine\/"]}]},{"@type":"BreadcrumbList","@id":"https:\/\/www.qboxmail.com\/es\/caracteristicas\/mail-time-machine\/#breadcrumb","itemListElement":[{"@type":"ListItem","position":1,"name":"Home","item":"https:\/\/www.qboxmail.com\/es\/"},{"@type":"ListItem","position":2,"name":"Muchas funciones para mejorar los correos electr\u00f3nicos de tus clientes","item":"https:\/\/www.qboxmail.com\/es\/caracteristicas\/"},{"@type":"ListItem","position":3,"name":"Mail Time Machine"}]},{"@type":"WebSite","@id":"https:\/\/www.qboxmail.com\/es\/#website","url":"https:\/\/www.qboxmail.com\/es\/","name":"Qboxmail","description":"Semplifica la gestione delle email aziendali","publisher":{"@id":"https:\/\/www.qboxmail.com\/es\/#organization"},"potentialAction":[{"@type":"SearchAction","target":{"@type":"EntryPoint","urlTemplate":"https:\/\/www.qboxmail.com\/es\/?s={search_term_string}"},"query-input":{"@type":"PropertyValueSpecification","valueRequired":true,"valueName":"search_term_string"}}],"inLanguage":"es"},{"@type":"Organization","@id":"https:\/\/www.qboxmail.com\/es\/#organization","name":"Qboxmail Srl","url":"https:\/\/www.qboxmail.com\/es\/","logo":{"@type":"ImageObject","inLanguage":"es","@id":"https:\/\/www.qboxmail.com\/es\/#\/schema\/logo\/image\/","url":"https:\/\/www.qboxmail.com\/wp-content\/uploads\/2020\/08\/logo_qboxmail.svg","contentUrl":"https:\/\/www.qboxmail.com\/wp-content\/uploads\/2020\/08\/logo_qboxmail.svg","width":"1024","height":"1024","caption":"Qboxmail Srl"},"image":{"@id":"https:\/\/www.qboxmail.com\/es\/#\/schema\/logo\/image\/"},"sameAs":["https:\/\/www.facebook.com\/qboxmail","https:\/\/x.com\/qboxmail","https:\/\/www.linkedin.com\/company\/qboxmail"]}]}},"_links":{"self":[{"href":"https:\/\/www.qboxmail.com\/es\/wp-json\/wp\/v2\/pages\/11648","targetHints":{"allow":["GET"]}}],"collection":[{"href":"https:\/\/www.qboxmail.com\/es\/wp-json\/wp\/v2\/pages"}],"about":[{"href":"https:\/\/www.qboxmail.com\/es\/wp-json\/wp\/v2\/types\/page"}],"author":[{"embeddable":true,"href":"https:\/\/www.qboxmail.com\/es\/wp-json\/wp\/v2\/users\/5"}],"replies":[{"embeddable":true,"href":"https:\/\/www.qboxmail.com\/es\/wp-json\/wp\/v2\/comments?post=11648"}],"version-history":[{"count":6,"href":"https:\/\/www.qboxmail.com\/es\/wp-json\/wp\/v2\/pages\/11648\/revisions"}],"predecessor-version":[{"id":12364,"href":"https:\/\/www.qboxmail.com\/es\/wp-json\/wp\/v2\/pages\/11648\/revisions\/12364"}],"up":[{"embeddable":true,"href":"https:\/\/www.qboxmail.com\/es\/wp-json\/wp\/v2\/pages\/11576"}],"wp:attachment":[{"href":"https:\/\/www.qboxmail.com\/es\/wp-json\/wp\/v2\/media?parent=11648"}],"curies":[{"name":"wp","href":"https:\/\/api.w.org\/{rel}","templated":true}]}}