{"id":11642,"date":"2021-03-05T12:29:41","date_gmt":"2021-03-05T11:29:41","guid":{"rendered":"https:\/\/www.qboxmail.com\/todo-lo-que-necesitas-para-gestionar-tus-correos-electronicos\/panel-de-control\/gestion-centralizada-de-firmas-de-correo-electronico\/"},"modified":"2025-06-27T11:44:20","modified_gmt":"2025-06-27T09:44:20","slug":"gestion-centralizada-de-firmas-de-correo-electronico","status":"publish","type":"page","link":"https:\/\/www.qboxmail.com\/es\/caracteristicas\/panel-de-control\/gestion-centralizada-de-firmas-de-correo-electronico\/","title":{"rendered":"Gesti\u00f3n centralizada de <em>firmas de correo electr\u00f3nico<\/em>"},"content":{"rendered":"\n<section class=\"block-section block-evidence block-bg--gradient-start \">\n\t<div class=\"block-content\">\n\t\t<p style=\"text-align: center;\">En solo unos pasos, a\u00f1ade o edita las firmas de correo electr\u00f3nico directamente desde el Panel de Control. Crea una impresi\u00f3n duradera y aseg\u00farate de que tu marca destaque.<\/p>\n\t<\/div>\n<\/section>\n\n\n<section class=\"block-section block-text-img block-bg--secondary\">\n\t<div class=\"block-content block-content--reverse\">\n\n\t\t<div class=\"block-text-img__content\">\n\t\t\t\t\n\t\t\t\n\t\t\t\t\t\t\t<h2 class=\"block-title\">Firmas de correo electr\u00f3nico que ahorran tiempo: personalizaci\u00f3n automatizada<\/h2>\n\t\t\t\t\n\n\t\t\t<p>Mediante una serie de marcadores de posici\u00f3n, puedes rellenar autom\u00e1ticamente cada firma de correo electr\u00f3nico con los datos de tus usuarios, incluyendo nombre, apellidos y puesto en la empresa. La gesti\u00f3n centralizada garantiza que tus colaboradores tengan su firma personalizada lista para usar sin esfuerzo, sin necesidad de introducir nada manualmente.<\/p>\n\n\t\t\t\t      <a class=\"btn-outline btn-outline-accent block-text-img__btn\" href=\"https:\/\/www.qboxmail.com\/es\/revendedores\/\">Descarga lista de precios<\/a>\n\t    \t\t<\/div>\n\n\t\t<figure class=\"block-text-img__img\">\n\t\t\t<a href=\"https:\/\/www.qboxmail.com\/es\/revendedores\/\">\t\t\t\t<img decoding=\"async\" src=\"https:\/\/www.qboxmail.com\/wp-content\/uploads\/2025\/02\/panel_signature_2_screenshot-1280x800.webp\" alt=\"\">\n\t\t\t<\/a>\t\t<\/figure>\n\t<\/div>\n<\/section>\n\n\n<section class=\"block-section block-text-img block-bg--secondary\">\n\t<div class=\"block-content \">\n\n\t\t<div class=\"block-text-img__content\">\n\t\t\t\t\n\t\t\t\n\t\t\t\t\t\t\t<h2 class=\"block-title\">Gesti\u00f3n eficiente de plantillas de firma HTML <\/h2>\n\t\t\t\t\n\n\t\t\t<p data-start=\"50\" data-end=\"334\">Crea y personaliza plantillas de firmas de correo electr\u00f3nico sin esfuerzo con el editor del Panel de Control, tanto en texto plano como en formato HTML. Cuando quedes satisfecho con el dise\u00f1o, aplica la plantilla y a\u00f1ade la nueva firma corporativa a todos los usuarios de tu dominio.<\/p>\n<p data-start=\"336\" data-end=\"596\" data-is-last-node=\"\" data-is-only-node=\"\">Olv\u00eddate de configurar manualmente cada firma con archivos HTML. Con esta pr\u00e1ctica funci\u00f3n, actualiza la plantilla cuando lo necesites y todos los usuarios ver\u00e1n los cambios en tiempo real. Disfruta de una gesti\u00f3n simplificada de firmas de correo a tu alcance.<\/p>\n\n\t\t\t\t      <a class=\"btn-outline btn-outline-accent block-text-img__btn\" href=\"https:\/\/www.qboxmail.com\/es\/revendedores\/\">M\u00e1s informaci\u00f3n<\/a>\n\t    \t\t<\/div>\n\n\t\t<figure class=\"block-text-img__img\">\n\t\t\t<a href=\"https:\/\/www.qboxmail.com\/es\/revendedores\/\">\t\t\t\t<img decoding=\"async\" src=\"https:\/\/www.qboxmail.com\/wp-content\/uploads\/2025\/02\/panel_signature_3_screenshot-1280x800.webp\" alt=\"\">\n\t\t\t<\/a>\t\t<\/figure>\n\t<\/div>\n<\/section>\n\n\n<section class=\"block-section block-text-img block-bg--secondary\">\n\t<div class=\"block-content block-content--reverse\">\n\n\t\t<div class=\"block-text-img__content\">\n\t\t\t\t\n\t\t\t\n\t\t\t\t\t\t\t<h2 class=\"block-title\">Firma\/Identidad de un solo usuario<\/h2>\n\t\t\t\t\n\n\t\t\t<p data-start=\"43\" data-end=\"169\">Gestiona c\u00f3modamente la firma y la identidad asociadas a cada cuenta de correo de forma centralizada siempre que lo necesites.<\/p>\n<p data-start=\"171\" data-end=\"323\">Adem\u00e1s, cuando crees una nueva direcci\u00f3n para tu empresa, podr\u00e1s editar la plantilla de firma y asignar los datos correspondientes a la nueva identidad.<\/p>\n<p data-start=\"325\" data-end=\"599\" data-is-last-node=\"\" data-is-only-node=\"\">Los administradores disponen de control total para actualizar cualquier elemento de la firma o la identidad de un usuario directamente desde el Panel de Control. El usuario ver\u00e1 su firma actualizada autom\u00e1ticamente y lista para usar, lo que garantiza una experiencia fluida.<\/p>\n\n\t\t\t\t      <a class=\"btn-outline btn-outline-accent block-text-img__btn\" href=\"https:\/\/www.qboxmail.com\/es\/revendedores\/\">Ver precios<\/a>\n\t    \t\t<\/div>\n\n\t\t<figure class=\"block-text-img__img\">\n\t\t\t<a href=\"https:\/\/www.qboxmail.com\/es\/revendedores\/\">\t\t\t\t<img decoding=\"async\" src=\"https:\/\/www.qboxmail.com\/wp-content\/uploads\/2025\/02\/panel_signature_4_screenshot-1280x1015.webp\" alt=\"\">\n\t\t\t<\/a>\t\t<\/figure>\n\t<\/div>\n<\/section>\n\n\n<section class=\"block-section block-text-img block-bg--gradient-end\">\n\t<div class=\"block-content \">\n\n\t\t<div class=\"block-text-img__content\">\n\t\t\t\t\n\t\t\t\n\t\t\t\t\t\t\t<h2 class=\"block-title\">Desbloquea el potencial de las firmas de correo electr\u00f3nico con la integraci\u00f3n de API<\/h2>\n\t\t\t\t\n\n\t\t\t<p>Nuestra completa gama de soluciones API te permite administrar, personalizar y actualizar sin esfuerzo las firmas de correo electr\u00f3nico de tus usuarios. Con esta potente funionalidad, tus colaboradores env\u00edan nuevos mensajes con firmas actualizadas de forma autom\u00e1tica, sin ajustes manuales.<\/p>\n<p>Esta capacidad resulta especialmente \u00fatil cuando, por ejemplo, tu departamento de ventas quiere promocionar una nueva oferta: al editar las firmas de tus colaboradores para incluir la informaci\u00f3n de la promoci\u00f3n, cada correo que env\u00edan se convierte en una eficaz herramienta de marketing, ampl\u00eda tu alcance y favorece nuevas conversiones..<\/p>\n\n\t\t\t\t      <a class=\"btn-outline btn-outline-accent block-text-img__btn\" href=\"https:\/\/www.qboxmail.com\/es\/revendedores\/\">Obt\u00e9n tu descuento<\/a>\n\t    \t\t<\/div>\n\n\t\t<figure class=\"block-text-img__img\">\n\t\t\t<a href=\"https:\/\/www.qboxmail.com\/es\/revendedores\/\">\t\t\t\t<img decoding=\"async\" src=\"https:\/\/www.qboxmail.com\/wp-content\/uploads\/2025\/02\/panel_signature_5_screenshot-1280x800.webp\" alt=\"\">\n\t\t\t<\/a>\t\t<\/figure>\n\t<\/div>\n<\/section>\n\n\n<section class=\"block-section block-cta block-bg--gradient-section \">\n\t<div class=\"block-content\">\n\t\n\t\t\t\t\t<h2 class=\"cta-title\">Unifique las firmas de todos los buzones al instante<\/h2>\n\t\t\t\t\n\t\t<p>Implemente firmas HTML en todo el dominio una sola vez y brinde a sus clientes una apariencia uniforme y profesional.<\/p>\n\n\t\t\n\t\t<div class=\"block-cta__wrap-btn\">\n\t\t\t\t      \t\t<a class=\"btn-accent\" href=\"https:\/\/www.qboxmail.com\/es\/revendedores\/\">Convi\u00e9rtase en revendedor<\/a>\n\t    \t\n\t    \t\n\t\t\t\t\t<\/div>\n\n\t<\/div>\n<\/section>","protected":false},"excerpt":{"rendered":"<p>Ofrece a tus colaboradores una firma de correo electr\u00f3nico corporativa coordinada<\/p>\n","protected":false},"author":5,"featured_media":0,"parent":11561,"menu_order":0,"comment_status":"closed","ping_status":"closed","template":"","meta":{"_acf_changed":false,"inline_featured_image":false,"footnotes":""},"class_list":["post-11642","page","type-page","status-publish","hentry"],"acf":[],"yoast_head":"<!-- This site is optimized with the Yoast SEO plugin v27.3 - https:\/\/yoast.com\/product\/yoast-seo-wordpress\/ -->\n<title>Crear firmas de correo electr\u00f3nico corporativas centralizadas - Qboxmail<\/title>\n<meta name=\"description\" content=\"Gestiona las Firmas de correo electr\u00f3nico corporativas de forma centralizada desde tu Panel de Control. Crea y aplica Firmas Profesionales a los correos electr\u00f3nicos de tus colegas.\" \/>\n<meta name=\"robots\" content=\"index, follow, max-snippet:-1, max-image-preview:large, max-video-preview:-1\" \/>\n<link rel=\"canonical\" href=\"https:\/\/www.qboxmail.com\/es\/caracteristicas\/panel-de-control\/gestion-centralizada-de-firmas-de-correo-electronico\/\" \/>\n<meta property=\"og:locale\" content=\"es_ES\" \/>\n<meta property=\"og:type\" content=\"article\" \/>\n<meta property=\"og:title\" content=\"Crear firmas de correo electr\u00f3nico corporativas centralizadas - Qboxmail\" \/>\n<meta property=\"og:description\" content=\"Gestiona las Firmas de correo electr\u00f3nico corporativas de forma centralizada desde tu Panel de Control. Crea y aplica Firmas Profesionales a los correos electr\u00f3nicos de tus colegas.\" \/>\n<meta property=\"og:url\" content=\"https:\/\/www.qboxmail.com\/es\/caracteristicas\/panel-de-control\/gestion-centralizada-de-firmas-de-correo-electronico\/\" \/>\n<meta property=\"og:site_name\" content=\"Qboxmail\" \/>\n<meta property=\"article:publisher\" content=\"https:\/\/www.facebook.com\/qboxmail\" \/>\n<meta property=\"article:modified_time\" content=\"2025-06-27T09:44:20+00:00\" \/>\n<meta property=\"og:image\" content=\"https:\/\/www.qboxmail.com\/wp-content\/uploads\/2020\/08\/og_social.jpg\" \/>\n\t<meta property=\"og:image:width\" content=\"1200\" \/>\n\t<meta property=\"og:image:height\" content=\"630\" \/>\n\t<meta property=\"og:image:type\" content=\"image\/jpeg\" \/>\n<meta name=\"twitter:card\" content=\"summary_large_image\" \/>\n<meta name=\"twitter:site\" content=\"@qboxmail\" \/>\n<meta name=\"twitter:label1\" content=\"Tiempo de lectura\" \/>\n\t<meta name=\"twitter:data1\" content=\"3 minutos\" \/>\n<script type=\"application\/ld+json\" class=\"yoast-schema-graph\">{\"@context\":\"https:\\\/\\\/schema.org\",\"@graph\":[{\"@type\":\"WebPage\",\"@id\":\"https:\\\/\\\/www.qboxmail.com\\\/es\\\/caracteristicas\\\/panel-de-control\\\/gestion-centralizada-de-firmas-de-correo-electronico\\\/\",\"url\":\"https:\\\/\\\/www.qboxmail.com\\\/es\\\/caracteristicas\\\/panel-de-control\\\/gestion-centralizada-de-firmas-de-correo-electronico\\\/\",\"name\":\"Crear firmas de correo electr\u00f3nico corporativas centralizadas - Qboxmail\",\"isPartOf\":{\"@id\":\"https:\\\/\\\/www.qboxmail.com\\\/es\\\/#website\"},\"datePublished\":\"2021-03-05T11:29:41+00:00\",\"dateModified\":\"2025-06-27T09:44:20+00:00\",\"description\":\"Gestiona las Firmas de correo electr\u00f3nico corporativas de forma centralizada desde tu Panel de Control. Crea y aplica Firmas Profesionales a los correos electr\u00f3nicos de tus colegas.\",\"breadcrumb\":{\"@id\":\"https:\\\/\\\/www.qboxmail.com\\\/es\\\/caracteristicas\\\/panel-de-control\\\/gestion-centralizada-de-firmas-de-correo-electronico\\\/#breadcrumb\"},\"inLanguage\":\"es\",\"potentialAction\":[{\"@type\":\"ReadAction\",\"target\":[\"https:\\\/\\\/www.qboxmail.com\\\/es\\\/caracteristicas\\\/panel-de-control\\\/gestion-centralizada-de-firmas-de-correo-electronico\\\/\"]}]},{\"@type\":\"BreadcrumbList\",\"@id\":\"https:\\\/\\\/www.qboxmail.com\\\/es\\\/caracteristicas\\\/panel-de-control\\\/gestion-centralizada-de-firmas-de-correo-electronico\\\/#breadcrumb\",\"itemListElement\":[{\"@type\":\"ListItem\",\"position\":1,\"name\":\"Home\",\"item\":\"https:\\\/\\\/www.qboxmail.com\\\/es\\\/\"},{\"@type\":\"ListItem\",\"position\":2,\"name\":\"Muchas funciones para mejorar los correos electr\u00f3nicos de tus clientes\",\"item\":\"https:\\\/\\\/www.qboxmail.com\\\/es\\\/caracteristicas\\\/\"},{\"@type\":\"ListItem\",\"position\":3,\"name\":\"Control Panel\",\"item\":\"https:\\\/\\\/www.qboxmail.com\\\/es\\\/caracteristicas\\\/panel-de-control\\\/\"},{\"@type\":\"ListItem\",\"position\":4,\"name\":\"Gesti\u00f3n centralizada de firmas de correo electr\u00f3nico\"}]},{\"@type\":\"WebSite\",\"@id\":\"https:\\\/\\\/www.qboxmail.com\\\/es\\\/#website\",\"url\":\"https:\\\/\\\/www.qboxmail.com\\\/es\\\/\",\"name\":\"Qboxmail\",\"description\":\"Semplifica la gestione delle email aziendali\",\"publisher\":{\"@id\":\"https:\\\/\\\/www.qboxmail.com\\\/es\\\/#organization\"},\"potentialAction\":[{\"@type\":\"SearchAction\",\"target\":{\"@type\":\"EntryPoint\",\"urlTemplate\":\"https:\\\/\\\/www.qboxmail.com\\\/es\\\/?s={search_term_string}\"},\"query-input\":{\"@type\":\"PropertyValueSpecification\",\"valueRequired\":true,\"valueName\":\"search_term_string\"}}],\"inLanguage\":\"es\"},{\"@type\":\"Organization\",\"@id\":\"https:\\\/\\\/www.qboxmail.com\\\/es\\\/#organization\",\"name\":\"Qboxmail Srl\",\"url\":\"https:\\\/\\\/www.qboxmail.com\\\/es\\\/\",\"logo\":{\"@type\":\"ImageObject\",\"inLanguage\":\"es\",\"@id\":\"https:\\\/\\\/www.qboxmail.com\\\/es\\\/#\\\/schema\\\/logo\\\/image\\\/\",\"url\":\"https:\\\/\\\/www.qboxmail.com\\\/wp-content\\\/uploads\\\/2020\\\/08\\\/logo_qboxmail.svg\",\"contentUrl\":\"https:\\\/\\\/www.qboxmail.com\\\/wp-content\\\/uploads\\\/2020\\\/08\\\/logo_qboxmail.svg\",\"width\":\"1024\",\"height\":\"1024\",\"caption\":\"Qboxmail Srl\"},\"image\":{\"@id\":\"https:\\\/\\\/www.qboxmail.com\\\/es\\\/#\\\/schema\\\/logo\\\/image\\\/\"},\"sameAs\":[\"https:\\\/\\\/www.facebook.com\\\/qboxmail\",\"https:\\\/\\\/x.com\\\/qboxmail\",\"https:\\\/\\\/www.linkedin.com\\\/company\\\/qboxmail\"]}]}<\/script>\n<!-- \/ Yoast SEO plugin. -->","yoast_head_json":{"title":"Crear firmas de correo electr\u00f3nico corporativas centralizadas - Qboxmail","description":"Gestiona las Firmas de correo electr\u00f3nico corporativas de forma centralizada desde tu Panel de Control. Crea y aplica Firmas Profesionales a los correos electr\u00f3nicos de tus colegas.","robots":{"index":"index","follow":"follow","max-snippet":"max-snippet:-1","max-image-preview":"max-image-preview:large","max-video-preview":"max-video-preview:-1"},"canonical":"https:\/\/www.qboxmail.com\/es\/caracteristicas\/panel-de-control\/gestion-centralizada-de-firmas-de-correo-electronico\/","og_locale":"es_ES","og_type":"article","og_title":"Crear firmas de correo electr\u00f3nico corporativas centralizadas - Qboxmail","og_description":"Gestiona las Firmas de correo electr\u00f3nico corporativas de forma centralizada desde tu Panel de Control. Crea y aplica Firmas Profesionales a los correos electr\u00f3nicos de tus colegas.","og_url":"https:\/\/www.qboxmail.com\/es\/caracteristicas\/panel-de-control\/gestion-centralizada-de-firmas-de-correo-electronico\/","og_site_name":"Qboxmail","article_publisher":"https:\/\/www.facebook.com\/qboxmail","article_modified_time":"2025-06-27T09:44:20+00:00","og_image":[{"width":1200,"height":630,"url":"https:\/\/www.qboxmail.com\/wp-content\/uploads\/2020\/08\/og_social.jpg","type":"image\/jpeg"}],"twitter_card":"summary_large_image","twitter_site":"@qboxmail","twitter_misc":{"Tiempo de lectura":"3 minutos"},"schema":{"@context":"https:\/\/schema.org","@graph":[{"@type":"WebPage","@id":"https:\/\/www.qboxmail.com\/es\/caracteristicas\/panel-de-control\/gestion-centralizada-de-firmas-de-correo-electronico\/","url":"https:\/\/www.qboxmail.com\/es\/caracteristicas\/panel-de-control\/gestion-centralizada-de-firmas-de-correo-electronico\/","name":"Crear firmas de correo electr\u00f3nico corporativas centralizadas - Qboxmail","isPartOf":{"@id":"https:\/\/www.qboxmail.com\/es\/#website"},"datePublished":"2021-03-05T11:29:41+00:00","dateModified":"2025-06-27T09:44:20+00:00","description":"Gestiona las Firmas de correo electr\u00f3nico corporativas de forma centralizada desde tu Panel de Control. Crea y aplica Firmas Profesionales a los correos electr\u00f3nicos de tus colegas.","breadcrumb":{"@id":"https:\/\/www.qboxmail.com\/es\/caracteristicas\/panel-de-control\/gestion-centralizada-de-firmas-de-correo-electronico\/#breadcrumb"},"inLanguage":"es","potentialAction":[{"@type":"ReadAction","target":["https:\/\/www.qboxmail.com\/es\/caracteristicas\/panel-de-control\/gestion-centralizada-de-firmas-de-correo-electronico\/"]}]},{"@type":"BreadcrumbList","@id":"https:\/\/www.qboxmail.com\/es\/caracteristicas\/panel-de-control\/gestion-centralizada-de-firmas-de-correo-electronico\/#breadcrumb","itemListElement":[{"@type":"ListItem","position":1,"name":"Home","item":"https:\/\/www.qboxmail.com\/es\/"},{"@type":"ListItem","position":2,"name":"Muchas funciones para mejorar los correos electr\u00f3nicos de tus clientes","item":"https:\/\/www.qboxmail.com\/es\/caracteristicas\/"},{"@type":"ListItem","position":3,"name":"Control Panel","item":"https:\/\/www.qboxmail.com\/es\/caracteristicas\/panel-de-control\/"},{"@type":"ListItem","position":4,"name":"Gesti\u00f3n centralizada de firmas de correo electr\u00f3nico"}]},{"@type":"WebSite","@id":"https:\/\/www.qboxmail.com\/es\/#website","url":"https:\/\/www.qboxmail.com\/es\/","name":"Qboxmail","description":"Semplifica la gestione delle email aziendali","publisher":{"@id":"https:\/\/www.qboxmail.com\/es\/#organization"},"potentialAction":[{"@type":"SearchAction","target":{"@type":"EntryPoint","urlTemplate":"https:\/\/www.qboxmail.com\/es\/?s={search_term_string}"},"query-input":{"@type":"PropertyValueSpecification","valueRequired":true,"valueName":"search_term_string"}}],"inLanguage":"es"},{"@type":"Organization","@id":"https:\/\/www.qboxmail.com\/es\/#organization","name":"Qboxmail Srl","url":"https:\/\/www.qboxmail.com\/es\/","logo":{"@type":"ImageObject","inLanguage":"es","@id":"https:\/\/www.qboxmail.com\/es\/#\/schema\/logo\/image\/","url":"https:\/\/www.qboxmail.com\/wp-content\/uploads\/2020\/08\/logo_qboxmail.svg","contentUrl":"https:\/\/www.qboxmail.com\/wp-content\/uploads\/2020\/08\/logo_qboxmail.svg","width":"1024","height":"1024","caption":"Qboxmail Srl"},"image":{"@id":"https:\/\/www.qboxmail.com\/es\/#\/schema\/logo\/image\/"},"sameAs":["https:\/\/www.facebook.com\/qboxmail","https:\/\/x.com\/qboxmail","https:\/\/www.linkedin.com\/company\/qboxmail"]}]}},"_links":{"self":[{"href":"https:\/\/www.qboxmail.com\/es\/wp-json\/wp\/v2\/pages\/11642","targetHints":{"allow":["GET"]}}],"collection":[{"href":"https:\/\/www.qboxmail.com\/es\/wp-json\/wp\/v2\/pages"}],"about":[{"href":"https:\/\/www.qboxmail.com\/es\/wp-json\/wp\/v2\/types\/page"}],"author":[{"embeddable":true,"href":"https:\/\/www.qboxmail.com\/es\/wp-json\/wp\/v2\/users\/5"}],"replies":[{"embeddable":true,"href":"https:\/\/www.qboxmail.com\/es\/wp-json\/wp\/v2\/comments?post=11642"}],"version-history":[{"count":4,"href":"https:\/\/www.qboxmail.com\/es\/wp-json\/wp\/v2\/pages\/11642\/revisions"}],"predecessor-version":[{"id":12389,"href":"https:\/\/www.qboxmail.com\/es\/wp-json\/wp\/v2\/pages\/11642\/revisions\/12389"}],"up":[{"embeddable":true,"href":"https:\/\/www.qboxmail.com\/es\/wp-json\/wp\/v2\/pages\/11561"}],"wp:attachment":[{"href":"https:\/\/www.qboxmail.com\/es\/wp-json\/wp\/v2\/media?parent=11642"}],"curies":[{"name":"wp","href":"https:\/\/api.w.org\/{rel}","templated":true}]}}