{"id":11602,"date":"2025-03-27T09:48:18","date_gmt":"2025-03-27T08:48:18","guid":{"rendered":"https:\/\/www.qboxmail.com\/proteccion-contra-la-apropiacion-de-cuentas\/"},"modified":"2025-06-27T11:39:20","modified_gmt":"2025-06-27T09:39:20","slug":"account-takeover-protection","status":"publish","type":"page","link":"https:\/\/www.qboxmail.com\/es\/account-takeover-protection\/","title":{"rendered":"Account Takeover Protection"},"content":{"rendered":"\n<section class=\"block-section block-text-img block-bg--gradient-start\">\n\t<div class=\"block-content \">\n\n\t\t<div class=\"block-text-img__content\">\n\t\t\t\t\n\t\t\t\n\t\t\t\t\t\t\t<h2 class=\"block-title\">\u00bfQu\u00e9 es una <em>Account Takeover (ATO)<\/em>?<\/h2>\n\t\t\t\t\n\n\t\t\t<p>Un <strong>Account Takeover<\/strong> (<strong>ATO<\/strong>)\u00a0es una violaci\u00f3n en la que un ciberdelincuente obtiene acceso no autorizado a una cuenta de correo electr\u00f3nico y suplanta al propietario con fines maliciosos. En un entorno corporativo, estas intrusiones pueden convertirse en campa\u00f1as de phishing, robo de datos confidenciales y autorizaciones ileg\u00edtimas a terceros.<\/p>\n<p data-start=\"400\" data-end=\"608\" data-is-last-node=\"\" data-is-only-node=\"\">T\u00e9cnicas como <strong data-start=\"414\" data-end=\"437\">credential stuffing<\/strong>, ataques de fuerza bruta y phishing se aprovechan de vulnerabilidades comunes \u2014por ejemplo, contrase\u00f1as d\u00e9biles o reutilizadas\u2014 para infiltrarse en las cuentas de correo.<\/p>\n\n\t\t\t\t\t<\/div>\n\n\t\t<figure class=\"block-text-img__img\">\n\t\t\t\t\t\t\t<img decoding=\"async\" src=\"https:\/\/www.qboxmail.com\/wp-content\/uploads\/2025\/03\/phishing_attack.webp\" alt=\"\">\n\t\t\t\t\t<\/figure>\n\t<\/div>\n<\/section>\n\n\n\n<section class=\"block-section block-title-text block-bg--secondary\">\n\t<div class=\"block-content\">\n\t\t<h2 class=\"block-title block-title-text__title\">\u00bfCu\u00e1les son los riesgos?<\/h2>\n\t\t<div class=\"block-title-text__text\">\n\t\t\t<p class=\"\" data-start=\"0\" data-end=\"264\">Cuando se compromete una cuenta de correo, los ciberdelincuentes pueden usarla para lanzar ataques de suplantaci\u00f3n e incluso estafas financieras (como las estafas de pagos autorizados). Entre los peligros destacan la posible filtraci\u00f3n de datos, el da\u00f1o a la reputaci\u00f3n y la p\u00e9rdida de confianza de clientes y socios.<\/p>\n<p class=\"\" data-start=\"266\" data-end=\"593\">Para prevenir, detectar y mitigar cualquier intento de <strong data-start=\"408\" data-end=\"451\">Account Takeover (secuestro de cuentas)<\/strong>, es imprescindible adoptar medidas de protecci\u00f3n del correo que incluyan capacidades espec\u00edficas de ATO. Esto se logra con herramientas de <strong data-start=\"391\" data-end=\"420\">AI-Powered Email Security<\/strong> y con pol\u00edticas que contemplen contrase\u00f1as robustas y la<strong>autenticaci\u00f3n multifactor (MFA).<\/strong><\/p>\n\t\t<\/div>\n\t<\/div>\n<\/section>\n\n\n<section class=\"block-section block-text-box block-bg--gradient-end\">\n\t<div class=\"block-content \">\n\n\t\t<div class=\"block-text-box__content\">\n\t\t\t\t\t\t\t<h2 class=\"block-title\">La soluci\u00f3n de Qboxmail para la protecci\u00f3n contra robo de cuentas<\/h2>\n\t\t\t\n\t\t\t<p data-start=\"60\" data-end=\"491\">Qboxmail ofrece un servicio integral de <strong data-start=\"100\" data-end=\"129\">AI-Powered Email Security<\/strong> que incluye de forma nativa la Account Takeover Protection en todos sus planes, sin coste adicional. Mediante controles de acceso avanzados y algoritmos de an\u00e1lisis de comportamiento, la plataforma previene los ataques de ATO detectando inicios de sesi\u00f3n an\u00f3malos y bloqueos de env\u00edo sospechosos, reduciendo as\u00ed los riesgos de phishing y de ingenier\u00eda social.<\/p>\n<p data-start=\"493\" data-end=\"678\">Este enfoque permite identificar un ataque de Account Takeover en sus primeras fases y contrarrestarlo con rapidez, manteniendo seguras todas las cuentas de correo de tu organizaci\u00f3n.<\/p>\n<p data-start=\"680\" data-end=\"1134\" data-is-last-node=\"\" data-is-only-node=\"\">Al confiar en la Account Takeover Protection de Qboxmail obtienes un sistema que supervisa continuamente los procesos de autenticaci\u00f3n y preserva la integridad de tus cuentas. Adem\u00e1s, nuestra infraestructura aplica de manera autom\u00e1tica las mejores pr\u00e1cticas de seguridad, como contrase\u00f1as robustas y la autenticaci\u00f3n multifactor (MFA), ofreciendo una defensa s\u00f3lida contra el Credential Stuffing, los ataques de fuerza bruta y otras t\u00e9cnicas de takeover.<\/p>\n\n\n\t\t\t<div class=\"block-text-box__wrap-btn\">\n\t\t\t\t\t\t\t\t\n\t\t\t\t\t\t\t<\/div>\n\t\t<\/div>\n\n\t\t\t\t\t<div class=\"box block-text-box__box\"><ul>\n<li data-start=\"0\" data-end=\"541\">Monitorizaci\u00f3n en tiempo real de los inicios de sesi\u00f3n y de la actividad sospechosa del correo<\/li>\n<li data-start=\"0\" data-end=\"541\"><strong>Bloqueo autom\u00e1tico<\/strong> de cuentas que presenten un comportamiento an\u00f3malos, como un volumen de env\u00edo excesivo o accesos desde ubicaciones poco habituales<\/li>\n<li data-start=\"0\" data-end=\"541\">Protecci\u00f3n avanzada contra <strong data-start=\"228\" data-end=\"252\">phishing y malware<\/strong>:\u00a0 filtrado mejorado y sistema de reputaci\u00f3n para evitar fraudes como <strong data-start=\"373\" data-end=\"402\">Business Email Compromise<\/strong> y <strong>ataques de ingenier\u00eda socia<\/strong><\/li>\n<li data-start=\"0\" data-end=\"541\"><strong>Gesti\u00f3n de credenciales:<\/strong> integraci\u00f3n con sistemas de autenticaci\u00f3n\u00a0segura y aplicaci\u00f3n de contrase\u00f1as robustas y <strong>autenticaci\u00f3n multifactor (MFA)<\/strong><\/li>\n<\/ul>\n<p class=\"\" data-start=\"543\" data-end=\"906\">Todo esto est\u00e1 pensado para frenar los intentos de <strong data-start=\"637\" data-end=\"657\">Account Takeover<\/strong> y mantener tu correo seguro sin a\u00f1adir complejidad a los usuarios.<br data-start=\"724\" data-end=\"727\" \/>El enfoque de Qboxmail se basa en a\u00f1os de experiencia en servicios especializados de seguridad de correo electr\u00f3nico y ofrece una soluci\u00f3n integral y escalable, apta tanto para peque\u00f1as empresas como para grandes corporaciones.<\/p>\n<\/div>\n\t\t\t<\/div>\n<\/section>\n\n\n<section class=\"block-section block-cta block-bg--gradient-section \">\n\t<div class=\"block-content\">\n\t\n\t\t\t\t\t<h2 class=\"cta-title\">Detenga la toma de cuentas antes de que comiencen<\/h2>\n\t\t\t\t\n\t\t<p class=\"\" data-start=\"0\" data-end=\"109\">\u00a1Atrae a m\u00e1s clientes y aleja a los estafadores! Prueba ahora el servicio de Protecci\u00f3n contra <strong data-start=\"65\" data-end=\"96\">Account Takeover Protection<\/strong> de Qboxmail.<\/p>\n<p class=\"\" data-start=\"111\" data-end=\"322\">Descubre lo sencillo y eficaz que es prevenir los ataques de Account Takeover. Protege tu negocio frente a las amenazas cibern\u00e9ticas e infunde el m\u00e1ximo nivel de confianza en tus clientes, socios y colaboradores.<\/p>\n\n\t\t\n\t\t<div class=\"block-cta__wrap-btn\">\n\t\t\t\t      \t\t<a class=\"btn-accent\" href=\"https:\/\/www.qboxmail.com\/es\/prueba-gratis\/\">Comience su prueba gratuita<\/a>\n\t    \t\n\t    \t\n\t\t\t\t\t<\/div>\n\n\t<\/div>\n<\/section>","protected":false},"excerpt":{"rendered":"<p>Protege tu empresa del secuestro de cuentas, el phishing y la suplantaci\u00f3n con seguridad de correo impulsada por IA.<\/p>\n","protected":false},"author":14,"featured_media":0,"parent":0,"menu_order":0,"comment_status":"closed","ping_status":"closed","template":"","meta":{"_acf_changed":false,"inline_featured_image":false,"footnotes":""},"class_list":["post-11602","page","type-page","status-publish","hentry"],"acf":[],"yoast_head":"<!-- This site is optimized with the Yoast SEO plugin v27.3 - https:\/\/yoast.com\/product\/yoast-seo-wordpress\/ -->\n<title>Account Takeover Protection - Qboxmail<\/title>\n<meta name=\"description\" content=\"Protege tu empresa de la usurpaci\u00f3n de cuentas, el phishing y la suplantaci\u00f3n de identidad con la seguridad del correo electr\u00f3nico potenciada por IA.\" \/>\n<meta name=\"robots\" content=\"index, follow, max-snippet:-1, max-image-preview:large, max-video-preview:-1\" \/>\n<link rel=\"canonical\" href=\"https:\/\/www.qboxmail.com\/es\/account-takeover-protection\/\" \/>\n<meta property=\"og:locale\" content=\"es_ES\" \/>\n<meta property=\"og:type\" content=\"article\" \/>\n<meta property=\"og:title\" content=\"Account Takeover Protection - Qboxmail\" \/>\n<meta property=\"og:description\" content=\"Protege tu empresa de la usurpaci\u00f3n de cuentas, el phishing y la suplantaci\u00f3n de identidad con la seguridad del correo electr\u00f3nico potenciada por IA.\" \/>\n<meta property=\"og:url\" content=\"https:\/\/www.qboxmail.com\/es\/account-takeover-protection\/\" \/>\n<meta property=\"og:site_name\" content=\"Qboxmail\" \/>\n<meta property=\"article:publisher\" content=\"https:\/\/www.facebook.com\/qboxmail\" \/>\n<meta property=\"article:modified_time\" content=\"2025-06-27T09:39:20+00:00\" \/>\n<meta property=\"og:image\" content=\"https:\/\/www.qboxmail.com\/wp-content\/uploads\/2020\/08\/og_social.jpg\" \/>\n\t<meta property=\"og:image:width\" content=\"1200\" \/>\n\t<meta property=\"og:image:height\" content=\"630\" \/>\n\t<meta property=\"og:image:type\" content=\"image\/jpeg\" \/>\n<meta name=\"twitter:card\" content=\"summary_large_image\" \/>\n<meta name=\"twitter:site\" content=\"@qboxmail\" \/>\n<meta name=\"twitter:label1\" content=\"Tiempo de lectura\" \/>\n\t<meta name=\"twitter:data1\" content=\"3 minutos\" \/>\n<script type=\"application\/ld+json\" class=\"yoast-schema-graph\">{\"@context\":\"https:\\\/\\\/schema.org\",\"@graph\":[{\"@type\":\"WebPage\",\"@id\":\"https:\\\/\\\/www.qboxmail.com\\\/es\\\/account-takeover-protection\\\/\",\"url\":\"https:\\\/\\\/www.qboxmail.com\\\/es\\\/account-takeover-protection\\\/\",\"name\":\"Account Takeover Protection - Qboxmail\",\"isPartOf\":{\"@id\":\"https:\\\/\\\/www.qboxmail.com\\\/es\\\/#website\"},\"datePublished\":\"2025-03-27T08:48:18+00:00\",\"dateModified\":\"2025-06-27T09:39:20+00:00\",\"description\":\"Protege tu empresa de la usurpaci\u00f3n de cuentas, el phishing y la suplantaci\u00f3n de identidad con la seguridad del correo electr\u00f3nico potenciada por IA.\",\"breadcrumb\":{\"@id\":\"https:\\\/\\\/www.qboxmail.com\\\/es\\\/account-takeover-protection\\\/#breadcrumb\"},\"inLanguage\":\"es\",\"potentialAction\":[{\"@type\":\"ReadAction\",\"target\":[\"https:\\\/\\\/www.qboxmail.com\\\/es\\\/account-takeover-protection\\\/\"]}]},{\"@type\":\"BreadcrumbList\",\"@id\":\"https:\\\/\\\/www.qboxmail.com\\\/es\\\/account-takeover-protection\\\/#breadcrumb\",\"itemListElement\":[{\"@type\":\"ListItem\",\"position\":1,\"name\":\"Home\",\"item\":\"https:\\\/\\\/www.qboxmail.com\\\/es\\\/\"},{\"@type\":\"ListItem\",\"position\":2,\"name\":\"Account Takeover Protection\"}]},{\"@type\":\"WebSite\",\"@id\":\"https:\\\/\\\/www.qboxmail.com\\\/es\\\/#website\",\"url\":\"https:\\\/\\\/www.qboxmail.com\\\/es\\\/\",\"name\":\"Qboxmail\",\"description\":\"Semplifica la gestione delle email aziendali\",\"publisher\":{\"@id\":\"https:\\\/\\\/www.qboxmail.com\\\/es\\\/#organization\"},\"potentialAction\":[{\"@type\":\"SearchAction\",\"target\":{\"@type\":\"EntryPoint\",\"urlTemplate\":\"https:\\\/\\\/www.qboxmail.com\\\/es\\\/?s={search_term_string}\"},\"query-input\":{\"@type\":\"PropertyValueSpecification\",\"valueRequired\":true,\"valueName\":\"search_term_string\"}}],\"inLanguage\":\"es\"},{\"@type\":\"Organization\",\"@id\":\"https:\\\/\\\/www.qboxmail.com\\\/es\\\/#organization\",\"name\":\"Qboxmail Srl\",\"url\":\"https:\\\/\\\/www.qboxmail.com\\\/es\\\/\",\"logo\":{\"@type\":\"ImageObject\",\"inLanguage\":\"es\",\"@id\":\"https:\\\/\\\/www.qboxmail.com\\\/es\\\/#\\\/schema\\\/logo\\\/image\\\/\",\"url\":\"https:\\\/\\\/www.qboxmail.com\\\/wp-content\\\/uploads\\\/2020\\\/08\\\/logo_qboxmail.svg\",\"contentUrl\":\"https:\\\/\\\/www.qboxmail.com\\\/wp-content\\\/uploads\\\/2020\\\/08\\\/logo_qboxmail.svg\",\"width\":\"1024\",\"height\":\"1024\",\"caption\":\"Qboxmail Srl\"},\"image\":{\"@id\":\"https:\\\/\\\/www.qboxmail.com\\\/es\\\/#\\\/schema\\\/logo\\\/image\\\/\"},\"sameAs\":[\"https:\\\/\\\/www.facebook.com\\\/qboxmail\",\"https:\\\/\\\/x.com\\\/qboxmail\",\"https:\\\/\\\/www.linkedin.com\\\/company\\\/qboxmail\"]}]}<\/script>\n<!-- \/ Yoast SEO plugin. -->","yoast_head_json":{"title":"Account Takeover Protection - Qboxmail","description":"Protege tu empresa de la usurpaci\u00f3n de cuentas, el phishing y la suplantaci\u00f3n de identidad con la seguridad del correo electr\u00f3nico potenciada por IA.","robots":{"index":"index","follow":"follow","max-snippet":"max-snippet:-1","max-image-preview":"max-image-preview:large","max-video-preview":"max-video-preview:-1"},"canonical":"https:\/\/www.qboxmail.com\/es\/account-takeover-protection\/","og_locale":"es_ES","og_type":"article","og_title":"Account Takeover Protection - Qboxmail","og_description":"Protege tu empresa de la usurpaci\u00f3n de cuentas, el phishing y la suplantaci\u00f3n de identidad con la seguridad del correo electr\u00f3nico potenciada por IA.","og_url":"https:\/\/www.qboxmail.com\/es\/account-takeover-protection\/","og_site_name":"Qboxmail","article_publisher":"https:\/\/www.facebook.com\/qboxmail","article_modified_time":"2025-06-27T09:39:20+00:00","og_image":[{"width":1200,"height":630,"url":"https:\/\/www.qboxmail.com\/wp-content\/uploads\/2020\/08\/og_social.jpg","type":"image\/jpeg"}],"twitter_card":"summary_large_image","twitter_site":"@qboxmail","twitter_misc":{"Tiempo de lectura":"3 minutos"},"schema":{"@context":"https:\/\/schema.org","@graph":[{"@type":"WebPage","@id":"https:\/\/www.qboxmail.com\/es\/account-takeover-protection\/","url":"https:\/\/www.qboxmail.com\/es\/account-takeover-protection\/","name":"Account Takeover Protection - Qboxmail","isPartOf":{"@id":"https:\/\/www.qboxmail.com\/es\/#website"},"datePublished":"2025-03-27T08:48:18+00:00","dateModified":"2025-06-27T09:39:20+00:00","description":"Protege tu empresa de la usurpaci\u00f3n de cuentas, el phishing y la suplantaci\u00f3n de identidad con la seguridad del correo electr\u00f3nico potenciada por IA.","breadcrumb":{"@id":"https:\/\/www.qboxmail.com\/es\/account-takeover-protection\/#breadcrumb"},"inLanguage":"es","potentialAction":[{"@type":"ReadAction","target":["https:\/\/www.qboxmail.com\/es\/account-takeover-protection\/"]}]},{"@type":"BreadcrumbList","@id":"https:\/\/www.qboxmail.com\/es\/account-takeover-protection\/#breadcrumb","itemListElement":[{"@type":"ListItem","position":1,"name":"Home","item":"https:\/\/www.qboxmail.com\/es\/"},{"@type":"ListItem","position":2,"name":"Account Takeover Protection"}]},{"@type":"WebSite","@id":"https:\/\/www.qboxmail.com\/es\/#website","url":"https:\/\/www.qboxmail.com\/es\/","name":"Qboxmail","description":"Semplifica la gestione delle email aziendali","publisher":{"@id":"https:\/\/www.qboxmail.com\/es\/#organization"},"potentialAction":[{"@type":"SearchAction","target":{"@type":"EntryPoint","urlTemplate":"https:\/\/www.qboxmail.com\/es\/?s={search_term_string}"},"query-input":{"@type":"PropertyValueSpecification","valueRequired":true,"valueName":"search_term_string"}}],"inLanguage":"es"},{"@type":"Organization","@id":"https:\/\/www.qboxmail.com\/es\/#organization","name":"Qboxmail Srl","url":"https:\/\/www.qboxmail.com\/es\/","logo":{"@type":"ImageObject","inLanguage":"es","@id":"https:\/\/www.qboxmail.com\/es\/#\/schema\/logo\/image\/","url":"https:\/\/www.qboxmail.com\/wp-content\/uploads\/2020\/08\/logo_qboxmail.svg","contentUrl":"https:\/\/www.qboxmail.com\/wp-content\/uploads\/2020\/08\/logo_qboxmail.svg","width":"1024","height":"1024","caption":"Qboxmail Srl"},"image":{"@id":"https:\/\/www.qboxmail.com\/es\/#\/schema\/logo\/image\/"},"sameAs":["https:\/\/www.facebook.com\/qboxmail","https:\/\/x.com\/qboxmail","https:\/\/www.linkedin.com\/company\/qboxmail"]}]}},"_links":{"self":[{"href":"https:\/\/www.qboxmail.com\/es\/wp-json\/wp\/v2\/pages\/11602","targetHints":{"allow":["GET"]}}],"collection":[{"href":"https:\/\/www.qboxmail.com\/es\/wp-json\/wp\/v2\/pages"}],"about":[{"href":"https:\/\/www.qboxmail.com\/es\/wp-json\/wp\/v2\/types\/page"}],"author":[{"embeddable":true,"href":"https:\/\/www.qboxmail.com\/es\/wp-json\/wp\/v2\/users\/14"}],"replies":[{"embeddable":true,"href":"https:\/\/www.qboxmail.com\/es\/wp-json\/wp\/v2\/comments?post=11602"}],"version-history":[{"count":4,"href":"https:\/\/www.qboxmail.com\/es\/wp-json\/wp\/v2\/pages\/11602\/revisions"}],"predecessor-version":[{"id":12384,"href":"https:\/\/www.qboxmail.com\/es\/wp-json\/wp\/v2\/pages\/11602\/revisions\/12384"}],"wp:attachment":[{"href":"https:\/\/www.qboxmail.com\/es\/wp-json\/wp\/v2\/media?parent=11602"}],"curies":[{"name":"wp","href":"https:\/\/api.w.org\/{rel}","templated":true}]}}