{"id":11528,"date":"2020-09-02T11:29:00","date_gmt":"2020-09-02T09:29:00","guid":{"rendered":"https:\/\/www.qboxmail.com\/sobre-nosotros\/"},"modified":"2025-06-16T14:19:23","modified_gmt":"2025-06-16T12:19:23","slug":"sobre-nosotros","status":"publish","type":"page","link":"https:\/\/www.qboxmail.com\/es\/sobre-nosotros\/","title":{"rendered":"Sobre nosotros"},"content":{"rendered":"\n\n<section class=\"block-section block-title-text block-bg--gradient-start\">\n\t<div class=\"block-content\">\n\t\t<h2 class=\"block-title block-title-text__title\">Qboxmail, el proveedor europeo para el correo electonico<\/h2>\n\t\t<div class=\"block-title-text__text\">\n\t\t\t<p>Somos un proveedor europeo especializado en servicios de gesti\u00f3n de correo electr\u00f3nico profesional en la nube, dedicado a los revendedores de servicios de TI.<br \/>\nNuestra infraestructura y todo el software que conforma nuestra suite est\u00e1n desarrollados \u00edntegramente por nosotros en Europa.<\/p>\n<p>Nuestros servicios son f\u00e1ciles de gestionar, tanto v\u00eda web como a trav\u00e9s de API, y est\u00e1n dise\u00f1ados para ser totalmente personalizables con con la imagen de marca de nuestros socios revendedores.<\/p>\n<p>Desde 2016 formamos parte del Grupo Vianova, una red de empresas especializadas en telecomunicaciones, ciberseguridad y servicios en la nube.<\/p>\n\t\t<\/div>\n\t<\/div>\n<\/section>\n\n\n<section class=\"block-section block-evidence block-bg--secondary \">\n\t<div class=\"block-content\">\n\t\t<h2>Nuestra misi\u00f3n<\/h2>\n<p class=\"p1\">Nuestra misi\u00f3n es ofrecer, a trav\u00e9s de nuestros socios, servicios sencillos, fiables y seguros que faciliten la gesti\u00f3n del correo electr\u00f3nico y la comunicaci\u00f3n profesional.<\/p>\n\t<\/div>\n<\/section>\n\n\n<section class=\"block-section block-bg--secondary\">\n\t<div class=\"block-content\">\n\n\t\t<div class=\"block-features-evidence__content\">\n\t\t\t\t\t\t\t<h2 class=\"block-title\">Nuestros numer\u00f3s<\/h2>\n\t\t\t \n\t\t\t <p>Trabajamos exclusivamente con infraestructura propia y software desarrollado internamente, garantizando seguridad y rendimiento de alto nivel.<\/p>\n\t\t<\/div>\n\n\t\t<div class=\"block-features-evidence__wrap-card\">\n\t\t\t\t\t\t\t\t\t\t\t\t\n\t\t\t\t\t<a class=\"block-features-evidence__card \" >      \t\t\n\t\t\t\t\t\t<figure class=\"block-features-evidence__card-icon\">\n\t\t            \t\t<img decoding=\"async\" src=\"https:\/\/www.qboxmail.com\/wp-content\/uploads\/2025\/05\/ten-years-of-experience.svg\" alt=\"\"\/>\n\t\t         \t \t<\/figure>\n\t\t\t\t\t\t\t\t\n\t\t         \t\t<h2 class=\"block-features-evidence__card-title\">10 a\u00f1os de actividad<\/h2>\n\t\t          \t\t<p class=\"block-features-evidence__card-text\">M\u00e1s de 10 a\u00f1os de experiencia exclusiva en alojamiento de correo electr\u00f3nico<\/p>    \n\t\t        \t<\/a>\n\t        \t\t\t\t\t\t\n\t\t\t\t\t<a class=\"block-features-evidence__card \" >      \t\t\n\t\t\t\t\t\t<figure class=\"block-features-evidence__card-icon\">\n\t\t            \t\t<img decoding=\"async\" src=\"https:\/\/www.qboxmail.com\/wp-content\/uploads\/2025\/04\/partners_in_the_world.svg\" alt=\"\"\/>\n\t\t         \t \t<\/figure>\n\t\t\t\t\t\t\t\t\n\t\t         \t\t<h2 class=\"block-features-evidence__card-title\">650+ Socios<\/h2>\n\t\t          \t\t<p class=\"block-features-evidence__card-text\">Socios revendedores en Europa y en todo el mundo<\/p>    \n\t\t        \t<\/a>\n\t        \t\t\t\t\t\t\n\t\t\t\t\t<a class=\"block-features-evidence__card \" >      \t\t\n\t\t\t\t\t\t<figure class=\"block-features-evidence__card-icon\">\n\t\t            \t\t<img decoding=\"async\" src=\"https:\/\/www.qboxmail.com\/wp-content\/uploads\/2025\/05\/companies.svg\" alt=\"\"\/>\n\t\t         \t \t<\/figure>\n\t\t\t\t\t\t\t\t\n\t\t         \t\t<h2 class=\"block-features-evidence__card-title\">40.000 Empresas<\/h2>\n\t\t          \t\t<p class=\"block-features-evidence__card-text\">M\u00e1s de 40.000 empresas atendidas<\/p>    \n\t\t        \t<\/a>\n\t        \t\t\t\t\t\t\n\t\t\t\t\t<a class=\"block-features-evidence__card \" >      \t\t\n\t\t\t\t\t\t<figure class=\"block-features-evidence__card-icon\">\n\t\t            \t\t<img decoding=\"async\" src=\"https:\/\/www.qboxmail.com\/wp-content\/uploads\/2025\/04\/datacenter.svg\" alt=\"\"\/>\n\t\t         \t \t<\/figure>\n\t\t\t\t\t\t\t\t\n\t\t         \t\t<h2 class=\"block-features-evidence__card-title\">2 Data center<\/h2>\n\t\t          \t\t<p class=\"block-features-evidence__card-text\">Centro de datos propio, ubicado en Italia<\/p>    \n\t\t        \t<\/a>\n\t        \t\t\t\t\t\t\n\t\t\t\t\t<a class=\"block-features-evidence__card \" >      \t\t\n\t\t\t\t\t\t<figure class=\"block-features-evidence__card-icon\">\n\t\t            \t\t<img decoding=\"async\" src=\"\" alt=\"\"\/>\n\t\t         \t \t<\/figure>\n\t\t\t\t\t\t\t\t\n\t\t         \t\t<h2 class=\"block-features-evidence__card-title\"><\/h2>\n\t\t          \t\t<p class=\"block-features-evidence__card-text\"><\/p>    \n\t\t        \t<\/a>\n\t        \t\t\t\t\t\t\n\t\t\t\t\t<a class=\"block-features-evidence__card \" >      \t\t\n\t\t\t\t\t\t<figure class=\"block-features-evidence__card-icon\">\n\t\t            \t\t<img decoding=\"async\" src=\"https:\/\/www.qboxmail.com\/wp-content\/uploads\/2025\/05\/icon_support_2.svg\" alt=\"icon blue rapresenting the human support always available\"\/>\n\t\t         \t \t<\/figure>\n\t\t\t\t\t\t\t\t\n\t\t         \t\t<h2 class=\"block-features-evidence__card-title\">Soporte 24\/7<\/h2>\n\t\t          \t\t<p class=\"block-features-evidence__card-text\">Soporte h24 con monitorizaci\u00f3n a trav\u00e9s de nuestro NOC y SOC internos<\/p>    \n\t\t        \t<\/a>\n\t        \t\t\t\t\t\t\n\t\t\t\t\t<a class=\"block-features-evidence__card \" >      \t\t\n\t\t\t\t\t\t<figure class=\"block-features-evidence__card-icon\">\n\t\t            \t\t<img decoding=\"async\" src=\"https:\/\/www.qboxmail.com\/wp-content\/uploads\/2025\/05\/icon_security.svg\" alt=\"\"\/>\n\t\t         \t \t<\/figure>\n\t\t\t\t\t\t\t\t\n\t\t         \t\t<h2 class=\"block-features-evidence__card-title\">Cumplimiento total<\/h2>\n\t\t          \t\t<p class=\"block-features-evidence__card-text\">GDPR, ISO 9001, 27001, NIS 2<\/p>    \n\t\t        \t<\/a>\n\t        \t\t\t\t\t\t\n\t\t\t\t\t<a class=\"block-features-evidence__card \" >      \t\t\n\t\t\t\t\t\t<figure class=\"block-features-evidence__card-icon\">\n\t\t            \t\t<img decoding=\"async\" src=\"\" alt=\"\"\/>\n\t\t         \t \t<\/figure>\n\t\t\t\t\t\t\t\t\n\t\t         \t\t<h2 class=\"block-features-evidence__card-title\"><\/h2>\n\t\t          \t\t<p class=\"block-features-evidence__card-text\"><\/p>    \n\t\t        \t<\/a>\n\t        \t\t      \t\t\t<\/div>\n\n\t<\/div>\n<\/section>\n\n\n\n<section class=\"block-section block-text-img block-bg--secondary\">\n\t<div class=\"block-content \">\n\n\t\t<div class=\"block-text-img__content\">\n\t\t\t\t\n\t\t\t\n\t\t\t\t\t\t\t<h2 class=\"block-title\">C\u00f3mo empez\u00f3 todo<\/h2>\n\t\t\t\t\n\n\t\t\t<p data-start=\"107\" data-end=\"487\">Al principio, Qbox era simplemente la configuraci\u00f3n de correo basada en Qmail y requer\u00eda un equipo dedicado.<br data-start=\"215\" data-end=\"218\" \/>Con la llegada de los servicios en la nube, decidimos compartir nuestra experiencia en la gesti\u00f3n de soluciones de correo electr\u00f3nico creando una plataforma f\u00e1cil de usar, potente y gestionable v\u00eda API, ideal para infraestructuras de correo muy grandes o complejas.<\/p>\n<p data-start=\"494\" data-end=\"904\">Desde septiembre de 2016, Qboxmail forma parte del Grupo Vianova con el objetivo de impulsar el crecimiento internacional del mercado de servicios de correo en la nube para empresas. Las sinergias con las compa\u00f1\u00edas del Grupo nos permiten aprovechar la convergencia de las tecnolog\u00edas TIC para desarrollar soluciones innovadoras que respalden la transformaci\u00f3n digital y simplifiquen los procesos empresariales.<\/p>\n\n\t\t\t\t\t<\/div>\n\n\t\t<figure class=\"block-text-img__img\">\n\t\t\t\t\t\t\t<img decoding=\"async\" src=\"https:\/\/www.qboxmail.com\/wp-content\/uploads\/2025\/02\/qboxmail-team-1280x823.webp\" alt=\"1\">\n\t\t\t\t\t<\/figure>\n\t<\/div>\n<\/section>\n\n\n<section class=\"block-section block-text-img block-bg--secondary\">\n\t<div class=\"block-content block-content--reverse\">\n\n\t\t<div class=\"block-text-img__content\">\n\t\t\t\t\n\t\t\t\n\t\t\t\t\t\t\t<h2 class=\"block-title\">El secreto de Qboxmail: pasi\u00f3n y trabajo en equipo<\/h2>\n\t\t\t\t\n\n\t\t\t<p data-start=\"101\" data-end=\"339\">Cada soluci\u00f3n de Qboxmail surge de una intuici\u00f3n compartida por todo el equipo. Colaboramos desde el inicio porque creemos que compartir ideas, objetivos y estrategias es clave para crear productos realmente \u00fatiles, sencillos y fiables.<\/p>\n<p data-start=\"346\" data-end=\"736\">La dedicaci\u00f3n y la pasi\u00f3n que imprimimos en nuestro trabajo son lo que hace \u00fanico el Made in Italy en todos los sectores, tambi\u00e9n en el \u00e1mbito tecnol\u00f3gico. Detr\u00e1s de cada servicio est\u00e1 el empe\u00f1o de personas que act\u00faan con entusiasmo, atenci\u00f3n al detalle y un af\u00e1n constante de superaci\u00f3n. Precisamente este enfoque convierte en excepcionales los productos que ofrecemos a nuestros clientes.<\/p>\n\n\t\t\t\t\t<\/div>\n\n\t\t<figure class=\"block-text-img__img\">\n\t\t\t\t\t\t\t<img decoding=\"async\" src=\"https:\/\/www.qboxmail.com\/wp-content\/uploads\/2025\/04\/meeting_qboxmail.webp\" alt=\"Executive meeting in Qboxmail\">\n\t\t\t\t\t<\/figure>\n\t<\/div>\n<\/section>\n\n\n<section class=\"block-section block-text-img block-bg--secondary\">\n\t<div class=\"block-content \">\n\n\t\t<div class=\"block-text-img__content\">\n\t\t\t\t\n\t\t\t\n\t\t\t\t\t\t\t<h2 class=\"block-title\">Nuestros data center en territorio europeo<\/h2>\n\t\t\t\t\n\n\t\t\t<p data-start=\"1737\" data-end=\"2058\">Uno de nuestros puntos fuertes es contar con <strong data-start=\"1782\" data-end=\"1802\">centros de datos propios<\/strong> ubicados en Europa. Esto nos permite ofrecer alta fiabilidad, seguridad y continuidad operativa, garantizando la m\u00e1xima protecci\u00f3n de los correos electr\u00f3nicos gestionados por nuestros clientes, con tecnolog\u00eda avanzada y en plena conformidad con el RGPD.<\/p>\n<p data-start=\"2065\" data-end=\"2445\">Qboxmail cuenta con plena autonom\u00eda sobre sus recursos de TI: desde la configuraci\u00f3n y el mantenimiento de la infraestructura, hasta la implementaci\u00f3n de actualizaciones y personalizaciones adaptadas a las necesidades de cada empresa. Al operar exclusivamente en territorio europeo, nos desligamos de normativas externas y garantizamos la m\u00e1xima protecci\u00f3n de los datos.<\/p>\n<p data-start=\"2452\" data-end=\"2978\"><strong data-start=\"2452\" data-end=\"2491\">Privacidad y seguridad de los datos<\/strong><br data-start=\"2491\" data-end=\"2494\" \/>Cumplimos escrupulosamente los requisitos del RGPD, aplicando los principios de \u201cPrivacy by Design\u201d y \u201cPrivacy by Default\u201d.<br data-start=\"2619\" data-end=\"2622\" \/>Nos comprometemos a mantener altos est\u00e1ndares de cumplimiento, avalados por certificaciones del sector: ISO 9001, ISO 27001 y NIS 2.<br data-start=\"2756\" data-end=\"2759\" \/>La seguridad avanzada de nuestros sistemas se materializa en pol\u00edticas preventivas rigurosas, en la protecci\u00f3n de dispositivos corporativos y supervisi\u00f3n continua de la infraestructura gracias a nuestros NOC y SOC internos.<\/p>\n\n\t\t\t\t\t<\/div>\n\n\t\t<figure class=\"block-text-img__img\">\n\t\t\t\t\t\t\t<img decoding=\"async\" src=\"https:\/\/www.qboxmail.com\/wp-content\/uploads\/2025\/04\/european-datacenter.svg\" alt=\"Qboxmail European Datacenter\">\n\t\t\t\t\t<\/figure>\n\t<\/div>\n<\/section>\n\n\n<section class=\"block-section block-text-img block-bg--gradient-end\">\n\t<div class=\"block-content block-content--reverse\">\n\n\t\t<div class=\"block-text-img__content\">\n\t\t\t\t\n\t\t\t\n\t\t\t\t\t\t\t<h2 class=\"block-title\">Actualizaci\u00f3n costante<\/h2>\n\t\t\t\t\n\n\t\t\t<p>El correo electr\u00f3nico sigue siendo el canal m\u00e1s importante para la comunicaci\u00f3n empresarial, pero, precisamente por ello, est\u00e1 cada vez m\u00e1s expuesto a ciberataques.<br data-start=\"400\" data-end=\"403\" \/>En Qboxmail trabajamos a diario en la actualizaci\u00f3n y mejora de infraestructuras y software, e invertimos continuamente en la formaci\u00f3n de nuestro equipo.<br data-start=\"559\" data-end=\"562\" \/>Nuestro objetivo es ofrecer a las empresas una comunicaci\u00f3n eficaz, flexible y segura, eliminando los costes y riesgos asociados a la gesti\u00f3n de un servidor de correo propio.<\/p>\n\n\t\t\t\t\t<\/div>\n\n\t\t<figure class=\"block-text-img__img\">\n\t\t\t\t\t\t\t<img decoding=\"async\" src=\"https:\/\/www.qboxmail.com\/wp-content\/uploads\/2025\/04\/keep-things-up-to-date-1280x1047.webp\" alt=\"Developers in Qboxmail at work\">\n\t\t\t\t\t<\/figure>\n\t<\/div>\n<\/section>\n\n\n<section class=\"block-section block-text-img block-bg--gradient-section\">\n\t<div class=\"block-content \">\n\n\t\t<div class=\"block-text-img__content\">\n\t\t\t\t\n\t\t\t\n\t\t\t\t\t\t\t<h2 class=\"block-title\">Somos parte del Grupo Vianova<\/h2>\n\t\t\t\t\n\n\t\t\t<p data-start=\"108\" data-end=\"390\">Qboxmail forma parte del Grupo Vianova, una red de excelencia que re\u00fane empresas especializadas en telecomunicaciones, ciberseguridad y servicios en la nube.<br data-start=\"265\" data-end=\"268\" \/>Esta sinergia nos permite integrar competencias y recursos para ofrecer soluciones cada vez m\u00e1s innovadoras y seguras.<\/p>\n<p data-start=\"397\" data-end=\"603\">La fortaleza del Grupo Vianova radica en combinar experiencia e innovaci\u00f3n, garantizando la fiabilidad como proveedor de correo profesional y el respaldo de un grupo consolidado y orientado al crecimiento.<\/p>\n\n\t\t\t\t\t<\/div>\n\n\t\t<figure class=\"block-text-img__img\">\n\t\t\t\t\t\t\t<img decoding=\"async\" src=\"https:\/\/www.qboxmail.com\/wp-content\/uploads\/2025\/04\/Sede_Pisa_vianova.webp\" alt=\"Vianova headquartier in Pisa\">\n\t\t\t\t\t<\/figure>\n\t<\/div>\n<\/section>","protected":false},"excerpt":{"rendered":"<p>Como proveedor l\u00edder de soluciones de gesti\u00f3n de correo electr\u00f3nico en la nube para empresas, nos enorgullecemos de utilizar una infraestructura propia y de desarrollar nuestro completo paquete de software desde cero.  <br \/>Nuestros servicios racionalizados pueden gestionarse sin esfuerzo a trav\u00e9s de interfaces basadas en web o integraci\u00f3n API<\/p>\n","protected":false},"author":5,"featured_media":0,"parent":0,"menu_order":0,"comment_status":"closed","ping_status":"closed","template":"","meta":{"_acf_changed":false,"inline_featured_image":false,"footnotes":""},"class_list":["post-11528","page","type-page","status-publish","hentry"],"acf":[],"yoast_head":"<!-- This site is optimized with the Yoast SEO plugin v27.3 - https:\/\/yoast.com\/product\/yoast-seo-wordpress\/ -->\n<title>Sobre nosotros - Qboxmail<\/title>\n<meta name=\"description\" content=\"Qboxmail, fundada en 2015, ofrece soluciones de alojamiento, seguridad y archivo de correo electr\u00f3nico en la nube para empresas y distribuidores de todo el mundo.\" \/>\n<meta name=\"robots\" content=\"index, follow, max-snippet:-1, max-image-preview:large, max-video-preview:-1\" \/>\n<link rel=\"canonical\" href=\"https:\/\/www.qboxmail.com\/es\/sobre-nosotros\/\" \/>\n<meta property=\"og:locale\" content=\"es_ES\" \/>\n<meta property=\"og:type\" content=\"article\" \/>\n<meta property=\"og:title\" content=\"Sobre nosotros - Qboxmail\" \/>\n<meta property=\"og:description\" content=\"Qboxmail, fundada en 2015, ofrece soluciones de alojamiento, seguridad y archivo de correo electr\u00f3nico en la nube para empresas y distribuidores de todo el mundo.\" \/>\n<meta property=\"og:url\" content=\"https:\/\/www.qboxmail.com\/es\/sobre-nosotros\/\" \/>\n<meta property=\"og:site_name\" content=\"Qboxmail\" \/>\n<meta property=\"article:publisher\" content=\"https:\/\/www.facebook.com\/qboxmail\" \/>\n<meta property=\"article:modified_time\" content=\"2025-06-16T12:19:23+00:00\" \/>\n<meta property=\"og:image\" content=\"https:\/\/www.qboxmail.com\/wp-content\/uploads\/2020\/08\/og_social.jpg\" \/>\n\t<meta property=\"og:image:width\" content=\"1200\" \/>\n\t<meta property=\"og:image:height\" content=\"630\" \/>\n\t<meta property=\"og:image:type\" content=\"image\/jpeg\" \/>\n<meta name=\"twitter:card\" content=\"summary_large_image\" \/>\n<meta name=\"twitter:site\" content=\"@qboxmail\" \/>\n<meta name=\"twitter:label1\" content=\"Tiempo de lectura\" \/>\n\t<meta name=\"twitter:data1\" content=\"6 minutos\" \/>\n<script type=\"application\/ld+json\" class=\"yoast-schema-graph\">{\"@context\":\"https:\\\/\\\/schema.org\",\"@graph\":[{\"@type\":\"WebPage\",\"@id\":\"https:\\\/\\\/www.qboxmail.com\\\/es\\\/sobre-nosotros\\\/\",\"url\":\"https:\\\/\\\/www.qboxmail.com\\\/es\\\/sobre-nosotros\\\/\",\"name\":\"Sobre nosotros - Qboxmail\",\"isPartOf\":{\"@id\":\"https:\\\/\\\/www.qboxmail.com\\\/es\\\/#website\"},\"datePublished\":\"2020-09-02T09:29:00+00:00\",\"dateModified\":\"2025-06-16T12:19:23+00:00\",\"description\":\"Qboxmail, fundada en 2015, ofrece soluciones de alojamiento, seguridad y archivo de correo electr\u00f3nico en la nube para empresas y distribuidores de todo el mundo.\",\"breadcrumb\":{\"@id\":\"https:\\\/\\\/www.qboxmail.com\\\/es\\\/sobre-nosotros\\\/#breadcrumb\"},\"inLanguage\":\"es\",\"potentialAction\":[{\"@type\":\"ReadAction\",\"target\":[\"https:\\\/\\\/www.qboxmail.com\\\/es\\\/sobre-nosotros\\\/\"]}]},{\"@type\":\"BreadcrumbList\",\"@id\":\"https:\\\/\\\/www.qboxmail.com\\\/es\\\/sobre-nosotros\\\/#breadcrumb\",\"itemListElement\":[{\"@type\":\"ListItem\",\"position\":1,\"name\":\"Home\",\"item\":\"https:\\\/\\\/www.qboxmail.com\\\/es\\\/\"},{\"@type\":\"ListItem\",\"position\":2,\"name\":\"Sobre nosotros\"}]},{\"@type\":\"WebSite\",\"@id\":\"https:\\\/\\\/www.qboxmail.com\\\/es\\\/#website\",\"url\":\"https:\\\/\\\/www.qboxmail.com\\\/es\\\/\",\"name\":\"Qboxmail\",\"description\":\"Semplifica la gestione delle email aziendali\",\"publisher\":{\"@id\":\"https:\\\/\\\/www.qboxmail.com\\\/es\\\/#organization\"},\"potentialAction\":[{\"@type\":\"SearchAction\",\"target\":{\"@type\":\"EntryPoint\",\"urlTemplate\":\"https:\\\/\\\/www.qboxmail.com\\\/es\\\/?s={search_term_string}\"},\"query-input\":{\"@type\":\"PropertyValueSpecification\",\"valueRequired\":true,\"valueName\":\"search_term_string\"}}],\"inLanguage\":\"es\"},{\"@type\":\"Organization\",\"@id\":\"https:\\\/\\\/www.qboxmail.com\\\/es\\\/#organization\",\"name\":\"Qboxmail Srl\",\"url\":\"https:\\\/\\\/www.qboxmail.com\\\/es\\\/\",\"logo\":{\"@type\":\"ImageObject\",\"inLanguage\":\"es\",\"@id\":\"https:\\\/\\\/www.qboxmail.com\\\/es\\\/#\\\/schema\\\/logo\\\/image\\\/\",\"url\":\"https:\\\/\\\/www.qboxmail.com\\\/wp-content\\\/uploads\\\/2020\\\/08\\\/logo_qboxmail.svg\",\"contentUrl\":\"https:\\\/\\\/www.qboxmail.com\\\/wp-content\\\/uploads\\\/2020\\\/08\\\/logo_qboxmail.svg\",\"width\":\"1024\",\"height\":\"1024\",\"caption\":\"Qboxmail Srl\"},\"image\":{\"@id\":\"https:\\\/\\\/www.qboxmail.com\\\/es\\\/#\\\/schema\\\/logo\\\/image\\\/\"},\"sameAs\":[\"https:\\\/\\\/www.facebook.com\\\/qboxmail\",\"https:\\\/\\\/x.com\\\/qboxmail\",\"https:\\\/\\\/www.linkedin.com\\\/company\\\/qboxmail\"]}]}<\/script>\n<!-- \/ Yoast SEO plugin. -->","yoast_head_json":{"title":"Sobre nosotros - Qboxmail","description":"Qboxmail, fundada en 2015, ofrece soluciones de alojamiento, seguridad y archivo de correo electr\u00f3nico en la nube para empresas y distribuidores de todo el mundo.","robots":{"index":"index","follow":"follow","max-snippet":"max-snippet:-1","max-image-preview":"max-image-preview:large","max-video-preview":"max-video-preview:-1"},"canonical":"https:\/\/www.qboxmail.com\/es\/sobre-nosotros\/","og_locale":"es_ES","og_type":"article","og_title":"Sobre nosotros - Qboxmail","og_description":"Qboxmail, fundada en 2015, ofrece soluciones de alojamiento, seguridad y archivo de correo electr\u00f3nico en la nube para empresas y distribuidores de todo el mundo.","og_url":"https:\/\/www.qboxmail.com\/es\/sobre-nosotros\/","og_site_name":"Qboxmail","article_publisher":"https:\/\/www.facebook.com\/qboxmail","article_modified_time":"2025-06-16T12:19:23+00:00","og_image":[{"width":1200,"height":630,"url":"https:\/\/www.qboxmail.com\/wp-content\/uploads\/2020\/08\/og_social.jpg","type":"image\/jpeg"}],"twitter_card":"summary_large_image","twitter_site":"@qboxmail","twitter_misc":{"Tiempo de lectura":"6 minutos"},"schema":{"@context":"https:\/\/schema.org","@graph":[{"@type":"WebPage","@id":"https:\/\/www.qboxmail.com\/es\/sobre-nosotros\/","url":"https:\/\/www.qboxmail.com\/es\/sobre-nosotros\/","name":"Sobre nosotros - Qboxmail","isPartOf":{"@id":"https:\/\/www.qboxmail.com\/es\/#website"},"datePublished":"2020-09-02T09:29:00+00:00","dateModified":"2025-06-16T12:19:23+00:00","description":"Qboxmail, fundada en 2015, ofrece soluciones de alojamiento, seguridad y archivo de correo electr\u00f3nico en la nube para empresas y distribuidores de todo el mundo.","breadcrumb":{"@id":"https:\/\/www.qboxmail.com\/es\/sobre-nosotros\/#breadcrumb"},"inLanguage":"es","potentialAction":[{"@type":"ReadAction","target":["https:\/\/www.qboxmail.com\/es\/sobre-nosotros\/"]}]},{"@type":"BreadcrumbList","@id":"https:\/\/www.qboxmail.com\/es\/sobre-nosotros\/#breadcrumb","itemListElement":[{"@type":"ListItem","position":1,"name":"Home","item":"https:\/\/www.qboxmail.com\/es\/"},{"@type":"ListItem","position":2,"name":"Sobre nosotros"}]},{"@type":"WebSite","@id":"https:\/\/www.qboxmail.com\/es\/#website","url":"https:\/\/www.qboxmail.com\/es\/","name":"Qboxmail","description":"Semplifica la gestione delle email aziendali","publisher":{"@id":"https:\/\/www.qboxmail.com\/es\/#organization"},"potentialAction":[{"@type":"SearchAction","target":{"@type":"EntryPoint","urlTemplate":"https:\/\/www.qboxmail.com\/es\/?s={search_term_string}"},"query-input":{"@type":"PropertyValueSpecification","valueRequired":true,"valueName":"search_term_string"}}],"inLanguage":"es"},{"@type":"Organization","@id":"https:\/\/www.qboxmail.com\/es\/#organization","name":"Qboxmail Srl","url":"https:\/\/www.qboxmail.com\/es\/","logo":{"@type":"ImageObject","inLanguage":"es","@id":"https:\/\/www.qboxmail.com\/es\/#\/schema\/logo\/image\/","url":"https:\/\/www.qboxmail.com\/wp-content\/uploads\/2020\/08\/logo_qboxmail.svg","contentUrl":"https:\/\/www.qboxmail.com\/wp-content\/uploads\/2020\/08\/logo_qboxmail.svg","width":"1024","height":"1024","caption":"Qboxmail Srl"},"image":{"@id":"https:\/\/www.qboxmail.com\/es\/#\/schema\/logo\/image\/"},"sameAs":["https:\/\/www.facebook.com\/qboxmail","https:\/\/x.com\/qboxmail","https:\/\/www.linkedin.com\/company\/qboxmail"]}]}},"_links":{"self":[{"href":"https:\/\/www.qboxmail.com\/es\/wp-json\/wp\/v2\/pages\/11528","targetHints":{"allow":["GET"]}}],"collection":[{"href":"https:\/\/www.qboxmail.com\/es\/wp-json\/wp\/v2\/pages"}],"about":[{"href":"https:\/\/www.qboxmail.com\/es\/wp-json\/wp\/v2\/types\/page"}],"author":[{"embeddable":true,"href":"https:\/\/www.qboxmail.com\/es\/wp-json\/wp\/v2\/users\/5"}],"replies":[{"embeddable":true,"href":"https:\/\/www.qboxmail.com\/es\/wp-json\/wp\/v2\/comments?post=11528"}],"version-history":[{"count":8,"href":"https:\/\/www.qboxmail.com\/es\/wp-json\/wp\/v2\/pages\/11528\/revisions"}],"predecessor-version":[{"id":12251,"href":"https:\/\/www.qboxmail.com\/es\/wp-json\/wp\/v2\/pages\/11528\/revisions\/12251"}],"wp:attachment":[{"href":"https:\/\/www.qboxmail.com\/es\/wp-json\/wp\/v2\/media?parent=11528"}],"curies":[{"name":"wp","href":"https:\/\/api.w.org\/{rel}","templated":true}]}}