{"id":11486,"date":"2020-11-03T11:27:20","date_gmt":"2020-11-03T10:27:20","guid":{"rendered":"https:\/\/www.qboxmail.com\/integracion-del-zoom\/"},"modified":"2025-06-16T16:45:31","modified_gmt":"2025-06-16T14:45:31","slug":"integracion-del-zoom","status":"publish","type":"page","link":"https:\/\/www.qboxmail.com\/es\/caracteristicas\/integracion-del-zoom\/","title":{"rendered":"Integraci\u00f3n del zoom"},"content":{"rendered":"\n<section class=\"block-section block-evidence block-bg--gradient-start \">\n\t<div class=\"block-content\">\n\t\t<p>Organiza reuniones de v\u00eddeo directamente desde tu calendario, de forma r\u00e1pida y sencilla. Tambi\u00e9n puedes invitar a personas fuera de tu empresa.<\/p>\n\t<\/div>\n<\/section>\n\n\n<section class=\"block-section block-text-img block-bg--secondary\">\n\t<div class=\"block-content block-content--reverse\">\n\n\t\t<div class=\"block-text-img__content\">\n\t\t\t\t\n\t\t\t\n\t\t\t\t\t\t\t<h2 class=\"block-title\">F\u00e1cil y accesible<\/h2>\n\t\t\t\t\n\n\t\t\t<p>Con un solo clic puedes activar la integraci\u00f3n con Zoom en el webmail de Qboxmail y crear de inmediato salas virtuales para tus reuniones.<br \/>\nZoom permite que todos los participantes del evento se conecten tanto desde ordenadores como desde smartphones sin necesidad de registrarse.<\/p>\n\n\t\t\t\t\t<\/div>\n\n\t\t<figure class=\"block-text-img__img\">\n\t\t\t\t\t\t\t<img decoding=\"async\" src=\"https:\/\/www.qboxmail.com\/wp-content\/uploads\/2025\/02\/zoom_1_screenshot-1280x800.webp\" alt=\"\">\n\t\t\t\t\t<\/figure>\n\t<\/div>\n<\/section>\n\n\n<section class=\"block-section block-text-img block-bg--secondary\">\n\t<div class=\"block-content \">\n\n\t\t<div class=\"block-text-img__content\">\n\t\t\t\t\n\t\t\t\n\t\t\t\t\t\t\t<h2 class=\"block-title\">Planifica tus reuniones de v\u00eddeo<\/h2>\n\t\t\t\t\n\n\t\t\t<p>Planifica una videoconferencia, incluso con personas externas a la empresa, de forma sencilla e inmediata gracias a la integraci\u00f3n de Zoom en Webmail de Qboxmail.<br \/>\nSolo tienes que seleccionar Zoom como sede del evento y el enlace se a\u00f1adir\u00e1 autom\u00e1ticamente a la invitaci\u00f3n que recibir\u00e1n los participantes.<\/p>\n\n\t\t\t\t\t<\/div>\n\n\t\t<figure class=\"block-text-img__img\">\n\t\t\t\t\t\t\t<img decoding=\"async\" src=\"https:\/\/www.qboxmail.com\/wp-content\/uploads\/2025\/02\/zoom_2_screenshot-1280x800.webp\" alt=\"\">\n\t\t\t\t\t<\/figure>\n\t<\/div>\n<\/section>\n\n\n<section class=\"block-section block-text-img block-bg--gradient-end\">\n\t<div class=\"block-content block-content--reverse\">\n\n\t\t<div class=\"block-text-img__content\">\n\t\t\t\t\n\t\t\t\n\t\t\t\t\t\t\t<h2 class=\"block-title\">Todos pueden participar<\/h2>\n\t\t\t\t\n\n\t\t\t<p>Los participantes de tus reuniones de v\u00eddeo no necesitan tener una cuenta de Zoom; solo tienen que hacer clic en el enlace del evento y acceder\u00e1n directamente desde el navegador.<br \/>\nAs\u00ed podr\u00e1s organizar videoconferencias con tus colaboradores externos, proveedores o clientes de tu empresa.<\/p>\n\n\t\t\t\t\t<\/div>\n\n\t\t<figure class=\"block-text-img__img\">\n\t\t\t\t\t\t\t<img decoding=\"async\" src=\"https:\/\/www.qboxmail.com\/wp-content\/uploads\/2025\/02\/zoom_3_screenshot-1280x800.webp\" alt=\"\">\n\t\t\t\t\t<\/figure>\n\t<\/div>\n<\/section>\n\n\n<section class=\"block-section block-cta block-bg--gradient-section \">\n\t<div class=\"block-content\">\n\t\n\t\t\t\t\t<h2 class=\"cta-title\">Prueba Qboxmail <em>gratis<\/em> durante 30 d\u00edas<\/h2>\n\t\t\t\t\n\t\t<p>Prueba GRATIS durante 30 d\u00edas el Cloud de Qboxmail, dise\u00f1ado para gestionar al m\u00e1ximo tu correo empresarial. Descubrir\u00e1s un servicio pensado para aumentar la seguridad y la productividad de tu empresa.<\/p>\n\n\t\t\n\t\t<div class=\"block-cta__wrap-btn\">\n\t\t\t\t      \t\t<a class=\"btn-accent\" href=\"https:\/\/www.qboxmail.com\/es\/prueba-gratis\/\">Inicia tu prueba gratuita<\/a>\n\t    \t\n\t    \t\n\t\t\t\t\t<\/div>\n\n\t<\/div>\n<\/section>","protected":false},"excerpt":{"rendered":"<p>Organiza videollamadas directamente desde tu calendario<\/p>\n","protected":false},"author":5,"featured_media":0,"parent":11576,"menu_order":0,"comment_status":"closed","ping_status":"closed","template":"","meta":{"_acf_changed":false,"inline_featured_image":false,"footnotes":""},"class_list":["post-11486","page","type-page","status-publish","hentry"],"acf":[],"yoast_head":"<!-- This site is optimized with the Yoast SEO plugin v27.3 - https:\/\/yoast.com\/product\/yoast-seo-wordpress\/ -->\n<title>Integraci\u00f3n del zoom - Qboxmail<\/title>\n<meta name=\"description\" content=\"La integraci\u00f3n con Zoom de Qboxmail permite programar videoconferencias sin problemas directamente desde tu calendario, con f\u00e1cil acceso desde el navegador y sin necesidad de registro.\" \/>\n<meta name=\"robots\" content=\"index, follow, max-snippet:-1, max-image-preview:large, max-video-preview:-1\" \/>\n<link rel=\"canonical\" href=\"https:\/\/www.qboxmail.com\/es\/caracteristicas\/integracion-del-zoom\/\" \/>\n<meta property=\"og:locale\" content=\"es_ES\" \/>\n<meta property=\"og:type\" content=\"article\" \/>\n<meta property=\"og:title\" content=\"Integraci\u00f3n del zoom - Qboxmail\" \/>\n<meta property=\"og:description\" content=\"La integraci\u00f3n con Zoom de Qboxmail permite programar videoconferencias sin problemas directamente desde tu calendario, con f\u00e1cil acceso desde el navegador y sin necesidad de registro.\" \/>\n<meta property=\"og:url\" content=\"https:\/\/www.qboxmail.com\/es\/caracteristicas\/integracion-del-zoom\/\" \/>\n<meta property=\"og:site_name\" content=\"Qboxmail\" \/>\n<meta property=\"article:publisher\" content=\"https:\/\/www.facebook.com\/qboxmail\" \/>\n<meta property=\"article:modified_time\" content=\"2025-06-16T14:45:31+00:00\" \/>\n<meta property=\"og:image\" content=\"https:\/\/www.qboxmail.com\/wp-content\/uploads\/2020\/08\/og_social.jpg\" \/>\n\t<meta property=\"og:image:width\" content=\"1200\" \/>\n\t<meta property=\"og:image:height\" content=\"630\" \/>\n\t<meta property=\"og:image:type\" content=\"image\/jpeg\" \/>\n<meta name=\"twitter:card\" content=\"summary_large_image\" \/>\n<meta name=\"twitter:site\" content=\"@qboxmail\" \/>\n<meta name=\"twitter:label1\" content=\"Tiempo de lectura\" \/>\n\t<meta name=\"twitter:data1\" content=\"2 minutos\" \/>\n<script type=\"application\/ld+json\" class=\"yoast-schema-graph\">{\"@context\":\"https:\\\/\\\/schema.org\",\"@graph\":[{\"@type\":\"WebPage\",\"@id\":\"https:\\\/\\\/www.qboxmail.com\\\/es\\\/caracteristicas\\\/integracion-del-zoom\\\/\",\"url\":\"https:\\\/\\\/www.qboxmail.com\\\/es\\\/caracteristicas\\\/integracion-del-zoom\\\/\",\"name\":\"Integraci\u00f3n del zoom - Qboxmail\",\"isPartOf\":{\"@id\":\"https:\\\/\\\/www.qboxmail.com\\\/es\\\/#website\"},\"datePublished\":\"2020-11-03T10:27:20+00:00\",\"dateModified\":\"2025-06-16T14:45:31+00:00\",\"description\":\"La integraci\u00f3n con Zoom de Qboxmail permite programar videoconferencias sin problemas directamente desde tu calendario, con f\u00e1cil acceso desde el navegador y sin necesidad de registro.\",\"breadcrumb\":{\"@id\":\"https:\\\/\\\/www.qboxmail.com\\\/es\\\/caracteristicas\\\/integracion-del-zoom\\\/#breadcrumb\"},\"inLanguage\":\"es\",\"potentialAction\":[{\"@type\":\"ReadAction\",\"target\":[\"https:\\\/\\\/www.qboxmail.com\\\/es\\\/caracteristicas\\\/integracion-del-zoom\\\/\"]}]},{\"@type\":\"BreadcrumbList\",\"@id\":\"https:\\\/\\\/www.qboxmail.com\\\/es\\\/caracteristicas\\\/integracion-del-zoom\\\/#breadcrumb\",\"itemListElement\":[{\"@type\":\"ListItem\",\"position\":1,\"name\":\"Home\",\"item\":\"https:\\\/\\\/www.qboxmail.com\\\/es\\\/\"},{\"@type\":\"ListItem\",\"position\":2,\"name\":\"Muchas funciones para mejorar los correos electr\u00f3nicos de tus clientes\",\"item\":\"https:\\\/\\\/www.qboxmail.com\\\/es\\\/caracteristicas\\\/\"},{\"@type\":\"ListItem\",\"position\":3,\"name\":\"Integraci\u00f3n del zoom\"}]},{\"@type\":\"WebSite\",\"@id\":\"https:\\\/\\\/www.qboxmail.com\\\/es\\\/#website\",\"url\":\"https:\\\/\\\/www.qboxmail.com\\\/es\\\/\",\"name\":\"Qboxmail\",\"description\":\"Semplifica la gestione delle email aziendali\",\"publisher\":{\"@id\":\"https:\\\/\\\/www.qboxmail.com\\\/es\\\/#organization\"},\"potentialAction\":[{\"@type\":\"SearchAction\",\"target\":{\"@type\":\"EntryPoint\",\"urlTemplate\":\"https:\\\/\\\/www.qboxmail.com\\\/es\\\/?s={search_term_string}\"},\"query-input\":{\"@type\":\"PropertyValueSpecification\",\"valueRequired\":true,\"valueName\":\"search_term_string\"}}],\"inLanguage\":\"es\"},{\"@type\":\"Organization\",\"@id\":\"https:\\\/\\\/www.qboxmail.com\\\/es\\\/#organization\",\"name\":\"Qboxmail Srl\",\"url\":\"https:\\\/\\\/www.qboxmail.com\\\/es\\\/\",\"logo\":{\"@type\":\"ImageObject\",\"inLanguage\":\"es\",\"@id\":\"https:\\\/\\\/www.qboxmail.com\\\/es\\\/#\\\/schema\\\/logo\\\/image\\\/\",\"url\":\"https:\\\/\\\/www.qboxmail.com\\\/wp-content\\\/uploads\\\/2020\\\/08\\\/logo_qboxmail.svg\",\"contentUrl\":\"https:\\\/\\\/www.qboxmail.com\\\/wp-content\\\/uploads\\\/2020\\\/08\\\/logo_qboxmail.svg\",\"width\":\"1024\",\"height\":\"1024\",\"caption\":\"Qboxmail Srl\"},\"image\":{\"@id\":\"https:\\\/\\\/www.qboxmail.com\\\/es\\\/#\\\/schema\\\/logo\\\/image\\\/\"},\"sameAs\":[\"https:\\\/\\\/www.facebook.com\\\/qboxmail\",\"https:\\\/\\\/x.com\\\/qboxmail\",\"https:\\\/\\\/www.linkedin.com\\\/company\\\/qboxmail\"]}]}<\/script>\n<!-- \/ Yoast SEO plugin. -->","yoast_head_json":{"title":"Integraci\u00f3n del zoom - Qboxmail","description":"La integraci\u00f3n con Zoom de Qboxmail permite programar videoconferencias sin problemas directamente desde tu calendario, con f\u00e1cil acceso desde el navegador y sin necesidad de registro.","robots":{"index":"index","follow":"follow","max-snippet":"max-snippet:-1","max-image-preview":"max-image-preview:large","max-video-preview":"max-video-preview:-1"},"canonical":"https:\/\/www.qboxmail.com\/es\/caracteristicas\/integracion-del-zoom\/","og_locale":"es_ES","og_type":"article","og_title":"Integraci\u00f3n del zoom - Qboxmail","og_description":"La integraci\u00f3n con Zoom de Qboxmail permite programar videoconferencias sin problemas directamente desde tu calendario, con f\u00e1cil acceso desde el navegador y sin necesidad de registro.","og_url":"https:\/\/www.qboxmail.com\/es\/caracteristicas\/integracion-del-zoom\/","og_site_name":"Qboxmail","article_publisher":"https:\/\/www.facebook.com\/qboxmail","article_modified_time":"2025-06-16T14:45:31+00:00","og_image":[{"width":1200,"height":630,"url":"https:\/\/www.qboxmail.com\/wp-content\/uploads\/2020\/08\/og_social.jpg","type":"image\/jpeg"}],"twitter_card":"summary_large_image","twitter_site":"@qboxmail","twitter_misc":{"Tiempo de lectura":"2 minutos"},"schema":{"@context":"https:\/\/schema.org","@graph":[{"@type":"WebPage","@id":"https:\/\/www.qboxmail.com\/es\/caracteristicas\/integracion-del-zoom\/","url":"https:\/\/www.qboxmail.com\/es\/caracteristicas\/integracion-del-zoom\/","name":"Integraci\u00f3n del zoom - Qboxmail","isPartOf":{"@id":"https:\/\/www.qboxmail.com\/es\/#website"},"datePublished":"2020-11-03T10:27:20+00:00","dateModified":"2025-06-16T14:45:31+00:00","description":"La integraci\u00f3n con Zoom de Qboxmail permite programar videoconferencias sin problemas directamente desde tu calendario, con f\u00e1cil acceso desde el navegador y sin necesidad de registro.","breadcrumb":{"@id":"https:\/\/www.qboxmail.com\/es\/caracteristicas\/integracion-del-zoom\/#breadcrumb"},"inLanguage":"es","potentialAction":[{"@type":"ReadAction","target":["https:\/\/www.qboxmail.com\/es\/caracteristicas\/integracion-del-zoom\/"]}]},{"@type":"BreadcrumbList","@id":"https:\/\/www.qboxmail.com\/es\/caracteristicas\/integracion-del-zoom\/#breadcrumb","itemListElement":[{"@type":"ListItem","position":1,"name":"Home","item":"https:\/\/www.qboxmail.com\/es\/"},{"@type":"ListItem","position":2,"name":"Muchas funciones para mejorar los correos electr\u00f3nicos de tus clientes","item":"https:\/\/www.qboxmail.com\/es\/caracteristicas\/"},{"@type":"ListItem","position":3,"name":"Integraci\u00f3n del zoom"}]},{"@type":"WebSite","@id":"https:\/\/www.qboxmail.com\/es\/#website","url":"https:\/\/www.qboxmail.com\/es\/","name":"Qboxmail","description":"Semplifica la gestione delle email aziendali","publisher":{"@id":"https:\/\/www.qboxmail.com\/es\/#organization"},"potentialAction":[{"@type":"SearchAction","target":{"@type":"EntryPoint","urlTemplate":"https:\/\/www.qboxmail.com\/es\/?s={search_term_string}"},"query-input":{"@type":"PropertyValueSpecification","valueRequired":true,"valueName":"search_term_string"}}],"inLanguage":"es"},{"@type":"Organization","@id":"https:\/\/www.qboxmail.com\/es\/#organization","name":"Qboxmail Srl","url":"https:\/\/www.qboxmail.com\/es\/","logo":{"@type":"ImageObject","inLanguage":"es","@id":"https:\/\/www.qboxmail.com\/es\/#\/schema\/logo\/image\/","url":"https:\/\/www.qboxmail.com\/wp-content\/uploads\/2020\/08\/logo_qboxmail.svg","contentUrl":"https:\/\/www.qboxmail.com\/wp-content\/uploads\/2020\/08\/logo_qboxmail.svg","width":"1024","height":"1024","caption":"Qboxmail Srl"},"image":{"@id":"https:\/\/www.qboxmail.com\/es\/#\/schema\/logo\/image\/"},"sameAs":["https:\/\/www.facebook.com\/qboxmail","https:\/\/x.com\/qboxmail","https:\/\/www.linkedin.com\/company\/qboxmail"]}]}},"_links":{"self":[{"href":"https:\/\/www.qboxmail.com\/es\/wp-json\/wp\/v2\/pages\/11486","targetHints":{"allow":["GET"]}}],"collection":[{"href":"https:\/\/www.qboxmail.com\/es\/wp-json\/wp\/v2\/pages"}],"about":[{"href":"https:\/\/www.qboxmail.com\/es\/wp-json\/wp\/v2\/types\/page"}],"author":[{"embeddable":true,"href":"https:\/\/www.qboxmail.com\/es\/wp-json\/wp\/v2\/users\/5"}],"replies":[{"embeddable":true,"href":"https:\/\/www.qboxmail.com\/es\/wp-json\/wp\/v2\/comments?post=11486"}],"version-history":[{"count":2,"href":"https:\/\/www.qboxmail.com\/es\/wp-json\/wp\/v2\/pages\/11486\/revisions"}],"predecessor-version":[{"id":12260,"href":"https:\/\/www.qboxmail.com\/es\/wp-json\/wp\/v2\/pages\/11486\/revisions\/12260"}],"up":[{"embeddable":true,"href":"https:\/\/www.qboxmail.com\/es\/wp-json\/wp\/v2\/pages\/11576"}],"wp:attachment":[{"href":"https:\/\/www.qboxmail.com\/es\/wp-json\/wp\/v2\/media?parent=11486"}],"curies":[{"name":"wp","href":"https:\/\/api.w.org\/{rel}","templated":true}]}}