{"id":11474,"date":"2020-09-02T11:31:46","date_gmt":"2020-09-02T09:31:46","guid":{"rendered":"https:\/\/www.qboxmail.com\/politica-de-privacidad\/"},"modified":"2025-06-18T12:11:43","modified_gmt":"2025-06-18T10:11:43","slug":"politica-de-privacidad","status":"publish","type":"page","link":"https:\/\/www.qboxmail.com\/es\/politica-de-privacidad\/","title":{"rendered":"Pol\u00edtica de privacidad"},"content":{"rendered":"\n\n<section class=\"block-section block-title-text block-bg--gradient-start\">\n\t<div class=\"block-content\">\n\t\t<h2 class=\"block-title block-title-text__title\">\u00bfQui\u00e9n es el responsable del tratamiento de datos?<\/h2>\n\t\t<div class=\"block-title-text__text\">\n\t\t\t<p>El Responsable del tratamiento de datos es Qboxmail S.r.l., C\u00f3digo Fiscal y N.\u00ba IVA 02338120971, con sede en Via Pollative n.\u00ba 111, 59100, Prato (PO), ITALIA.<\/p>\n\t\t<\/div>\n\t<\/div>\n<\/section>\n\n\n\n<section class=\"block-section block-title-text block-bg--secondary\">\n\t<div class=\"block-content\">\n\t\t<h2 class=\"block-title block-title-text__title\">\u00bfQui\u00e9n es el responsable del tratamiento de los datos personales?<\/h2>\n\t\t<div class=\"block-title-text__text\">\n\t\t\t<p>Qboxmail ha designado un Delegado de Protecci\u00f3n de Datos (DPO). Este profesional act\u00faa como punto de contacto entre la empresa y los interesados y est\u00e1 disponible en la direcci\u00f3n de correo electr\u00f3nico <a class=\"cursor-pointer\" rel=\"noopener\" data-start=\"268\" data-end=\"284\">dpo@qboxmail.com<\/a><\/p>\n\t\t<\/div>\n\t<\/div>\n<\/section>\n\n\n\n<section class=\"block-section block-title-text block-bg--secondary\">\n\t<div class=\"block-content\">\n\t\t<h2 class=\"block-title block-title-text__title\">Tratamiento de datos personales a trav\u00e9s de sitios web<\/h2>\n\t\t<div class=\"block-title-text__text\">\n\t\t\t<p>Cuando navegas por<a href=\"https:\/\/www.qboxmail.it\/\" target=\"_blank\" rel=\"noopener\"> www.qboxmail.it<\/a> \/ <a href=\"https:\/\/www.qboxmail.com\/es\/\" target=\"_blank\" rel=\"noopener\">www.qboxmail.com<\/a> \/ <a href=\"https:\/\/docs.qboxmail.com\/\" target=\"_blank\" rel=\"noopener\">docs.qboxmail.com<\/a>, podemos recopilar ciertos datos de navegaci\u00f3n mediante cookies u otras tecnolog\u00edas similares. Para saber c\u00f3mo las utilizamos, consulta nuestra <a href=\"https:\/\/www.qboxmail.com\/cookie-policy\/\">Pol\u00edtica de Cookies<\/a>.<br \/>\nSi contratas alguno de nuestros servicios o solicitas un per\u00edodo de prueba gratuito, trataremos determinados datos personales relacionados con la gesti\u00f3n de clientes y otros necesarios para prestar nuestros servicios. Para obtener m\u00e1s informaci\u00f3n sobre estos tratamientos, visita la p\u00e1gina <a href=\"https:\/\/www.qboxmail.com\/gdpr\/\">RGPD<\/a> o <a href=\"https:\/\/www.qboxmail.com\/download\/privacy-information-customers.pdf\" target=\"_blank\" rel=\"noopener\">descarga directamente la Pol\u00edtica de Clientes<\/a> y la <a href=\"https:\/\/www.qboxmail.com\/download\/policy-services-users.pdf\" target=\"_blank\" rel=\"noopener\">Pol\u00edtica para Usuarios de los Servicios<\/a>.<\/p>\n\t\t<\/div>\n\t<\/div>\n<\/section>\n\n\n\n<section class=\"block-section block-title-text block-bg--secondary\">\n\t<div class=\"block-content\">\n\t\t<h2 class=\"block-title block-title-text__title\">Formulario de contacto<\/h2>\n\t\t<div class=\"block-title-text__text\">\n\t\t\t<p>Si utilizas el formulario de contacto, trataremos los datos que nos proporcione para responder a su solicitud, de conformidad con el art. 6, letra b) del Reglamento (UE) 2016\/679.<br \/>\nTambi\u00e9n podremos tratar los datos de contacto incluidos en el formulario para enviarte informaci\u00f3n comercial y ofertas sobre nuestros servicios, pero solo si nos has dado tu consentimiento. Puedes retirarlo en cualquier momento escribiendo a privacy@qboxmail.com.<\/p>\n<p data-start=\"471\" data-end=\"666\">Algunos campos del formulario son obligatorios para poder enviar la solicitud. Sin esos datos no podremos identificarte ni gestionar tu petici\u00f3n. Los campos opcionales pueden dejarse en blanco.<\/p>\n<p data-start=\"668\" data-end=\"816\">Salvo que sea necesario para atender tu solicitud, tus datos ser\u00e1n tratados \u00fanicamente por el personal de Qboxmail y no se comunicar\u00e1n a terceros.<\/p>\n<p data-start=\"818\" data-end=\"1040\">Conservaremos tus datos durante el tiempo necesario para gestionar tu solicitud, salvo que hayas dado tu consentimiento para recibir comunicaciones comerciales. En ese caso los conservaremos con ese fin durante 24 meses.<\/p>\n<p data-start=\"1042\" data-end=\"1437\" data-is-last-node=\"\" data-is-only-node=\"\">Para protegernos del spam y salvaguardar nuestro inter\u00e9s leg\u00edtimo, utilizamos un sistema reCaptcha que puede implicar el env\u00edo de determinados datos al proveedor del servicio. No se trata de los datos personales introducidos en el formulario, sino de datos t\u00e9cnicos que pueden identificar el dispositivo (por ejemplo, la direcci\u00f3n IP). Para m\u00e1s informaci\u00f3n, consulta nuestra<\/p>\n<p><a href=\"https:\/\/www.qboxmail.com\/cookie-policy\/\">Pol\u00edtica de Cookies.<\/a><\/p>\n\t\t<\/div>\n\t<\/div>\n<\/section>\n\n\n\n<section class=\"block-section block-title-text block-bg--secondary\">\n\t<div class=\"block-content\">\n\t\t<h2 class=\"block-title block-title-text__title\">\u00bfCuales son tus derechos?<\/h2>\n\t\t<div class=\"block-title-text__text\">\n\t\t\t<p>El RGPD (art\u00edculos 15 a 22) reconoce importantes derechos en materia de protecci\u00f3n de datos, que puedes ejercer dirigi\u00e9ndose al responsable del tratamiento.<\/p>\n<ul>\n<li>Tienes derecho a saber si se tratan datos personales que te conciernen y, en tal caso, a obtener copia de ellos, as\u00ed como a conocer el origen de los datos, las categor\u00edas tratadas, los destinatarios, las finalidades, la existencia de decisiones automatizadas, incluida la elaboraci\u00f3n de perfiles, y el per\u00edodo de conservaci\u00f3n.<\/li>\n<li>En los supuestos previstos por el RGPD, puedes solicitar la rectificaci\u00f3n o supresi\u00f3n de tus datos, o la limitaci\u00f3n de su tratamiento. Tambi\u00e9n puedes pedir la portabilidad de los datos que hayas facilitado a Qboxmail cuando el tratamiento se base en tu consentimiento o en un contrato y se realice por medios automatizados.<\/li>\n<li>Puedes oponerte al tratamiento de tus datos realizado sobre la base del inter\u00e9s leg\u00edtimo o del inter\u00e9s p\u00fablico del responsable por motivos relacionados con tu situaci\u00f3n particular. Puedes oponerte al tratamiento con fines de marketing sin necesidad de justificarte.<\/li>\n<li>Puedes retirar tu consentimiento para el tratamiento de tus datos personales en cualquier momento.<\/li>\n<li>Si consideras que Qboxmail ha vulnerado tus derechos, puedes presentar una reclamaci\u00f3n ante la Autoridad de Protecci\u00f3n de Datos.<\/li>\n<\/ul>\n\t\t<\/div>\n\t<\/div>\n<\/section>\n\n\n\n<section class=\"block-section block-title-text block-bg--gradient-end\">\n\t<div class=\"block-content\">\n\t\t<h2 class=\"block-title block-title-text__title\">\u00bfC\u00f3mo puedes ejercer tus derechos?<\/h2>\n\t\t<div class=\"block-title-text__text\">\n\t\t\t<p data-start=\"38\" data-end=\"374\">Puedes presentar tu solicitud a Qboxmail de forma gratuita y sin formalidades especiales (por ejemplo, por correo electr\u00f3nico o carta certificada). Estamos obligados a responderte en el plazo de un mes o, si necesitamos m\u00e1s tiempo, a informarte de los motivos del retraso; en ning\u00fan caso la respuesta podr\u00e1 demorarse m\u00e1s de dos meses.<\/p>\n<p data-start=\"376\" data-end=\"725\">Si no recibes respuesta en ese plazo o no quedas satisfecho con ella, puedes presentar una reclamaci\u00f3n ante la Autoridad de Protecci\u00f3n de Datos conforme al art\u00edculo 77 del RGPD, o acudir a los tribunales competentes. Para ejercer tus derechos tambi\u00e9n puedes utilizar el formulario disponible en el sitio web de la Autoridad: <a class=\"\" href=\"http:\/\/www.garanteprivacy.it\" target=\"_new\" rel=\"noopener\" data-start=\"701\" data-end=\"722\">www.garanteprivacy.it<\/a>.<\/p>\n<p data-start=\"727\" data-end=\"924\" data-is-last-node=\"\" data-is-only-node=\"\">Datos de contacto:<br data-start=\"745\" data-end=\"748\" \/>Tel. +39 0574 \/ 026030<br data-start=\"770\" data-end=\"773\" \/>Correo electr\u00f3nico: <a class=\"cursor-pointer\" rel=\"noopener\" data-start=\"793\" data-end=\"810\">info@qboxmail.com<\/a><br data-start=\"810\" data-end=\"813\" \/>Correo electr\u00f3nico certificado (PEC): <a class=\"cursor-pointer\" rel=\"noopener\" data-start=\"851\" data-end=\"866\">qboxmail@pec.it<\/a><br data-start=\"866\" data-end=\"869\" \/>Delegado de Protecci\u00f3n de Datos (DPO): <a class=\"cursor-pointer\" rel=\"noopener\" data-start=\"908\" data-end=\"924\" data-is-last-node=\"\">dpo@qboxmail.com<\/a><\/p>\n\t\t<\/div>\n\t<\/div>\n<\/section>","protected":false},"excerpt":{"rendered":"<p>Cuando navegas por los sitios web <a href=\"https:\/\/www.qboxmail.it\/\" rel=\"noopener\" target=\"_blank\">www.qboxmail.it<\/a> \/ <a href=\"https:\/\/www.qboxmail.com\/\" rel=\"noopener\" target=\"_blank\">www.qboxmail.com<\/a> \/ <a href=\"https:\/\/docs.qboxmail.com\/\" rel=\"noopener\" target=\"_blank\">docs.qboxmail.com<\/a> o utilizas un formulario de contacto, Qboxmail recoge determinados datos de car\u00e1cter personal.<br \/>\nCon esta Pol\u00edtica de Privacidad, Qboxmail desea proporcionarte la informaci\u00f3n necesaria para que comprendas c\u00f3mo tratamos estos datos, en cumplimiento de lo dispuesto en los arts. 13 y 14 del Reg. UE 2016\/679 (GDPR).  <\/p>\n","protected":false},"author":5,"featured_media":0,"parent":0,"menu_order":0,"comment_status":"closed","ping_status":"closed","template":"","meta":{"_acf_changed":false,"inline_featured_image":false,"footnotes":""},"class_list":["post-11474","page","type-page","status-publish","hentry"],"acf":[],"yoast_head":"<!-- This site is optimized with the Yoast SEO plugin v27.3 - https:\/\/yoast.com\/product\/yoast-seo-wordpress\/ -->\n<title>Pol\u00edtica de privacidad - Qboxmail<\/title>\n<meta name=\"description\" content=\"Descubre c\u00f3mo Qboxmail gestiona tus datos personales, cookies y derechos GDPR. Lee nuestra pol\u00edtica de privacidad para obtener informaci\u00f3n detallada sobre el tratamiento y la protecci\u00f3n de datos.\" \/>\n<meta name=\"robots\" content=\"index, follow, max-snippet:-1, max-image-preview:large, max-video-preview:-1\" \/>\n<link rel=\"canonical\" href=\"https:\/\/www.qboxmail.com\/es\/politica-de-privacidad\/\" \/>\n<meta property=\"og:locale\" content=\"es_ES\" \/>\n<meta property=\"og:type\" content=\"article\" \/>\n<meta property=\"og:title\" content=\"Pol\u00edtica de privacidad - Qboxmail\" \/>\n<meta property=\"og:description\" content=\"Descubre c\u00f3mo Qboxmail gestiona tus datos personales, cookies y derechos GDPR. Lee nuestra pol\u00edtica de privacidad para obtener informaci\u00f3n detallada sobre el tratamiento y la protecci\u00f3n de datos.\" \/>\n<meta property=\"og:url\" content=\"https:\/\/www.qboxmail.com\/es\/politica-de-privacidad\/\" \/>\n<meta property=\"og:site_name\" content=\"Qboxmail\" \/>\n<meta property=\"article:publisher\" content=\"https:\/\/www.facebook.com\/qboxmail\" \/>\n<meta property=\"article:modified_time\" content=\"2025-06-18T10:11:43+00:00\" \/>\n<meta property=\"og:image\" content=\"https:\/\/www.qboxmail.com\/wp-content\/uploads\/2020\/08\/og_social.jpg\" \/>\n\t<meta property=\"og:image:width\" content=\"1200\" \/>\n\t<meta property=\"og:image:height\" content=\"630\" \/>\n\t<meta property=\"og:image:type\" content=\"image\/jpeg\" \/>\n<meta name=\"twitter:card\" content=\"summary_large_image\" \/>\n<meta name=\"twitter:site\" content=\"@qboxmail\" \/>\n<meta name=\"twitter:label1\" content=\"Tiempo de lectura\" \/>\n\t<meta name=\"twitter:data1\" content=\"4 minutos\" \/>\n<script type=\"application\/ld+json\" class=\"yoast-schema-graph\">{\"@context\":\"https:\\\/\\\/schema.org\",\"@graph\":[{\"@type\":\"WebPage\",\"@id\":\"https:\\\/\\\/www.qboxmail.com\\\/es\\\/politica-de-privacidad\\\/\",\"url\":\"https:\\\/\\\/www.qboxmail.com\\\/es\\\/politica-de-privacidad\\\/\",\"name\":\"Pol\u00edtica de privacidad - Qboxmail\",\"isPartOf\":{\"@id\":\"https:\\\/\\\/www.qboxmail.com\\\/es\\\/#website\"},\"datePublished\":\"2020-09-02T09:31:46+00:00\",\"dateModified\":\"2025-06-18T10:11:43+00:00\",\"description\":\"Descubre c\u00f3mo Qboxmail gestiona tus datos personales, cookies y derechos GDPR. Lee nuestra pol\u00edtica de privacidad para obtener informaci\u00f3n detallada sobre el tratamiento y la protecci\u00f3n de datos.\",\"breadcrumb\":{\"@id\":\"https:\\\/\\\/www.qboxmail.com\\\/es\\\/politica-de-privacidad\\\/#breadcrumb\"},\"inLanguage\":\"es\",\"potentialAction\":[{\"@type\":\"ReadAction\",\"target\":[\"https:\\\/\\\/www.qboxmail.com\\\/es\\\/politica-de-privacidad\\\/\"]}]},{\"@type\":\"BreadcrumbList\",\"@id\":\"https:\\\/\\\/www.qboxmail.com\\\/es\\\/politica-de-privacidad\\\/#breadcrumb\",\"itemListElement\":[{\"@type\":\"ListItem\",\"position\":1,\"name\":\"Home\",\"item\":\"https:\\\/\\\/www.qboxmail.com\\\/es\\\/\"},{\"@type\":\"ListItem\",\"position\":2,\"name\":\"Pol\u00edtica de privacidad\"}]},{\"@type\":\"WebSite\",\"@id\":\"https:\\\/\\\/www.qboxmail.com\\\/es\\\/#website\",\"url\":\"https:\\\/\\\/www.qboxmail.com\\\/es\\\/\",\"name\":\"Qboxmail\",\"description\":\"Semplifica la gestione delle email aziendali\",\"publisher\":{\"@id\":\"https:\\\/\\\/www.qboxmail.com\\\/es\\\/#organization\"},\"potentialAction\":[{\"@type\":\"SearchAction\",\"target\":{\"@type\":\"EntryPoint\",\"urlTemplate\":\"https:\\\/\\\/www.qboxmail.com\\\/es\\\/?s={search_term_string}\"},\"query-input\":{\"@type\":\"PropertyValueSpecification\",\"valueRequired\":true,\"valueName\":\"search_term_string\"}}],\"inLanguage\":\"es\"},{\"@type\":\"Organization\",\"@id\":\"https:\\\/\\\/www.qboxmail.com\\\/es\\\/#organization\",\"name\":\"Qboxmail Srl\",\"url\":\"https:\\\/\\\/www.qboxmail.com\\\/es\\\/\",\"logo\":{\"@type\":\"ImageObject\",\"inLanguage\":\"es\",\"@id\":\"https:\\\/\\\/www.qboxmail.com\\\/es\\\/#\\\/schema\\\/logo\\\/image\\\/\",\"url\":\"https:\\\/\\\/www.qboxmail.com\\\/wp-content\\\/uploads\\\/2020\\\/08\\\/logo_qboxmail.svg\",\"contentUrl\":\"https:\\\/\\\/www.qboxmail.com\\\/wp-content\\\/uploads\\\/2020\\\/08\\\/logo_qboxmail.svg\",\"width\":\"1024\",\"height\":\"1024\",\"caption\":\"Qboxmail Srl\"},\"image\":{\"@id\":\"https:\\\/\\\/www.qboxmail.com\\\/es\\\/#\\\/schema\\\/logo\\\/image\\\/\"},\"sameAs\":[\"https:\\\/\\\/www.facebook.com\\\/qboxmail\",\"https:\\\/\\\/x.com\\\/qboxmail\",\"https:\\\/\\\/www.linkedin.com\\\/company\\\/qboxmail\"]}]}<\/script>\n<!-- \/ Yoast SEO plugin. -->","yoast_head_json":{"title":"Pol\u00edtica de privacidad - Qboxmail","description":"Descubre c\u00f3mo Qboxmail gestiona tus datos personales, cookies y derechos GDPR. Lee nuestra pol\u00edtica de privacidad para obtener informaci\u00f3n detallada sobre el tratamiento y la protecci\u00f3n de datos.","robots":{"index":"index","follow":"follow","max-snippet":"max-snippet:-1","max-image-preview":"max-image-preview:large","max-video-preview":"max-video-preview:-1"},"canonical":"https:\/\/www.qboxmail.com\/es\/politica-de-privacidad\/","og_locale":"es_ES","og_type":"article","og_title":"Pol\u00edtica de privacidad - Qboxmail","og_description":"Descubre c\u00f3mo Qboxmail gestiona tus datos personales, cookies y derechos GDPR. Lee nuestra pol\u00edtica de privacidad para obtener informaci\u00f3n detallada sobre el tratamiento y la protecci\u00f3n de datos.","og_url":"https:\/\/www.qboxmail.com\/es\/politica-de-privacidad\/","og_site_name":"Qboxmail","article_publisher":"https:\/\/www.facebook.com\/qboxmail","article_modified_time":"2025-06-18T10:11:43+00:00","og_image":[{"width":1200,"height":630,"url":"https:\/\/www.qboxmail.com\/wp-content\/uploads\/2020\/08\/og_social.jpg","type":"image\/jpeg"}],"twitter_card":"summary_large_image","twitter_site":"@qboxmail","twitter_misc":{"Tiempo de lectura":"4 minutos"},"schema":{"@context":"https:\/\/schema.org","@graph":[{"@type":"WebPage","@id":"https:\/\/www.qboxmail.com\/es\/politica-de-privacidad\/","url":"https:\/\/www.qboxmail.com\/es\/politica-de-privacidad\/","name":"Pol\u00edtica de privacidad - Qboxmail","isPartOf":{"@id":"https:\/\/www.qboxmail.com\/es\/#website"},"datePublished":"2020-09-02T09:31:46+00:00","dateModified":"2025-06-18T10:11:43+00:00","description":"Descubre c\u00f3mo Qboxmail gestiona tus datos personales, cookies y derechos GDPR. Lee nuestra pol\u00edtica de privacidad para obtener informaci\u00f3n detallada sobre el tratamiento y la protecci\u00f3n de datos.","breadcrumb":{"@id":"https:\/\/www.qboxmail.com\/es\/politica-de-privacidad\/#breadcrumb"},"inLanguage":"es","potentialAction":[{"@type":"ReadAction","target":["https:\/\/www.qboxmail.com\/es\/politica-de-privacidad\/"]}]},{"@type":"BreadcrumbList","@id":"https:\/\/www.qboxmail.com\/es\/politica-de-privacidad\/#breadcrumb","itemListElement":[{"@type":"ListItem","position":1,"name":"Home","item":"https:\/\/www.qboxmail.com\/es\/"},{"@type":"ListItem","position":2,"name":"Pol\u00edtica de privacidad"}]},{"@type":"WebSite","@id":"https:\/\/www.qboxmail.com\/es\/#website","url":"https:\/\/www.qboxmail.com\/es\/","name":"Qboxmail","description":"Semplifica la gestione delle email aziendali","publisher":{"@id":"https:\/\/www.qboxmail.com\/es\/#organization"},"potentialAction":[{"@type":"SearchAction","target":{"@type":"EntryPoint","urlTemplate":"https:\/\/www.qboxmail.com\/es\/?s={search_term_string}"},"query-input":{"@type":"PropertyValueSpecification","valueRequired":true,"valueName":"search_term_string"}}],"inLanguage":"es"},{"@type":"Organization","@id":"https:\/\/www.qboxmail.com\/es\/#organization","name":"Qboxmail Srl","url":"https:\/\/www.qboxmail.com\/es\/","logo":{"@type":"ImageObject","inLanguage":"es","@id":"https:\/\/www.qboxmail.com\/es\/#\/schema\/logo\/image\/","url":"https:\/\/www.qboxmail.com\/wp-content\/uploads\/2020\/08\/logo_qboxmail.svg","contentUrl":"https:\/\/www.qboxmail.com\/wp-content\/uploads\/2020\/08\/logo_qboxmail.svg","width":"1024","height":"1024","caption":"Qboxmail Srl"},"image":{"@id":"https:\/\/www.qboxmail.com\/es\/#\/schema\/logo\/image\/"},"sameAs":["https:\/\/www.facebook.com\/qboxmail","https:\/\/x.com\/qboxmail","https:\/\/www.linkedin.com\/company\/qboxmail"]}]}},"_links":{"self":[{"href":"https:\/\/www.qboxmail.com\/es\/wp-json\/wp\/v2\/pages\/11474","targetHints":{"allow":["GET"]}}],"collection":[{"href":"https:\/\/www.qboxmail.com\/es\/wp-json\/wp\/v2\/pages"}],"about":[{"href":"https:\/\/www.qboxmail.com\/es\/wp-json\/wp\/v2\/types\/page"}],"author":[{"embeddable":true,"href":"https:\/\/www.qboxmail.com\/es\/wp-json\/wp\/v2\/users\/5"}],"replies":[{"embeddable":true,"href":"https:\/\/www.qboxmail.com\/es\/wp-json\/wp\/v2\/comments?post=11474"}],"version-history":[{"count":2,"href":"https:\/\/www.qboxmail.com\/es\/wp-json\/wp\/v2\/pages\/11474\/revisions"}],"predecessor-version":[{"id":12283,"href":"https:\/\/www.qboxmail.com\/es\/wp-json\/wp\/v2\/pages\/11474\/revisions\/12283"}],"wp:attachment":[{"href":"https:\/\/www.qboxmail.com\/es\/wp-json\/wp\/v2\/media?parent=11474"}],"curies":[{"name":"wp","href":"https:\/\/api.w.org\/{rel}","templated":true}]}}