{"id":11448,"date":"2022-03-10T16:53:29","date_gmt":"2022-03-10T15:53:29","guid":{"rendered":"https:\/\/www.qboxmail.com\/la-solucion-completa-de-correo-electronico-para-tu-empresa\/"},"modified":"2025-11-04T10:34:18","modified_gmt":"2025-11-04T09:34:18","slug":"para-empresa","status":"publish","type":"page","link":"https:\/\/www.qboxmail.com\/es\/para-empresa\/","title":{"rendered":"La soluci\u00f3n completa de correo electr\u00f3nico para tu <em>empresa<\/em>"},"content":{"rendered":"\n<section class=\"block-section block-bg--gradient-start\">\n\t<div class=\"block-content\">\n\n\t\t<div class=\"block-features-evidence__content\">\n\t\t\t\n\t\t\t \t\t<\/div>\n\n\t\t<div class=\"block-features-evidence__wrap-card\">\n\t\t\t\t\t\t\t\t\t\t\t\t\n\t\t\t\t\t<a class=\"block-features-evidence__card \" >      \t\t\n\t\t\t\t\t\t<figure class=\"block-features-evidence__card-icon\">\n\t\t            \t\t<img decoding=\"async\" src=\"https:\/\/www.qboxmail.com\/wp-content\/uploads\/2022\/03\/icon_badge.svg\" alt=\"Quality seal: a digital badge representing certification, ranking, or outstanding performance\"\/>\n\t\t         \t \t<\/figure>\n\t\t\t\t\t\t\t\t\n\t\t         \t\t<h2 class=\"block-features-evidence__card-title\">Impulsa tu negocio<\/h2>\n\t\t          \t\t<p class=\"block-features-evidence__card-text\">Una direcci\u00f3n de correo personal asociada al dominio de tu sitio web mejora la imagen de tu empresa y refuerza su presencia online.<\/p>    \n\t\t        \t<\/a>\n\t        \t\t\t\t\t\t\n\t\t\t\t\t<a class=\"block-features-evidence__card \" >      \t\t\n\t\t\t\t\t\t<figure class=\"block-features-evidence__card-icon\">\n\t\t            \t\t<img decoding=\"async\" src=\"https:\/\/www.qboxmail.com\/wp-content\/uploads\/2022\/03\/icon_security.svg\" alt=\"This image appears to be a blue shield icon, likely representing security, protection, or trust. It may be used in contexts such as cybersecurity, email authentication\"\/>\n\t\t         \t \t<\/figure>\n\t\t\t\t\t\t\t\t\n\t\t         \t\t<h2 class=\"block-features-evidence__card-title\">Refuerza tu ciberseguridad<\/h2>\n\t\t          \t\t<p class=\"block-features-evidence__card-text\">El robusto sistema de seguridad del correo ofrece protecci\u00f3n avanzada contra malware y aumenta significativamente la entregabilidad de tus mensajes.<\/p>    \n\t\t        \t<\/a>\n\t        \t\t\t\t\t\t\n\t\t\t\t\t<a class=\"block-features-evidence__card \" >      \t\t\n\t\t\t\t\t\t<figure class=\"block-features-evidence__card-icon\">\n\t\t            \t\t<img decoding=\"async\" src=\"https:\/\/www.qboxmail.com\/wp-content\/uploads\/2022\/03\/icon_webmail_2.svg\" alt=\"This image represents an email or messaging icon, symbolizing communication, inbox management, or mail services\"\/>\n\t\t         \t \t<\/figure>\n\t\t\t\t\t\t\t\t\n\t\t         \t\t<h2 class=\"block-features-evidence__card-title\">Webmail profesional<\/h2>\n\t\t          \t\t<p class=\"block-features-evidence__card-text\">Descubre la innovadora herramienta que facilita el intercambio de tareas de trabajo y ofrece funciones avanzadas de colaboraci\u00f3n.<\/p>    \n\t\t        \t<\/a>\n\t        \t\t\t\t\t\t\n\t\t\t\t\t<a class=\"block-features-evidence__card \" >      \t\t\n\t\t\t\t\t\t<figure class=\"block-features-evidence__card-icon\">\n\t\t            \t\t<img decoding=\"async\" src=\"https:\/\/www.qboxmail.com\/wp-content\/uploads\/2022\/03\/icon_support.svg\" alt=\"icon support\"\/>\n\t\t         \t \t<\/figure>\n\t\t\t\t\t\t\t\t\n\t\t         \t\t<h2 class=\"block-features-evidence__card-title\">Soporte t\u00e9cnico calificado<\/h2>\n\t\t          \t\t<p class=\"block-features-evidence__card-text\">Nuestro equipo de expertos te ayudar\u00e1 con paciencia a resolver cualquier problema relacionado con la gesti\u00f3n profesional del correo electr\u00f3nico.<\/p>    \n\t\t        \t<\/a>\n\t        \t\t      \t\t\t<\/div>\n\n\t<\/div>\n<\/section>\n\n\n\n<section class=\"block-section block-text-img block-bg--secondary\">\n\t<div class=\"block-content block-content--reverse\">\n\n\t\t<div class=\"block-text-img__content\">\n\t\t\t\t\n\t\t\t\n\t\t\t\t\t\t\t<h2 class=\"block-title\">Potencia tu autoridad en la web<\/h2>\n\t\t\t\t\n\n\t\t\t<p>Una direcci\u00f3n de correo electr\u00f3nico se considera profesional cuando tiene su propio nombre de dominio.<\/p>\n<p>Usar cuentas gratuitas para tu negocio, como<em> <a class=\"cursor-pointer\" rel=\"noopener\" data-start=\"174\" data-end=\"199\">tuempresa@freeaccount.com<\/a><\/em>, presenta varias desventajas frente a los competidores que ya emplean direcciones profesionales:<\/p>\n<ul>\n<li data-start=\"298\" data-end=\"385\">\n<p data-start=\"300\" data-end=\"385\">No podr\u00e1s diferenciarte de los millones de buzones gen\u00e9ricos que se crean cada d\u00eda.<\/p>\n<\/li>\n<li data-start=\"386\" data-end=\"438\">\n<p data-start=\"388\" data-end=\"438\">No contar\u00e1s con asistencia en caso de problemas.<\/p>\n<\/li>\n<li data-start=\"439\" data-end=\"467\">\n<p data-start=\"441\" data-end=\"467\">Ciberseguridad limitada.<\/p>\n<\/li>\n<li data-start=\"468\" data-end=\"504\" data-is-last-node=\"\">\n<p data-start=\"470\" data-end=\"504\" data-is-last-node=\"\">Servicios y prestaciones modestas.<\/p>\n<\/li>\n<\/ul>\n<p>Con Qboxmail, obtendr\u00e1s una direcci\u00f3n personalizada con tu dominio, como <em>info@tuempresa.com.<\/em> Esto te aportar\u00e1 una imagen s\u00f3lida y cre\u00edble y te mostrar\u00e1 con mayor profesionalidad ante tu red de contactos, aumentando tu reputaci\u00f3n. Tus clientes sabr\u00e1n enseguida que eres t\u00fa quien les escribe y les resultar\u00e1 m\u00e1s f\u00e1cil recordar el nombre de tu negocio.<\/p>\n\n\t\t\t\t\t<\/div>\n\n\t\t<figure class=\"block-text-img__img\">\n\t\t\t\t\t\t\t<img decoding=\"async\" src=\"https:\/\/www.qboxmail.com\/wp-content\/uploads\/2022\/04\/customization_screenshot.png\" alt=\"customization screenshot\">\n\t\t\t\t\t<\/figure>\n\t<\/div>\n<\/section>\n\n\n<section class=\"block-section block-text-img block-bg--secondary\">\n\t<div class=\"block-content \">\n\n\t\t<div class=\"block-text-img__content\">\n\t\t\t\t\n\t\t\t\n\t\t\t\t\t\t\t<h2 class=\"block-title\">Qboxmail invierte en tu ciberseguridad<\/h2>\n\t\t\t\t\n\n\t\t\t<p>\u00bfSab\u00edas que el 90% de los ataques cibern\u00e9ticos se realizan a trav\u00e9s del correo electr\u00f3nico?<\/p>\n<p>Cuando las direcciones de correo son muy baratas o incluso se regalan dentro de paquetes de hosting, la inversi\u00f3n en ciberseguridad es pr\u00e1cticamente nula.<\/p>\n<p>Esto conlleva graves riesgos para tu negocio, entre ellos:<\/p>\n<ul>\n<li>Buz\u00f3n de correo electr\u00f3nico inundado de mensajes no deseados (Spam)<\/li>\n<li>Correos electr\u00f3nicos enviados desde su bandeja de entrada no llegan al destinatario porque el proveedor tiene una mala reputaci\u00f3n (deliverability)<\/li>\n<li>Alto riesgo de infectar tu red corporativa con un virus recibido v\u00eda correo electr\u00f3nico<\/li>\n<li>Alta probabilidad de sufrir phishing o que te roben la identidad digital.<\/li>\n<\/ul>\n<p>Al confiar en Qboxmail, tendr\u00e1s el apoyo de un equipo de expertos que trabaja sin descanso para reforzar la ciberseguridad de tu empresa.<\/p>\n<p>Todas las cuentas de correo gestionadas por Qboxmail cuentan con un sistema de seguridad innovador y exclusivo que protege tu compa\u00f1\u00eda del spam y de otros contenidos maliciosos, garantizando que tus mensajes lleguen siempre a su destinatario.<\/p>\n\n\t\t\t\t\t<\/div>\n\n\t\t<figure class=\"block-text-img__img\">\n\t\t\t\t\t\t\t<img decoding=\"async\" src=\"https:\/\/www.qboxmail.com\/wp-content\/uploads\/2022\/03\/email_security_screenshot.png\" alt=\"email security screenshot\">\n\t\t\t\t\t<\/figure>\n\t<\/div>\n<\/section>\n\n\n<section class=\"block-section block-text-img block-bg--secondary\">\n\t<div class=\"block-content block-content--reverse\">\n\n\t\t<div class=\"block-text-img__content\">\n\t\t\t\t\n\t\t\t\n\t\t\t\t\t\t\t<h2 class=\"block-title\">Mejora la productividad de tu equipo<\/h2>\n\t\t\t\t\n\n\t\t\t<p>El Webmail de Qboxmail est\u00e1 dise\u00f1ado para facilitar el trabajo de los profesionales.<\/p>\n<p>La interfaz intuitiva y la posibilidad de crear <strong>f\u00e1cilmente carpetas y subcarpetas<\/strong> te ayudar\u00e1n a mantener tu bandeja de entrada siempre ordenada. Adem\u00e1s, podr\u00e1s g<strong>estionar varias direcciones de correo electr\u00f3nico<\/strong> y alias bajo el mismo dominio, sin necesidad de cerrar sesi\u00f3n en tu direcci\u00f3n principal. Adem\u00e1s, puedes gestionar varias direcciones y alias bajo el mismo dominio sin cerrar sesi\u00f3n en tu cuenta principal. As\u00ed tendr\u00e1s todas tus comunicaciones en un \u00fanico lugar, de forma fluida y eficiente.<\/p>\n<p>A trav\u00e9s de la gesti\u00f3n de libretas de direcciones y <strong>calendario corporativo<\/strong> puedes coordinar los eventos de todo el equipo y ver todas las citas de tus empleados directamente en el calendario de tu smartphone.<\/p>\n<p>Con el <strong>archivo de seguridad<\/strong>, dispondr\u00e1 de <strong>espacio de almacenamiento ilimitado<\/strong> para guardar todos sus correos electr\u00f3nicos enviados y recibidos. El material guardado en el archivo no se puede borrar ni modificar, por lo que resulta muy \u00fatil en caso de disputas legales.<\/p>\n<p data-start=\"476\" data-end=\"535\" data-is-last-node=\"\" data-is-only-node=\"\">Descubre en detalle todas las funciones de nuestra Webmail.<\/p>\n\n\t\t\t\t      <a class=\"btn-outline btn-outline-accent block-text-img__btn\" href=\"https:\/\/www.qboxmail.com\/es\/caracteristicas\/webmail-y-calendario\/\">Saber m\u00e1s<\/a>\n\t    \t\t<\/div>\n\n\t\t<figure class=\"block-text-img__img\">\n\t\t\t<a href=\"https:\/\/www.qboxmail.com\/es\/caracteristicas\/webmail-y-calendario\/\">\t\t\t\t<img decoding=\"async\" src=\"https:\/\/www.qboxmail.com\/wp-content\/uploads\/2022\/04\/features_webmail_screenshot.png\" alt=\"features webmail screenshot\">\n\t\t\t<\/a>\t\t<\/figure>\n\t<\/div>\n<\/section>\n\n\n<section class=\"block-section block-text-img block-bg--gradient-end\">\n\t<div class=\"block-content \">\n\n\t\t<div class=\"block-text-img__content\">\n\t\t\t\t\n\t\t\t\n\t\t\t\t\t\t\t<h2 class=\"block-title\">\u00a1Un servicio de atenci\u00f3n al cliente como nunca antes!<\/h2>\n\t\t\t\t\n\n\t\t\t<p>Solicitudes sin respuesta, esperas eternas al tel\u00e9fono, problemas que no se resuelven. Olv\u00eddate de los contratiempos de tu antiguo proveedor. Con Qboxmail tendr\u00e1s un socio siempre disponible y un equipo de expertos listo para ayudarte cuando lo necesites.<\/p>\n<p>El soporte de Qboxmail te ofrece:<\/p>\n<ul>\n<li>Soporte de tickets los 7 d\u00edas de la semana<\/li>\n<li>Asistencia telef\u00f3nica con operadores altamente capacitados<\/li>\n<li>Documentaci\u00f3n clara y de f\u00e1cil consulta<\/li>\n<li>Escritorio compartido<\/li>\n<\/ul>\n<p>El equipo de Qboxmail te ayudar\u00e1 paso a paso a crear y configurar todas las cuentas de correo de tu dominio, para que aproveches al m\u00e1ximo el potencial de nuestro servicio.<\/p>\n\n\t\t\t\t\t<\/div>\n\n\t\t<figure class=\"block-text-img__img\">\n\t\t\t\t\t\t\t<img decoding=\"async\" src=\"https:\/\/www.qboxmail.com\/wp-content\/uploads\/2022\/04\/customer_support.png\" alt=\"blue icon customer support , with coding text and screenshot of the webmail of qboxmail\">\n\t\t\t\t\t<\/figure>\n\t<\/div>\n<\/section>\n\n\n<section class=\"block-section block-faq block-bg--gradient-end \">\n\t<div class=\"block-content\">\n\t\t\t\t\n\t\t\n\t  \t    \t\t    <div class=\"block-faq__box\">\n\t\t    \t<input class=\"block-faq__toggle\" type=\"checkbox\" id=\"check-faq-1\">\n\t        <label class=\"block-faq__question\" for=\"check-faq-1\">\n\t        \t\u00bfTengo que transferir mi dominio para utilizar Qboxmail?\t        <\/label>\n\t        <div class=\"block__text block-faq__answer\"><p>Para utilizar los servicios de Qboxmail solo debes cambiar los registros MX de tu dominio desde el panel de gesti\u00f3n DNS de tu proveedor. No tendr\u00e1s que transferir ni tu dominio ni tu sitio web.<\/p>\n<\/div>\n\t\t    <\/div>\n\t    \t\t    <div class=\"block-faq__box\">\n\t\t    \t<input class=\"block-faq__toggle\" type=\"checkbox\" id=\"check-faq-2\">\n\t        <label class=\"block-faq__question\" for=\"check-faq-2\">\n\t        \t\u00bfPuedo usar Qboxmail s\u00f3lo para algunas cuentas de correo electr\u00f3nico de mi dominio?\t        <\/label>\n\t        <div class=\"block__text block-faq__answer\"><p>Un dominio indica a qu\u00e9 servicio debe entregarse el correo mediante los registros MX configurados en su DNS. No es posible asignar registros MX distintos a cuentas individuales; por lo tanto, no se pueden gestionar las cuentas de un mismo dominio con proveedores diferentes.<\/p>\n<\/div>\n\t\t    <\/div>\n\t    \t\t    <div class=\"block-faq__box\">\n\t\t    \t<input class=\"block-faq__toggle\" type=\"checkbox\" id=\"check-faq-3\">\n\t        <label class=\"block-faq__question\" for=\"check-faq-3\">\n\t        \t\u00bfQui\u00e9n se encarga de la migraci\u00f3n de mis mensajes?\t        <\/label>\n\t        <div class=\"block__text block-faq__answer\"><p>Qboxmail pone a disposici\u00f3n de sus clientes una herramienta que automatiza la creaci\u00f3n y la transferencia de cuentas de correo. Pero, si lo prefieres, nosotros nos ocupamos de todos los pasos necesarios para pasar de tu proveedor actual a Qboxmail.<\/p>\n<\/div>\n\t\t    <\/div>\n\t    \t  \n\t<\/div>\n<\/section>\n\n\n<section class=\"block-section block-cta block-bg--gradient-section \">\n\t<div class=\"block-content\">\n\t\n\t\t\t\t\t<h2 class=\"cta-title\">Correo seguro y profesional para equipos en crecimiento.<\/h2>\n\t\t\t\t\n\t\t<p>Mejore la imagen, bloquee ciberamenazas y comparta calendarios\u2014cont\u00e1ctenos para una propuesta personalizada.<\/p>\n\n\t\t\n\t\t<div class=\"block-cta__wrap-btn\">\n\t\t\t\t      \t\t<a class=\"btn-accent\" href=\"https:\/\/www.qboxmail.com\/es\/prueba-gratis\/\">Comience una prueba gratuita<\/a>\n\t    \t\n\t    \t\t      \t\t<a class=\"btn-outline\" href=\"https:\/\/www.qboxmail.com\/es\/contacta-con-nosotros\/\" target=\"_blank\">Contacta con nosotros<\/a>\n\t    \t\n\t\t\t\t\t<\/div>\n\n\t<\/div>\n<\/section>","protected":false},"excerpt":{"rendered":"<p>Comun\u00edcate de forma profesional y eleva el nivel de seguridad inform\u00e1tica gracias a los servicios que ofrece Qboxmail.<\/p>\n","protected":false},"author":10,"featured_media":0,"parent":0,"menu_order":0,"comment_status":"closed","ping_status":"closed","template":"","meta":{"_acf_changed":false,"inline_featured_image":false,"footnotes":""},"class_list":["post-11448","page","type-page","status-publish","hentry"],"acf":[],"yoast_head":"<!-- This site is optimized with the Yoast SEO plugin v27.3 - https:\/\/yoast.com\/product\/yoast-seo-wordpress\/ -->\n<title>La soluci\u00f3n completa de correo electr\u00f3nico para tu empresa - Qboxmail<\/title>\n<meta name=\"description\" content=\"Qboxmail mejora la comunicaci\u00f3n empresarial con alojamiento de correo electr\u00f3nico profesional, seguridad robusta y asistencia experta para mejorar la productividad.\" \/>\n<meta name=\"robots\" content=\"index, follow, max-snippet:-1, max-image-preview:large, max-video-preview:-1\" \/>\n<link rel=\"canonical\" href=\"https:\/\/www.qboxmail.com\/es\/para-empresa\/\" \/>\n<meta property=\"og:locale\" content=\"es_ES\" \/>\n<meta property=\"og:type\" content=\"article\" \/>\n<meta property=\"og:title\" content=\"La soluci\u00f3n completa de correo electr\u00f3nico para tu empresa - Qboxmail\" \/>\n<meta property=\"og:description\" content=\"Qboxmail mejora la comunicaci\u00f3n empresarial con alojamiento de correo electr\u00f3nico profesional, seguridad robusta y asistencia experta para mejorar la productividad.\" \/>\n<meta property=\"og:url\" content=\"https:\/\/www.qboxmail.com\/es\/para-empresa\/\" \/>\n<meta property=\"og:site_name\" content=\"Qboxmail\" \/>\n<meta property=\"article:publisher\" content=\"https:\/\/www.facebook.com\/qboxmail\" \/>\n<meta property=\"article:modified_time\" content=\"2025-11-04T09:34:18+00:00\" \/>\n<meta property=\"og:image\" content=\"https:\/\/www.qboxmail.com\/wp-content\/uploads\/2020\/08\/og_social.jpg\" \/>\n\t<meta property=\"og:image:width\" content=\"1200\" \/>\n\t<meta property=\"og:image:height\" content=\"630\" \/>\n\t<meta property=\"og:image:type\" content=\"image\/jpeg\" \/>\n<meta name=\"twitter:card\" content=\"summary_large_image\" \/>\n<meta name=\"twitter:site\" content=\"@qboxmail\" \/>\n<meta name=\"twitter:label1\" content=\"Tiempo de lectura\" \/>\n\t<meta name=\"twitter:data1\" content=\"5 minutos\" \/>\n<script type=\"application\/ld+json\" class=\"yoast-schema-graph\">{\"@context\":\"https:\\\/\\\/schema.org\",\"@graph\":[{\"@type\":\"WebPage\",\"@id\":\"https:\\\/\\\/www.qboxmail.com\\\/es\\\/para-empresa\\\/\",\"url\":\"https:\\\/\\\/www.qboxmail.com\\\/es\\\/para-empresa\\\/\",\"name\":\"La soluci\u00f3n completa de correo electr\u00f3nico para tu empresa - Qboxmail\",\"isPartOf\":{\"@id\":\"https:\\\/\\\/www.qboxmail.com\\\/es\\\/#website\"},\"datePublished\":\"2022-03-10T15:53:29+00:00\",\"dateModified\":\"2025-11-04T09:34:18+00:00\",\"description\":\"Qboxmail mejora la comunicaci\u00f3n empresarial con alojamiento de correo electr\u00f3nico profesional, seguridad robusta y asistencia experta para mejorar la productividad.\",\"breadcrumb\":{\"@id\":\"https:\\\/\\\/www.qboxmail.com\\\/es\\\/para-empresa\\\/#breadcrumb\"},\"inLanguage\":\"es\",\"potentialAction\":[{\"@type\":\"ReadAction\",\"target\":[\"https:\\\/\\\/www.qboxmail.com\\\/es\\\/para-empresa\\\/\"]}]},{\"@type\":\"BreadcrumbList\",\"@id\":\"https:\\\/\\\/www.qboxmail.com\\\/es\\\/para-empresa\\\/#breadcrumb\",\"itemListElement\":[{\"@type\":\"ListItem\",\"position\":1,\"name\":\"Home\",\"item\":\"https:\\\/\\\/www.qboxmail.com\\\/es\\\/\"},{\"@type\":\"ListItem\",\"position\":2,\"name\":\"La soluci\u00f3n completa de correo electr\u00f3nico para tu empresa\"}]},{\"@type\":\"WebSite\",\"@id\":\"https:\\\/\\\/www.qboxmail.com\\\/es\\\/#website\",\"url\":\"https:\\\/\\\/www.qboxmail.com\\\/es\\\/\",\"name\":\"Qboxmail\",\"description\":\"Semplifica la gestione delle email aziendali\",\"publisher\":{\"@id\":\"https:\\\/\\\/www.qboxmail.com\\\/es\\\/#organization\"},\"potentialAction\":[{\"@type\":\"SearchAction\",\"target\":{\"@type\":\"EntryPoint\",\"urlTemplate\":\"https:\\\/\\\/www.qboxmail.com\\\/es\\\/?s={search_term_string}\"},\"query-input\":{\"@type\":\"PropertyValueSpecification\",\"valueRequired\":true,\"valueName\":\"search_term_string\"}}],\"inLanguage\":\"es\"},{\"@type\":\"Organization\",\"@id\":\"https:\\\/\\\/www.qboxmail.com\\\/es\\\/#organization\",\"name\":\"Qboxmail Srl\",\"url\":\"https:\\\/\\\/www.qboxmail.com\\\/es\\\/\",\"logo\":{\"@type\":\"ImageObject\",\"inLanguage\":\"es\",\"@id\":\"https:\\\/\\\/www.qboxmail.com\\\/es\\\/#\\\/schema\\\/logo\\\/image\\\/\",\"url\":\"https:\\\/\\\/www.qboxmail.com\\\/wp-content\\\/uploads\\\/2020\\\/08\\\/logo_qboxmail.svg\",\"contentUrl\":\"https:\\\/\\\/www.qboxmail.com\\\/wp-content\\\/uploads\\\/2020\\\/08\\\/logo_qboxmail.svg\",\"width\":\"1024\",\"height\":\"1024\",\"caption\":\"Qboxmail Srl\"},\"image\":{\"@id\":\"https:\\\/\\\/www.qboxmail.com\\\/es\\\/#\\\/schema\\\/logo\\\/image\\\/\"},\"sameAs\":[\"https:\\\/\\\/www.facebook.com\\\/qboxmail\",\"https:\\\/\\\/x.com\\\/qboxmail\",\"https:\\\/\\\/www.linkedin.com\\\/company\\\/qboxmail\"]}]}<\/script>\n<!-- \/ Yoast SEO plugin. -->","yoast_head_json":{"title":"La soluci\u00f3n completa de correo electr\u00f3nico para tu empresa - Qboxmail","description":"Qboxmail mejora la comunicaci\u00f3n empresarial con alojamiento de correo electr\u00f3nico profesional, seguridad robusta y asistencia experta para mejorar la productividad.","robots":{"index":"index","follow":"follow","max-snippet":"max-snippet:-1","max-image-preview":"max-image-preview:large","max-video-preview":"max-video-preview:-1"},"canonical":"https:\/\/www.qboxmail.com\/es\/para-empresa\/","og_locale":"es_ES","og_type":"article","og_title":"La soluci\u00f3n completa de correo electr\u00f3nico para tu empresa - Qboxmail","og_description":"Qboxmail mejora la comunicaci\u00f3n empresarial con alojamiento de correo electr\u00f3nico profesional, seguridad robusta y asistencia experta para mejorar la productividad.","og_url":"https:\/\/www.qboxmail.com\/es\/para-empresa\/","og_site_name":"Qboxmail","article_publisher":"https:\/\/www.facebook.com\/qboxmail","article_modified_time":"2025-11-04T09:34:18+00:00","og_image":[{"width":1200,"height":630,"url":"https:\/\/www.qboxmail.com\/wp-content\/uploads\/2020\/08\/og_social.jpg","type":"image\/jpeg"}],"twitter_card":"summary_large_image","twitter_site":"@qboxmail","twitter_misc":{"Tiempo de lectura":"5 minutos"},"schema":{"@context":"https:\/\/schema.org","@graph":[{"@type":"WebPage","@id":"https:\/\/www.qboxmail.com\/es\/para-empresa\/","url":"https:\/\/www.qboxmail.com\/es\/para-empresa\/","name":"La soluci\u00f3n completa de correo electr\u00f3nico para tu empresa - Qboxmail","isPartOf":{"@id":"https:\/\/www.qboxmail.com\/es\/#website"},"datePublished":"2022-03-10T15:53:29+00:00","dateModified":"2025-11-04T09:34:18+00:00","description":"Qboxmail mejora la comunicaci\u00f3n empresarial con alojamiento de correo electr\u00f3nico profesional, seguridad robusta y asistencia experta para mejorar la productividad.","breadcrumb":{"@id":"https:\/\/www.qboxmail.com\/es\/para-empresa\/#breadcrumb"},"inLanguage":"es","potentialAction":[{"@type":"ReadAction","target":["https:\/\/www.qboxmail.com\/es\/para-empresa\/"]}]},{"@type":"BreadcrumbList","@id":"https:\/\/www.qboxmail.com\/es\/para-empresa\/#breadcrumb","itemListElement":[{"@type":"ListItem","position":1,"name":"Home","item":"https:\/\/www.qboxmail.com\/es\/"},{"@type":"ListItem","position":2,"name":"La soluci\u00f3n completa de correo electr\u00f3nico para tu empresa"}]},{"@type":"WebSite","@id":"https:\/\/www.qboxmail.com\/es\/#website","url":"https:\/\/www.qboxmail.com\/es\/","name":"Qboxmail","description":"Semplifica la gestione delle email aziendali","publisher":{"@id":"https:\/\/www.qboxmail.com\/es\/#organization"},"potentialAction":[{"@type":"SearchAction","target":{"@type":"EntryPoint","urlTemplate":"https:\/\/www.qboxmail.com\/es\/?s={search_term_string}"},"query-input":{"@type":"PropertyValueSpecification","valueRequired":true,"valueName":"search_term_string"}}],"inLanguage":"es"},{"@type":"Organization","@id":"https:\/\/www.qboxmail.com\/es\/#organization","name":"Qboxmail Srl","url":"https:\/\/www.qboxmail.com\/es\/","logo":{"@type":"ImageObject","inLanguage":"es","@id":"https:\/\/www.qboxmail.com\/es\/#\/schema\/logo\/image\/","url":"https:\/\/www.qboxmail.com\/wp-content\/uploads\/2020\/08\/logo_qboxmail.svg","contentUrl":"https:\/\/www.qboxmail.com\/wp-content\/uploads\/2020\/08\/logo_qboxmail.svg","width":"1024","height":"1024","caption":"Qboxmail Srl"},"image":{"@id":"https:\/\/www.qboxmail.com\/es\/#\/schema\/logo\/image\/"},"sameAs":["https:\/\/www.facebook.com\/qboxmail","https:\/\/x.com\/qboxmail","https:\/\/www.linkedin.com\/company\/qboxmail"]}]}},"_links":{"self":[{"href":"https:\/\/www.qboxmail.com\/es\/wp-json\/wp\/v2\/pages\/11448","targetHints":{"allow":["GET"]}}],"collection":[{"href":"https:\/\/www.qboxmail.com\/es\/wp-json\/wp\/v2\/pages"}],"about":[{"href":"https:\/\/www.qboxmail.com\/es\/wp-json\/wp\/v2\/types\/page"}],"author":[{"embeddable":true,"href":"https:\/\/www.qboxmail.com\/es\/wp-json\/wp\/v2\/users\/10"}],"replies":[{"embeddable":true,"href":"https:\/\/www.qboxmail.com\/es\/wp-json\/wp\/v2\/comments?post=11448"}],"version-history":[{"count":6,"href":"https:\/\/www.qboxmail.com\/es\/wp-json\/wp\/v2\/pages\/11448\/revisions"}],"predecessor-version":[{"id":13705,"href":"https:\/\/www.qboxmail.com\/es\/wp-json\/wp\/v2\/pages\/11448\/revisions\/13705"}],"wp:attachment":[{"href":"https:\/\/www.qboxmail.com\/es\/wp-json\/wp\/v2\/media?parent=11448"}],"curies":[{"name":"wp","href":"https:\/\/api.w.org\/{rel}","templated":true}]}}