{"id":11378,"date":"2020-12-18T11:15:03","date_gmt":"2020-12-18T10:15:03","guid":{"rendered":"https:\/\/www.qboxmail.com\/caja-de-herramientas\/vista-previa-de-la-firma\/"},"modified":"2025-06-30T09:38:07","modified_gmt":"2025-06-30T07:38:07","slug":"vista-previa-de-la-firma","status":"publish","type":"page","link":"https:\/\/www.qboxmail.com\/es\/caja-de-herramientas\/vista-previa-de-la-firma\/","title":{"rendered":"Vista previa de la firma"},"content":{"rendered":"\n<section class=\"block-section block-cta block-bg--gradient-end \">\n\n<div class=\"block-content\">\n\n\t\t<div class=\"block-features-evidence__content\">\n\t\t\t\t\t\t\t<h2 class=\"cta-title\">Qboxmail es una soluci\u00f3n completa y profesional para que usted gestione el correo electr\u00f3nico de su empresa o para revenderlo.<\/h2>\n\t\t\t\n\t\t\t <h3>Mucho m\u00e1s que un editor de firmas HTML.<\/h3>\n\t\t<\/div>\n\n\t\t<div class=\"block-features-evidence__wrap-card\">\n\t\t\t\t\t\t\t\t\t\t\t\t\n\t\t\t\t\t<a class=\"block-features-evidence__card \" >      \t\t\n\t\t\t\t\t\t<figure class=\"block-features-evidence__card-icon\">\n\t\t            \t\t<img decoding=\"async\" src=\"https:\/\/www.qboxmail.com\/wp-content\/uploads\/2025\/06\/icon_price.svg\" alt=\"\"\/>\n\t\t         \t \t<\/figure>\n\t\t\t\t\t\t\t\t\n\t\t         \t\t<h2 class=\"block-features-evidence__card-title\"><\/h2>\n\t\t          \t\t<p class=\"block-features-evidence__card-text\"><strong>Pague solo por lo que utilice<\/strong> \u2013 sin cargos ocultos ni sorpresas<\/p>    \n\t\t        \t<\/a>\n\t        \t\t\t\t\t\t\n\t\t\t\t\t<a class=\"block-features-evidence__card \" >      \t\t\n\t\t\t\t\t\t<figure class=\"block-features-evidence__card-icon\">\n\t\t            \t\t<img decoding=\"async\" src=\"https:\/\/www.qboxmail.com\/wp-content\/uploads\/2025\/06\/icon_sync_trial.svg\" alt=\"\"\/>\n\t\t         \t \t<\/figure>\n\t\t\t\t\t\t\t\t\n\t\t         \t\t<h2 class=\"block-features-evidence__card-title\"><\/h2>\n\t\t          \t\t<p class=\"block-features-evidence__card-text\"><strong>Servicio de correo electr\u00f3nico todo en uno<\/strong> con seguridad integrada, copias de seguridad y contactos y calendarios compartidos<\/p>    \n\t\t        \t<\/a>\n\t        \t\t\t\t\t\t\n\t\t\t\t\t<a class=\"block-features-evidence__card \" >      \t\t\n\t\t\t\t\t\t<figure class=\"block-features-evidence__card-icon\">\n\t\t            \t\t<img decoding=\"async\" src=\"https:\/\/www.qboxmail.com\/wp-content\/uploads\/2022\/03\/icon_white_label_4.svg\" alt=\"icon whitelabel\"\/>\n\t\t         \t \t<\/figure>\n\t\t\t\t\t\t\t\t\n\t\t         \t\t<h2 class=\"block-features-evidence__card-title\"><\/h2>\n\t\t          \t\t<p class=\"block-features-evidence__card-text\">Opciones de <strong>White Label<\/strong> para mantener su marca en primer plano<\/p>    \n\t\t        \t<\/a>\n\t        \t\t\t\t\t\t\n\t\t\t\t\t<a class=\"block-features-evidence__card \" >      \t\t\n\t\t\t\t\t\t<figure class=\"block-features-evidence__card-icon\">\n\t\t            \t\t<img decoding=\"async\" src=\"https:\/\/www.qboxmail.com\/wp-content\/uploads\/2025\/06\/icon_30_days_trial.svg\" alt=\"\"\/>\n\t\t         \t \t<\/figure>\n\t\t\t\t\t\t\t\t\n\t\t         \t\t<h2 class=\"block-features-evidence__card-title\"><\/h2>\n\t\t          \t\t<p class=\"block-features-evidence__card-text\">Disfrute de una <strong>prueba de 30 d\u00edas<\/strong> sin compromiso y sin riesgos.<\/p>    \n\t\t        \t<\/a>\n\t        \t\t      \t\t\t<\/div>\n\n\t<\/div>\n\t<div class=\"block-content\">\n\n\t\t\n\t\t<div class=\"block-cta__wrap-btn\">\n\t\t\t\t      \t\t<a class=\"btn-accent\" href=\"https:\/\/www.qboxmail.com\/es\/prueba-gratis\/\">Prueba gratis<\/a>\n\t    \t\n\t    \t\t      \t\t<a class=\"btn-outline\" href=\"https:\/\/www.qboxmail.com\/es\/contacta-con-nosotros\/\" target=\"_blank\">Contacta con nosotros<\/a>\n\t    \t\n\t\t\t\t\t<\/div>\n\n\t<\/div>\n<\/section>","protected":false},"excerpt":{"rendered":"<p>Crea y previsualiza tus firmas HTML para promocionar tu empresa con cada correo electr\u00f3nico enviado.<\/p>\n","protected":false},"author":5,"featured_media":0,"parent":11368,"menu_order":0,"comment_status":"closed","ping_status":"closed","template":"page-templates\/page-signature-preview.php","meta":{"_acf_changed":false,"inline_featured_image":false,"footnotes":""},"class_list":["post-11378","page","type-page","status-publish","hentry"],"acf":[],"yoast_head":"<!-- This site is optimized with the Yoast SEO plugin v27.3 - https:\/\/yoast.com\/product\/yoast-seo-wordpress\/ -->\n<title>Verifica y previsualiza la firma HTML de los correos electr\u00f3nicos - Qboxmail<\/title>\n<meta name=\"description\" content=\"Crea incre\u00edbles firmas HTML para que tu equipo promocione tu empresa con cada correo electr\u00f3nico enviado. Echa un vistazo al c\u00f3digo HTML.\" \/>\n<meta name=\"robots\" content=\"index, follow, max-snippet:-1, max-image-preview:large, max-video-preview:-1\" \/>\n<link rel=\"canonical\" href=\"https:\/\/www.qboxmail.com\/es\/caja-de-herramientas\/vista-previa-de-la-firma\/\" \/>\n<meta property=\"og:locale\" content=\"es_ES\" \/>\n<meta property=\"og:type\" content=\"article\" \/>\n<meta property=\"og:title\" content=\"Verifica y previsualiza la firma HTML de los correos electr\u00f3nicos - Qboxmail\" \/>\n<meta property=\"og:description\" content=\"Crea incre\u00edbles firmas HTML para que tu equipo promocione tu empresa con cada correo electr\u00f3nico enviado. Echa un vistazo al c\u00f3digo HTML.\" \/>\n<meta property=\"og:url\" content=\"https:\/\/www.qboxmail.com\/es\/caja-de-herramientas\/vista-previa-de-la-firma\/\" \/>\n<meta property=\"og:site_name\" content=\"Qboxmail\" \/>\n<meta property=\"article:publisher\" content=\"https:\/\/www.facebook.com\/qboxmail\" \/>\n<meta property=\"article:modified_time\" content=\"2025-06-30T07:38:07+00:00\" \/>\n<meta property=\"og:image\" content=\"https:\/\/www.qboxmail.com\/wp-content\/uploads\/2020\/08\/og_social.jpg\" \/>\n\t<meta property=\"og:image:width\" content=\"1200\" \/>\n\t<meta property=\"og:image:height\" content=\"630\" \/>\n\t<meta property=\"og:image:type\" content=\"image\/jpeg\" \/>\n<meta name=\"twitter:card\" content=\"summary_large_image\" \/>\n<meta name=\"twitter:site\" content=\"@qboxmail\" \/>\n<meta name=\"twitter:label1\" content=\"Tiempo de lectura\" \/>\n\t<meta name=\"twitter:data1\" content=\"2 minutos\" \/>\n<script type=\"application\/ld+json\" class=\"yoast-schema-graph\">{\"@context\":\"https:\\\/\\\/schema.org\",\"@graph\":[{\"@type\":\"WebPage\",\"@id\":\"https:\\\/\\\/www.qboxmail.com\\\/es\\\/caja-de-herramientas\\\/vista-previa-de-la-firma\\\/\",\"url\":\"https:\\\/\\\/www.qboxmail.com\\\/es\\\/caja-de-herramientas\\\/vista-previa-de-la-firma\\\/\",\"name\":\"Verifica y previsualiza la firma HTML de los correos electr\u00f3nicos - Qboxmail\",\"isPartOf\":{\"@id\":\"https:\\\/\\\/www.qboxmail.com\\\/es\\\/#website\"},\"datePublished\":\"2020-12-18T10:15:03+00:00\",\"dateModified\":\"2025-06-30T07:38:07+00:00\",\"description\":\"Crea incre\u00edbles firmas HTML para que tu equipo promocione tu empresa con cada correo electr\u00f3nico enviado. Echa un vistazo al c\u00f3digo HTML.\",\"breadcrumb\":{\"@id\":\"https:\\\/\\\/www.qboxmail.com\\\/es\\\/caja-de-herramientas\\\/vista-previa-de-la-firma\\\/#breadcrumb\"},\"inLanguage\":\"es\",\"potentialAction\":[{\"@type\":\"ReadAction\",\"target\":[\"https:\\\/\\\/www.qboxmail.com\\\/es\\\/caja-de-herramientas\\\/vista-previa-de-la-firma\\\/\"]}]},{\"@type\":\"BreadcrumbList\",\"@id\":\"https:\\\/\\\/www.qboxmail.com\\\/es\\\/caja-de-herramientas\\\/vista-previa-de-la-firma\\\/#breadcrumb\",\"itemListElement\":[{\"@type\":\"ListItem\",\"position\":1,\"name\":\"Home\",\"item\":\"https:\\\/\\\/www.qboxmail.com\\\/es\\\/\"},{\"@type\":\"ListItem\",\"position\":2,\"name\":\"Caja de herramientas\",\"item\":\"https:\\\/\\\/www.qboxmail.com\\\/es\\\/caja-de-herramientas\\\/\"},{\"@type\":\"ListItem\",\"position\":3,\"name\":\"Vista previa de la firma\"}]},{\"@type\":\"WebSite\",\"@id\":\"https:\\\/\\\/www.qboxmail.com\\\/es\\\/#website\",\"url\":\"https:\\\/\\\/www.qboxmail.com\\\/es\\\/\",\"name\":\"Qboxmail\",\"description\":\"Semplifica la gestione delle email aziendali\",\"publisher\":{\"@id\":\"https:\\\/\\\/www.qboxmail.com\\\/es\\\/#organization\"},\"potentialAction\":[{\"@type\":\"SearchAction\",\"target\":{\"@type\":\"EntryPoint\",\"urlTemplate\":\"https:\\\/\\\/www.qboxmail.com\\\/es\\\/?s={search_term_string}\"},\"query-input\":{\"@type\":\"PropertyValueSpecification\",\"valueRequired\":true,\"valueName\":\"search_term_string\"}}],\"inLanguage\":\"es\"},{\"@type\":\"Organization\",\"@id\":\"https:\\\/\\\/www.qboxmail.com\\\/es\\\/#organization\",\"name\":\"Qboxmail Srl\",\"url\":\"https:\\\/\\\/www.qboxmail.com\\\/es\\\/\",\"logo\":{\"@type\":\"ImageObject\",\"inLanguage\":\"es\",\"@id\":\"https:\\\/\\\/www.qboxmail.com\\\/es\\\/#\\\/schema\\\/logo\\\/image\\\/\",\"url\":\"https:\\\/\\\/www.qboxmail.com\\\/wp-content\\\/uploads\\\/2020\\\/08\\\/logo_qboxmail.svg\",\"contentUrl\":\"https:\\\/\\\/www.qboxmail.com\\\/wp-content\\\/uploads\\\/2020\\\/08\\\/logo_qboxmail.svg\",\"width\":\"1024\",\"height\":\"1024\",\"caption\":\"Qboxmail Srl\"},\"image\":{\"@id\":\"https:\\\/\\\/www.qboxmail.com\\\/es\\\/#\\\/schema\\\/logo\\\/image\\\/\"},\"sameAs\":[\"https:\\\/\\\/www.facebook.com\\\/qboxmail\",\"https:\\\/\\\/x.com\\\/qboxmail\",\"https:\\\/\\\/www.linkedin.com\\\/company\\\/qboxmail\"]}]}<\/script>\n<!-- \/ Yoast SEO plugin. -->","yoast_head_json":{"title":"Verifica y previsualiza la firma HTML de los correos electr\u00f3nicos - Qboxmail","description":"Crea incre\u00edbles firmas HTML para que tu equipo promocione tu empresa con cada correo electr\u00f3nico enviado. Echa un vistazo al c\u00f3digo HTML.","robots":{"index":"index","follow":"follow","max-snippet":"max-snippet:-1","max-image-preview":"max-image-preview:large","max-video-preview":"max-video-preview:-1"},"canonical":"https:\/\/www.qboxmail.com\/es\/caja-de-herramientas\/vista-previa-de-la-firma\/","og_locale":"es_ES","og_type":"article","og_title":"Verifica y previsualiza la firma HTML de los correos electr\u00f3nicos - Qboxmail","og_description":"Crea incre\u00edbles firmas HTML para que tu equipo promocione tu empresa con cada correo electr\u00f3nico enviado. Echa un vistazo al c\u00f3digo HTML.","og_url":"https:\/\/www.qboxmail.com\/es\/caja-de-herramientas\/vista-previa-de-la-firma\/","og_site_name":"Qboxmail","article_publisher":"https:\/\/www.facebook.com\/qboxmail","article_modified_time":"2025-06-30T07:38:07+00:00","og_image":[{"width":1200,"height":630,"url":"https:\/\/www.qboxmail.com\/wp-content\/uploads\/2020\/08\/og_social.jpg","type":"image\/jpeg"}],"twitter_card":"summary_large_image","twitter_site":"@qboxmail","twitter_misc":{"Tiempo de lectura":"2 minutos"},"schema":{"@context":"https:\/\/schema.org","@graph":[{"@type":"WebPage","@id":"https:\/\/www.qboxmail.com\/es\/caja-de-herramientas\/vista-previa-de-la-firma\/","url":"https:\/\/www.qboxmail.com\/es\/caja-de-herramientas\/vista-previa-de-la-firma\/","name":"Verifica y previsualiza la firma HTML de los correos electr\u00f3nicos - Qboxmail","isPartOf":{"@id":"https:\/\/www.qboxmail.com\/es\/#website"},"datePublished":"2020-12-18T10:15:03+00:00","dateModified":"2025-06-30T07:38:07+00:00","description":"Crea incre\u00edbles firmas HTML para que tu equipo promocione tu empresa con cada correo electr\u00f3nico enviado. Echa un vistazo al c\u00f3digo HTML.","breadcrumb":{"@id":"https:\/\/www.qboxmail.com\/es\/caja-de-herramientas\/vista-previa-de-la-firma\/#breadcrumb"},"inLanguage":"es","potentialAction":[{"@type":"ReadAction","target":["https:\/\/www.qboxmail.com\/es\/caja-de-herramientas\/vista-previa-de-la-firma\/"]}]},{"@type":"BreadcrumbList","@id":"https:\/\/www.qboxmail.com\/es\/caja-de-herramientas\/vista-previa-de-la-firma\/#breadcrumb","itemListElement":[{"@type":"ListItem","position":1,"name":"Home","item":"https:\/\/www.qboxmail.com\/es\/"},{"@type":"ListItem","position":2,"name":"Caja de herramientas","item":"https:\/\/www.qboxmail.com\/es\/caja-de-herramientas\/"},{"@type":"ListItem","position":3,"name":"Vista previa de la firma"}]},{"@type":"WebSite","@id":"https:\/\/www.qboxmail.com\/es\/#website","url":"https:\/\/www.qboxmail.com\/es\/","name":"Qboxmail","description":"Semplifica la gestione delle email aziendali","publisher":{"@id":"https:\/\/www.qboxmail.com\/es\/#organization"},"potentialAction":[{"@type":"SearchAction","target":{"@type":"EntryPoint","urlTemplate":"https:\/\/www.qboxmail.com\/es\/?s={search_term_string}"},"query-input":{"@type":"PropertyValueSpecification","valueRequired":true,"valueName":"search_term_string"}}],"inLanguage":"es"},{"@type":"Organization","@id":"https:\/\/www.qboxmail.com\/es\/#organization","name":"Qboxmail Srl","url":"https:\/\/www.qboxmail.com\/es\/","logo":{"@type":"ImageObject","inLanguage":"es","@id":"https:\/\/www.qboxmail.com\/es\/#\/schema\/logo\/image\/","url":"https:\/\/www.qboxmail.com\/wp-content\/uploads\/2020\/08\/logo_qboxmail.svg","contentUrl":"https:\/\/www.qboxmail.com\/wp-content\/uploads\/2020\/08\/logo_qboxmail.svg","width":"1024","height":"1024","caption":"Qboxmail Srl"},"image":{"@id":"https:\/\/www.qboxmail.com\/es\/#\/schema\/logo\/image\/"},"sameAs":["https:\/\/www.facebook.com\/qboxmail","https:\/\/x.com\/qboxmail","https:\/\/www.linkedin.com\/company\/qboxmail"]}]}},"_links":{"self":[{"href":"https:\/\/www.qboxmail.com\/es\/wp-json\/wp\/v2\/pages\/11378","targetHints":{"allow":["GET"]}}],"collection":[{"href":"https:\/\/www.qboxmail.com\/es\/wp-json\/wp\/v2\/pages"}],"about":[{"href":"https:\/\/www.qboxmail.com\/es\/wp-json\/wp\/v2\/types\/page"}],"author":[{"embeddable":true,"href":"https:\/\/www.qboxmail.com\/es\/wp-json\/wp\/v2\/users\/5"}],"replies":[{"embeddable":true,"href":"https:\/\/www.qboxmail.com\/es\/wp-json\/wp\/v2\/comments?post=11378"}],"version-history":[{"count":4,"href":"https:\/\/www.qboxmail.com\/es\/wp-json\/wp\/v2\/pages\/11378\/revisions"}],"predecessor-version":[{"id":12534,"href":"https:\/\/www.qboxmail.com\/es\/wp-json\/wp\/v2\/pages\/11378\/revisions\/12534"}],"up":[{"embeddable":true,"href":"https:\/\/www.qboxmail.com\/es\/wp-json\/wp\/v2\/pages\/11368"}],"wp:attachment":[{"href":"https:\/\/www.qboxmail.com\/es\/wp-json\/wp\/v2\/media?parent=11378"}],"curies":[{"name":"wp","href":"https:\/\/api.w.org\/{rel}","templated":true}]}}