{"id":11369,"date":"2020-12-17T11:13:43","date_gmt":"2020-12-17T10:13:43","guid":{"rendered":"https:\/\/www.qboxmail.com\/caja-de-herramientas\/verifica-la-lista-negra\/"},"modified":"2020-12-17T11:13:43","modified_gmt":"2020-12-17T10:13:43","slug":"verifica-la-lista-negra","status":"publish","type":"page","link":"https:\/\/www.qboxmail.com\/es\/caja-de-herramientas\/verifica-la-lista-negra\/","title":{"rendered":"Verifica la lista negra"},"content":{"rendered":"","protected":false},"excerpt":{"rendered":"<p>Comprueba si la direcci\u00f3n IP de tu servidor de correo est\u00e1 en una lista negra utilizada por Qboxmail.<\/p>\n","protected":false},"author":5,"featured_media":0,"parent":11368,"menu_order":0,"comment_status":"closed","ping_status":"closed","template":"page-templates\/page-ip-verify.php","meta":{"_acf_changed":false,"inline_featured_image":false,"footnotes":""},"class_list":["post-11369","page","type-page","status-publish","hentry"],"acf":[],"yoast_head":"<!-- This site is optimized with the Yoast SEO plugin v27.3 - https:\/\/yoast.com\/product\/yoast-seo-wordpress\/ -->\n<title>Comprueba si la IP de tu servidor de correo est\u00e1 en la lista negra- Qboxmail<\/title>\n<meta name=\"description\" content=\"Si tienes problemas para recibir o enviar correos electr\u00f3nicos comprueba si la direcci\u00f3n IP de tu servidor de correo SMTP est\u00e1 en una lista negra utilizada por Qboxmail.\" \/>\n<meta name=\"robots\" content=\"index, follow, max-snippet:-1, max-image-preview:large, max-video-preview:-1\" \/>\n<link rel=\"canonical\" href=\"https:\/\/www.qboxmail.com\/es\/caja-de-herramientas\/verifica-la-lista-negra\/\" \/>\n<meta property=\"og:locale\" content=\"es_ES\" \/>\n<meta property=\"og:type\" content=\"article\" \/>\n<meta property=\"og:title\" content=\"Comprueba si la IP de tu servidor de correo est\u00e1 en la lista negra- Qboxmail\" \/>\n<meta property=\"og:description\" content=\"Si tienes problemas para recibir o enviar correos electr\u00f3nicos comprueba si la direcci\u00f3n IP de tu servidor de correo SMTP est\u00e1 en una lista negra utilizada por Qboxmail.\" \/>\n<meta property=\"og:url\" content=\"https:\/\/www.qboxmail.com\/es\/caja-de-herramientas\/verifica-la-lista-negra\/\" \/>\n<meta property=\"og:site_name\" content=\"Qboxmail\" \/>\n<meta property=\"article:publisher\" content=\"https:\/\/www.facebook.com\/qboxmail\" \/>\n<meta property=\"og:image\" content=\"https:\/\/www.qboxmail.com\/wp-content\/uploads\/2020\/08\/og_social.jpg\" \/>\n\t<meta property=\"og:image:width\" content=\"1200\" \/>\n\t<meta property=\"og:image:height\" content=\"630\" \/>\n\t<meta property=\"og:image:type\" content=\"image\/jpeg\" \/>\n<meta name=\"twitter:card\" content=\"summary_large_image\" \/>\n<meta name=\"twitter:site\" content=\"@qboxmail\" \/>\n<script type=\"application\/ld+json\" class=\"yoast-schema-graph\">{\"@context\":\"https:\\\/\\\/schema.org\",\"@graph\":[{\"@type\":\"WebPage\",\"@id\":\"https:\\\/\\\/www.qboxmail.com\\\/es\\\/caja-de-herramientas\\\/verifica-la-lista-negra\\\/\",\"url\":\"https:\\\/\\\/www.qboxmail.com\\\/es\\\/caja-de-herramientas\\\/verifica-la-lista-negra\\\/\",\"name\":\"Comprueba si la IP de tu servidor de correo est\u00e1 en la lista negra- Qboxmail\",\"isPartOf\":{\"@id\":\"https:\\\/\\\/www.qboxmail.com\\\/es\\\/#website\"},\"datePublished\":\"2020-12-17T10:13:43+00:00\",\"description\":\"Si tienes problemas para recibir o enviar correos electr\u00f3nicos comprueba si la direcci\u00f3n IP de tu servidor de correo SMTP est\u00e1 en una lista negra utilizada por Qboxmail.\",\"breadcrumb\":{\"@id\":\"https:\\\/\\\/www.qboxmail.com\\\/es\\\/caja-de-herramientas\\\/verifica-la-lista-negra\\\/#breadcrumb\"},\"inLanguage\":\"es\",\"potentialAction\":[{\"@type\":\"ReadAction\",\"target\":[\"https:\\\/\\\/www.qboxmail.com\\\/es\\\/caja-de-herramientas\\\/verifica-la-lista-negra\\\/\"]}]},{\"@type\":\"BreadcrumbList\",\"@id\":\"https:\\\/\\\/www.qboxmail.com\\\/es\\\/caja-de-herramientas\\\/verifica-la-lista-negra\\\/#breadcrumb\",\"itemListElement\":[{\"@type\":\"ListItem\",\"position\":1,\"name\":\"Home\",\"item\":\"https:\\\/\\\/www.qboxmail.com\\\/es\\\/\"},{\"@type\":\"ListItem\",\"position\":2,\"name\":\"Caja de herramientas\",\"item\":\"https:\\\/\\\/www.qboxmail.com\\\/es\\\/caja-de-herramientas\\\/\"},{\"@type\":\"ListItem\",\"position\":3,\"name\":\"Verifica la lista negra\"}]},{\"@type\":\"WebSite\",\"@id\":\"https:\\\/\\\/www.qboxmail.com\\\/es\\\/#website\",\"url\":\"https:\\\/\\\/www.qboxmail.com\\\/es\\\/\",\"name\":\"Qboxmail\",\"description\":\"Semplifica la gestione delle email aziendali\",\"publisher\":{\"@id\":\"https:\\\/\\\/www.qboxmail.com\\\/es\\\/#organization\"},\"potentialAction\":[{\"@type\":\"SearchAction\",\"target\":{\"@type\":\"EntryPoint\",\"urlTemplate\":\"https:\\\/\\\/www.qboxmail.com\\\/es\\\/?s={search_term_string}\"},\"query-input\":{\"@type\":\"PropertyValueSpecification\",\"valueRequired\":true,\"valueName\":\"search_term_string\"}}],\"inLanguage\":\"es\"},{\"@type\":\"Organization\",\"@id\":\"https:\\\/\\\/www.qboxmail.com\\\/es\\\/#organization\",\"name\":\"Qboxmail Srl\",\"url\":\"https:\\\/\\\/www.qboxmail.com\\\/es\\\/\",\"logo\":{\"@type\":\"ImageObject\",\"inLanguage\":\"es\",\"@id\":\"https:\\\/\\\/www.qboxmail.com\\\/es\\\/#\\\/schema\\\/logo\\\/image\\\/\",\"url\":\"https:\\\/\\\/www.qboxmail.com\\\/wp-content\\\/uploads\\\/2020\\\/08\\\/logo_qboxmail.svg\",\"contentUrl\":\"https:\\\/\\\/www.qboxmail.com\\\/wp-content\\\/uploads\\\/2020\\\/08\\\/logo_qboxmail.svg\",\"width\":\"1024\",\"height\":\"1024\",\"caption\":\"Qboxmail Srl\"},\"image\":{\"@id\":\"https:\\\/\\\/www.qboxmail.com\\\/es\\\/#\\\/schema\\\/logo\\\/image\\\/\"},\"sameAs\":[\"https:\\\/\\\/www.facebook.com\\\/qboxmail\",\"https:\\\/\\\/x.com\\\/qboxmail\",\"https:\\\/\\\/www.linkedin.com\\\/company\\\/qboxmail\"]}]}<\/script>\n<!-- \/ Yoast SEO plugin. -->","yoast_head_json":{"title":"Comprueba si la IP de tu servidor de correo est\u00e1 en la lista negra- Qboxmail","description":"Si tienes problemas para recibir o enviar correos electr\u00f3nicos comprueba si la direcci\u00f3n IP de tu servidor de correo SMTP est\u00e1 en una lista negra utilizada por Qboxmail.","robots":{"index":"index","follow":"follow","max-snippet":"max-snippet:-1","max-image-preview":"max-image-preview:large","max-video-preview":"max-video-preview:-1"},"canonical":"https:\/\/www.qboxmail.com\/es\/caja-de-herramientas\/verifica-la-lista-negra\/","og_locale":"es_ES","og_type":"article","og_title":"Comprueba si la IP de tu servidor de correo est\u00e1 en la lista negra- Qboxmail","og_description":"Si tienes problemas para recibir o enviar correos electr\u00f3nicos comprueba si la direcci\u00f3n IP de tu servidor de correo SMTP est\u00e1 en una lista negra utilizada por Qboxmail.","og_url":"https:\/\/www.qboxmail.com\/es\/caja-de-herramientas\/verifica-la-lista-negra\/","og_site_name":"Qboxmail","article_publisher":"https:\/\/www.facebook.com\/qboxmail","og_image":[{"width":1200,"height":630,"url":"https:\/\/www.qboxmail.com\/wp-content\/uploads\/2020\/08\/og_social.jpg","type":"image\/jpeg"}],"twitter_card":"summary_large_image","twitter_site":"@qboxmail","schema":{"@context":"https:\/\/schema.org","@graph":[{"@type":"WebPage","@id":"https:\/\/www.qboxmail.com\/es\/caja-de-herramientas\/verifica-la-lista-negra\/","url":"https:\/\/www.qboxmail.com\/es\/caja-de-herramientas\/verifica-la-lista-negra\/","name":"Comprueba si la IP de tu servidor de correo est\u00e1 en la lista negra- Qboxmail","isPartOf":{"@id":"https:\/\/www.qboxmail.com\/es\/#website"},"datePublished":"2020-12-17T10:13:43+00:00","description":"Si tienes problemas para recibir o enviar correos electr\u00f3nicos comprueba si la direcci\u00f3n IP de tu servidor de correo SMTP est\u00e1 en una lista negra utilizada por Qboxmail.","breadcrumb":{"@id":"https:\/\/www.qboxmail.com\/es\/caja-de-herramientas\/verifica-la-lista-negra\/#breadcrumb"},"inLanguage":"es","potentialAction":[{"@type":"ReadAction","target":["https:\/\/www.qboxmail.com\/es\/caja-de-herramientas\/verifica-la-lista-negra\/"]}]},{"@type":"BreadcrumbList","@id":"https:\/\/www.qboxmail.com\/es\/caja-de-herramientas\/verifica-la-lista-negra\/#breadcrumb","itemListElement":[{"@type":"ListItem","position":1,"name":"Home","item":"https:\/\/www.qboxmail.com\/es\/"},{"@type":"ListItem","position":2,"name":"Caja de herramientas","item":"https:\/\/www.qboxmail.com\/es\/caja-de-herramientas\/"},{"@type":"ListItem","position":3,"name":"Verifica la lista negra"}]},{"@type":"WebSite","@id":"https:\/\/www.qboxmail.com\/es\/#website","url":"https:\/\/www.qboxmail.com\/es\/","name":"Qboxmail","description":"Semplifica la gestione delle email aziendali","publisher":{"@id":"https:\/\/www.qboxmail.com\/es\/#organization"},"potentialAction":[{"@type":"SearchAction","target":{"@type":"EntryPoint","urlTemplate":"https:\/\/www.qboxmail.com\/es\/?s={search_term_string}"},"query-input":{"@type":"PropertyValueSpecification","valueRequired":true,"valueName":"search_term_string"}}],"inLanguage":"es"},{"@type":"Organization","@id":"https:\/\/www.qboxmail.com\/es\/#organization","name":"Qboxmail Srl","url":"https:\/\/www.qboxmail.com\/es\/","logo":{"@type":"ImageObject","inLanguage":"es","@id":"https:\/\/www.qboxmail.com\/es\/#\/schema\/logo\/image\/","url":"https:\/\/www.qboxmail.com\/wp-content\/uploads\/2020\/08\/logo_qboxmail.svg","contentUrl":"https:\/\/www.qboxmail.com\/wp-content\/uploads\/2020\/08\/logo_qboxmail.svg","width":"1024","height":"1024","caption":"Qboxmail Srl"},"image":{"@id":"https:\/\/www.qboxmail.com\/es\/#\/schema\/logo\/image\/"},"sameAs":["https:\/\/www.facebook.com\/qboxmail","https:\/\/x.com\/qboxmail","https:\/\/www.linkedin.com\/company\/qboxmail"]}]}},"_links":{"self":[{"href":"https:\/\/www.qboxmail.com\/es\/wp-json\/wp\/v2\/pages\/11369","targetHints":{"allow":["GET"]}}],"collection":[{"href":"https:\/\/www.qboxmail.com\/es\/wp-json\/wp\/v2\/pages"}],"about":[{"href":"https:\/\/www.qboxmail.com\/es\/wp-json\/wp\/v2\/types\/page"}],"author":[{"embeddable":true,"href":"https:\/\/www.qboxmail.com\/es\/wp-json\/wp\/v2\/users\/5"}],"replies":[{"embeddable":true,"href":"https:\/\/www.qboxmail.com\/es\/wp-json\/wp\/v2\/comments?post=11369"}],"version-history":[{"count":0,"href":"https:\/\/www.qboxmail.com\/es\/wp-json\/wp\/v2\/pages\/11369\/revisions"}],"up":[{"embeddable":true,"href":"https:\/\/www.qboxmail.com\/es\/wp-json\/wp\/v2\/pages\/11368"}],"wp:attachment":[{"href":"https:\/\/www.qboxmail.com\/es\/wp-json\/wp\/v2\/media?parent=11369"}],"curies":[{"name":"wp","href":"https:\/\/api.w.org\/{rel}","templated":true}]}}