{"id":15060,"date":"2026-04-24T17:57:18","date_gmt":"2026-04-24T15:57:18","guid":{"rendered":"https:\/\/www.qboxmail.com\/?page_id=15060"},"modified":"2026-04-24T17:57:18","modified_gmt":"2026-04-24T15:57:18","slug":"europaischer-e-mail-anbieter","status":"publish","type":"page","link":"https:\/\/www.qboxmail.com\/de\/europaischer-e-mail-anbieter\/","title":{"rendered":"Europ\u00e4ischer E-Mail-Anbieter f\u00fcr digitale Souver\u00e4nit\u00e4t"},"content":{"rendered":"\n<section class=\"block-section block-bg--gradient-start \" id=\"\">\n\t<div class=\"block-content\">\n\n\t\t<div class=\"block-features-list__content\">\n\t\t\t\n\t\t\t\t\n\t\t\t<div class=\"block-features-list__wrap-card\">\n\t\t\t\t \t\t        \t\t\t        <a class=\"block-features-list__card\" href=\"\">\n\t\t\t\t        <h3 class=\"card-title\">Europ\u00e4ischer E-Mail-Anbieter<\/h3>\n\t\t\t\t        <p class=\"card-text\">Qboxmail entwickelt und betreibt seine Dienste in Italien auf Rechenzentren in Europa.<\/p>    \n\t\t\t        <\/a>\n\t\t\t   \t  \t\t\t        <a class=\"block-features-list__card\" href=\"\">\n\t\t\t\t        <h3 class=\"card-title\">Mehr als 10 Jahre Erfahrung<\/h3>\n\t\t\t\t        <p class=\"card-text\">Seit \u00fcber 10 Jahren unterst\u00fctzen wir Unternehmen und Reseller bei der Verwaltung professioneller E-Mail-Dienste.<\/p>    \n\t\t\t        <\/a>\n\t\t\t   \t  \t\t\t        <a class=\"block-features-list__card\" href=\"\">\n\t\t\t\t        <h3 class=\"card-title\">Souver\u00e4nit\u00e4t, Kontinuit\u00e4t und Compliance<\/h3>\n\t\t\t\t        <p class=\"card-text\">Eine L\u00f6sung, die entwickelt wurde, um Datensouver\u00e4nit\u00e4t, Betriebskontinuit\u00e4t und die Einhaltung europ\u00e4ischer Vorschriften sicherzustellen.<\/p>    \n\t\t\t        <\/a>\n\t\t\t   \t  \t\t      \t\t\t<\/div>\n\t\t\t\n\t\t<\/div>\n\t\t<div class=\"block-list-wrap-btn\">\n\t\t\t\t\t<\/div>\n\t<\/div>\n<\/section>\n\n\n<section class=\"block-section block-text-box block-bg--gradient-end\">\n\t<div class=\"block-content \">\n\n\t\t<div class=\"block-text-box__content\">\n\t\t\t\t\t\t\t<h2 class=\"block-title\">Technologische Abh\u00e4ngigkeit und Datenkontrolle<\/h2>\n\t\t\t\n\t\t\t<p>Immer mehr Unternehmen und Institutionen besch\u00e4ftigen sich damit, wo ihre Daten gespeichert sind und wie stark sie von digitalen Infrastrukturen abh\u00e4ngig sind, die von au\u00dfereurop\u00e4ischen Anbietern betrieben werden.<\/p>\n<p>Gesch\u00e4ftliche E-Mail-Dienste au\u00dfereurop\u00e4ischen Anbietern anzuvertrauen bedeutet, von technologischen, operativen und vertraglichen Entscheidungen abh\u00e4ngig zu sein, die au\u00dferhalb des eigenen Kontrollbereichs getroffen werden. Bei einem kritischen Dienst wie E-Mail kann diese Abh\u00e4ngigkeit zu einem Risikofaktor werden. <\/p>\n<p>Mehr erfahren:<br \/>\n<a href=\"https:\/\/www.qboxmail.com\/blog\/digital-sovereignty-why-defend-tech-future\/\" target=\"_blank\">Digitale Souver\u00e4nit\u00e4t in Europa: die technologische Zukunft<\/a><\/p>\n\n\n\t\t\t<div class=\"block-text-box__wrap-btn\">\n\t\t\t\t\t\t\t\t\n\t\t\t\t\t\t\t<\/div>\n\t\t<\/div>\n\n\t\t\t\t\t<div class=\"box block-text-box__box\"><h2 style=\"font-size: 30px;\">Wie k\u00f6nnen Sie Ihr Unternehmen sch\u00fctzen?<\/h2>\n<p>Die Wahl eines europ\u00e4ischen E-Mail-Anbieters bedeutet, sich f\u00fcr eine Business-E-Mail-L\u00f6sung zu entscheiden, die besser zu den Anforderungen europ\u00e4ischer digitaler Souver\u00e4nit\u00e4t, zur Kontrolle der Infrastruktur und zur DSGVO-Konformit\u00e4t passt.<\/p>\n<p>Qboxmail bietet einen europ\u00e4ischen Business-E-Mail-Dienst, der unabh\u00e4ngig von Drittanbieter-Software und -Infrastrukturen ist und auf Rechenzentren in Italien und Europa basiert.<\/p>\n<p>Mehr erfahren:<br \/>\n<a href=\"https:\/\/www.qboxmail.com\/blog\/why-you-should-switch-to-a-european-email-provider\/\" target=\"_blank\">Warum sich der Wechsel zu einem europ\u00e4ischen E-Mail-Anbieter lohnt<\/a><br \/>\n<a href=\"https:\/\/www.qboxmail.com\/blog\/european-alternatives-to-google-workspace-and-microsoft-365\/\" target=\"_blank\">Europ\u00e4ische Alternativen zu Google Workspace und Microsoft 365<\/a><\/p>\n<\/div>\n\t\t\t<\/div>\n<\/section>\n\n\n<section class=\"block-section block-bg--primary \" id=\"\">\n\t<div class=\"block-content\">\n\n\t\t<div class=\"block-features-list__content\">\n\t\t\t\t\t\t\t<h2 class=\"block-title\">Vollst\u00e4ndig unabh\u00e4ngig und souver\u00e4n<\/h2>\n\t\t\t\n\t\t\t<p>Qboxmail ist ein europ\u00e4ischer Anbieter von E-Mail-Diensten, der seine Software intern entwickelt, den gesamten Dienst direkt betreibt und Rechenzentren in Italien und Europa nutzt.<\/p>\n\t\n\t\t\t<div class=\"block-features-list__wrap-card\">\n\t\t\t\t \t\t        \t\t\t        <a class=\"block-features-list__card\" href=\"\">\n\t\t\t\t        <h3 class=\"card-title\">Unabh\u00e4ngigkeit<\/h3>\n\t\t\t\t        <p class=\"card-text\">Intern entwickelte Software und direkter Betrieb des Dienstes, ohne Abh\u00e4ngigkeit von externen Anbietern.<\/p>    \n\t\t\t        <\/a>\n\t\t\t   \t  \t\t\t        <a class=\"block-features-list__card\" href=\"\">\n\t\t\t\t        <h3 class=\"card-title\">Souver\u00e4nit\u00e4t<\/h3>\n\t\t\t\t        <p class=\"card-text\">Entwicklung und Betrieb eigener Infrastruktur innerhalb der Europ\u00e4ischen Union unter Einhaltung europ\u00e4ischer Vorschriften.<\/p>    \n\t\t\t        <\/a>\n\t\t\t   \t  \t\t\t        <a class=\"block-features-list__card\" href=\"\">\n\t\t\t\t        <h3 class=\"card-title\">Rechenzentren<\/h3>\n\t\t\t\t        <p class=\"card-text\">Infrastruktur in ausgew\u00e4hlten europ\u00e4ischen Rechenzentren mit vollst\u00e4ndiger Kontrolle \u00fcber Daten und Betrieb.<\/p>    \n\t\t\t        <\/a>\n\t\t\t   \t  \t\t      \t\t\t<\/div>\n\t\t\t\n\t\t<\/div>\n\t\t<div class=\"block-list-wrap-btn\">\n\t\t\t\t\t<\/div>\n\t<\/div>\n<\/section>\n\n\n<section class=\"block-section block-text-img block-bg--gradient-start\">\n\t<div class=\"block-content \">\n\n\t\t<div class=\"block-text-img__content\">\n\t\t\t\t\n\t\t\t\n\t\t\t\t\t\t\t<h2 class=\"block-title\"><em>Unabh\u00e4ngigkeit<\/em> von Drittanbieter-Software und -Infrastruktur<\/h2>\n\t\t\t\t\n\n\t\t\t<p>Qboxmail entwickelt seine Anwendungen direkt \u00fcber ein internes Forschungs- und Entwicklungsteam, auf Basis von Open-Source-Technologien und ohne Abh\u00e4ngigkeit von externen Anbietern f\u00fcr die Softwareebene des Dienstes.<\/p>\n<p>Dieser Ansatz erm\u00f6glicht es uns, die vollst\u00e4ndige Kontrolle \u00fcber die Infrastruktur zu behalten, die Betriebskontinuit\u00e4t sicherzustellen und den Dienst mit gr\u00f6\u00dferer Autonomie weiterzuentwickeln.<\/p>\n<p>Mehr erfahren:<br \/><a href=\"https:\/\/www.qboxmail.com\/blog\/difference-between-digital-sovereignty-and-digital-independence\/\" target=\"_blank\">Was ist der Unterschied zwischen Souver\u00e4nit\u00e4t und digitaler Unabh\u00e4ngigkeit?<\/a><\/p>\n\n\t\t\t\t\t<\/div>\n\n\t\t<figure class=\"block-text-img__img\">\n\t\t\t\t\t\t\t<img decoding=\"async\" src=\"https:\/\/www.qboxmail.com\/wp-content\/uploads\/2026\/04\/Indipendenza_software.jpg\" alt=\"Qboxmail develops its own applications directly through its in-house Research and Development department.\">\n\t\t\t\t\t<\/figure>\n\t<\/div>\n<\/section>\n\n\n<section class=\"block-section block-text-img block-bg--secondary\">\n\t<div class=\"block-content block-content--reverse\">\n\n\t\t<div class=\"block-text-img__content\">\n\t\t\t\t\n\t\t\t\n\t\t\t\t\t\t\t<h2 class=\"block-title\"><em>Souver\u00e4nit\u00e4t<\/em>: eigene physische Infrastruktur<\/h2>\n\t\t\t\t\n\n\t\t\t<p>Die Dienste von Qboxmail werden \u00fcber eine eigene physische Infrastruktur bereitgestellt, ohne von Drittanbieter-Cloud-Providern abh\u00e4ngig zu sein.<\/p>\n<p>Die Infrastruktur basiert auf einem Virtualisierungssystem mit Open-Source-KVM-Hypervisor, das direkt von unserem Team verwaltet wird. Server, Netzwerk, Speicher und operative Komponenten werden intern administriert, um die Kontrolle \u00fcber die Servicebereitstellungsumgebung zu behalten. <\/p>\n<p>Ein auf digitale Souver\u00e4nit\u00e4t ausgerichteter Ansatz hilft dabei, externe Abh\u00e4ngigkeiten zu vermeiden, die Sicherheit oder Datenschutz beeintr\u00e4chtigen k\u00f6nnten.<\/p>\n\n\t\t\t\t\t<\/div>\n\n\t\t<figure class=\"block-text-img__img\">\n\t\t\t\t\t\t\t<img decoding=\"async\" src=\"https:\/\/www.qboxmail.com\/wp-content\/uploads\/2026\/04\/Data_center_Qboxmail.jpg\" alt=\"Digital sovereignty depends on having your own infrastructure.\">\n\t\t\t\t\t<\/figure>\n\t<\/div>\n<\/section>\n\n\n<section class=\"block-section block-text-img block-bg--gradient-end\">\n\t<div class=\"block-content \">\n\n\t\t<div class=\"block-text-img__content\">\n\t\t\t\t\n\t\t\t\n\t\t\t\t\t\t\t<h2 class=\"block-title\"><em>Rechenzentren<\/em> und Daten in Italien und Europa<\/h2>\n\t\t\t\t\n\n\t\t\t<p>Qboxmail nutzt Rechenzentren in Italien und Europa, die ausgew\u00e4hlt wurden, um Zuverl\u00e4ssigkeit, Leistung und Servicekontinuit\u00e4t sicherzustellen.<\/p>\n<p>Alle Daten werden innerhalb europ\u00e4ischer Infrastrukturen verarbeitet, ohne Abh\u00e4ngigkeit von Hyperscaler-Anbietern. Dieser Ansatz erm\u00f6glicht eine direkte Kontrolle \u00fcber die Daten und st\u00e4rkt die Einhaltung europ\u00e4ischer Vorschriften. <\/p>\n<p>F\u00fcr viele Unternehmen, die einen europ\u00e4ischen E-Mail-Anbieter oder eine europ\u00e4ische Alternative zu Gmail, Google Workspace oder Microsoft 365 suchen, wird dies zu einem immer wichtigeren Entscheidungskriterium.<\/p>\n<p>Mehr erfahren:<br \/>\n<a href=\"https:\/\/www.qboxmail.com\/blog\/tariffs-and-dependencies\/\" target=\"_blank\">Z\u00f6lle und Abh\u00e4ngigkeiten: die wirtschaftliche Beziehung zwischen der EU und den USA<\/a><br \/>\n<a href=\"https:\/\/www.qboxmail.com\/blog\/european-alternatives-to-google-workspace-and-microsoft-365\/\" target=\"_blank\">Europ\u00e4ische Alternativen zu Google Workspace und Microsoft 365<\/a><\/p>\n\n\t\t\t\t\t<\/div>\n\n\t\t<figure class=\"block-text-img__img\">\n\t\t\t\t\t\t\t<img decoding=\"async\" src=\"https:\/\/www.qboxmail.com\/wp-content\/uploads\/2026\/04\/Data_Center_Qboxmail-16.50.53.jpg\" alt=\"Qboxmail Data Center\">\n\t\t\t\t\t<\/figure>\n\t<\/div>\n<\/section>\n\n\n<section class=\"block-section block-cta block-bg--gradient-section \">\n\t<div class=\"block-content\">\n\t\n\t\t\t\t\t<h2 class=\"cta-title\">Verlagern Sie die Verwaltung Ihrer gesch\u00e4ftlichen E-Mails zu einem europ\u00e4ischen Anbieter<\/h2>\n\t\t\t\t\n\t\t<p>Vertrauen Sie Ihre gesch\u00e4ftliche E-Mail-Kommunikation einem europ\u00e4ischen Anbieter an, der den Dienst in Italien entwickelt und betreibt, mit Rechenzentren in Europa und einem Ansatz, der auf digitale Souver\u00e4nit\u00e4t, Datenkontrolle und DSGVO-Konformit\u00e4t ausgerichtet ist.<\/p>\n\n\t\t\n\t\t<div class=\"block-cta__wrap-btn\">\n\t\t\t\t      \t\t<a class=\"btn-accent\" href=\"https:\/\/www.qboxmail.com\/de\/wiederverkaufer\/\">Werden Sie Wiederverk\u00e4ufer<\/a>\n\t    \t\n\t    \t\n\t\t\t\t\t<\/div>\n\n\t<\/div>\n<\/section>","protected":false},"excerpt":{"rendered":"<p>Sch\u00fctzen Sie Ihr Unternehmen vor den Risiken, die mit der Abh\u00e4ngigkeit von ausl\u00e4ndischen Infrastrukturen verbunden sind.<br \/>\n<\/br>W\u00e4hlen Sie einen europ\u00e4ischen E-Mail-Anbieter.<\/p>\n","protected":false},"author":10,"featured_media":0,"parent":0,"menu_order":0,"comment_status":"closed","ping_status":"closed","template":"","meta":{"_acf_changed":false,"inline_featured_image":false,"footnotes":""},"class_list":["post-15060","page","type-page","status-publish","hentry"],"acf":[],"yoast_head":"<!-- This site is optimized with the Yoast SEO plugin v27.3 - https:\/\/yoast.com\/product\/yoast-seo-wordpress\/ -->\n<title>Europ\u00e4ischer E-Mail-Anbieter f\u00fcr digitale Souver\u00e4nit\u00e4t - Qboxmail<\/title>\n<meta name=\"description\" content=\"Qboxmail, europ\u00e4ischer E-Mail-Anbieter f\u00fcr Unternehmen und Wiederverk\u00e4ufer, mit intern entwickelten und betriebenen Diensten sowie Rechenzentren in Europa.\" \/>\n<meta name=\"robots\" content=\"index, follow, max-snippet:-1, max-image-preview:large, max-video-preview:-1\" \/>\n<link rel=\"canonical\" href=\"https:\/\/www.qboxmail.com\/de\/europaischer-e-mail-anbieter\/\" \/>\n<meta property=\"og:locale\" content=\"de_DE\" \/>\n<meta property=\"og:type\" content=\"article\" \/>\n<meta property=\"og:title\" content=\"Europ\u00e4ischer E-Mail-Anbieter f\u00fcr digitale Souver\u00e4nit\u00e4t - Qboxmail\" \/>\n<meta property=\"og:description\" content=\"Qboxmail, europ\u00e4ischer E-Mail-Anbieter f\u00fcr Unternehmen und Wiederverk\u00e4ufer, mit intern entwickelten und betriebenen Diensten sowie Rechenzentren in Europa.\" \/>\n<meta property=\"og:url\" content=\"https:\/\/www.qboxmail.com\/de\/europaischer-e-mail-anbieter\/\" \/>\n<meta property=\"og:site_name\" content=\"Qboxmail\" \/>\n<meta property=\"article:publisher\" content=\"https:\/\/www.facebook.com\/qboxmail\" \/>\n<meta property=\"og:image\" content=\"https:\/\/www.qboxmail.com\/wp-content\/uploads\/2020\/08\/og_social.jpg\" \/>\n\t<meta property=\"og:image:width\" content=\"1200\" \/>\n\t<meta property=\"og:image:height\" content=\"630\" \/>\n\t<meta property=\"og:image:type\" content=\"image\/jpeg\" \/>\n<meta name=\"twitter:card\" content=\"summary_large_image\" \/>\n<meta name=\"twitter:site\" content=\"@qboxmail\" \/>\n<meta name=\"twitter:label1\" content=\"Gesch\u00e4tzte Lesezeit\" \/>\n\t<meta name=\"twitter:data1\" content=\"4\u00a0Minuten\" \/>\n<script type=\"application\/ld+json\" class=\"yoast-schema-graph\">{\"@context\":\"https:\\\/\\\/schema.org\",\"@graph\":[{\"@type\":\"WebPage\",\"@id\":\"https:\\\/\\\/www.qboxmail.com\\\/de\\\/europaischer-e-mail-anbieter\\\/\",\"url\":\"https:\\\/\\\/www.qboxmail.com\\\/de\\\/europaischer-e-mail-anbieter\\\/\",\"name\":\"Europ\u00e4ischer E-Mail-Anbieter f\u00fcr digitale Souver\u00e4nit\u00e4t - Qboxmail\",\"isPartOf\":{\"@id\":\"https:\\\/\\\/www.qboxmail.com\\\/de\\\/#website\"},\"datePublished\":\"2026-04-24T15:57:18+00:00\",\"description\":\"Qboxmail, europ\u00e4ischer E-Mail-Anbieter f\u00fcr Unternehmen und Wiederverk\u00e4ufer, mit intern entwickelten und betriebenen Diensten sowie Rechenzentren in Europa.\",\"breadcrumb\":{\"@id\":\"https:\\\/\\\/www.qboxmail.com\\\/de\\\/europaischer-e-mail-anbieter\\\/#breadcrumb\"},\"inLanguage\":\"de\",\"potentialAction\":[{\"@type\":\"ReadAction\",\"target\":[\"https:\\\/\\\/www.qboxmail.com\\\/de\\\/europaischer-e-mail-anbieter\\\/\"]}]},{\"@type\":\"BreadcrumbList\",\"@id\":\"https:\\\/\\\/www.qboxmail.com\\\/de\\\/europaischer-e-mail-anbieter\\\/#breadcrumb\",\"itemListElement\":[{\"@type\":\"ListItem\",\"position\":1,\"name\":\"Home\",\"item\":\"https:\\\/\\\/www.qboxmail.com\\\/de\\\/\"},{\"@type\":\"ListItem\",\"position\":2,\"name\":\"Europ\u00e4ischer E-Mail-Anbieter f\u00fcr digitale Souver\u00e4nit\u00e4t\"}]},{\"@type\":\"WebSite\",\"@id\":\"https:\\\/\\\/www.qboxmail.com\\\/de\\\/#website\",\"url\":\"https:\\\/\\\/www.qboxmail.com\\\/de\\\/\",\"name\":\"Qboxmail\",\"description\":\"Semplifica la gestione delle email aziendali\",\"publisher\":{\"@id\":\"https:\\\/\\\/www.qboxmail.com\\\/de\\\/#organization\"},\"potentialAction\":[{\"@type\":\"SearchAction\",\"target\":{\"@type\":\"EntryPoint\",\"urlTemplate\":\"https:\\\/\\\/www.qboxmail.com\\\/de\\\/?s={search_term_string}\"},\"query-input\":{\"@type\":\"PropertyValueSpecification\",\"valueRequired\":true,\"valueName\":\"search_term_string\"}}],\"inLanguage\":\"de\"},{\"@type\":\"Organization\",\"@id\":\"https:\\\/\\\/www.qboxmail.com\\\/de\\\/#organization\",\"name\":\"Qboxmail Srl\",\"url\":\"https:\\\/\\\/www.qboxmail.com\\\/de\\\/\",\"logo\":{\"@type\":\"ImageObject\",\"inLanguage\":\"de\",\"@id\":\"https:\\\/\\\/www.qboxmail.com\\\/de\\\/#\\\/schema\\\/logo\\\/image\\\/\",\"url\":\"https:\\\/\\\/www.qboxmail.com\\\/wp-content\\\/uploads\\\/2020\\\/08\\\/logo_qboxmail.svg\",\"contentUrl\":\"https:\\\/\\\/www.qboxmail.com\\\/wp-content\\\/uploads\\\/2020\\\/08\\\/logo_qboxmail.svg\",\"width\":\"1024\",\"height\":\"1024\",\"caption\":\"Qboxmail Srl\"},\"image\":{\"@id\":\"https:\\\/\\\/www.qboxmail.com\\\/de\\\/#\\\/schema\\\/logo\\\/image\\\/\"},\"sameAs\":[\"https:\\\/\\\/www.facebook.com\\\/qboxmail\",\"https:\\\/\\\/x.com\\\/qboxmail\",\"https:\\\/\\\/www.linkedin.com\\\/company\\\/qboxmail\"]}]}<\/script>\n<!-- \/ Yoast SEO plugin. -->","yoast_head_json":{"title":"Europ\u00e4ischer E-Mail-Anbieter f\u00fcr digitale Souver\u00e4nit\u00e4t - Qboxmail","description":"Qboxmail, europ\u00e4ischer E-Mail-Anbieter f\u00fcr Unternehmen und Wiederverk\u00e4ufer, mit intern entwickelten und betriebenen Diensten sowie Rechenzentren in Europa.","robots":{"index":"index","follow":"follow","max-snippet":"max-snippet:-1","max-image-preview":"max-image-preview:large","max-video-preview":"max-video-preview:-1"},"canonical":"https:\/\/www.qboxmail.com\/de\/europaischer-e-mail-anbieter\/","og_locale":"de_DE","og_type":"article","og_title":"Europ\u00e4ischer E-Mail-Anbieter f\u00fcr digitale Souver\u00e4nit\u00e4t - Qboxmail","og_description":"Qboxmail, europ\u00e4ischer E-Mail-Anbieter f\u00fcr Unternehmen und Wiederverk\u00e4ufer, mit intern entwickelten und betriebenen Diensten sowie Rechenzentren in Europa.","og_url":"https:\/\/www.qboxmail.com\/de\/europaischer-e-mail-anbieter\/","og_site_name":"Qboxmail","article_publisher":"https:\/\/www.facebook.com\/qboxmail","og_image":[{"width":1200,"height":630,"url":"https:\/\/www.qboxmail.com\/wp-content\/uploads\/2020\/08\/og_social.jpg","type":"image\/jpeg"}],"twitter_card":"summary_large_image","twitter_site":"@qboxmail","twitter_misc":{"Gesch\u00e4tzte Lesezeit":"4\u00a0Minuten"},"schema":{"@context":"https:\/\/schema.org","@graph":[{"@type":"WebPage","@id":"https:\/\/www.qboxmail.com\/de\/europaischer-e-mail-anbieter\/","url":"https:\/\/www.qboxmail.com\/de\/europaischer-e-mail-anbieter\/","name":"Europ\u00e4ischer E-Mail-Anbieter f\u00fcr digitale Souver\u00e4nit\u00e4t - Qboxmail","isPartOf":{"@id":"https:\/\/www.qboxmail.com\/de\/#website"},"datePublished":"2026-04-24T15:57:18+00:00","description":"Qboxmail, europ\u00e4ischer E-Mail-Anbieter f\u00fcr Unternehmen und Wiederverk\u00e4ufer, mit intern entwickelten und betriebenen Diensten sowie Rechenzentren in Europa.","breadcrumb":{"@id":"https:\/\/www.qboxmail.com\/de\/europaischer-e-mail-anbieter\/#breadcrumb"},"inLanguage":"de","potentialAction":[{"@type":"ReadAction","target":["https:\/\/www.qboxmail.com\/de\/europaischer-e-mail-anbieter\/"]}]},{"@type":"BreadcrumbList","@id":"https:\/\/www.qboxmail.com\/de\/europaischer-e-mail-anbieter\/#breadcrumb","itemListElement":[{"@type":"ListItem","position":1,"name":"Home","item":"https:\/\/www.qboxmail.com\/de\/"},{"@type":"ListItem","position":2,"name":"Europ\u00e4ischer E-Mail-Anbieter f\u00fcr digitale Souver\u00e4nit\u00e4t"}]},{"@type":"WebSite","@id":"https:\/\/www.qboxmail.com\/de\/#website","url":"https:\/\/www.qboxmail.com\/de\/","name":"Qboxmail","description":"Semplifica la gestione delle email aziendali","publisher":{"@id":"https:\/\/www.qboxmail.com\/de\/#organization"},"potentialAction":[{"@type":"SearchAction","target":{"@type":"EntryPoint","urlTemplate":"https:\/\/www.qboxmail.com\/de\/?s={search_term_string}"},"query-input":{"@type":"PropertyValueSpecification","valueRequired":true,"valueName":"search_term_string"}}],"inLanguage":"de"},{"@type":"Organization","@id":"https:\/\/www.qboxmail.com\/de\/#organization","name":"Qboxmail Srl","url":"https:\/\/www.qboxmail.com\/de\/","logo":{"@type":"ImageObject","inLanguage":"de","@id":"https:\/\/www.qboxmail.com\/de\/#\/schema\/logo\/image\/","url":"https:\/\/www.qboxmail.com\/wp-content\/uploads\/2020\/08\/logo_qboxmail.svg","contentUrl":"https:\/\/www.qboxmail.com\/wp-content\/uploads\/2020\/08\/logo_qboxmail.svg","width":"1024","height":"1024","caption":"Qboxmail Srl"},"image":{"@id":"https:\/\/www.qboxmail.com\/de\/#\/schema\/logo\/image\/"},"sameAs":["https:\/\/www.facebook.com\/qboxmail","https:\/\/x.com\/qboxmail","https:\/\/www.linkedin.com\/company\/qboxmail"]}]}},"_links":{"self":[{"href":"https:\/\/www.qboxmail.com\/de\/wp-json\/wp\/v2\/pages\/15060","targetHints":{"allow":["GET"]}}],"collection":[{"href":"https:\/\/www.qboxmail.com\/de\/wp-json\/wp\/v2\/pages"}],"about":[{"href":"https:\/\/www.qboxmail.com\/de\/wp-json\/wp\/v2\/types\/page"}],"author":[{"embeddable":true,"href":"https:\/\/www.qboxmail.com\/de\/wp-json\/wp\/v2\/users\/10"}],"replies":[{"embeddable":true,"href":"https:\/\/www.qboxmail.com\/de\/wp-json\/wp\/v2\/comments?post=15060"}],"version-history":[{"count":2,"href":"https:\/\/www.qboxmail.com\/de\/wp-json\/wp\/v2\/pages\/15060\/revisions"}],"predecessor-version":[{"id":15072,"href":"https:\/\/www.qboxmail.com\/de\/wp-json\/wp\/v2\/pages\/15060\/revisions\/15072"}],"wp:attachment":[{"href":"https:\/\/www.qboxmail.com\/de\/wp-json\/wp\/v2\/media?parent=15060"}],"curies":[{"name":"wp","href":"https:\/\/api.w.org\/{rel}","templated":true}]}}