{"id":13124,"date":"2022-03-14T12:19:40","date_gmt":"2022-03-14T11:19:40","guid":{"rendered":"https:\/\/www.qboxmail.com\/cloudfest-2022-promo-code\/"},"modified":"2025-08-06T17:09:16","modified_gmt":"2025-08-06T15:09:16","slug":"cloudfest-2022-promo-code","status":"publish","type":"page","link":"https:\/\/www.qboxmail.com\/de\/cloudfest-2022-promo-code\/","title":{"rendered":"CloudFest 2022 \u2013 Promo-Code"},"content":{"rendered":"\n<section class=\"block-section block-evidence block-bg--gradient-start \">\n\t<div class=\"block-content\">\n\t\t<p>Zu sp\u00e4t, mein Freund!<br \/>\nDer Promo-Code f\u00fcr CloudFest 2022 ist abgelaufen&#8230;<\/p>\n\t<\/div>\n<\/section>\n<section class=\"block-section block-cta block-bg--gradient-end \">\n\t<div class=\"block-content\">\n\t\n\t\t\t\t\t<h2 class=\"cta-title\">Testen Sie die Qboxmail-Dienste 30 Tage lang <em>kostenlos<\/em>.<\/h2>\n\t\t\t\t\n\t\t<p>Testen Sie die Qboxmail Cloud 30 Tage lang KOSTENLOS \u2013 entwickelt, um die Verwaltung von Firmen-E-Mails zu optimieren. Sie entdecken einen Service, der Sicherheit und Produktivit\u00e4t Ihres Unternehmens steigert. <\/p>\n\n\t\t\n\t\t<div class=\"block-cta__wrap-btn\">\n\t\t\t\t      \t\t<a class=\"btn-accent\" href=\"https:\/\/www.qboxmail.com\/de\/wiederverkaufer\/\">Werden Sie H\u00e4ndler<\/a>\n\t    \t\n\t    \t\t      \t\t<a class=\"btn-outline\" href=\"https:\/\/www.qboxmail.com\/\" target=\"_blank\">Entdecken Sie Qboxmail<\/a>\n\t    \t\n\t\t\t\t\t<\/div>\n\n\t<\/div>\n<\/section>\n<section class=\"block-section block-text-img block-bg--gradient-start\">\n\t<div class=\"block-content block-content--reverse\">\n\n\t\t<div class=\"block-text-img__content\">\n\t\t\t\t\n\t\t\t\n\t\t\t\t\t\t\t<h2 class=\"block-title\">Zentrale E-Mail-Verwaltung<\/h2>\n\t\t\t\t\n\n\t\t\t<p>Ein einziges<strong> Control Panel<\/strong> zur einfachen Verwaltung der E-Mail-Konten Ihrer Kunden, mit dem Sie viel Zeit sparen k\u00f6nnen.<\/p>\n<p>Mit unserem Control Panel k\u00f6nnen Sie:<\/p>\n<ul>\n<li><strong>Verwalten<\/strong> und passen Sie alle Aspekte Ihrer E-Mail-Box mit wenigen einfachen Klicks an.<\/li>\n<li><strong>Delegieren<\/strong> Sie die Verwaltung von E-Mail-Konten an Mitglieder Ihres Teams mit der mehrstufigen Funktion.<\/li>\n<li><strong>Beantworten<\/strong> Sie technische Supportanfragen schnell und pr\u00e4zise mit Tracemail, dem exklusiven Tool zur Analyse von E-Mail-Protokollen.<\/li>\n<\/ul>\n\n\t\t\t\t\t<\/div>\n\n\t\t<figure class=\"block-text-img__img\">\n\t\t\t\t\t\t\t<img decoding=\"async\" src=\"\" alt=\"\">\n\t\t\t\t\t<\/figure>\n\t<\/div>\n<\/section>\n<section class=\"block-section block-text-img block-bg--secondary\">\n\t<div class=\"block-content \">\n\n\t\t<div class=\"block-text-img__content\">\n\t\t\t\t\n\t\t\t\n\t\t\t\t\t\t\t<h2 class=\"block-title\">St\u00e4rken Sie die Markenbekanntheit Ihres Unternehmens<\/h2>\n\t\t\t\t\n\n\t\t\t<p>Qboxmail bietet einen <strong>White-Label<\/strong>-E-Mail-Dienst an, mit dem Sie die <strong>Zugriffs-URL<\/strong> und das <strong>Logo<\/strong> unserer Oberfl\u00e4chen individuell gestalten k\u00f6nnen.<br \/>\nSo k\u00f6nnen Sie Ihren Kunden ein personalisiertes Webmail mit dem Namen und Logo Ihres Unternehmens anbieten.<br \/>\nDa Ihre Kunden den E-Mail-Dienst t\u00e4glich nutzen, sehen sie jeden Tag den Namen Ihres Unternehmens \u2013 Sie erhalten die volle Anerkennung f\u00fcr einen leistungsstarken Service und steigern gleichzeitig die Markenbekanntheit Ihrer Firma.<\/p>\n\n\t\t\t\t\t<\/div>\n\n\t\t<figure class=\"block-text-img__img\">\n\t\t\t\t\t\t\t<img decoding=\"async\" src=\"\" alt=\"\">\n\t\t\t\t\t<\/figure>\n\t<\/div>\n<\/section>\n<section class=\"block-section block-text-img block-bg--gradient-end\">\n\t<div class=\"block-content block-content--reverse\">\n\n\t\t<div class=\"block-text-img__content\">\n\t\t\t\t\n\t\t\t\n\t\t\t\t\t\t\t<h2 class=\"block-title\">Flexible Zahlungsm\u00f6glichkeiten<\/h2>\n\t\t\t\t\n\n\t\t\t<p>Bei der <strong>nutzungsabh\u00e4ngigen<\/strong> Abrechnung werden Ihnen nur <strong>aktive<\/strong> Dienste in Rechnung gestellt und Sie erhalten Zugang zu <strong>Mengenrabatten<\/strong>, die ausschlie\u00dflich f\u00fcr Wiederverk\u00e4ufer gelten.<\/p>\n<ul>\n<li>Vertragliche Flexibilit\u00e4t<\/li>\n<li>Keine Geb\u00fchren f\u00fcr die Aktivierung des Dienstes<\/li>\n<li>Kostentransparenz<\/li>\n<li>Optimierung der Rechnungsbearbeitung<\/li>\n<\/ul>\n\n\t\t\t\t\t<\/div>\n\n\t\t<figure class=\"block-text-img__img\">\n\t\t\t\t\t\t\t<img decoding=\"async\" src=\"https:\/\/www.qboxmail.com\/wp-content\/uploads\/2022\/03\/panel_prices_screenshot.png\" alt=\"panel prices screenshot\">\n\t\t\t\t\t<\/figure>\n\t<\/div>\n<\/section>\n<section class=\"block-section block-text-img block-bg--gradient-section\">\n\t<div class=\"block-content \">\n\n\t\t<div class=\"block-text-img__content\">\n\t\t\t\t\n\t\t\t\n\t\t\t\t\t\t\t<h2 class=\"block-title\">Qualifizierter technischer Support<\/h2>\n\t\t\t\t\n\n\t\t\t<p>Unser <strong>Expertenteam<\/strong> hilft Ihnen geduldig bei der L\u00f6sung Ihrer Probleme rund um die professionelle E-Mail-Verwaltung:<\/p>\n<ul>\n<li>Ticket-Support 7 Tage die Woche<\/li>\n<li>Telefonischer Support durch hochqualifizierte Mitarbeiter<\/li>\n<li>\u00dcbersichtliche und leicht verst\u00e4ndliche Dokumentation<\/li>\n<li>Desktop sharing<\/li>\n<\/ul>\n<p>Bei Bedarf k\u00f6nnen Sie sich an unseren Vertriebssupport wenden. Wir helfen Ihnen dabei, eine <strong>optimale Strategie<\/strong> zu entwickeln, um Ihren Kunden den Wert der Dienstleistung zu vermitteln und so Ihren <strong>Umsatz zu steigern<\/strong>.<\/p>\n\n\t\t\t\t\t<\/div>\n\n\t\t<figure class=\"block-text-img__img\">\n\t\t\t\t\t\t\t<img decoding=\"async\" src=\"https:\/\/www.qboxmail.com\/wp-content\/uploads\/2022\/03\/customer_support_light.png\" alt=\"customer support light\">\n\t\t\t\t\t<\/figure>\n\t<\/div>\n<\/section>","protected":false},"excerpt":{"rendered":"","protected":false},"author":10,"featured_media":0,"parent":0,"menu_order":0,"comment_status":"closed","ping_status":"closed","template":"page-templates\/page-landing-minimal.php","meta":{"_acf_changed":false,"inline_featured_image":false,"footnotes":""},"class_list":["post-13124","page","type-page","status-publish","hentry"],"acf":[],"yoast_head":"<!-- This site is optimized with the Yoast SEO plugin v27.3 - https:\/\/yoast.com\/product\/yoast-seo-wordpress\/ -->\n<title>CloudFest 2022 \u2013 Promo-Code - Qboxmail<\/title>\n<meta name=\"robots\" content=\"index, follow, max-snippet:-1, max-image-preview:large, max-video-preview:-1\" \/>\n<link rel=\"canonical\" href=\"https:\/\/www.qboxmail.com\/de\/cloudfest-2022-promo-code\/\" \/>\n<meta property=\"og:locale\" content=\"de_DE\" \/>\n<meta property=\"og:type\" content=\"article\" \/>\n<meta property=\"og:title\" content=\"CloudFest 2022 \u2013 Promo-Code - Qboxmail\" \/>\n<meta property=\"og:url\" content=\"https:\/\/www.qboxmail.com\/de\/cloudfest-2022-promo-code\/\" \/>\n<meta property=\"og:site_name\" content=\"Qboxmail\" \/>\n<meta property=\"article:publisher\" content=\"https:\/\/www.facebook.com\/qboxmail\" \/>\n<meta property=\"article:modified_time\" content=\"2025-08-06T15:09:16+00:00\" \/>\n<meta property=\"og:image\" content=\"https:\/\/www.qboxmail.com\/wp-content\/uploads\/2020\/08\/og_social.jpg\" \/>\n\t<meta property=\"og:image:width\" content=\"1200\" \/>\n\t<meta property=\"og:image:height\" content=\"630\" \/>\n\t<meta property=\"og:image:type\" content=\"image\/jpeg\" \/>\n<meta name=\"twitter:card\" content=\"summary_large_image\" \/>\n<meta name=\"twitter:site\" content=\"@qboxmail\" \/>\n<script type=\"application\/ld+json\" class=\"yoast-schema-graph\">{\"@context\":\"https:\\\/\\\/schema.org\",\"@graph\":[{\"@type\":\"WebPage\",\"@id\":\"https:\\\/\\\/www.qboxmail.com\\\/de\\\/cloudfest-2022-promo-code\\\/\",\"url\":\"https:\\\/\\\/www.qboxmail.com\\\/de\\\/cloudfest-2022-promo-code\\\/\",\"name\":\"CloudFest 2022 \u2013 Promo-Code - Qboxmail\",\"isPartOf\":{\"@id\":\"https:\\\/\\\/www.qboxmail.com\\\/de\\\/#website\"},\"datePublished\":\"2022-03-14T11:19:40+00:00\",\"dateModified\":\"2025-08-06T15:09:16+00:00\",\"breadcrumb\":{\"@id\":\"https:\\\/\\\/www.qboxmail.com\\\/de\\\/cloudfest-2022-promo-code\\\/#breadcrumb\"},\"inLanguage\":\"de\",\"potentialAction\":[{\"@type\":\"ReadAction\",\"target\":[\"https:\\\/\\\/www.qboxmail.com\\\/de\\\/cloudfest-2022-promo-code\\\/\"]}]},{\"@type\":\"BreadcrumbList\",\"@id\":\"https:\\\/\\\/www.qboxmail.com\\\/de\\\/cloudfest-2022-promo-code\\\/#breadcrumb\",\"itemListElement\":[{\"@type\":\"ListItem\",\"position\":1,\"name\":\"Home\",\"item\":\"https:\\\/\\\/www.qboxmail.com\\\/de\\\/\"},{\"@type\":\"ListItem\",\"position\":2,\"name\":\"CloudFest 2022 \u2013 Promo-Code\"}]},{\"@type\":\"WebSite\",\"@id\":\"https:\\\/\\\/www.qboxmail.com\\\/de\\\/#website\",\"url\":\"https:\\\/\\\/www.qboxmail.com\\\/de\\\/\",\"name\":\"Qboxmail\",\"description\":\"Semplifica la gestione delle email aziendali\",\"publisher\":{\"@id\":\"https:\\\/\\\/www.qboxmail.com\\\/de\\\/#organization\"},\"potentialAction\":[{\"@type\":\"SearchAction\",\"target\":{\"@type\":\"EntryPoint\",\"urlTemplate\":\"https:\\\/\\\/www.qboxmail.com\\\/de\\\/?s={search_term_string}\"},\"query-input\":{\"@type\":\"PropertyValueSpecification\",\"valueRequired\":true,\"valueName\":\"search_term_string\"}}],\"inLanguage\":\"de\"},{\"@type\":\"Organization\",\"@id\":\"https:\\\/\\\/www.qboxmail.com\\\/de\\\/#organization\",\"name\":\"Qboxmail Srl\",\"url\":\"https:\\\/\\\/www.qboxmail.com\\\/de\\\/\",\"logo\":{\"@type\":\"ImageObject\",\"inLanguage\":\"de\",\"@id\":\"https:\\\/\\\/www.qboxmail.com\\\/de\\\/#\\\/schema\\\/logo\\\/image\\\/\",\"url\":\"https:\\\/\\\/www.qboxmail.com\\\/wp-content\\\/uploads\\\/2020\\\/08\\\/logo_qboxmail.svg\",\"contentUrl\":\"https:\\\/\\\/www.qboxmail.com\\\/wp-content\\\/uploads\\\/2020\\\/08\\\/logo_qboxmail.svg\",\"width\":\"1024\",\"height\":\"1024\",\"caption\":\"Qboxmail Srl\"},\"image\":{\"@id\":\"https:\\\/\\\/www.qboxmail.com\\\/de\\\/#\\\/schema\\\/logo\\\/image\\\/\"},\"sameAs\":[\"https:\\\/\\\/www.facebook.com\\\/qboxmail\",\"https:\\\/\\\/x.com\\\/qboxmail\",\"https:\\\/\\\/www.linkedin.com\\\/company\\\/qboxmail\"]}]}<\/script>\n<!-- \/ Yoast SEO plugin. -->","yoast_head_json":{"title":"CloudFest 2022 \u2013 Promo-Code - Qboxmail","robots":{"index":"index","follow":"follow","max-snippet":"max-snippet:-1","max-image-preview":"max-image-preview:large","max-video-preview":"max-video-preview:-1"},"canonical":"https:\/\/www.qboxmail.com\/de\/cloudfest-2022-promo-code\/","og_locale":"de_DE","og_type":"article","og_title":"CloudFest 2022 \u2013 Promo-Code - Qboxmail","og_url":"https:\/\/www.qboxmail.com\/de\/cloudfest-2022-promo-code\/","og_site_name":"Qboxmail","article_publisher":"https:\/\/www.facebook.com\/qboxmail","article_modified_time":"2025-08-06T15:09:16+00:00","og_image":[{"width":1200,"height":630,"url":"https:\/\/www.qboxmail.com\/wp-content\/uploads\/2020\/08\/og_social.jpg","type":"image\/jpeg"}],"twitter_card":"summary_large_image","twitter_site":"@qboxmail","schema":{"@context":"https:\/\/schema.org","@graph":[{"@type":"WebPage","@id":"https:\/\/www.qboxmail.com\/de\/cloudfest-2022-promo-code\/","url":"https:\/\/www.qboxmail.com\/de\/cloudfest-2022-promo-code\/","name":"CloudFest 2022 \u2013 Promo-Code - Qboxmail","isPartOf":{"@id":"https:\/\/www.qboxmail.com\/de\/#website"},"datePublished":"2022-03-14T11:19:40+00:00","dateModified":"2025-08-06T15:09:16+00:00","breadcrumb":{"@id":"https:\/\/www.qboxmail.com\/de\/cloudfest-2022-promo-code\/#breadcrumb"},"inLanguage":"de","potentialAction":[{"@type":"ReadAction","target":["https:\/\/www.qboxmail.com\/de\/cloudfest-2022-promo-code\/"]}]},{"@type":"BreadcrumbList","@id":"https:\/\/www.qboxmail.com\/de\/cloudfest-2022-promo-code\/#breadcrumb","itemListElement":[{"@type":"ListItem","position":1,"name":"Home","item":"https:\/\/www.qboxmail.com\/de\/"},{"@type":"ListItem","position":2,"name":"CloudFest 2022 \u2013 Promo-Code"}]},{"@type":"WebSite","@id":"https:\/\/www.qboxmail.com\/de\/#website","url":"https:\/\/www.qboxmail.com\/de\/","name":"Qboxmail","description":"Semplifica la gestione delle email aziendali","publisher":{"@id":"https:\/\/www.qboxmail.com\/de\/#organization"},"potentialAction":[{"@type":"SearchAction","target":{"@type":"EntryPoint","urlTemplate":"https:\/\/www.qboxmail.com\/de\/?s={search_term_string}"},"query-input":{"@type":"PropertyValueSpecification","valueRequired":true,"valueName":"search_term_string"}}],"inLanguage":"de"},{"@type":"Organization","@id":"https:\/\/www.qboxmail.com\/de\/#organization","name":"Qboxmail Srl","url":"https:\/\/www.qboxmail.com\/de\/","logo":{"@type":"ImageObject","inLanguage":"de","@id":"https:\/\/www.qboxmail.com\/de\/#\/schema\/logo\/image\/","url":"https:\/\/www.qboxmail.com\/wp-content\/uploads\/2020\/08\/logo_qboxmail.svg","contentUrl":"https:\/\/www.qboxmail.com\/wp-content\/uploads\/2020\/08\/logo_qboxmail.svg","width":"1024","height":"1024","caption":"Qboxmail Srl"},"image":{"@id":"https:\/\/www.qboxmail.com\/de\/#\/schema\/logo\/image\/"},"sameAs":["https:\/\/www.facebook.com\/qboxmail","https:\/\/x.com\/qboxmail","https:\/\/www.linkedin.com\/company\/qboxmail"]}]}},"_links":{"self":[{"href":"https:\/\/www.qboxmail.com\/de\/wp-json\/wp\/v2\/pages\/13124","targetHints":{"allow":["GET"]}}],"collection":[{"href":"https:\/\/www.qboxmail.com\/de\/wp-json\/wp\/v2\/pages"}],"about":[{"href":"https:\/\/www.qboxmail.com\/de\/wp-json\/wp\/v2\/types\/page"}],"author":[{"embeddable":true,"href":"https:\/\/www.qboxmail.com\/de\/wp-json\/wp\/v2\/users\/10"}],"replies":[{"embeddable":true,"href":"https:\/\/www.qboxmail.com\/de\/wp-json\/wp\/v2\/comments?post=13124"}],"version-history":[{"count":1,"href":"https:\/\/www.qboxmail.com\/de\/wp-json\/wp\/v2\/pages\/13124\/revisions"}],"predecessor-version":[{"id":13127,"href":"https:\/\/www.qboxmail.com\/de\/wp-json\/wp\/v2\/pages\/13124\/revisions\/13127"}],"wp:attachment":[{"href":"https:\/\/www.qboxmail.com\/de\/wp-json\/wp\/v2\/media?parent=13124"}],"curies":[{"name":"wp","href":"https:\/\/api.w.org\/{rel}","templated":true}]}}