{"id":12887,"date":"2020-09-02T11:31:46","date_gmt":"2020-09-02T09:31:46","guid":{"rendered":"https:\/\/www.qboxmail.com\/datenschutzerklarung\/"},"modified":"2025-08-01T14:23:45","modified_gmt":"2025-08-01T12:23:45","slug":"datenschutzerklarung","status":"publish","type":"page","link":"https:\/\/www.qboxmail.com\/de\/datenschutzerklarung\/","title":{"rendered":"Datenschutzerkl\u00e4rung"},"content":{"rendered":"\n\n<section class=\"block-section block-title-text block-bg--gradient-start\">\n\t<div class=\"block-content\">\n\t\t<h2 class=\"block-title block-title-text__title\">Wer ist der Verantwortliche f\u00fcr die Datenverarbeitung?<\/h2>\n\t\t<div class=\"block-title-text__text\">\n\t\t\t<p>Der Verantwortliche f\u00fcr die Datenverarbeitung ist Qboxmail S.r.l., Steuernummer und USt-IdNr. 02338120971, mit Sitz in Via Pollative Nr. 111, 59100 Prato (PO), ITALIEN.<\/p>\n\t\t<\/div>\n\t<\/div>\n<\/section>\n\n<section class=\"block-section block-title-text block-bg--secondary\">\n\t<div class=\"block-content\">\n\t\t<h2 class=\"block-title block-title-text__title\">Wer ist f\u00fcr die Verarbeitung personenbezogener Daten verantwortlich?<\/h2>\n\t\t<div class=\"block-title-text__text\">\n\t\t\t<p>Qboxmail hat einen Datenschutzbeauftragten ernannt, der als Ansprechpartner zwischen dem Verantwortlichen und den Betroffenen fungiert und unter der E-Mail-Adresse dpo@qboxmail.com erreichbar ist.<\/p>\n\t\t<\/div>\n\t<\/div>\n<\/section>\n\n<section class=\"block-section block-title-text block-bg--secondary\">\n\t<div class=\"block-content\">\n\t\t<h2 class=\"block-title block-title-text__title\">Verarbeitung personenbezogener Daten \u00fcber Websites<\/h2>\n\t\t<div class=\"block-title-text__text\">\n\t\t\t<p>Wenn Sie die Websites<a href=\"https:\/\/www.qboxmail.it\/\" rel=\"noopener\" target=\"_blank\"> www.qboxmail.it <\/a>\/ <a href=\"https:\/\/www.qboxmail.com\/de\/\" rel=\"noopener\" target=\"_blank\">www.qboxmail.com<\/a> \/ <a href=\"https:\/\/docs.qboxmail.com\/\" rel=\"noopener\" target=\"_blank\">docs.qboxmail.com<\/a> besuchen, k\u00f6nnen wir bestimmte Navigationsdaten mittels Cookies oder \u00e4hnlicher Technologien erfassen. Wie wir Cookies verwenden, k\u00f6nnen Sie unserer <a href=\"https:\/\/www.qboxmail.com\/cookie-policy\/\">Cookie-Richtlinie<\/a> entnehmen.<br \/>\nWenn Sie einen unserer Dienste erwerben oder sich f\u00fcr eine kostenlose Testphase anmelden, verarbeiten wir bestimmte personenbezogene Daten, die mit der Kundenverwaltung zusammenh\u00e4ngen, sowie weitere Daten, die f\u00fcr die Erbringung unserer Dienste erforderlich sind. Informationen zu diesen Verarbeitungen finden Sie auf der <a href=\"https:\/\/www.qboxmail.com\/gdpr\/\">DSGVO-Seite<\/a> oder k\u00f6nnen direkt die <a href=\"https:\/\/www.qboxmail.com\/download\/privacy-information-customers.pdf\" rel=\"noopener\" target=\"_blank\">Kundenrichtlinie<\/a> und die <a href=\"https:\/\/www.qboxmail.com\/download\/policy-services-users.pdf\" rel=\"noopener\" target=\"_blank\">Richtlinie f\u00fcr Dienstnutzer<\/a> herunterladen.  <\/p>\n\t\t<\/div>\n\t<\/div>\n<\/section>\n\n<section class=\"block-section block-title-text block-bg--secondary\">\n\t<div class=\"block-content\">\n\t\t<h2 class=\"block-title block-title-text__title\">Kontaktformular<\/h2>\n\t\t<div class=\"block-title-text__text\">\n\t\t\t<p>Wenn Sie das Kontaktformular nutzen, verarbeiten wir die darin von Ihnen angegebenen Daten, um auf Ihre Anfrage zu antworten, basierend auf Art. 6, Buchstabe b) der EU-Verordnung 2016\/679.<br \/>\nWir k\u00f6nnen auch die im Formular eingegebenen Kontaktdaten verarbeiten, um Ihnen kommerzielle Informationen und Angebote zu unseren Dienstleistungen zu senden, jedoch nur, wenn Sie uns Ihre Einwilligung erteilt haben. Diese Einwilligung k\u00f6nnen Sie jederzeit widerrufen, indem Sie an privacy@qboxmail.com schreiben.<br \/>\nEinige Formularfelder sind Pflichtfelder, die ausgef\u00fcllt werden m\u00fcssen, um die Anfrage absenden zu k\u00f6nnen. Ohne diese Daten k\u00f6nnen wir Sie nicht identifizieren und Ihre Anfrage nicht bearbeiten. Optionale Felder k\u00f6nnen leer gelassen werden.<br \/>\nSofern dies nicht f\u00fcr die Bearbeitung Ihres Kontakts erforderlich ist, werden Ihre Daten ausschlie\u00dflich intern von Qboxmail-Mitarbeitern verarbeitet und nicht an Dritte weitergegeben.<br \/>\nIhre Daten werden so lange gespeichert, wie es zur Bearbeitung Ihrer Kontaktanfrage notwendig ist, sofern Sie nicht der Zusendung von Werbeinformationen zugestimmt haben. In diesem Fall speichern und verarbeiten wir Ihre Daten zu diesem Zweck f\u00fcr 24 Monate.<br \/>\nZum Schutz vor Spam und zur Wahrung eines berechtigten Interesses verwenden wir ein reCaptcha-System, das m\u00f6glicherweise einige Daten an den Dienstleister \u00fcbermittelt. Dabei handelt es sich nicht um personenbezogene Daten aus dem Formular, sondern um technische Daten, die eine Ger\u00e4teidentifikation erm\u00f6glichen k\u00f6nnen (z. B. IP-Adresse). Weitere Informationen zu dieser Verarbeitung finden Sie in unserer <a href=\"https:\/\/www.qboxmail.com\/cookie-policy\/\">Cookie-Richtlinie.<\/a>       <\/p>\n\t\t<\/div>\n\t<\/div>\n<\/section>\n\n<section class=\"block-section block-title-text block-bg--secondary\">\n\t<div class=\"block-content\">\n\t\t<h2 class=\"block-title block-title-text__title\">Was sind Ihre Rechte?<\/h2>\n\t\t<div class=\"block-title-text__text\">\n\t\t\t<p>Die DSGVO (Artikel 15 bis 22) erkennt wichtige Datenschutzrechte an, die Sie durch Kontaktaufnahme mit dem Datenverantwortlichen aus\u00fcben k\u00f6nnen.<\/p>\n<ul>\n<li>Sie haben das Recht zu erfahren, ob personenbezogene Daten, die Sie betreffen, verarbeitet werden, und im Falle einer Best\u00e4tigung eine Kopie dieser Daten zu erhalten; sowie informiert zu werden \u00fcber: die Herkunft der Daten; die Kategorien der verarbeiteten personenbezogenen Daten; die Empf\u00e4nger der Daten; die Zwecke der Verarbeitung; das Bestehen eines automatisierten Entscheidungsprozesses, einschlie\u00dflich Profiling; sowie die Dauer der Datenspeicherung.<\/li>\n<li>In den von der DSGVO vorgesehenen F\u00e4llen k\u00f6nnen Sie die Berichtigung oder L\u00f6schung Ihrer personenbezogenen Daten oder die Einschr\u00e4nkung der Verarbeitung verlangen. Sie k\u00f6nnen auch verlangen, dass die von Ihnen an Qboxmail \u00fcbermittelten Daten an einen anderen Verantwortlichen \u00fcbertragen werden (\u201eRecht auf Daten\u00fcbertragbarkeit\u201c), sofern die Verarbeitung auf Ihrer Einwilligung oder einem mit Ihnen geschlossenen Vertrag beruht und automatisiert erfolgt. <\/li>\n<li>Sie k\u00f6nnen der Verarbeitung Ihrer personenbezogenen Daten widersprechen, die auf dem berechtigten Interesse des Verantwortlichen oder einem \u00f6ffentlichen Interesse basiert, aus Gr\u00fcnden, die sich aus Ihrer besonderen Situation ergeben. Der Verarbeitung Ihrer personenbezogenen Daten zu Marketingzwecken k\u00f6nnen Sie widersprechen, ohne dass Sie Ihren Widerspruch begr\u00fcnden m\u00fcssen. <\/li>\n<li>Sie k\u00f6nnen Ihre Einwilligung zur Verarbeitung Ihrer personenbezogenen Daten jederzeit widerrufen.<\/li>\n<li>Sie k\u00f6nnen eine Beschwerde bei der Datenschutzbeh\u00f6rde einreichen, wenn Sie der Meinung sind, dass Qboxmail Ihre Rechte verletzt hat.<\/li>\n<\/ul>\n\t\t<\/div>\n\t<\/div>\n<\/section>\n\n<section class=\"block-section block-title-text block-bg--gradient-end\">\n\t<div class=\"block-content\">\n\t\t<h2 class=\"block-title block-title-text__title\">Wie k\u00f6nnen Sie Ihre Rechte aus\u00fcben?<\/h2>\n\t\t<div class=\"block-title-text__text\">\n\t\t\t<p>Sie k\u00f6nnen Ihre Rechte bei Qboxmail kostenlos und ohne besondere Formalit\u00e4ten (z. B. per E-Mail, Einschreiben usw.) geltend machen. Wir sind verpflichtet, innerhalb eines Monats auf Ihre Anfrage zu antworten oder Sie \u00fcber eine Verz\u00f6gerung zu informieren und diese zu begr\u00fcnden. Die Verz\u00f6gerung darf jedoch in keinem Fall zwei Monate \u00fcberschreiten. Sollten Sie innerhalb dieses Zeitraums keine Antwort erhalten oder mit der Antwort nicht zufrieden sein, k\u00f6nnen Sie gem\u00e4\u00df Artikel 77 der Verordnung bei der Datenschutzbeh\u00f6rde oder den Justizbeh\u00f6rden Beschwerde einlegen.<br \/>\nZur Aus\u00fcbung Ihrer Rechte k\u00f6nnen Sie das auf der Website der Datenschutzbeh\u00f6rde www.garanteprivacy.it bereitgestellte Formular verwenden.<br \/>\nSie k\u00f6nnen folgende Kontaktdaten nutzen: Tel. +39 0574\/026030, E-Mail: info@qboxmail.com, zertifizierte E-Mail (PEC): qboxmail@pec.it oder wenden Sie sich an den Datenschutzbeauftragten unter dpo@qboxmail.com.  <\/p>\n\t\t<\/div>\n\t<\/div>\n<\/section>","protected":false},"excerpt":{"rendered":"<p>Wenn Sie die Websites <a href=\"https:\/\/www.qboxmail.it\/\" rel=\"noopener\" target=\"_blank\">www.qboxmail.it <\/a>\/ <a href=\"https:\/\/www.qboxmail.com\/\" rel=\"noopener\" target=\"_blank\">www.qboxmail.com<\/a> \/ <a href=\"https:\/\/docs.qboxmail.com\/\" rel=\"noopener\" target=\"_blank\">docs.qboxmail.com<\/a> besuchen oder ein Kontaktformular nutzen, erhebt Qboxmail bestimmte personenbezogene Daten.<br \/>\nMit dieser Datenschutzerkl\u00e4rung m\u00f6chte Qboxmail Ihnen die notwendigen Informationen bereitstellen, damit Sie verstehen, wie wir diese Daten gem\u00e4\u00df den Bestimmungen der Artikel 13 und 14 der EU-Verordnung 2016\/679 (DSGVO) verarbeiten.  <\/p>\n","protected":false},"author":5,"featured_media":0,"parent":0,"menu_order":0,"comment_status":"closed","ping_status":"closed","template":"","meta":{"_acf_changed":false,"inline_featured_image":false,"footnotes":""},"class_list":["post-12887","page","type-page","status-publish","hentry"],"acf":[],"yoast_head":"<!-- This site is optimized with the Yoast SEO plugin v27.3 - https:\/\/yoast.com\/product\/yoast-seo-wordpress\/ -->\n<title>Datenschutzerkl\u00e4rung - Qboxmail<\/title>\n<meta name=\"description\" content=\"Erfahren Sie, wie Qboxmail Ihre personenbezogenen Daten, Cookies und DSGVO-Rechte behandelt. Lesen Sie unsere Datenschutzerkl\u00e4rung f\u00fcr Details zur Datenverarbeitung und zum Datenschutz.\" \/>\n<meta name=\"robots\" content=\"index, follow, max-snippet:-1, max-image-preview:large, max-video-preview:-1\" \/>\n<link rel=\"canonical\" href=\"https:\/\/www.qboxmail.com\/de\/datenschutzerklarung\/\" \/>\n<meta property=\"og:locale\" content=\"de_DE\" \/>\n<meta property=\"og:type\" content=\"article\" \/>\n<meta property=\"og:title\" content=\"Datenschutzerkl\u00e4rung - Qboxmail\" \/>\n<meta property=\"og:description\" content=\"Erfahren Sie, wie Qboxmail Ihre personenbezogenen Daten, Cookies und DSGVO-Rechte behandelt. Lesen Sie unsere Datenschutzerkl\u00e4rung f\u00fcr Details zur Datenverarbeitung und zum Datenschutz.\" \/>\n<meta property=\"og:url\" content=\"https:\/\/www.qboxmail.com\/de\/datenschutzerklarung\/\" \/>\n<meta property=\"og:site_name\" content=\"Qboxmail\" \/>\n<meta property=\"article:publisher\" content=\"https:\/\/www.facebook.com\/qboxmail\" \/>\n<meta property=\"article:modified_time\" content=\"2025-08-01T12:23:45+00:00\" \/>\n<meta property=\"og:image\" content=\"https:\/\/www.qboxmail.com\/wp-content\/uploads\/2020\/08\/og_social.jpg\" \/>\n\t<meta property=\"og:image:width\" content=\"1200\" \/>\n\t<meta property=\"og:image:height\" content=\"630\" \/>\n\t<meta property=\"og:image:type\" content=\"image\/jpeg\" \/>\n<meta name=\"twitter:card\" content=\"summary_large_image\" \/>\n<meta name=\"twitter:site\" content=\"@qboxmail\" \/>\n<script type=\"application\/ld+json\" class=\"yoast-schema-graph\">{\"@context\":\"https:\\\/\\\/schema.org\",\"@graph\":[{\"@type\":\"WebPage\",\"@id\":\"https:\\\/\\\/www.qboxmail.com\\\/de\\\/datenschutzerklarung\\\/\",\"url\":\"https:\\\/\\\/www.qboxmail.com\\\/de\\\/datenschutzerklarung\\\/\",\"name\":\"Datenschutzerkl\u00e4rung - Qboxmail\",\"isPartOf\":{\"@id\":\"https:\\\/\\\/www.qboxmail.com\\\/de\\\/#website\"},\"datePublished\":\"2020-09-02T09:31:46+00:00\",\"dateModified\":\"2025-08-01T12:23:45+00:00\",\"description\":\"Erfahren Sie, wie Qboxmail Ihre personenbezogenen Daten, Cookies und DSGVO-Rechte behandelt. Lesen Sie unsere Datenschutzerkl\u00e4rung f\u00fcr Details zur Datenverarbeitung und zum Datenschutz.\",\"breadcrumb\":{\"@id\":\"https:\\\/\\\/www.qboxmail.com\\\/de\\\/datenschutzerklarung\\\/#breadcrumb\"},\"inLanguage\":\"de\",\"potentialAction\":[{\"@type\":\"ReadAction\",\"target\":[\"https:\\\/\\\/www.qboxmail.com\\\/de\\\/datenschutzerklarung\\\/\"]}]},{\"@type\":\"BreadcrumbList\",\"@id\":\"https:\\\/\\\/www.qboxmail.com\\\/de\\\/datenschutzerklarung\\\/#breadcrumb\",\"itemListElement\":[{\"@type\":\"ListItem\",\"position\":1,\"name\":\"Home\",\"item\":\"https:\\\/\\\/www.qboxmail.com\\\/de\\\/\"},{\"@type\":\"ListItem\",\"position\":2,\"name\":\"Datenschutzerkl\u00e4rung\"}]},{\"@type\":\"WebSite\",\"@id\":\"https:\\\/\\\/www.qboxmail.com\\\/de\\\/#website\",\"url\":\"https:\\\/\\\/www.qboxmail.com\\\/de\\\/\",\"name\":\"Qboxmail\",\"description\":\"Semplifica la gestione delle email aziendali\",\"publisher\":{\"@id\":\"https:\\\/\\\/www.qboxmail.com\\\/de\\\/#organization\"},\"potentialAction\":[{\"@type\":\"SearchAction\",\"target\":{\"@type\":\"EntryPoint\",\"urlTemplate\":\"https:\\\/\\\/www.qboxmail.com\\\/de\\\/?s={search_term_string}\"},\"query-input\":{\"@type\":\"PropertyValueSpecification\",\"valueRequired\":true,\"valueName\":\"search_term_string\"}}],\"inLanguage\":\"de\"},{\"@type\":\"Organization\",\"@id\":\"https:\\\/\\\/www.qboxmail.com\\\/de\\\/#organization\",\"name\":\"Qboxmail Srl\",\"url\":\"https:\\\/\\\/www.qboxmail.com\\\/de\\\/\",\"logo\":{\"@type\":\"ImageObject\",\"inLanguage\":\"de\",\"@id\":\"https:\\\/\\\/www.qboxmail.com\\\/de\\\/#\\\/schema\\\/logo\\\/image\\\/\",\"url\":\"https:\\\/\\\/www.qboxmail.com\\\/wp-content\\\/uploads\\\/2020\\\/08\\\/logo_qboxmail.svg\",\"contentUrl\":\"https:\\\/\\\/www.qboxmail.com\\\/wp-content\\\/uploads\\\/2020\\\/08\\\/logo_qboxmail.svg\",\"width\":\"1024\",\"height\":\"1024\",\"caption\":\"Qboxmail Srl\"},\"image\":{\"@id\":\"https:\\\/\\\/www.qboxmail.com\\\/de\\\/#\\\/schema\\\/logo\\\/image\\\/\"},\"sameAs\":[\"https:\\\/\\\/www.facebook.com\\\/qboxmail\",\"https:\\\/\\\/x.com\\\/qboxmail\",\"https:\\\/\\\/www.linkedin.com\\\/company\\\/qboxmail\"]}]}<\/script>\n<!-- \/ Yoast SEO plugin. -->","yoast_head_json":{"title":"Datenschutzerkl\u00e4rung - Qboxmail","description":"Erfahren Sie, wie Qboxmail Ihre personenbezogenen Daten, Cookies und DSGVO-Rechte behandelt. Lesen Sie unsere Datenschutzerkl\u00e4rung f\u00fcr Details zur Datenverarbeitung und zum Datenschutz.","robots":{"index":"index","follow":"follow","max-snippet":"max-snippet:-1","max-image-preview":"max-image-preview:large","max-video-preview":"max-video-preview:-1"},"canonical":"https:\/\/www.qboxmail.com\/de\/datenschutzerklarung\/","og_locale":"de_DE","og_type":"article","og_title":"Datenschutzerkl\u00e4rung - Qboxmail","og_description":"Erfahren Sie, wie Qboxmail Ihre personenbezogenen Daten, Cookies und DSGVO-Rechte behandelt. Lesen Sie unsere Datenschutzerkl\u00e4rung f\u00fcr Details zur Datenverarbeitung und zum Datenschutz.","og_url":"https:\/\/www.qboxmail.com\/de\/datenschutzerklarung\/","og_site_name":"Qboxmail","article_publisher":"https:\/\/www.facebook.com\/qboxmail","article_modified_time":"2025-08-01T12:23:45+00:00","og_image":[{"width":1200,"height":630,"url":"https:\/\/www.qboxmail.com\/wp-content\/uploads\/2020\/08\/og_social.jpg","type":"image\/jpeg"}],"twitter_card":"summary_large_image","twitter_site":"@qboxmail","schema":{"@context":"https:\/\/schema.org","@graph":[{"@type":"WebPage","@id":"https:\/\/www.qboxmail.com\/de\/datenschutzerklarung\/","url":"https:\/\/www.qboxmail.com\/de\/datenschutzerklarung\/","name":"Datenschutzerkl\u00e4rung - Qboxmail","isPartOf":{"@id":"https:\/\/www.qboxmail.com\/de\/#website"},"datePublished":"2020-09-02T09:31:46+00:00","dateModified":"2025-08-01T12:23:45+00:00","description":"Erfahren Sie, wie Qboxmail Ihre personenbezogenen Daten, Cookies und DSGVO-Rechte behandelt. Lesen Sie unsere Datenschutzerkl\u00e4rung f\u00fcr Details zur Datenverarbeitung und zum Datenschutz.","breadcrumb":{"@id":"https:\/\/www.qboxmail.com\/de\/datenschutzerklarung\/#breadcrumb"},"inLanguage":"de","potentialAction":[{"@type":"ReadAction","target":["https:\/\/www.qboxmail.com\/de\/datenschutzerklarung\/"]}]},{"@type":"BreadcrumbList","@id":"https:\/\/www.qboxmail.com\/de\/datenschutzerklarung\/#breadcrumb","itemListElement":[{"@type":"ListItem","position":1,"name":"Home","item":"https:\/\/www.qboxmail.com\/de\/"},{"@type":"ListItem","position":2,"name":"Datenschutzerkl\u00e4rung"}]},{"@type":"WebSite","@id":"https:\/\/www.qboxmail.com\/de\/#website","url":"https:\/\/www.qboxmail.com\/de\/","name":"Qboxmail","description":"Semplifica la gestione delle email aziendali","publisher":{"@id":"https:\/\/www.qboxmail.com\/de\/#organization"},"potentialAction":[{"@type":"SearchAction","target":{"@type":"EntryPoint","urlTemplate":"https:\/\/www.qboxmail.com\/de\/?s={search_term_string}"},"query-input":{"@type":"PropertyValueSpecification","valueRequired":true,"valueName":"search_term_string"}}],"inLanguage":"de"},{"@type":"Organization","@id":"https:\/\/www.qboxmail.com\/de\/#organization","name":"Qboxmail Srl","url":"https:\/\/www.qboxmail.com\/de\/","logo":{"@type":"ImageObject","inLanguage":"de","@id":"https:\/\/www.qboxmail.com\/de\/#\/schema\/logo\/image\/","url":"https:\/\/www.qboxmail.com\/wp-content\/uploads\/2020\/08\/logo_qboxmail.svg","contentUrl":"https:\/\/www.qboxmail.com\/wp-content\/uploads\/2020\/08\/logo_qboxmail.svg","width":"1024","height":"1024","caption":"Qboxmail Srl"},"image":{"@id":"https:\/\/www.qboxmail.com\/de\/#\/schema\/logo\/image\/"},"sameAs":["https:\/\/www.facebook.com\/qboxmail","https:\/\/x.com\/qboxmail","https:\/\/www.linkedin.com\/company\/qboxmail"]}]}},"_links":{"self":[{"href":"https:\/\/www.qboxmail.com\/de\/wp-json\/wp\/v2\/pages\/12887","targetHints":{"allow":["GET"]}}],"collection":[{"href":"https:\/\/www.qboxmail.com\/de\/wp-json\/wp\/v2\/pages"}],"about":[{"href":"https:\/\/www.qboxmail.com\/de\/wp-json\/wp\/v2\/types\/page"}],"author":[{"embeddable":true,"href":"https:\/\/www.qboxmail.com\/de\/wp-json\/wp\/v2\/users\/5"}],"replies":[{"embeddable":true,"href":"https:\/\/www.qboxmail.com\/de\/wp-json\/wp\/v2\/comments?post=12887"}],"version-history":[{"count":1,"href":"https:\/\/www.qboxmail.com\/de\/wp-json\/wp\/v2\/pages\/12887\/revisions"}],"predecessor-version":[{"id":12888,"href":"https:\/\/www.qboxmail.com\/de\/wp-json\/wp\/v2\/pages\/12887\/revisions\/12888"}],"wp:attachment":[{"href":"https:\/\/www.qboxmail.com\/de\/wp-json\/wp\/v2\/media?parent=12887"}],"curies":[{"name":"wp","href":"https:\/\/api.w.org\/{rel}","templated":true}]}}