{"id":12822,"date":"2020-09-02T11:25:11","date_gmt":"2020-09-02T09:25:11","guid":{"rendered":"https:\/\/www.qboxmail.com\/alles-was-sie-zum-verwalten-ihrer-e-mails-benotigen\/mail-time-machine\/"},"modified":"2025-08-01T10:48:50","modified_gmt":"2025-08-01T08:48:50","slug":"mail-time-machine","status":"publish","type":"page","link":"https:\/\/www.qboxmail.com\/de\/funktionen\/mail-time-machine\/","title":{"rendered":"Mail Time Machine"},"content":{"rendered":"\n<section class=\"block-section block-evidence block-bg--gradient-start \">\n\t<div class=\"block-content\">\n\t\t<p>Mail Time Machine ist ein Werkzeug, das Ihnen den Zugriff auf Backups Ihres E-Mail-Kontos erm\u00f6glicht, um verlorene Nachrichten zu \u00fcberpr\u00fcfen oder wiederherzustellen.<\/p>\n\t<\/div>\n<\/section>\n<section class=\"block-section block-text-img block-bg--secondary\">\n\t<div class=\"block-content block-content--reverse\">\n\n\t\t<div class=\"block-text-img__content\">\n\t\t\t\t\n\t\t\t\n\t\t\t\t\t\t\t<h2 class=\"block-title\">Mail Time Machine<\/h2>\n\t\t\t\t\n\n\t\t\t<p>Mit Mail Time Machine k\u00f6nnen Benutzer auf Backups ihrer Postf\u00e4cher der letzten 15 Tage zugreifen, um den Sicherungsstatus zu \u00fcberpr\u00fcfen oder Nachrichten wiederherzustellen.<\/p>\n<p>Mail Time Machine bearbeitet Anfragen zur Wiederherstellung versehentlich gel\u00f6schter E-Mails, die in Echtzeit von den Nutzern des Dienstes eingehen.<\/p>\n\n\t\t\t\t\t<\/div>\n\n\t\t<figure class=\"block-text-img__img\">\n\t\t\t\t\t\t\t<img decoding=\"async\" src=\"https:\/\/www.qboxmail.com\/wp-content\/uploads\/2025\/02\/mtm_main_interface_screenshot-1280x736.png\" alt=\"'Mail Time Machine' application interface showing an inbox with several emails.\">\n\t\t\t\t\t<\/figure>\n\t<\/div>\n<\/section>\n<section class=\"block-section block-text-img block-bg--gradient-end\">\n\t<div class=\"block-content \">\n\n\t\t<div class=\"block-text-img__content\">\n\t\t\t\t\n\t\t\t\n\t\t\t\t\t\t\t<h2 class=\"block-title\">Automatische Backup<\/h2>\n\t\t\t\t\n\n\t\t\t<p>Das E-Mail-Backup wird t\u00e4glich automatisch mit Snapshot-Technologie durchgef\u00fchrt, die Nachrichten im Nur-Lese-Modus direkt in unserem Speicher sichert. Dies hat keinerlei Auswirkungen auf die Service-Performance. <\/p>\n<p>Es ist m\u00f6glich, sowohl einzelne vom Benutzer versehentlich gel\u00f6schte Nachrichten als auch komplette E-Mail-Konten im Falle eines Bedienfehlers wiederherzustellen.<\/p>\n\n\t\t\t\t\t<\/div>\n\n\t\t<figure class=\"block-text-img__img\">\n\t\t\t\t\t\t\t<img decoding=\"async\" src=\"https:\/\/www.qboxmail.com\/wp-content\/uploads\/2022\/04\/mtm_screenshot.png\" alt=\"mtm screenshot\">\n\t\t\t\t\t<\/figure>\n\t<\/div>\n<\/section>\n<section class=\"block-section block-cta block-bg--gradient-section \">\n\t<div class=\"block-content\">\n\t\n\t\t\t\t\t<h2 class=\"cta-title\">Sofortige E-Mail-Wiederherstellung aus Backup, ohne Zusatzkosten<\/h2>\n\t\t\t\t\n\t\t<p><span class=\"highlight author-d-1gg9uz65z1iz85zgdz68zmqkz84zo2qowz81zz86z59libz82zz66z4cz69zhz69zz74zz83zfz81z52z73zz76zz88zq6xnz70zz85zwt\" data-highlight-color=\"#F7CC62\">Suchen und stellen Sie jede Nachricht mit 15-t\u00e4gigen Cloud-Backups wieder her \u2013 ohne zus\u00e4tzliche Kosten.<\/span><\/p>\n\n\t\t\n\t\t<div class=\"block-cta__wrap-btn\">\n\t\t\t\t      \t\t<a class=\"btn-accent\" href=\"https:\/\/www.qboxmail.com\/de\/kostenlose-testphase\/\">Kostenlose Testversion starten<\/a>\n\t    \t\n\t    \t\n\t\t\t\t\t<\/div>\n\n\t<\/div>\n<\/section>\n<p><\/p>\n","protected":false},"excerpt":{"rendered":"<p>Automatische E-Mail-Sicherung ist im Service enthalten<\/p>\n","protected":false},"author":5,"featured_media":0,"parent":12779,"menu_order":0,"comment_status":"closed","ping_status":"closed","template":"","meta":{"_acf_changed":false,"inline_featured_image":false,"footnotes":""},"class_list":["post-12822","page","type-page","status-publish","hentry"],"acf":[],"yoast_head":"<!-- This site is optimized with the Yoast SEO plugin v27.3 - https:\/\/yoast.com\/product\/yoast-seo-wordpress\/ -->\n<title>Automatische E-Mail-Sicherung mit Mail Time Machine - Qboxmail<\/title>\n<meta name=\"description\" content=\"Mail Time Machine erm\u00f6glicht den Zugriff auf das Backup Ihres E-Mail-Kontos, sodass Sie verlorene Nachrichten \u00fcberpr\u00fcfen oder wiederherstellen k\u00f6nnen.\" \/>\n<meta name=\"robots\" content=\"index, follow, max-snippet:-1, max-image-preview:large, max-video-preview:-1\" \/>\n<link rel=\"canonical\" href=\"https:\/\/www.qboxmail.com\/de\/funktionen\/mail-time-machine\/\" \/>\n<meta property=\"og:locale\" content=\"de_DE\" \/>\n<meta property=\"og:type\" content=\"article\" \/>\n<meta property=\"og:title\" content=\"Automatische E-Mail-Sicherung mit Mail Time Machine - Qboxmail\" \/>\n<meta property=\"og:description\" content=\"Mail Time Machine erm\u00f6glicht den Zugriff auf das Backup Ihres E-Mail-Kontos, sodass Sie verlorene Nachrichten \u00fcberpr\u00fcfen oder wiederherstellen k\u00f6nnen.\" \/>\n<meta property=\"og:url\" content=\"https:\/\/www.qboxmail.com\/de\/funktionen\/mail-time-machine\/\" \/>\n<meta property=\"og:site_name\" content=\"Qboxmail\" \/>\n<meta property=\"article:publisher\" content=\"https:\/\/www.facebook.com\/qboxmail\" \/>\n<meta property=\"article:modified_time\" content=\"2025-08-01T08:48:50+00:00\" \/>\n<meta property=\"og:image\" content=\"https:\/\/www.qboxmail.com\/wp-content\/uploads\/2020\/08\/og_social.jpg\" \/>\n\t<meta property=\"og:image:width\" content=\"1200\" \/>\n\t<meta property=\"og:image:height\" content=\"630\" \/>\n\t<meta property=\"og:image:type\" content=\"image\/jpeg\" \/>\n<meta name=\"twitter:card\" content=\"summary_large_image\" \/>\n<meta name=\"twitter:site\" content=\"@qboxmail\" \/>\n<script type=\"application\/ld+json\" class=\"yoast-schema-graph\">{\"@context\":\"https:\\\/\\\/schema.org\",\"@graph\":[{\"@type\":\"WebPage\",\"@id\":\"https:\\\/\\\/www.qboxmail.com\\\/de\\\/funktionen\\\/mail-time-machine\\\/\",\"url\":\"https:\\\/\\\/www.qboxmail.com\\\/de\\\/funktionen\\\/mail-time-machine\\\/\",\"name\":\"Automatische E-Mail-Sicherung mit Mail Time Machine - Qboxmail\",\"isPartOf\":{\"@id\":\"https:\\\/\\\/www.qboxmail.com\\\/de\\\/#website\"},\"datePublished\":\"2020-09-02T09:25:11+00:00\",\"dateModified\":\"2025-08-01T08:48:50+00:00\",\"description\":\"Mail Time Machine erm\u00f6glicht den Zugriff auf das Backup Ihres E-Mail-Kontos, sodass Sie verlorene Nachrichten \u00fcberpr\u00fcfen oder wiederherstellen k\u00f6nnen.\",\"breadcrumb\":{\"@id\":\"https:\\\/\\\/www.qboxmail.com\\\/de\\\/funktionen\\\/mail-time-machine\\\/#breadcrumb\"},\"inLanguage\":\"de\",\"potentialAction\":[{\"@type\":\"ReadAction\",\"target\":[\"https:\\\/\\\/www.qboxmail.com\\\/de\\\/funktionen\\\/mail-time-machine\\\/\"]}]},{\"@type\":\"BreadcrumbList\",\"@id\":\"https:\\\/\\\/www.qboxmail.com\\\/de\\\/funktionen\\\/mail-time-machine\\\/#breadcrumb\",\"itemListElement\":[{\"@type\":\"ListItem\",\"position\":1,\"name\":\"Home\",\"item\":\"https:\\\/\\\/www.qboxmail.com\\\/de\\\/\"},{\"@type\":\"ListItem\",\"position\":2,\"name\":\"Viele Funktionen zur Verbesserung der E-Mails Ihrer Kunden\",\"item\":\"https:\\\/\\\/www.qboxmail.com\\\/de\\\/funktionen\\\/\"},{\"@type\":\"ListItem\",\"position\":3,\"name\":\"Mail Time Machine\"}]},{\"@type\":\"WebSite\",\"@id\":\"https:\\\/\\\/www.qboxmail.com\\\/de\\\/#website\",\"url\":\"https:\\\/\\\/www.qboxmail.com\\\/de\\\/\",\"name\":\"Qboxmail\",\"description\":\"Semplifica la gestione delle email aziendali\",\"publisher\":{\"@id\":\"https:\\\/\\\/www.qboxmail.com\\\/de\\\/#organization\"},\"potentialAction\":[{\"@type\":\"SearchAction\",\"target\":{\"@type\":\"EntryPoint\",\"urlTemplate\":\"https:\\\/\\\/www.qboxmail.com\\\/de\\\/?s={search_term_string}\"},\"query-input\":{\"@type\":\"PropertyValueSpecification\",\"valueRequired\":true,\"valueName\":\"search_term_string\"}}],\"inLanguage\":\"de\"},{\"@type\":\"Organization\",\"@id\":\"https:\\\/\\\/www.qboxmail.com\\\/de\\\/#organization\",\"name\":\"Qboxmail Srl\",\"url\":\"https:\\\/\\\/www.qboxmail.com\\\/de\\\/\",\"logo\":{\"@type\":\"ImageObject\",\"inLanguage\":\"de\",\"@id\":\"https:\\\/\\\/www.qboxmail.com\\\/de\\\/#\\\/schema\\\/logo\\\/image\\\/\",\"url\":\"https:\\\/\\\/www.qboxmail.com\\\/wp-content\\\/uploads\\\/2020\\\/08\\\/logo_qboxmail.svg\",\"contentUrl\":\"https:\\\/\\\/www.qboxmail.com\\\/wp-content\\\/uploads\\\/2020\\\/08\\\/logo_qboxmail.svg\",\"width\":\"1024\",\"height\":\"1024\",\"caption\":\"Qboxmail Srl\"},\"image\":{\"@id\":\"https:\\\/\\\/www.qboxmail.com\\\/de\\\/#\\\/schema\\\/logo\\\/image\\\/\"},\"sameAs\":[\"https:\\\/\\\/www.facebook.com\\\/qboxmail\",\"https:\\\/\\\/x.com\\\/qboxmail\",\"https:\\\/\\\/www.linkedin.com\\\/company\\\/qboxmail\"]}]}<\/script>\n<!-- \/ Yoast SEO plugin. -->","yoast_head_json":{"title":"Automatische E-Mail-Sicherung mit Mail Time Machine - Qboxmail","description":"Mail Time Machine erm\u00f6glicht den Zugriff auf das Backup Ihres E-Mail-Kontos, sodass Sie verlorene Nachrichten \u00fcberpr\u00fcfen oder wiederherstellen k\u00f6nnen.","robots":{"index":"index","follow":"follow","max-snippet":"max-snippet:-1","max-image-preview":"max-image-preview:large","max-video-preview":"max-video-preview:-1"},"canonical":"https:\/\/www.qboxmail.com\/de\/funktionen\/mail-time-machine\/","og_locale":"de_DE","og_type":"article","og_title":"Automatische E-Mail-Sicherung mit Mail Time Machine - Qboxmail","og_description":"Mail Time Machine erm\u00f6glicht den Zugriff auf das Backup Ihres E-Mail-Kontos, sodass Sie verlorene Nachrichten \u00fcberpr\u00fcfen oder wiederherstellen k\u00f6nnen.","og_url":"https:\/\/www.qboxmail.com\/de\/funktionen\/mail-time-machine\/","og_site_name":"Qboxmail","article_publisher":"https:\/\/www.facebook.com\/qboxmail","article_modified_time":"2025-08-01T08:48:50+00:00","og_image":[{"width":1200,"height":630,"url":"https:\/\/www.qboxmail.com\/wp-content\/uploads\/2020\/08\/og_social.jpg","type":"image\/jpeg"}],"twitter_card":"summary_large_image","twitter_site":"@qboxmail","schema":{"@context":"https:\/\/schema.org","@graph":[{"@type":"WebPage","@id":"https:\/\/www.qboxmail.com\/de\/funktionen\/mail-time-machine\/","url":"https:\/\/www.qboxmail.com\/de\/funktionen\/mail-time-machine\/","name":"Automatische E-Mail-Sicherung mit Mail Time Machine - Qboxmail","isPartOf":{"@id":"https:\/\/www.qboxmail.com\/de\/#website"},"datePublished":"2020-09-02T09:25:11+00:00","dateModified":"2025-08-01T08:48:50+00:00","description":"Mail Time Machine erm\u00f6glicht den Zugriff auf das Backup Ihres E-Mail-Kontos, sodass Sie verlorene Nachrichten \u00fcberpr\u00fcfen oder wiederherstellen k\u00f6nnen.","breadcrumb":{"@id":"https:\/\/www.qboxmail.com\/de\/funktionen\/mail-time-machine\/#breadcrumb"},"inLanguage":"de","potentialAction":[{"@type":"ReadAction","target":["https:\/\/www.qboxmail.com\/de\/funktionen\/mail-time-machine\/"]}]},{"@type":"BreadcrumbList","@id":"https:\/\/www.qboxmail.com\/de\/funktionen\/mail-time-machine\/#breadcrumb","itemListElement":[{"@type":"ListItem","position":1,"name":"Home","item":"https:\/\/www.qboxmail.com\/de\/"},{"@type":"ListItem","position":2,"name":"Viele Funktionen zur Verbesserung der E-Mails Ihrer Kunden","item":"https:\/\/www.qboxmail.com\/de\/funktionen\/"},{"@type":"ListItem","position":3,"name":"Mail Time Machine"}]},{"@type":"WebSite","@id":"https:\/\/www.qboxmail.com\/de\/#website","url":"https:\/\/www.qboxmail.com\/de\/","name":"Qboxmail","description":"Semplifica la gestione delle email aziendali","publisher":{"@id":"https:\/\/www.qboxmail.com\/de\/#organization"},"potentialAction":[{"@type":"SearchAction","target":{"@type":"EntryPoint","urlTemplate":"https:\/\/www.qboxmail.com\/de\/?s={search_term_string}"},"query-input":{"@type":"PropertyValueSpecification","valueRequired":true,"valueName":"search_term_string"}}],"inLanguage":"de"},{"@type":"Organization","@id":"https:\/\/www.qboxmail.com\/de\/#organization","name":"Qboxmail Srl","url":"https:\/\/www.qboxmail.com\/de\/","logo":{"@type":"ImageObject","inLanguage":"de","@id":"https:\/\/www.qboxmail.com\/de\/#\/schema\/logo\/image\/","url":"https:\/\/www.qboxmail.com\/wp-content\/uploads\/2020\/08\/logo_qboxmail.svg","contentUrl":"https:\/\/www.qboxmail.com\/wp-content\/uploads\/2020\/08\/logo_qboxmail.svg","width":"1024","height":"1024","caption":"Qboxmail Srl"},"image":{"@id":"https:\/\/www.qboxmail.com\/de\/#\/schema\/logo\/image\/"},"sameAs":["https:\/\/www.facebook.com\/qboxmail","https:\/\/x.com\/qboxmail","https:\/\/www.linkedin.com\/company\/qboxmail"]}]}},"_links":{"self":[{"href":"https:\/\/www.qboxmail.com\/de\/wp-json\/wp\/v2\/pages\/12822","targetHints":{"allow":["GET"]}}],"collection":[{"href":"https:\/\/www.qboxmail.com\/de\/wp-json\/wp\/v2\/pages"}],"about":[{"href":"https:\/\/www.qboxmail.com\/de\/wp-json\/wp\/v2\/types\/page"}],"author":[{"embeddable":true,"href":"https:\/\/www.qboxmail.com\/de\/wp-json\/wp\/v2\/users\/5"}],"replies":[{"embeddable":true,"href":"https:\/\/www.qboxmail.com\/de\/wp-json\/wp\/v2\/comments?post=12822"}],"version-history":[{"count":1,"href":"https:\/\/www.qboxmail.com\/de\/wp-json\/wp\/v2\/pages\/12822\/revisions"}],"predecessor-version":[{"id":12828,"href":"https:\/\/www.qboxmail.com\/de\/wp-json\/wp\/v2\/pages\/12822\/revisions\/12828"}],"up":[{"embeddable":true,"href":"https:\/\/www.qboxmail.com\/de\/wp-json\/wp\/v2\/pages\/12779"}],"wp:attachment":[{"href":"https:\/\/www.qboxmail.com\/de\/wp-json\/wp\/v2\/media?parent=12822"}],"curies":[{"name":"wp","href":"https:\/\/api.w.org\/{rel}","templated":true}]}}