{"id":12818,"date":"2020-03-03T12:47:23","date_gmt":"2020-03-03T11:47:23","guid":{"rendered":"https:\/\/www.qboxmail.com\/alles-was-sie-zum-verwalten-ihrer-e-mails-benotigen\/importe-und-migrationen\/"},"modified":"2025-08-01T10:45:21","modified_gmt":"2025-08-01T08:45:21","slug":"importe-und-migrationen","status":"publish","type":"page","link":"https:\/\/www.qboxmail.com\/de\/funktionen\/importe-und-migrationen\/","title":{"rendered":"Importe und Migrationen"},"content":{"rendered":"\n<section class=\"block-section block-evidence block-bg--gradient-start \">\n\t<div class=\"block-content\">\n\t\t<p>Migrieren Sie Ihre Postf\u00e4cher m\u00fchelos zu Qboxmail mit unseren leistungsstarken Import- und Migrationstools im Control Panel. <\/p>\n<p>Unser erfahrenes technisches Team steht Ihnen bei jedem Schritt des Prozesses zur Seite. Profitieren Sie von umfassendem Support w\u00e4hrend der gesamten Migrationsphase \u2013 ohne zus\u00e4tzliche Kosten. <\/p>\n\t<\/div>\n<\/section>\n\n<section class=\"block-section block-title-text block-bg--secondary\">\n\t<div class=\"block-content\">\n\t\t<h2 class=\"block-title block-title-text__title\">Das Migrationsverfahren besteht aus zwei einfachen Schritten<\/h2>\n\t\t<div class=\"block-title-text__text\">\n\t\t\t<p><strong>Import <\/strong>= In diesem Schritt erstellen Sie Domains und Postf\u00e4cher im Control Panel. Dadurch k\u00f6nnen Sie die gew\u00fcnschten Domain-Einstellungen konfigurieren und Postf\u00e4cher f\u00fcr die Migration einrichten. <\/p>\n<p><strong>Migration<\/strong> = Dieser Schritt erleichtert die \u00dcbertragung aller Nachrichten vom Quell-E-Mail-Konto zum Zielkonto. Dabei wird die gesamte Ordner- und Unterordnerstruktur beibehalten, um die hierarchische Organisation Ihrer E-Mails zu gew\u00e4hrleisten. <\/p>\n\t\t<\/div>\n\t<\/div>\n<\/section>\n<section class=\"block-section block-text-box block-bg--secondary\">\n\t<div class=\"block-content \">\n\n\t\t<div class=\"block-text-box__content\">\n\t\t\t\t\t\t\t<h2 class=\"block-title\">Importe<\/h2>\n\t\t\t\n\t\t\t<p>Der Import erm\u00f6glicht es Ihnen, Domains und Postf\u00e4cher in gro\u00dfer Anzahl anzulegen.<\/p>\n<p>Erstellen Sie einfach eine CSV-Datei gem\u00e4\u00df unseren Vorgaben und laden Sie diese ins Control Panel hoch. Das System startet umgehend die Erstellung der angegebenen Domains oder E-Mail-Konten und erleichtert so den gesamten Prozess. <\/p>\n\n\n\t\t\t<div class=\"block-text-box__wrap-btn\">\n\t\t\t\t\t\t\t\t\n\t\t\t\t\t\t\t<\/div>\n\t\t<\/div>\n\n\t\t\t\t\t<div class=\"box block-text-box__box\"><h3>Was k\u00f6nnen Sie importieren?<\/h3>\n<p>Um einen Import zu starten, erstellen Sie eine Excel-Datei und exportieren Sie diese im CSV-Format. Diese CSV-Datei dient als Grundlage f\u00fcr den Import der Daten ins System und erm\u00f6glicht so eine reibungslose \u00dcbertragung. <\/p>\n<ul>\n<li>Alias-Domains<\/li>\n<li>E-Mail-Konto<\/li>\n<li>Domains<\/li>\n<li>E-Mail-Alias<\/li>\n<\/ul>\n<\/div>\n\t\t\t<\/div>\n<\/section>\n<section class=\"block-section block-img block-bg--secondary\">\n\t<div class=\"block-content\">\n\n\t\t<figure class=\"block-img__img\">\n\t\t\t\t\t\t\t<img decoding=\"async\" src=\"https:\/\/www.qboxmail.com\/wp-content\/uploads\/2020\/08\/import_scheme.svg\" alt=\"Email import schema, representing the message transfer flow between server and database, with secure connections and authentication processes.\">\t\t\t\t\t<\/figure>\n\t<\/div>\n<\/section>\n\n<section class=\"block-section block-text-box block-bg--secondary\">\n\t<div class=\"block-content \">\n\n\t\t<div class=\"block-text-box__content\">\n\t\t\t\t\t\t\t<h2 class=\"block-title\">Migrationen<\/h2>\n\t\t\t\n\t\t\t<p>Migration ist der Prozess, der die \u00dcbertragung von E-Mail-Nachrichten und Ordnern von Ihrem vorherigen Server zu Qboxmail erleichtert.<br \/>\n\u00dcber das Control Panel haben Sie die M\u00f6glichkeit, Datum und Uhrzeit f\u00fcr den Beginn der Migration flexibel auszuw\u00e4hlen.<\/p>\n<p>Zum angegebenen Zeitpunkt stellt Qboxmail eine Verbindung zum Server Ihres vorherigen Anbieters her, um die E-Mails, Ordner und zugeh\u00f6rigen Daten der Benutzer auf die Qboxmail-Plattform zu \u00fcbertragen und so einen reibungslosen und effizienten \u00dcbergang zu gew\u00e4hrleisten.<\/p>\n\n\n\t\t\t<div class=\"block-text-box__wrap-btn\">\n\t\t\t\t\t\t\t\t\n\t\t\t\t\t\t\t<\/div>\n\t\t<\/div>\n\n\t\t\t\t\t<div class=\"box block-text-box__box\"><h3>Wie funktioniert es<\/h3>\n<ol>\n<li>Erstellen Sie eine CSV-Datei mit den erforderlichen Daten<\/li>\n<li>Validieren Sie sie im Control Panel<\/li>\n<li>Legen Sie Datum und Uhrzeit f\u00fcr den Beginn der Migration fest<\/li>\n<li>\u00c4ndern Sie die MX-Eintr\u00e4ge nach Benachrichtigung \u00fcber den Abschluss der Migration<\/li>\n<li>F\u00fchren Sie eine zweite Migration durch, um die neuesten Nachrichten zu \u00fcbernehmen<\/li>\n<li>Benutzer k\u00f6nnen jetzt auf ihre E-Mails zugreifen<\/li>\n<\/ol>\n<\/div>\n\t\t\t<\/div>\n<\/section>\n\n<section class=\"block-section block-title-text block-bg--secondary\">\n\t<div class=\"block-content\">\n\t\t<h2 class=\"block-title block-title-text__title\">Verschieben Sie Ihre E-Mail-Nachrichten <\/h2>\n\t\t<div class=\"block-title-text__text\">\n\t\t\t<p>Qboxmail Migrationen sind ein fortschrittliches Werkzeug, mit dem Sie E-Mail-Nachrichten von jedem Anbieter oder dedizierten Server, der das IMAP-Protokoll unterst\u00fctzt, \u00fcbertragen k\u00f6nnen.<\/p>\n<p>Nach Abschluss der Migration erhalten Sie eine Benachrichtigung, damit Sie wissen, wann es Zeit ist, die MX-Eintr\u00e4ge der Domain zu \u00e4ndern. Sie k\u00f6nnen eine zweite Migration planen, die nach der \u00c4nderung der MX-Eintr\u00e4ge durchgef\u00fchrt wird, um die w\u00e4hrend der DNS-Aktualisierung auf dem alten Server eingegangenen Nachrichten zu \u00fcbernehmen. <\/p>\n<p>Sie k\u00f6nnen auch Nachrichten von Gmail, Office 365 und Exchange \u00fcbertragen. Die Migration \u00fcber einen Master-User und OAuth 2.0 ist ebenfalls m\u00f6glich, sodass Sie nicht das Passwort aller zu migrierenden Postf\u00e4cher kennen m\u00fcssen. <\/p>\n\t\t<\/div>\n\t<\/div>\n<\/section>\n<section class=\"block-section block-img block-bg--gradient-end\">\n\t<div class=\"block-content\">\n\n\t\t<figure class=\"block-img__img\">\n\t\t\t\t\t\t\t<img decoding=\"async\" src=\"https:\/\/www.qboxmail.com\/wp-content\/uploads\/2020\/08\/migration_scheme.svg\" alt=\"Email migration scheme, illustrating the secure transfer of messages between servers with indication of the data flows and systems involved Devices\">\t\t\t\t\t<\/figure>\n\t<\/div>\n<\/section>\n\n<section class=\"block-section block-cta block-bg--gradient-section \">\n\t<div class=\"block-content\">\n\t\n\t\t\t\t\t<h2 class=\"cta-title\">Postf\u00e4cher von Kunden massenhaft und unkompliziert migrieren<\/h2>\n\t\t\t\t\n\t\t<p><span class=\"highlight author-d-1gg9uz65z1iz85zgdz68zmqkz84zo2qowz81zz86z59libz82zz66z4cz69zhz69zz74zz83zfz81z52z73zz76zz88zq6xnz70zz85zwt\" data-highlight-color=\"#F7CC62\">Postf\u00e4cher<\/span> <span class=\"highlight author-d-1gg9uz65z1iz85zgdz68zmqkz84zo2qovvuss99vmhhz80zz74zz79zrz84zhz78z6mejz80z7fpz76zq0z83zz67zz65z\" data-highlight-color=\"#F7CC62\">massenhaft erstellen und <\/span><span class=\"highlight author-d-1gg9uz65z1iz85zgdz68zmqkz84zo2qowz81zz86z59libz82zz66z4cz69zhz69zz74zz83zfz81z52z73zz76zz88zq6xnz70zz85zwt\" data-highlight-color=\"#F7CC62\">importieren, anschlie\u00dfend alle Nachrichten \u00fcbertragen<\/span> <span class=\"highlight author-d-1gg9uz65z1iz85zgdz68zmqkz84zo2qovvuss99vmhhz80zz74zz79zrz84zhz78z6mejz80z7fpz76zq0z83zz67zz65z\" data-highlight-color=\"#F7CC62\">\u2013<\/span> <span class=\"highlight author-d-1gg9uz65z1iz85zgdz68zmqkz84zo2qowz81zz86z59libz82zz66z4cz69zhz69zz74zz83zfz81z52z73zz76zz88zq6xnz70zz85zwt\" data-highlight-color=\"#F7CC62\">ohne Skripte, ohne Ausfallzeiten, ohne Stress<\/span><span class=\" author-d-1gg9uz65z1iz85zgdz68zmqkz84zo2qowz81zz86z59libz82zz66z4cz69zhz69zz74zz83zfz81z52z73zz76zz88zq6xnz70zz85zwt\">.<\/span><\/p>\n\n\t\t\n\t\t<div class=\"block-cta__wrap-btn\">\n\t\t\t\t      \t\t<a class=\"btn-accent\" href=\"https:\/\/www.qboxmail.com\/de\/kostenlose-testphase\/\">Kostenlose Testversion starten<\/a>\n\t    \t\n\t    \t\n\t\t\t\t\t<\/div>\n\n\t<\/div>\n<\/section>","protected":false},"excerpt":{"rendered":"<p>Migrieren Sie Ihre E-Mails schnell und einfach<\/p>\n","protected":false},"author":5,"featured_media":0,"parent":12779,"menu_order":0,"comment_status":"closed","ping_status":"closed","template":"","meta":{"_acf_changed":false,"inline_featured_image":false,"footnotes":""},"class_list":["post-12818","page","type-page","status-publish","hentry"],"acf":[],"yoast_head":"<!-- This site is optimized with the Yoast SEO plugin v27.3 - https:\/\/yoast.com\/product\/yoast-seo-wordpress\/ -->\n<title>Importe und Migrationen - Qboxmail<\/title>\n<meta name=\"description\" content=\"Migrieren Sie Ihre E-Mails mit unseren intuitiven Tools einfach zu Qboxmail und bewahren Sie dabei die Ordnerstrukturen. Unser Expertenteam bietet umfassenden Support ohne zus\u00e4tzliche Kosten.\" \/>\n<meta name=\"robots\" content=\"index, follow, max-snippet:-1, max-image-preview:large, max-video-preview:-1\" \/>\n<link rel=\"canonical\" href=\"https:\/\/www.qboxmail.com\/de\/funktionen\/importe-und-migrationen\/\" \/>\n<meta property=\"og:locale\" content=\"de_DE\" \/>\n<meta property=\"og:type\" content=\"article\" \/>\n<meta property=\"og:title\" content=\"Importe und Migrationen - Qboxmail\" \/>\n<meta property=\"og:description\" content=\"Migrieren Sie Ihre E-Mails mit unseren intuitiven Tools einfach zu Qboxmail und bewahren Sie dabei die Ordnerstrukturen. Unser Expertenteam bietet umfassenden Support ohne zus\u00e4tzliche Kosten.\" \/>\n<meta property=\"og:url\" content=\"https:\/\/www.qboxmail.com\/de\/funktionen\/importe-und-migrationen\/\" \/>\n<meta property=\"og:site_name\" content=\"Qboxmail\" \/>\n<meta property=\"article:publisher\" content=\"https:\/\/www.facebook.com\/qboxmail\" \/>\n<meta property=\"article:modified_time\" content=\"2025-08-01T08:45:21+00:00\" \/>\n<meta property=\"og:image\" content=\"https:\/\/www.qboxmail.com\/wp-content\/uploads\/2020\/08\/og_social.jpg\" \/>\n\t<meta property=\"og:image:width\" content=\"1200\" \/>\n\t<meta property=\"og:image:height\" content=\"630\" \/>\n\t<meta property=\"og:image:type\" content=\"image\/jpeg\" \/>\n<meta name=\"twitter:card\" content=\"summary_large_image\" \/>\n<meta name=\"twitter:site\" content=\"@qboxmail\" \/>\n<script type=\"application\/ld+json\" class=\"yoast-schema-graph\">{\"@context\":\"https:\\\/\\\/schema.org\",\"@graph\":[{\"@type\":\"WebPage\",\"@id\":\"https:\\\/\\\/www.qboxmail.com\\\/de\\\/funktionen\\\/importe-und-migrationen\\\/\",\"url\":\"https:\\\/\\\/www.qboxmail.com\\\/de\\\/funktionen\\\/importe-und-migrationen\\\/\",\"name\":\"Importe und Migrationen - Qboxmail\",\"isPartOf\":{\"@id\":\"https:\\\/\\\/www.qboxmail.com\\\/de\\\/#website\"},\"datePublished\":\"2020-03-03T11:47:23+00:00\",\"dateModified\":\"2025-08-01T08:45:21+00:00\",\"description\":\"Migrieren Sie Ihre E-Mails mit unseren intuitiven Tools einfach zu Qboxmail und bewahren Sie dabei die Ordnerstrukturen. Unser Expertenteam bietet umfassenden Support ohne zus\u00e4tzliche Kosten.\",\"breadcrumb\":{\"@id\":\"https:\\\/\\\/www.qboxmail.com\\\/de\\\/funktionen\\\/importe-und-migrationen\\\/#breadcrumb\"},\"inLanguage\":\"de\",\"potentialAction\":[{\"@type\":\"ReadAction\",\"target\":[\"https:\\\/\\\/www.qboxmail.com\\\/de\\\/funktionen\\\/importe-und-migrationen\\\/\"]}]},{\"@type\":\"BreadcrumbList\",\"@id\":\"https:\\\/\\\/www.qboxmail.com\\\/de\\\/funktionen\\\/importe-und-migrationen\\\/#breadcrumb\",\"itemListElement\":[{\"@type\":\"ListItem\",\"position\":1,\"name\":\"Home\",\"item\":\"https:\\\/\\\/www.qboxmail.com\\\/de\\\/\"},{\"@type\":\"ListItem\",\"position\":2,\"name\":\"Viele Funktionen zur Verbesserung der E-Mails Ihrer Kunden\",\"item\":\"https:\\\/\\\/www.qboxmail.com\\\/de\\\/funktionen\\\/\"},{\"@type\":\"ListItem\",\"position\":3,\"name\":\"Importe und Migrationen\"}]},{\"@type\":\"WebSite\",\"@id\":\"https:\\\/\\\/www.qboxmail.com\\\/de\\\/#website\",\"url\":\"https:\\\/\\\/www.qboxmail.com\\\/de\\\/\",\"name\":\"Qboxmail\",\"description\":\"Semplifica la gestione delle email aziendali\",\"publisher\":{\"@id\":\"https:\\\/\\\/www.qboxmail.com\\\/de\\\/#organization\"},\"potentialAction\":[{\"@type\":\"SearchAction\",\"target\":{\"@type\":\"EntryPoint\",\"urlTemplate\":\"https:\\\/\\\/www.qboxmail.com\\\/de\\\/?s={search_term_string}\"},\"query-input\":{\"@type\":\"PropertyValueSpecification\",\"valueRequired\":true,\"valueName\":\"search_term_string\"}}],\"inLanguage\":\"de\"},{\"@type\":\"Organization\",\"@id\":\"https:\\\/\\\/www.qboxmail.com\\\/de\\\/#organization\",\"name\":\"Qboxmail Srl\",\"url\":\"https:\\\/\\\/www.qboxmail.com\\\/de\\\/\",\"logo\":{\"@type\":\"ImageObject\",\"inLanguage\":\"de\",\"@id\":\"https:\\\/\\\/www.qboxmail.com\\\/de\\\/#\\\/schema\\\/logo\\\/image\\\/\",\"url\":\"https:\\\/\\\/www.qboxmail.com\\\/wp-content\\\/uploads\\\/2020\\\/08\\\/logo_qboxmail.svg\",\"contentUrl\":\"https:\\\/\\\/www.qboxmail.com\\\/wp-content\\\/uploads\\\/2020\\\/08\\\/logo_qboxmail.svg\",\"width\":\"1024\",\"height\":\"1024\",\"caption\":\"Qboxmail Srl\"},\"image\":{\"@id\":\"https:\\\/\\\/www.qboxmail.com\\\/de\\\/#\\\/schema\\\/logo\\\/image\\\/\"},\"sameAs\":[\"https:\\\/\\\/www.facebook.com\\\/qboxmail\",\"https:\\\/\\\/x.com\\\/qboxmail\",\"https:\\\/\\\/www.linkedin.com\\\/company\\\/qboxmail\"]}]}<\/script>\n<!-- \/ Yoast SEO plugin. -->","yoast_head_json":{"title":"Importe und Migrationen - Qboxmail","description":"Migrieren Sie Ihre E-Mails mit unseren intuitiven Tools einfach zu Qboxmail und bewahren Sie dabei die Ordnerstrukturen. Unser Expertenteam bietet umfassenden Support ohne zus\u00e4tzliche Kosten.","robots":{"index":"index","follow":"follow","max-snippet":"max-snippet:-1","max-image-preview":"max-image-preview:large","max-video-preview":"max-video-preview:-1"},"canonical":"https:\/\/www.qboxmail.com\/de\/funktionen\/importe-und-migrationen\/","og_locale":"de_DE","og_type":"article","og_title":"Importe und Migrationen - Qboxmail","og_description":"Migrieren Sie Ihre E-Mails mit unseren intuitiven Tools einfach zu Qboxmail und bewahren Sie dabei die Ordnerstrukturen. Unser Expertenteam bietet umfassenden Support ohne zus\u00e4tzliche Kosten.","og_url":"https:\/\/www.qboxmail.com\/de\/funktionen\/importe-und-migrationen\/","og_site_name":"Qboxmail","article_publisher":"https:\/\/www.facebook.com\/qboxmail","article_modified_time":"2025-08-01T08:45:21+00:00","og_image":[{"width":1200,"height":630,"url":"https:\/\/www.qboxmail.com\/wp-content\/uploads\/2020\/08\/og_social.jpg","type":"image\/jpeg"}],"twitter_card":"summary_large_image","twitter_site":"@qboxmail","schema":{"@context":"https:\/\/schema.org","@graph":[{"@type":"WebPage","@id":"https:\/\/www.qboxmail.com\/de\/funktionen\/importe-und-migrationen\/","url":"https:\/\/www.qboxmail.com\/de\/funktionen\/importe-und-migrationen\/","name":"Importe und Migrationen - Qboxmail","isPartOf":{"@id":"https:\/\/www.qboxmail.com\/de\/#website"},"datePublished":"2020-03-03T11:47:23+00:00","dateModified":"2025-08-01T08:45:21+00:00","description":"Migrieren Sie Ihre E-Mails mit unseren intuitiven Tools einfach zu Qboxmail und bewahren Sie dabei die Ordnerstrukturen. Unser Expertenteam bietet umfassenden Support ohne zus\u00e4tzliche Kosten.","breadcrumb":{"@id":"https:\/\/www.qboxmail.com\/de\/funktionen\/importe-und-migrationen\/#breadcrumb"},"inLanguage":"de","potentialAction":[{"@type":"ReadAction","target":["https:\/\/www.qboxmail.com\/de\/funktionen\/importe-und-migrationen\/"]}]},{"@type":"BreadcrumbList","@id":"https:\/\/www.qboxmail.com\/de\/funktionen\/importe-und-migrationen\/#breadcrumb","itemListElement":[{"@type":"ListItem","position":1,"name":"Home","item":"https:\/\/www.qboxmail.com\/de\/"},{"@type":"ListItem","position":2,"name":"Viele Funktionen zur Verbesserung der E-Mails Ihrer Kunden","item":"https:\/\/www.qboxmail.com\/de\/funktionen\/"},{"@type":"ListItem","position":3,"name":"Importe und Migrationen"}]},{"@type":"WebSite","@id":"https:\/\/www.qboxmail.com\/de\/#website","url":"https:\/\/www.qboxmail.com\/de\/","name":"Qboxmail","description":"Semplifica la gestione delle email aziendali","publisher":{"@id":"https:\/\/www.qboxmail.com\/de\/#organization"},"potentialAction":[{"@type":"SearchAction","target":{"@type":"EntryPoint","urlTemplate":"https:\/\/www.qboxmail.com\/de\/?s={search_term_string}"},"query-input":{"@type":"PropertyValueSpecification","valueRequired":true,"valueName":"search_term_string"}}],"inLanguage":"de"},{"@type":"Organization","@id":"https:\/\/www.qboxmail.com\/de\/#organization","name":"Qboxmail Srl","url":"https:\/\/www.qboxmail.com\/de\/","logo":{"@type":"ImageObject","inLanguage":"de","@id":"https:\/\/www.qboxmail.com\/de\/#\/schema\/logo\/image\/","url":"https:\/\/www.qboxmail.com\/wp-content\/uploads\/2020\/08\/logo_qboxmail.svg","contentUrl":"https:\/\/www.qboxmail.com\/wp-content\/uploads\/2020\/08\/logo_qboxmail.svg","width":"1024","height":"1024","caption":"Qboxmail Srl"},"image":{"@id":"https:\/\/www.qboxmail.com\/de\/#\/schema\/logo\/image\/"},"sameAs":["https:\/\/www.facebook.com\/qboxmail","https:\/\/x.com\/qboxmail","https:\/\/www.linkedin.com\/company\/qboxmail"]}]}},"_links":{"self":[{"href":"https:\/\/www.qboxmail.com\/de\/wp-json\/wp\/v2\/pages\/12818","targetHints":{"allow":["GET"]}}],"collection":[{"href":"https:\/\/www.qboxmail.com\/de\/wp-json\/wp\/v2\/pages"}],"about":[{"href":"https:\/\/www.qboxmail.com\/de\/wp-json\/wp\/v2\/types\/page"}],"author":[{"embeddable":true,"href":"https:\/\/www.qboxmail.com\/de\/wp-json\/wp\/v2\/users\/5"}],"replies":[{"embeddable":true,"href":"https:\/\/www.qboxmail.com\/de\/wp-json\/wp\/v2\/comments?post=12818"}],"version-history":[{"count":1,"href":"https:\/\/www.qboxmail.com\/de\/wp-json\/wp\/v2\/pages\/12818\/revisions"}],"predecessor-version":[{"id":12821,"href":"https:\/\/www.qboxmail.com\/de\/wp-json\/wp\/v2\/pages\/12818\/revisions\/12821"}],"up":[{"embeddable":true,"href":"https:\/\/www.qboxmail.com\/de\/wp-json\/wp\/v2\/pages\/12779"}],"wp:attachment":[{"href":"https:\/\/www.qboxmail.com\/de\/wp-json\/wp\/v2\/media?parent=12818"}],"curies":[{"name":"wp","href":"https:\/\/api.w.org\/{rel}","templated":true}]}}