{"id":12805,"date":"2020-09-02T11:26:14","date_gmt":"2020-09-02T09:26:14","guid":{"rendered":"https:\/\/www.qboxmail.com\/alles-was-sie-zum-verwalten-ihrer-e-mails-benotigen\/email-archive\/"},"modified":"2025-08-07T16:11:02","modified_gmt":"2025-08-07T14:11:02","slug":"email-archive","status":"publish","type":"page","link":"https:\/\/www.qboxmail.com\/de\/funktionen\/email-archive\/","title":{"rendered":"Email archive"},"content":{"rendered":"\n<section class=\"block-section block-evidence block-bg--gradient-start \">\n\t<div class=\"block-content\">\n\t\t<p>Der <strong>E-Mail-archive<\/strong> stellt ein zweites, <strong>schreibgesch\u00fctztes<\/strong> Postfach zur Verf\u00fcgung, in dem alle <strong>gesendeten und empfangenen Nachrichten<\/strong> f\u00fcr zehn Jahre <strong>ohne Speicherbegrenzung<\/strong> gespeichert werden.<\/p>\n\t<\/div>\n<\/section>\n<section class=\"block-section block-text-img block-bg--secondary\">\n\t<div class=\"block-content \">\n\n\t\t<div class=\"block-text-img__content\">\n\t\t\t\t\n\t\t\t\n\t\t\t\t\t\t\t<h2 class=\"block-title\">Mehr Sicherheit durch die Archivierung gesch\u00e4ftlicher E-Mails<\/h2>\n\t\t\t\t\n\n\t\t\t<p>\u201eDas E-Mail-Archive speichert und bewahrt eine Kopie aller gesendeten und empfangenen Nachrichten \u2013 vollst\u00e4ndig in der Cloud, ohne zus\u00e4tzliche Software oder Plugins. Archivierte Nachrichten sind nur im Lesemodus zug\u00e4nglich und werden bis zu zehn Jahre lang ohne Speicherbegrenzung aufbewahrt. <\/p>\n<p>Die Nachrichten werden automatisch in Posteingang und Gesendet unterteilt und nach Jahren organisiert. Das E-Mail-Archiv erm\u00f6glicht es den Benutzern \u2013 oder von der Firma Bevollm\u00e4chtigten \u2013, im Archiv nach E-Mails zu suchen, Nachrichten zu exportieren oder sie wiederherzustellen, indem sie in das Postfach des Benutzers \u00fcbertragen werden. <\/p>\n\n\t\t\t\t\t<\/div>\n\n\t\t<figure class=\"block-text-img__img\">\n\t\t\t\t\t\t\t<img decoding=\"async\" src=\"https:\/\/www.qboxmail.com\/wp-content\/uploads\/2025\/02\/archive_main_interface_screenshot-1280x800.png\" alt=\"\">\n\t\t\t\t\t<\/figure>\n\t<\/div>\n<\/section>\n<section class=\"block-section block-text-box block-bg--secondary\">\n\t<div class=\"block-content \">\n\n\t\t<div class=\"block-text-box__content\">\n\t\t\t\t\t\t\t<h2 class=\"block-title\">Wie das E-Mail-Archive funktioniert<\/h2>\n\t\t\t\n\t\t\t<p>Das E-Mail-Archive erstellt f\u00fcr jede gesendete oder empfangene Nachricht eine Kopie in einem zweiten, <strong>schreibgesch\u00fctzten<\/strong> Postfach. Die Nachrichten werden anschlie\u00dfend in Posteingang und Gesendet unterteilt und nach Jahren organisiert. Der Zugriff auf das Archiv ist \u00fcber Web oder Smartphone m\u00f6glich.  <\/p>\n<p>Der Vorgang des Kopierens und Archivierens der Nachrichten <strong>erfolgt f\u00fcr den Benutzer vollkommen transparent<\/strong> \u2013 die Aktivierung des Dienstes bleibt unbemerkt.<\/p>\n<p>Das E-Mail-Archiv ist vollst\u00e4ndig in den Qboxmail-Dienst integriert, <strong>kann vom Benutzer weder deaktiviert noch<\/strong> manipuliert werden, und es besteht keinerlei M\u00f6glichkeit, dass eine Nachricht nicht archiviert wird.<\/p>\n<p>Das<strong> Full-Text-Indexierungssystem<\/strong> gew\u00e4hrleistet eine schnelle und pr\u00e4zise Nachrichtensuche.<\/p>\n\n\n\t\t\t<div class=\"block-text-box__wrap-btn\">\n\t\t\t\t\t\t\t\t\n\t\t\t\t\t\t\t<\/div>\n\t\t<\/div>\n\n\t\t\t\t\t<div class=\"box block-text-box__box\"><h3>Speicher f\u00fcr empfangene Nachrichten<\/h3>\n<p>Die Kopie wird von den Qboxmail-MX-Servern erstellt, sobald die Nachricht im Postfach des Benutzers gespeichert wird \u2013 unabh\u00e4ngig davon, ob der Benutzer E-Mails per POP oder IMAP herunterl\u00e4dt oder l\u00f6scht.<\/p>\n<h3>Speicher f\u00fcr gesendete Nachrichten<\/h3>\n<p>Die Kopie wird vom Qboxmail-SMTP-Server erstellt, sobald der Benutzer die Nachricht erfolgreich sendet \u2013 unabh\u00e4ngig davon, ob er Webmail, einen Computer oder ein Smartphone verwendet.<\/p>\n<h3>Import alter Nachrichten<\/h3>\n<p>Das E-Mail-Archiv bietet zudem ein automatisches Verfahren zum Import von E-Mail-Nachrichten, die sich bereits in den Postf\u00e4chern der Benutzer befinden. Beim Import k\u00f6nnen die Ordner ausgew\u00e4hlt werden, aus denen die Nachrichten \u00fcbernommen werden sollen, sowie angegeben werden, ob es sich um gesendete oder empfangene Nachrichten handelt. Das System unterteilt die Nachrichten anschlie\u00dfend in Posteingang und Gesendet und organisiert sie im Archiv nach Jahren.  <\/p>\n<\/div>\n\t\t\t<\/div>\n<\/section>\n<section class=\"block-section block-img block-bg--secondary\">\n\t<div class=\"block-content\">\n\n\t\t<figure class=\"block-img__img\">\n\t\t\t\t\t\t\t<img decoding=\"async\" src=\"https:\/\/www.qboxmail.com\/wp-content\/uploads\/2020\/08\/archive_scheme.svg\" alt=\"How Qboxmail Email Archive works\">\t\t\t\t\t<\/figure>\n\t<\/div>\n<\/section>\n\n<section class=\"block-section block-list-box block-bg--gradient-end\">\n\t<div class=\"block-content\">\n\n\t\t\t\t\t<div class=\"box block-list-box__box\"><h3>Funktionen<\/h3>\n<ul>\n<li>Archivierung aller gesendeten und empfangenen E-Mails<\/li>\n<li>Speicherung bis zu 10 Jahre<\/li>\n<li>Unbegrenzter Speicherplatz<\/li>\n<li>Zugriff \u00fcber Bevollm\u00e4chtigte<\/li>\n<li>Suche, Export und Wiederherstellung von E-Mails<\/li>\n<\/ul>\n<\/div>\n\t\t\n\t\t\t\t\t<div class=\"box block-list-box__box\"><h3>Vorteile<\/h3>\n<ul>\n<li>Sofortige Aktivierung<\/li>\n<li>Cloud-basierter Dienst<\/li>\n<li>Keine Softwareinstallation erforderlich<\/li>\n<li>F\u00fcr den Benutzer v\u00f6llig transparent<\/li>\n<li>Es kann auch f\u00fcr einzelne Postf\u00e4cher aktiviert werden.<\/li>\n<\/ul>\n<\/div>\n\t\t\t<\/div>\n<\/section>\n<section class=\"block-section block-cta block-bg--gradient-section \">\n\t<div class=\"block-content\">\n\t\n\t\t\t\t\t<h2 class=\"cta-title\">E-Mail-Archiv f\u00fcr 10 Jahre \u2013 ohne Speicherbegrenzung<\/h2>\n\t\t\t\t\n\t\t<p><span class=\"highlight author-d-1gg9uz65z1iz85zgdz68zmqkz84zo2qowz81zz86z59libz82zz66z4cz69zhz69zz74zz83zfz81z52z73zz76zz88zq6xnz70zz85zwt\" data-highlight-color=\"#F7CC62\">Speichern Sie jede E-Mail f\u00fcr 10 Jahre mit sofortiger Suchfunktion und Wiederherstellung auf Anfrage<\/span><span class=\" author-d-1gg9uz65z1iz85zgdz68zmqkz84zo2qowz81zz86z59libz82zz66z4cz69zhz69zz74zz83zfz81z52z73zz76zz88zq6xnz70zz85zwt\">.<\/span><\/p>\n\n\t\t\n\t\t<div class=\"block-cta__wrap-btn\">\n\t\t\t\t      \t\t<a class=\"btn-accent\" href=\"https:\/\/www.qboxmail.com\/de\/kostenlose-testphase\/\">Kostenlose Testphase starten<\/a>\n\t    \t\n\t    \t\n\t\t\t\t\t<\/div>\n\n\t<\/div>\n<\/section>\n<p><\/p>\n","protected":false},"excerpt":{"rendered":"<p>Speichern Sie alle gesendeten und empfangenen E-Mails f\u00fcr zehn Jahre in der Cloud \u2013 ohne Speicherbegrenzung.<\/p>\n","protected":false},"author":5,"featured_media":0,"parent":12779,"menu_order":0,"comment_status":"closed","ping_status":"closed","template":"","meta":{"_acf_changed":false,"inline_featured_image":false,"footnotes":""},"class_list":["post-12805","page","type-page","status-publish","hentry"],"acf":[],"yoast_head":"<!-- This site is optimized with the Yoast SEO plugin v27.3 - https:\/\/yoast.com\/product\/yoast-seo-wordpress\/ -->\n<title>Email archive - Qboxmail<\/title>\n<meta name=\"description\" content=\"Das E-Mail-Archiv von Qboxmail speichert alle gesendeten und empfangenen E-Mails sicher f\u00fcr 10 Jahre in der Cloud, bietet unbegrenzten Speicherplatz und einfachen Zugriff.\" \/>\n<meta name=\"robots\" content=\"index, follow, max-snippet:-1, max-image-preview:large, max-video-preview:-1\" \/>\n<link rel=\"canonical\" href=\"https:\/\/www.qboxmail.com\/de\/funktionen\/email-archive\/\" \/>\n<meta property=\"og:locale\" content=\"de_DE\" \/>\n<meta property=\"og:type\" content=\"article\" \/>\n<meta property=\"og:title\" content=\"Email archive - Qboxmail\" \/>\n<meta property=\"og:description\" content=\"Das E-Mail-Archiv von Qboxmail speichert alle gesendeten und empfangenen E-Mails sicher f\u00fcr 10 Jahre in der Cloud, bietet unbegrenzten Speicherplatz und einfachen Zugriff.\" \/>\n<meta property=\"og:url\" content=\"https:\/\/www.qboxmail.com\/de\/funktionen\/email-archive\/\" \/>\n<meta property=\"og:site_name\" content=\"Qboxmail\" \/>\n<meta property=\"article:publisher\" content=\"https:\/\/www.facebook.com\/qboxmail\" \/>\n<meta property=\"article:modified_time\" content=\"2025-08-07T14:11:02+00:00\" \/>\n<meta property=\"og:image\" content=\"https:\/\/www.qboxmail.com\/wp-content\/uploads\/2020\/08\/og_social.jpg\" \/>\n\t<meta property=\"og:image:width\" content=\"1200\" \/>\n\t<meta property=\"og:image:height\" content=\"630\" \/>\n\t<meta property=\"og:image:type\" content=\"image\/jpeg\" \/>\n<meta name=\"twitter:card\" content=\"summary_large_image\" \/>\n<meta name=\"twitter:site\" content=\"@qboxmail\" \/>\n<script type=\"application\/ld+json\" class=\"yoast-schema-graph\">{\"@context\":\"https:\\\/\\\/schema.org\",\"@graph\":[{\"@type\":\"WebPage\",\"@id\":\"https:\\\/\\\/www.qboxmail.com\\\/de\\\/funktionen\\\/email-archive\\\/\",\"url\":\"https:\\\/\\\/www.qboxmail.com\\\/de\\\/funktionen\\\/email-archive\\\/\",\"name\":\"Email archive - Qboxmail\",\"isPartOf\":{\"@id\":\"https:\\\/\\\/www.qboxmail.com\\\/de\\\/#website\"},\"datePublished\":\"2020-09-02T09:26:14+00:00\",\"dateModified\":\"2025-08-07T14:11:02+00:00\",\"description\":\"Das E-Mail-Archiv von Qboxmail speichert alle gesendeten und empfangenen E-Mails sicher f\u00fcr 10 Jahre in der Cloud, bietet unbegrenzten Speicherplatz und einfachen Zugriff.\",\"breadcrumb\":{\"@id\":\"https:\\\/\\\/www.qboxmail.com\\\/de\\\/funktionen\\\/email-archive\\\/#breadcrumb\"},\"inLanguage\":\"de\",\"potentialAction\":[{\"@type\":\"ReadAction\",\"target\":[\"https:\\\/\\\/www.qboxmail.com\\\/de\\\/funktionen\\\/email-archive\\\/\"]}]},{\"@type\":\"BreadcrumbList\",\"@id\":\"https:\\\/\\\/www.qboxmail.com\\\/de\\\/funktionen\\\/email-archive\\\/#breadcrumb\",\"itemListElement\":[{\"@type\":\"ListItem\",\"position\":1,\"name\":\"Home\",\"item\":\"https:\\\/\\\/www.qboxmail.com\\\/de\\\/\"},{\"@type\":\"ListItem\",\"position\":2,\"name\":\"Viele Funktionen zur Verbesserung der E-Mails Ihrer Kunden\",\"item\":\"https:\\\/\\\/www.qboxmail.com\\\/de\\\/funktionen\\\/\"},{\"@type\":\"ListItem\",\"position\":3,\"name\":\"Email archive\"}]},{\"@type\":\"WebSite\",\"@id\":\"https:\\\/\\\/www.qboxmail.com\\\/de\\\/#website\",\"url\":\"https:\\\/\\\/www.qboxmail.com\\\/de\\\/\",\"name\":\"Qboxmail\",\"description\":\"Semplifica la gestione delle email aziendali\",\"publisher\":{\"@id\":\"https:\\\/\\\/www.qboxmail.com\\\/de\\\/#organization\"},\"potentialAction\":[{\"@type\":\"SearchAction\",\"target\":{\"@type\":\"EntryPoint\",\"urlTemplate\":\"https:\\\/\\\/www.qboxmail.com\\\/de\\\/?s={search_term_string}\"},\"query-input\":{\"@type\":\"PropertyValueSpecification\",\"valueRequired\":true,\"valueName\":\"search_term_string\"}}],\"inLanguage\":\"de\"},{\"@type\":\"Organization\",\"@id\":\"https:\\\/\\\/www.qboxmail.com\\\/de\\\/#organization\",\"name\":\"Qboxmail Srl\",\"url\":\"https:\\\/\\\/www.qboxmail.com\\\/de\\\/\",\"logo\":{\"@type\":\"ImageObject\",\"inLanguage\":\"de\",\"@id\":\"https:\\\/\\\/www.qboxmail.com\\\/de\\\/#\\\/schema\\\/logo\\\/image\\\/\",\"url\":\"https:\\\/\\\/www.qboxmail.com\\\/wp-content\\\/uploads\\\/2020\\\/08\\\/logo_qboxmail.svg\",\"contentUrl\":\"https:\\\/\\\/www.qboxmail.com\\\/wp-content\\\/uploads\\\/2020\\\/08\\\/logo_qboxmail.svg\",\"width\":\"1024\",\"height\":\"1024\",\"caption\":\"Qboxmail Srl\"},\"image\":{\"@id\":\"https:\\\/\\\/www.qboxmail.com\\\/de\\\/#\\\/schema\\\/logo\\\/image\\\/\"},\"sameAs\":[\"https:\\\/\\\/www.facebook.com\\\/qboxmail\",\"https:\\\/\\\/x.com\\\/qboxmail\",\"https:\\\/\\\/www.linkedin.com\\\/company\\\/qboxmail\"]}]}<\/script>\n<!-- \/ Yoast SEO plugin. -->","yoast_head_json":{"title":"Email archive - Qboxmail","description":"Das E-Mail-Archiv von Qboxmail speichert alle gesendeten und empfangenen E-Mails sicher f\u00fcr 10 Jahre in der Cloud, bietet unbegrenzten Speicherplatz und einfachen Zugriff.","robots":{"index":"index","follow":"follow","max-snippet":"max-snippet:-1","max-image-preview":"max-image-preview:large","max-video-preview":"max-video-preview:-1"},"canonical":"https:\/\/www.qboxmail.com\/de\/funktionen\/email-archive\/","og_locale":"de_DE","og_type":"article","og_title":"Email archive - Qboxmail","og_description":"Das E-Mail-Archiv von Qboxmail speichert alle gesendeten und empfangenen E-Mails sicher f\u00fcr 10 Jahre in der Cloud, bietet unbegrenzten Speicherplatz und einfachen Zugriff.","og_url":"https:\/\/www.qboxmail.com\/de\/funktionen\/email-archive\/","og_site_name":"Qboxmail","article_publisher":"https:\/\/www.facebook.com\/qboxmail","article_modified_time":"2025-08-07T14:11:02+00:00","og_image":[{"width":1200,"height":630,"url":"https:\/\/www.qboxmail.com\/wp-content\/uploads\/2020\/08\/og_social.jpg","type":"image\/jpeg"}],"twitter_card":"summary_large_image","twitter_site":"@qboxmail","schema":{"@context":"https:\/\/schema.org","@graph":[{"@type":"WebPage","@id":"https:\/\/www.qboxmail.com\/de\/funktionen\/email-archive\/","url":"https:\/\/www.qboxmail.com\/de\/funktionen\/email-archive\/","name":"Email archive - Qboxmail","isPartOf":{"@id":"https:\/\/www.qboxmail.com\/de\/#website"},"datePublished":"2020-09-02T09:26:14+00:00","dateModified":"2025-08-07T14:11:02+00:00","description":"Das E-Mail-Archiv von Qboxmail speichert alle gesendeten und empfangenen E-Mails sicher f\u00fcr 10 Jahre in der Cloud, bietet unbegrenzten Speicherplatz und einfachen Zugriff.","breadcrumb":{"@id":"https:\/\/www.qboxmail.com\/de\/funktionen\/email-archive\/#breadcrumb"},"inLanguage":"de","potentialAction":[{"@type":"ReadAction","target":["https:\/\/www.qboxmail.com\/de\/funktionen\/email-archive\/"]}]},{"@type":"BreadcrumbList","@id":"https:\/\/www.qboxmail.com\/de\/funktionen\/email-archive\/#breadcrumb","itemListElement":[{"@type":"ListItem","position":1,"name":"Home","item":"https:\/\/www.qboxmail.com\/de\/"},{"@type":"ListItem","position":2,"name":"Viele Funktionen zur Verbesserung der E-Mails Ihrer Kunden","item":"https:\/\/www.qboxmail.com\/de\/funktionen\/"},{"@type":"ListItem","position":3,"name":"Email archive"}]},{"@type":"WebSite","@id":"https:\/\/www.qboxmail.com\/de\/#website","url":"https:\/\/www.qboxmail.com\/de\/","name":"Qboxmail","description":"Semplifica la gestione delle email aziendali","publisher":{"@id":"https:\/\/www.qboxmail.com\/de\/#organization"},"potentialAction":[{"@type":"SearchAction","target":{"@type":"EntryPoint","urlTemplate":"https:\/\/www.qboxmail.com\/de\/?s={search_term_string}"},"query-input":{"@type":"PropertyValueSpecification","valueRequired":true,"valueName":"search_term_string"}}],"inLanguage":"de"},{"@type":"Organization","@id":"https:\/\/www.qboxmail.com\/de\/#organization","name":"Qboxmail Srl","url":"https:\/\/www.qboxmail.com\/de\/","logo":{"@type":"ImageObject","inLanguage":"de","@id":"https:\/\/www.qboxmail.com\/de\/#\/schema\/logo\/image\/","url":"https:\/\/www.qboxmail.com\/wp-content\/uploads\/2020\/08\/logo_qboxmail.svg","contentUrl":"https:\/\/www.qboxmail.com\/wp-content\/uploads\/2020\/08\/logo_qboxmail.svg","width":"1024","height":"1024","caption":"Qboxmail Srl"},"image":{"@id":"https:\/\/www.qboxmail.com\/de\/#\/schema\/logo\/image\/"},"sameAs":["https:\/\/www.facebook.com\/qboxmail","https:\/\/x.com\/qboxmail","https:\/\/www.linkedin.com\/company\/qboxmail"]}]}},"_links":{"self":[{"href":"https:\/\/www.qboxmail.com\/de\/wp-json\/wp\/v2\/pages\/12805","targetHints":{"allow":["GET"]}}],"collection":[{"href":"https:\/\/www.qboxmail.com\/de\/wp-json\/wp\/v2\/pages"}],"about":[{"href":"https:\/\/www.qboxmail.com\/de\/wp-json\/wp\/v2\/types\/page"}],"author":[{"embeddable":true,"href":"https:\/\/www.qboxmail.com\/de\/wp-json\/wp\/v2\/users\/5"}],"replies":[{"embeddable":true,"href":"https:\/\/www.qboxmail.com\/de\/wp-json\/wp\/v2\/comments?post=12805"}],"version-history":[{"count":3,"href":"https:\/\/www.qboxmail.com\/de\/wp-json\/wp\/v2\/pages\/12805\/revisions"}],"predecessor-version":[{"id":13143,"href":"https:\/\/www.qboxmail.com\/de\/wp-json\/wp\/v2\/pages\/12805\/revisions\/13143"}],"up":[{"embeddable":true,"href":"https:\/\/www.qboxmail.com\/de\/wp-json\/wp\/v2\/pages\/12779"}],"wp:attachment":[{"href":"https:\/\/www.qboxmail.com\/de\/wp-json\/wp\/v2\/media?parent=12805"}],"curies":[{"name":"wp","href":"https:\/\/api.w.org\/{rel}","templated":true}]}}