{"id":12797,"date":"2020-09-02T11:12:07","date_gmt":"2020-09-02T09:12:07","guid":{"rendered":"https:\/\/www.qboxmail.com\/alles-was-sie-zum-verwalten-ihrer-e-mails-benotigen\/control-panel\/"},"modified":"2026-04-01T12:47:33","modified_gmt":"2026-04-01T10:47:33","slug":"control-panel","status":"publish","type":"page","link":"https:\/\/www.qboxmail.com\/de\/funktionen\/control-panel\/","title":{"rendered":"Control Panel"},"content":{"rendered":"\n<section class=\"block-section block-evidence block-bg--gradient-start \">\n\t<div class=\"block-content\">\n\t\t<p>Das Control Panel von Qboxmail wurde vollst\u00e4ndig von unserer Forschungs- und Entwicklungsabteilung entworfen und entwickelt. Es erf\u00fcllt die Anforderungen aller Kundentypen \u2013 von Wiederverk\u00e4ufern bis hin zum IT-Manager gro\u00dfer Unternehmen.<\/p>\n\t<\/div>\n<\/section>\n<section class=\"block-section block-text-img block-bg--secondary\">\n\t<div class=\"block-content block-content--reverse\">\n\n\t\t<div class=\"block-text-img__content\">\n\t\t\t\t\n\t\t\t\n\t\t\t\t\t\t\t<h2 class=\"block-title\">Eine zentrale Konsole zur <em>Verwaltung<\/em> aller Ihrer E-Mail-Konten<\/h2>\n\t\t\t\t\n\n\t\t\t<p>\u00dcber ein zentrales Dashboard lassen sich alle E-Mail-Konten Ihrer Benutzer auch \u00fcber mehrere Domains hinweg verwalten. Sie k\u00f6nnen zudem sowohl Ihren Mitarbeitenden als auch Ihren Kunden Verwaltungsrechte einr\u00e4umen \u2013 bei maximaler Sicherheit und Datenschutz.  <\/p>\n<p>Dar\u00fcber hinaus erm\u00f6glicht unser Control Panel den Kunden volle Unabh\u00e4ngigkeit bei der Verwaltung ihrer E-Mail-Konten \u2013 von der Aktivierung bis hin zum technischen Support.<\/p>\n\n\t\t\t\t\t<\/div>\n\n\t\t<figure class=\"block-text-img__img\">\n\t\t\t\t\t\t\t<img decoding=\"async\" src=\"https:\/\/www.qboxmail.com\/wp-content\/uploads\/2025\/02\/panel_2_screenshot-1280x800.webp\" alt=\"Qboxmail Control Panel\">\n\t\t\t\t\t<\/figure>\n\t<\/div>\n<\/section>\n<section class=\"block-section block-text-img block-bg--gradient-end\">\n\t<div class=\"block-content \">\n\n\t\t<div class=\"block-text-img__content\">\n\t\t\t\t\n\t\t\t\n\t\t\t\t\t\t\t<h2 class=\"block-title\">Eine <em>mehrstufige<\/em> L\u00f6sung: Delegieren macht das Leben einfacher<\/h2>\n\t\t\t\t\n\n\t\t\t<p>Bei der Entwicklung unseres Control Panels haben wir die Anforderungen von Wiederverk\u00e4ufern und Unternehmen mit eigener IT-Abteilung ber\u00fccksichtigt. Deshalb bieten wir unseren Kunden die M\u00f6glichkeit, verschiedene Rollen f\u00fcr interne oder externe Mitarbeitende zu erstellen \u2013 mit spezifischen Rechten und Einschr\u00e4nkungen. <\/p>\n<p>Sie k\u00f6nnen beispielsweise f\u00fcr jedes Teammitglied ein eigenes Konto erstellen oder die Verwaltung bestimmter Dienste direkt Ihren Kunden \u00fcberlassen \u2013 im Rahmen der von Ihnen festgelegten Einschr\u00e4nkungen.<\/p>\n\n\t\t\t\t      <a class=\"btn-outline btn-outline-accent block-text-img__btn\" href=\"https:\/\/www.qboxmail.com\/de\/multi-level-control-panel\/\">Vorteile des Mehrstufigen Zugriffs<\/a>\n\t    \t\t<\/div>\n\n\t\t<figure class=\"block-text-img__img\">\n\t\t\t<a href=\"https:\/\/www.qboxmail.com\/de\/multi-level-control-panel\/\">\t\t\t\t<img decoding=\"async\" src=\"https:\/\/www.qboxmail.com\/wp-content\/uploads\/2022\/03\/multi_level_illustration.svg\" alt=\"This image represents a hierarchical structure using a pyramid diagram. The different levels of the pyramid are labeled with roles such as Admin, Team Members, Managers, and Postmasters\">\n\t\t\t<\/a>\t\t<\/figure>\n\t<\/div>\n<\/section>\n<section class=\"block-section block-text-img block-bg--gradient-start\">\n\t<div class=\"block-content block-content--reverse\">\n\n\t\t<div class=\"block-text-img__content\">\n\t\t\t\t\n\t\t\t\n\t\t\t\t\t\t\t<h2 class=\"block-title\"><em>White-Label<\/em> und Anpassung<\/h2>\n\t\t\t\t\n\n\t\t\t<p>Der Zugriff auf das Control Panel ist im White-Label-Modus m\u00f6glich, bei dem s\u00e4mtliche direkten Verweise auf Qboxmail ausgeblendet werden. So k\u00f6nnen Sie Ihre E-Mail-Adresse mit Ihrem eigenen Domainnamen personalisieren.<\/p>\n<p>Auch das Design des Control Panels l\u00e4sst sich anpassen, sodass Ihren Benutzern oder Kunden der Name und das Logo Ihres Unternehmens \u2013 oder das Ihres Kunden \u2013 angezeigt werden.<\/p>\n\n\t\t\t\t      <a class=\"btn-outline btn-outline-accent block-text-img__btn\" href=\"https:\/\/www.qboxmail.com\/de\/white-label-e-mail-hosting-besser-als-je-zuvor\/\">Weitere Informationen<\/a>\n\t    \t\t<\/div>\n\n\t\t<figure class=\"block-text-img__img\">\n\t\t\t<a href=\"https:\/\/www.qboxmail.com\/de\/white-label-e-mail-hosting-besser-als-je-zuvor\/\">\t\t\t\t<img decoding=\"async\" src=\"https:\/\/www.qboxmail.com\/wp-content\/uploads\/2025\/02\/panel_3_screenshot-1280x800.webp\" alt=\"\">\n\t\t\t<\/a>\t\t<\/figure>\n\t<\/div>\n<\/section>\n<section class=\"block-section block-text-img block-bg--secondary\">\n\t<div class=\"block-content \">\n\n\t\t<div class=\"block-text-img__content\">\n\t\t\t\t\n\t\t\t\n\t\t\t\t\t\t\t<h2 class=\"block-title\">Zentrale <em>Verwaltung<\/em> von E-Mail-Signaturen<\/h2>\n\t\t\t\t\n\n\t\t\t<p>Die Signatur einer E-Mail ist ein wichtiger Bestandteil des Unternehmensauftritts. Daher ist es unerl\u00e4sslich, f\u00fcr alle Konten einer Domain eine einheitliche und personalisierte Signatur zu verwenden. <\/p>\n<p>\u00dcber das Control Panel lassen sich Domainsignaturen schnell und einfach verwalten \u2013 die professionelle Signatur kann mit nur einem Klick auf alle Konten angewendet werden.<\/p>\n\n\t\t\t\t      <a class=\"btn-outline btn-outline-accent block-text-img__btn\" href=\"https:\/\/www.qboxmail.com\/de\/funktionen\/control-panel\/zentrale-verwaltung-von-e-mail-signaturen\/\">Erfahren Sie, wie Sie Signaturen verwalten<\/a>\n\t    \t\t<\/div>\n\n\t\t<figure class=\"block-text-img__img\">\n\t\t\t<a href=\"https:\/\/www.qboxmail.com\/de\/funktionen\/control-panel\/zentrale-verwaltung-von-e-mail-signaturen\/\">\t\t\t\t<img decoding=\"async\" src=\"https:\/\/www.qboxmail.com\/wp-content\/uploads\/2025\/02\/panel_signature_1_screenshot-1280x800.webp\" alt=\"Email signature editor with dynamic fields for name, company and contacts, identity and logo management Liquid\">\n\t\t\t<\/a>\t\t<\/figure>\n\t<\/div>\n<\/section>\n<section class=\"block-section block-bg--gradient-end\">\n\t<div class=\"block-content\">\n\n\t\t<div class=\"block-features-evidence__content\">\n\t\t\t\n\t\t\t \t\t<\/div>\n\n\t\t<div class=\"block-features-evidence__wrap-card\">\n\t\t\t\t\t\t\t\t\t\t\t\t\n\t\t\t\t\t<a class=\"block-features-evidence__card block-features-evidence__card--link\" href=\"https:\/\/www.qboxmail.com\/de\/funktionen\/tracemail\/\">      \t\t\n\t\t\t\t\t\t<figure class=\"block-features-evidence__card-icon\">\n\t\t            \t\t<img decoding=\"async\" src=\"https:\/\/www.qboxmail.com\/wp-content\/uploads\/2022\/03\/icon_tracemail.svg\" alt=\"icon for rappresenting the tracemail application of the webmail of qboxmail\"\/>\n\t\t         \t \t<\/figure>\n\t\t\t\t\t\t\t\t\n\t\t         \t\t<h2 class=\"block-features-evidence__card-title\">Tracemail<\/h2>\n\t\t          \t\t<p class=\"block-features-evidence__card-text\">Analysieren Sie E-Mail-Verkehrsprotokolle in Echtzeit, um pr\u00e4zise und zeitnahe Antworten auf die Anfragen Ihrer Kunden zu geben.<\/p>    \n\t\t        \t<\/a>\n\t        \t\t\t\t\t\t\n\t\t\t\t\t<a class=\"block-features-evidence__card block-features-evidence__card--link\" href=\"https:\/\/www.qboxmail.com\/de\/funktionen\/importe-und-migrationen\/\">      \t\t\n\t\t\t\t\t\t<figure class=\"block-features-evidence__card-icon\">\n\t\t            \t\t<img decoding=\"async\" src=\"https:\/\/www.qboxmail.com\/wp-content\/uploads\/2022\/03\/icon_download_2.svg\" alt=\"blue icon of the symbol of download\"\/>\n\t\t         \t \t<\/figure>\n\t\t\t\t\t\t\t\t\n\t\t         \t\t<h2 class=\"block-features-evidence__card-title\">Importe und Migrationen<\/h2>\n\t\t          \t\t<p class=\"block-features-evidence__card-text\">Der Wechsel von Ihrem aktuellen E-Mail-Anbieter zu Qboxmail ist dank unserer automatischen Import- und Migrationswerkzeuge ganz einfach.<\/p>    \n\t\t        \t<\/a>\n\t        \t\t\t\t\t\t\n\t\t\t\t\t<a class=\"block-features-evidence__card block-features-evidence__card--link\" href=\"https:\/\/www.qboxmail.com\/de\/funktionen\/email-security\/\">      \t\t\n\t\t\t\t\t\t<figure class=\"block-features-evidence__card-icon\">\n\t\t            \t\t<img decoding=\"async\" src=\"https:\/\/www.qboxmail.com\/wp-content\/uploads\/2022\/03\/icon_security_5.svg\" alt=\"This image appears to be a shield icon, used to represent security, protection, or privacy.\"\/>\n\t\t         \t \t<\/figure>\n\t\t\t\t\t\t\t\t\n\t\t         \t\t<h2 class=\"block-features-evidence__card-title\">E-Mail-Sicherheit<\/h2>\n\t\t          \t\t<p class=\"block-features-evidence__card-text\">Alle E-Mail-Konten sind durch eine leistungsstarke und professionelle E-Mail-Sicherheitsl\u00f6sung gesch\u00fctzt. Bei Bedarf anpassbar. <\/p>    \n\t\t        \t<\/a>\n\t        \t\t\t\t\t\t\n\t\t\t\t\t<a class=\"block-features-evidence__card block-features-evidence__card--link\" href=\"https:\/\/www.qboxmail.com\/de\/funktionen\/api-fur-e-mail-hosting\/\">      \t\t\n\t\t\t\t\t\t<figure class=\"block-features-evidence__card-icon\">\n\t\t            \t\t<img decoding=\"async\" src=\"https:\/\/www.qboxmail.com\/wp-content\/uploads\/2022\/03\/icon_api_3.svg\" alt=\"icon rapresent the api\"\/>\n\t\t         \t \t<\/figure>\n\t\t\t\t\t\t\t\t\n\t\t         \t\t<h2 class=\"block-features-evidence__card-title\">API<\/h2>\n\t\t          \t\t<p class=\"block-features-evidence__card-text\">Die API erm\u00f6glicht Ihnen die schnelle Integration der Verwaltung und Abrechnung von E-Mail-Diensten direkt in Ihre Prozesse oder Ihr Managementsystem.<\/p>    \n\t\t        \t<\/a>\n\t        \t\t      \t\t\t<\/div>\n\n\t<\/div>\n<\/section>\n\n<section class=\"block-section block-cta block-bg--gradient-section \">\n\t<div class=\"block-content\">\n\t\n\t\t\t\t\t<h2 class=\"cta-title\">Alle Postf\u00e4cher Ihrer Kunden \u00fcber ein zentrales Dashboard verwalten<\/h2>\n\t\t\t\t\n\t\t<p><span class=\"highlight author-d-1gg9uz65z1iz85zgdz68zmqkz84zo2qowz81zz86z59libz82zz66z4cz69zhz69zz74zz83zfz81z52z73zz76zz88zq6xnz70zz85zwt\" data-highlight-color=\"#F7CC62\">Das mehrstufige Control Panel spart Zeit \u2013 mit einheitlichen, resellerf\u00e4higen Tools.<\/span><\/p>\n\n\t\t\n\t\t<div class=\"block-cta__wrap-btn\">\n\t\t\t\t      \t\t<a class=\"btn-accent\" href=\"https:\/\/www.qboxmail.com\/de\/kostenlose-testphase\/\">Kostenlose Testphase starten<\/a>\n\t    \t\n\t    \t\n\t\t\t\t\t<\/div>\n\n\t<\/div>\n<\/section>","protected":false},"excerpt":{"rendered":"<p>Eine zentrale Konsole, \u00fcber die sich die E-Mail-Konten aller Ihrer Domains verwalten lassen \u2013 vollst\u00e4ndig im Self-Service und mit Mehrstufenstruktur. <\/p>\n","protected":false},"author":5,"featured_media":0,"parent":12779,"menu_order":0,"comment_status":"closed","ping_status":"closed","template":"","meta":{"_acf_changed":false,"inline_featured_image":false,"footnotes":""},"class_list":["post-12797","page","type-page","status-publish","hentry"],"acf":[],"yoast_head":"<!-- This site is optimized with the Yoast SEO plugin v27.3 - https:\/\/yoast.com\/product\/yoast-seo-wordpress\/ -->\n<title>Verwalten Sie Unternehmens-E-Mails \u00fcber unser Control Panel - Qboxmail<\/title>\n<meta name=\"description\" content=\"Eine zentrale Konsole zur Verwaltung der E-Mail-Konten all Ihrer Domains \u2013 vollst\u00e4ndig im Self-Service und mit mehrstufiger Struktur.\" \/>\n<meta name=\"robots\" content=\"index, follow, max-snippet:-1, max-image-preview:large, max-video-preview:-1\" \/>\n<link rel=\"canonical\" href=\"https:\/\/www.qboxmail.com\/de\/funktionen\/control-panel\/\" \/>\n<meta property=\"og:locale\" content=\"de_DE\" \/>\n<meta property=\"og:type\" content=\"article\" \/>\n<meta property=\"og:title\" content=\"Verwalten Sie Unternehmens-E-Mails \u00fcber unser Control Panel - Qboxmail\" \/>\n<meta property=\"og:description\" content=\"Eine zentrale Konsole zur Verwaltung der E-Mail-Konten all Ihrer Domains \u2013 vollst\u00e4ndig im Self-Service und mit mehrstufiger Struktur.\" \/>\n<meta property=\"og:url\" content=\"https:\/\/www.qboxmail.com\/de\/funktionen\/control-panel\/\" \/>\n<meta property=\"og:site_name\" content=\"Qboxmail\" \/>\n<meta property=\"article:publisher\" content=\"https:\/\/www.facebook.com\/qboxmail\" \/>\n<meta property=\"article:modified_time\" content=\"2026-04-01T10:47:33+00:00\" \/>\n<meta property=\"og:image\" content=\"https:\/\/www.qboxmail.com\/wp-content\/uploads\/2020\/08\/og_social.jpg\" \/>\n\t<meta property=\"og:image:width\" content=\"1200\" \/>\n\t<meta property=\"og:image:height\" content=\"630\" \/>\n\t<meta property=\"og:image:type\" content=\"image\/jpeg\" \/>\n<meta name=\"twitter:card\" content=\"summary_large_image\" \/>\n<meta name=\"twitter:site\" content=\"@qboxmail\" \/>\n<meta name=\"twitter:label1\" content=\"Gesch\u00e4tzte Lesezeit\" \/>\n\t<meta name=\"twitter:data1\" content=\"3\u00a0Minuten\" \/>\n<script type=\"application\/ld+json\" class=\"yoast-schema-graph\">{\"@context\":\"https:\\\/\\\/schema.org\",\"@graph\":[{\"@type\":\"WebPage\",\"@id\":\"https:\\\/\\\/www.qboxmail.com\\\/de\\\/funktionen\\\/control-panel\\\/\",\"url\":\"https:\\\/\\\/www.qboxmail.com\\\/de\\\/funktionen\\\/control-panel\\\/\",\"name\":\"Verwalten Sie Unternehmens-E-Mails \u00fcber unser Control Panel - Qboxmail\",\"isPartOf\":{\"@id\":\"https:\\\/\\\/www.qboxmail.com\\\/de\\\/#website\"},\"datePublished\":\"2020-09-02T09:12:07+00:00\",\"dateModified\":\"2026-04-01T10:47:33+00:00\",\"description\":\"Eine zentrale Konsole zur Verwaltung der E-Mail-Konten all Ihrer Domains \u2013 vollst\u00e4ndig im Self-Service und mit mehrstufiger Struktur.\",\"breadcrumb\":{\"@id\":\"https:\\\/\\\/www.qboxmail.com\\\/de\\\/funktionen\\\/control-panel\\\/#breadcrumb\"},\"inLanguage\":\"de\",\"potentialAction\":[{\"@type\":\"ReadAction\",\"target\":[\"https:\\\/\\\/www.qboxmail.com\\\/de\\\/funktionen\\\/control-panel\\\/\"]}]},{\"@type\":\"BreadcrumbList\",\"@id\":\"https:\\\/\\\/www.qboxmail.com\\\/de\\\/funktionen\\\/control-panel\\\/#breadcrumb\",\"itemListElement\":[{\"@type\":\"ListItem\",\"position\":1,\"name\":\"Home\",\"item\":\"https:\\\/\\\/www.qboxmail.com\\\/de\\\/\"},{\"@type\":\"ListItem\",\"position\":2,\"name\":\"Viele Funktionen zur Verbesserung der E-Mails Ihrer Kunden\",\"item\":\"https:\\\/\\\/www.qboxmail.com\\\/de\\\/funktionen\\\/\"},{\"@type\":\"ListItem\",\"position\":3,\"name\":\"Control Panel\"}]},{\"@type\":\"WebSite\",\"@id\":\"https:\\\/\\\/www.qboxmail.com\\\/de\\\/#website\",\"url\":\"https:\\\/\\\/www.qboxmail.com\\\/de\\\/\",\"name\":\"Qboxmail\",\"description\":\"Semplifica la gestione delle email aziendali\",\"publisher\":{\"@id\":\"https:\\\/\\\/www.qboxmail.com\\\/de\\\/#organization\"},\"potentialAction\":[{\"@type\":\"SearchAction\",\"target\":{\"@type\":\"EntryPoint\",\"urlTemplate\":\"https:\\\/\\\/www.qboxmail.com\\\/de\\\/?s={search_term_string}\"},\"query-input\":{\"@type\":\"PropertyValueSpecification\",\"valueRequired\":true,\"valueName\":\"search_term_string\"}}],\"inLanguage\":\"de\"},{\"@type\":\"Organization\",\"@id\":\"https:\\\/\\\/www.qboxmail.com\\\/de\\\/#organization\",\"name\":\"Qboxmail Srl\",\"url\":\"https:\\\/\\\/www.qboxmail.com\\\/de\\\/\",\"logo\":{\"@type\":\"ImageObject\",\"inLanguage\":\"de\",\"@id\":\"https:\\\/\\\/www.qboxmail.com\\\/de\\\/#\\\/schema\\\/logo\\\/image\\\/\",\"url\":\"https:\\\/\\\/www.qboxmail.com\\\/wp-content\\\/uploads\\\/2020\\\/08\\\/logo_qboxmail.svg\",\"contentUrl\":\"https:\\\/\\\/www.qboxmail.com\\\/wp-content\\\/uploads\\\/2020\\\/08\\\/logo_qboxmail.svg\",\"width\":\"1024\",\"height\":\"1024\",\"caption\":\"Qboxmail Srl\"},\"image\":{\"@id\":\"https:\\\/\\\/www.qboxmail.com\\\/de\\\/#\\\/schema\\\/logo\\\/image\\\/\"},\"sameAs\":[\"https:\\\/\\\/www.facebook.com\\\/qboxmail\",\"https:\\\/\\\/x.com\\\/qboxmail\",\"https:\\\/\\\/www.linkedin.com\\\/company\\\/qboxmail\"]}]}<\/script>\n<!-- \/ Yoast SEO plugin. -->","yoast_head_json":{"title":"Verwalten Sie Unternehmens-E-Mails \u00fcber unser Control Panel - Qboxmail","description":"Eine zentrale Konsole zur Verwaltung der E-Mail-Konten all Ihrer Domains \u2013 vollst\u00e4ndig im Self-Service und mit mehrstufiger Struktur.","robots":{"index":"index","follow":"follow","max-snippet":"max-snippet:-1","max-image-preview":"max-image-preview:large","max-video-preview":"max-video-preview:-1"},"canonical":"https:\/\/www.qboxmail.com\/de\/funktionen\/control-panel\/","og_locale":"de_DE","og_type":"article","og_title":"Verwalten Sie Unternehmens-E-Mails \u00fcber unser Control Panel - Qboxmail","og_description":"Eine zentrale Konsole zur Verwaltung der E-Mail-Konten all Ihrer Domains \u2013 vollst\u00e4ndig im Self-Service und mit mehrstufiger Struktur.","og_url":"https:\/\/www.qboxmail.com\/de\/funktionen\/control-panel\/","og_site_name":"Qboxmail","article_publisher":"https:\/\/www.facebook.com\/qboxmail","article_modified_time":"2026-04-01T10:47:33+00:00","og_image":[{"width":1200,"height":630,"url":"https:\/\/www.qboxmail.com\/wp-content\/uploads\/2020\/08\/og_social.jpg","type":"image\/jpeg"}],"twitter_card":"summary_large_image","twitter_site":"@qboxmail","twitter_misc":{"Gesch\u00e4tzte Lesezeit":"3\u00a0Minuten"},"schema":{"@context":"https:\/\/schema.org","@graph":[{"@type":"WebPage","@id":"https:\/\/www.qboxmail.com\/de\/funktionen\/control-panel\/","url":"https:\/\/www.qboxmail.com\/de\/funktionen\/control-panel\/","name":"Verwalten Sie Unternehmens-E-Mails \u00fcber unser Control Panel - Qboxmail","isPartOf":{"@id":"https:\/\/www.qboxmail.com\/de\/#website"},"datePublished":"2020-09-02T09:12:07+00:00","dateModified":"2026-04-01T10:47:33+00:00","description":"Eine zentrale Konsole zur Verwaltung der E-Mail-Konten all Ihrer Domains \u2013 vollst\u00e4ndig im Self-Service und mit mehrstufiger Struktur.","breadcrumb":{"@id":"https:\/\/www.qboxmail.com\/de\/funktionen\/control-panel\/#breadcrumb"},"inLanguage":"de","potentialAction":[{"@type":"ReadAction","target":["https:\/\/www.qboxmail.com\/de\/funktionen\/control-panel\/"]}]},{"@type":"BreadcrumbList","@id":"https:\/\/www.qboxmail.com\/de\/funktionen\/control-panel\/#breadcrumb","itemListElement":[{"@type":"ListItem","position":1,"name":"Home","item":"https:\/\/www.qboxmail.com\/de\/"},{"@type":"ListItem","position":2,"name":"Viele Funktionen zur Verbesserung der E-Mails Ihrer Kunden","item":"https:\/\/www.qboxmail.com\/de\/funktionen\/"},{"@type":"ListItem","position":3,"name":"Control Panel"}]},{"@type":"WebSite","@id":"https:\/\/www.qboxmail.com\/de\/#website","url":"https:\/\/www.qboxmail.com\/de\/","name":"Qboxmail","description":"Semplifica la gestione delle email aziendali","publisher":{"@id":"https:\/\/www.qboxmail.com\/de\/#organization"},"potentialAction":[{"@type":"SearchAction","target":{"@type":"EntryPoint","urlTemplate":"https:\/\/www.qboxmail.com\/de\/?s={search_term_string}"},"query-input":{"@type":"PropertyValueSpecification","valueRequired":true,"valueName":"search_term_string"}}],"inLanguage":"de"},{"@type":"Organization","@id":"https:\/\/www.qboxmail.com\/de\/#organization","name":"Qboxmail Srl","url":"https:\/\/www.qboxmail.com\/de\/","logo":{"@type":"ImageObject","inLanguage":"de","@id":"https:\/\/www.qboxmail.com\/de\/#\/schema\/logo\/image\/","url":"https:\/\/www.qboxmail.com\/wp-content\/uploads\/2020\/08\/logo_qboxmail.svg","contentUrl":"https:\/\/www.qboxmail.com\/wp-content\/uploads\/2020\/08\/logo_qboxmail.svg","width":"1024","height":"1024","caption":"Qboxmail Srl"},"image":{"@id":"https:\/\/www.qboxmail.com\/de\/#\/schema\/logo\/image\/"},"sameAs":["https:\/\/www.facebook.com\/qboxmail","https:\/\/x.com\/qboxmail","https:\/\/www.linkedin.com\/company\/qboxmail"]}]}},"_links":{"self":[{"href":"https:\/\/www.qboxmail.com\/de\/wp-json\/wp\/v2\/pages\/12797","targetHints":{"allow":["GET"]}}],"collection":[{"href":"https:\/\/www.qboxmail.com\/de\/wp-json\/wp\/v2\/pages"}],"about":[{"href":"https:\/\/www.qboxmail.com\/de\/wp-json\/wp\/v2\/types\/page"}],"author":[{"embeddable":true,"href":"https:\/\/www.qboxmail.com\/de\/wp-json\/wp\/v2\/users\/5"}],"replies":[{"embeddable":true,"href":"https:\/\/www.qboxmail.com\/de\/wp-json\/wp\/v2\/comments?post=12797"}],"version-history":[{"count":7,"href":"https:\/\/www.qboxmail.com\/de\/wp-json\/wp\/v2\/pages\/12797\/revisions"}],"predecessor-version":[{"id":13141,"href":"https:\/\/www.qboxmail.com\/de\/wp-json\/wp\/v2\/pages\/12797\/revisions\/13141"}],"up":[{"embeddable":true,"href":"https:\/\/www.qboxmail.com\/de\/wp-json\/wp\/v2\/pages\/12779"}],"wp:attachment":[{"href":"https:\/\/www.qboxmail.com\/de\/wp-json\/wp\/v2\/media?parent=12797"}],"curies":[{"name":"wp","href":"https:\/\/api.w.org\/{rel}","templated":true}]}}