{"id":12744,"date":"2021-03-05T12:29:41","date_gmt":"2021-03-05T11:29:41","guid":{"rendered":"https:\/\/www.qboxmail.com\/zentrale-verwaltung-von-e-mail-signaturen\/"},"modified":"2025-08-01T09:31:59","modified_gmt":"2025-08-01T07:31:59","slug":"zentrale-verwaltung-von-e-mail-signaturen","status":"publish","type":"page","link":"https:\/\/www.qboxmail.com\/de\/funktionen\/control-panel\/zentrale-verwaltung-von-e-mail-signaturen\/","title":{"rendered":"Zentrale Verwaltung von <em>E-Mail-Signaturen<\/em>"},"content":{"rendered":"\n<section class=\"block-section block-evidence block-bg--gradient-start \">\n\t<div class=\"block-content\">\n\t\t<p style=\"text-align: center;\">In nur wenigen Schritten k\u00f6nnen E-Mail-Signaturen direkt \u00fcber das Control Panel hinzugef\u00fcgt oder bearbeitet werden. Hinterlassen Sie einen bleibenden Eindruck und sorgen Sie daf\u00fcr, dass Ihre Marke heraussticht. <\/p>\n\t<\/div>\n<\/section>\n<section class=\"block-section block-text-img block-bg--secondary\">\n\t<div class=\"block-content block-content--reverse\">\n\n\t\t<div class=\"block-text-img__content\">\n\t\t\t\t\n\t\t\t\n\t\t\t\t\t\t\t<h2 class=\"block-title\">Zeitsparende E-Mail-Signaturen: Automatisierte Individualisierung<\/h2>\n\t\t\t\t\n\n\t\t\t<p>Dank einer Reihe von Platzhaltern k\u00f6nnen E-Mail-Signaturen automatisch mit den Daten der Nutzer gef\u00fcllt werden, einschlie\u00dflich Vorname, Nachname und Position im Unternehmen. Unsere zentral verwaltete Funktion stellt sicher, dass Ihre Mitarbeiter m\u00fchelos eine individuell angepasste E-Mail-Signatur zur Verf\u00fcgung haben, ohne manuelle Eingaben vornehmen zu m\u00fcssen. <\/p>\n\n\t\t\t\t      <a class=\"btn-outline btn-outline-accent block-text-img__btn\" href=\"https:\/\/www.qboxmail.com\/de\/wiederverkaufer\/\">Preisliste herunterladen<\/a>\n\t    \t\t<\/div>\n\n\t\t<figure class=\"block-text-img__img\">\n\t\t\t<a href=\"https:\/\/www.qboxmail.com\/de\/wiederverkaufer\/\">\t\t\t\t<img decoding=\"async\" src=\"https:\/\/www.qboxmail.com\/wp-content\/uploads\/2025\/02\/panel_signature_2_screenshot-1280x800.webp\" alt=\"Personal data for email signature management\">\n\t\t\t<\/a>\t\t<\/figure>\n\t<\/div>\n<\/section>\n<section class=\"block-section block-text-img block-bg--secondary\">\n\t<div class=\"block-content \">\n\n\t\t<div class=\"block-text-img__content\">\n\t\t\t\t\n\t\t\t\n\t\t\t\t\t\t\t<h2 class=\"block-title\">Effiziente Verwaltung von HTML-E-Mail-Signaturvorlagen<\/h2>\n\t\t\t\t\n\n\t\t\t<p>Erstellen und passen Sie E-Mail-Signaturvorlagen m\u00fchelos mit dem Texteditor im Control Panel an, egal ob im Nur-Text- oder HTML-Format. Sobald Sie mit dem Design zufrieden sind, wenden Sie die Vorlage einfach an, um allen Benutzern innerhalb Ihrer Domain Ihre brandneue Unternehmens-E-Mail-Signatur hinzuzuf\u00fcgen. <\/p>\n<p>Keine manuelle Einrichtung einzelner E-Mail-Signaturen mit HTML-Dateien mehr. Mit dieser praktischen Funktion k\u00f6nnen Sie die Signaturvorlage jederzeit ganz einfach aktualisieren, und alle Benutzer sehen die \u00c4nderungen in Echtzeit. Genie\u00dfen Sie eine vereinfachte Verwaltung Ihrer E-Mail-Signaturen auf Knopfdruck.  <\/p>\n\n\t\t\t\t      <a class=\"btn-outline btn-outline-accent block-text-img__btn\" href=\"https:\/\/www.qboxmail.com\/de\/wiederverkaufer\/\">Weitere Informationen erhalten<\/a>\n\t    \t\t<\/div>\n\n\t\t<figure class=\"block-text-img__img\">\n\t\t\t<a href=\"https:\/\/www.qboxmail.com\/de\/wiederverkaufer\/\">\t\t\t\t<img decoding=\"async\" src=\"https:\/\/www.qboxmail.com\/wp-content\/uploads\/2025\/02\/panel_signature_3_screenshot-1280x800.webp\" alt=\"Text and HTML editor for email signature management\">\n\t\t\t<\/a>\t\t<\/figure>\n\t<\/div>\n<\/section>\n<section class=\"block-section block-text-img block-bg--secondary\">\n\t<div class=\"block-content block-content--reverse\">\n\n\t\t<div class=\"block-text-img__content\">\n\t\t\t\t\n\t\t\t\n\t\t\t\t\t\t\t<h2 class=\"block-title\">Einzelbenutzer-Signatur\/Identit\u00e4t<\/h2>\n\t\t\t\t\n\n\t\t\t<p>Sie k\u00f6nnen die E-Mail-Signatur und die zugeh\u00f6rige Identit\u00e4t f\u00fcr jedes einzelne Konto bei Bedarf bequem zentral verwalten.<\/p>\n<p>Dar\u00fcber hinaus haben Sie bei der Erstellung einer neuen E-Mail-Adresse f\u00fcr Ihr Unternehmen die M\u00f6glichkeit, die E-Mail-Signaturvorlage zu bearbeiten und die relevanten Details f\u00fcr die neue Identit\u00e4t zuzuweisen.<\/p>\n<p>Administratoren haben die volle Kontrolle, um alle Elemente innerhalb der Signatur oder Identit\u00e4t eines Benutzers direkt \u00fcber das Control Panel zu aktualisieren. Die Benutzer finden ihre Signatur automatisch aktualisiert und einsatzbereit vor, wodurch ein nahtloses Erlebnis gew\u00e4hrleistet ist. <\/p>\n\n\t\t\t\t      <a class=\"btn-outline btn-outline-accent block-text-img__btn\" href=\"https:\/\/www.qboxmail.com\/de\/wiederverkaufer\/\">Preise anzeigen<\/a>\n\t    \t\t<\/div>\n\n\t\t<figure class=\"block-text-img__img\">\n\t\t\t<a href=\"https:\/\/www.qboxmail.com\/de\/wiederverkaufer\/\">\t\t\t\t<img decoding=\"async\" src=\"https:\/\/www.qboxmail.com\/wp-content\/uploads\/2025\/02\/panel_signature_4_screenshot-1280x1015.webp\" alt=\"Management of Email signature and identity of a single user\">\n\t\t\t<\/a>\t\t<\/figure>\n\t<\/div>\n<\/section>\n<section class=\"block-section block-text-img block-bg--gradient-end\">\n\t<div class=\"block-content \">\n\n\t\t<div class=\"block-text-img__content\">\n\t\t\t\t\n\t\t\t\n\t\t\t\t\t\t\t<h2 class=\"block-title\">Entfesseln Sie das Potenzial von E-Mail-Signaturen mit API-Integration<\/h2>\n\t\t\t\t\n\n\t\t\t<p>Mit unserem umfassenden Angebot an API-L\u00f6sungen k\u00f6nnen Sie die E-Mail-Signaturen Ihrer Benutzer m\u00fchelos verwalten, anpassen und aktualisieren. Dank dieser leistungsstarken Funktion k\u00f6nnen Ihre Mitarbeiter neue Nachrichten mit automatisch aktualisierten Signaturen versenden, sodass manuelle Anpassungen entfallen. <\/p>\n<p>Diese Funktion ist besonders vorteilhaft, wenn beispielsweise Ihre Vertriebsabteilung ein neues Angebot bewerben m\u00f6chte. Indem Sie die E-Mail-Signaturen Ihrer Mitarbeiter so bearbeiten, dass sie Informationen \u00fcber die Werbeaktion enthalten, wird jede von ihnen versendete E-Mail zu einem leistungsstarken Marketinginstrument, das Ihre Reichweite erweitert und potenzielle Konversionen f\u00f6rdert. <\/p>\n\n\t\t\t\t      <a class=\"btn-outline btn-outline-accent block-text-img__btn\" href=\"https:\/\/www.qboxmail.com\/de\/wiederverkaufer\/\">Rabatte erhalten<\/a>\n\t    \t\t<\/div>\n\n\t\t<figure class=\"block-text-img__img\">\n\t\t\t<a href=\"https:\/\/www.qboxmail.com\/de\/wiederverkaufer\/\">\t\t\t\t<img decoding=\"async\" src=\"https:\/\/www.qboxmail.com\/wp-content\/uploads\/2025\/02\/panel_signature_5_screenshot-1280x800.webp\" alt=\"API for the management of email signature\">\n\t\t\t<\/a>\t\t<\/figure>\n\t<\/div>\n<\/section>\n<section class=\"block-section block-cta block-bg--gradient-section \">\n\t<div class=\"block-content\">\n\t\n\t\t\t\t\t<h2 class=\"cta-title\">Signaturen in allen Postf\u00e4chern sofort vereinheitlichen<\/h2>\n\t\t\t\t\n\t\t<p><span class=\"highlight author-d-1gg9uz65z1iz85zgdz68zmqkz84zo2qowz81zz86z59libz82zz66z4cz69zhz69zz74zz83zfz81z52z73zz76zz88zq6xnz70zz85zwt\" data-highlight-color=\"#F7CC62\">Richten Sie einmalig dom\u00e4nenweite HTML-Signaturen ein und verleihen Sie Ihren Kunden ein einheitliches, professionelles Erscheinungsbild<\/span><span class=\" author-d-1gg9uz65z1iz85zgdz68zmqkz84zo2qowz81zz86z59libz82zz66z4cz69zhz69zz74zz83zfz81z52z73zz76zz88zq6xnz70zz85zwt\">.<\/span><\/p>\n\n\t\t\n\t\t<div class=\"block-cta__wrap-btn\">\n\t\t\t\t      \t\t<a class=\"btn-accent\" href=\"https:\/\/www.qboxmail.com\/de\/wiederverkaufer\/\">Werden Sie H\u00e4ndler<\/a>\n\t    \t\n\t    \t\n\t\t\t\t\t<\/div>\n\n\t<\/div>\n<\/section>","protected":false},"excerpt":{"rendered":"<p>Geben Sie Ihren Mitarbeitern eine einheitliche, unternehmensweite E-Mail-Signatur.<\/p>\n","protected":false},"author":5,"featured_media":0,"parent":12797,"menu_order":0,"comment_status":"closed","ping_status":"closed","template":"","meta":{"_acf_changed":false,"inline_featured_image":false,"footnotes":""},"class_list":["post-12744","page","type-page","status-publish","hentry"],"acf":[],"yoast_head":"<!-- This site is optimized with the Yoast SEO plugin v27.3 - https:\/\/yoast.com\/product\/yoast-seo-wordpress\/ -->\n<title>Erstellen Sie zentralisierte E-Mail-Signaturen f\u00fcr Ihr Unternehmen \u2013 Qboxmail<\/title>\n<meta name=\"description\" content=\"Verwalten Sie Unternehmens-E-Mail-Signaturen zentral \u00fcber Ihr Control Panel. Erstellen Sie professionelle Signaturen und wenden Sie diese auf die E-Mails Ihrer Kollegen an.\" \/>\n<meta name=\"robots\" content=\"index, follow, max-snippet:-1, max-image-preview:large, max-video-preview:-1\" \/>\n<link rel=\"canonical\" href=\"https:\/\/www.qboxmail.com\/de\/funktionen\/control-panel\/zentrale-verwaltung-von-e-mail-signaturen\/\" \/>\n<meta property=\"og:locale\" content=\"de_DE\" \/>\n<meta property=\"og:type\" content=\"article\" \/>\n<meta property=\"og:title\" content=\"Erstellen Sie zentralisierte E-Mail-Signaturen f\u00fcr Ihr Unternehmen \u2013 Qboxmail\" \/>\n<meta property=\"og:description\" content=\"Verwalten Sie Unternehmens-E-Mail-Signaturen zentral \u00fcber Ihr Control Panel. Erstellen Sie professionelle Signaturen und wenden Sie diese auf die E-Mails Ihrer Kollegen an.\" \/>\n<meta property=\"og:url\" content=\"https:\/\/www.qboxmail.com\/de\/funktionen\/control-panel\/zentrale-verwaltung-von-e-mail-signaturen\/\" \/>\n<meta property=\"og:site_name\" content=\"Qboxmail\" \/>\n<meta property=\"article:publisher\" content=\"https:\/\/www.facebook.com\/qboxmail\" \/>\n<meta property=\"article:modified_time\" content=\"2025-08-01T07:31:59+00:00\" \/>\n<meta property=\"og:image\" content=\"https:\/\/www.qboxmail.com\/wp-content\/uploads\/2020\/08\/og_social.jpg\" \/>\n\t<meta property=\"og:image:width\" content=\"1200\" \/>\n\t<meta property=\"og:image:height\" content=\"630\" \/>\n\t<meta property=\"og:image:type\" content=\"image\/jpeg\" \/>\n<meta name=\"twitter:card\" content=\"summary_large_image\" \/>\n<meta name=\"twitter:site\" content=\"@qboxmail\" \/>\n<script type=\"application\/ld+json\" class=\"yoast-schema-graph\">{\"@context\":\"https:\\\/\\\/schema.org\",\"@graph\":[{\"@type\":\"WebPage\",\"@id\":\"https:\\\/\\\/www.qboxmail.com\\\/de\\\/funktionen\\\/control-panel\\\/zentrale-verwaltung-von-e-mail-signaturen\\\/\",\"url\":\"https:\\\/\\\/www.qboxmail.com\\\/de\\\/funktionen\\\/control-panel\\\/zentrale-verwaltung-von-e-mail-signaturen\\\/\",\"name\":\"Erstellen Sie zentralisierte E-Mail-Signaturen f\u00fcr Ihr Unternehmen \u2013 Qboxmail\",\"isPartOf\":{\"@id\":\"https:\\\/\\\/www.qboxmail.com\\\/de\\\/#website\"},\"datePublished\":\"2021-03-05T11:29:41+00:00\",\"dateModified\":\"2025-08-01T07:31:59+00:00\",\"description\":\"Verwalten Sie Unternehmens-E-Mail-Signaturen zentral \u00fcber Ihr Control Panel. Erstellen Sie professionelle Signaturen und wenden Sie diese auf die E-Mails Ihrer Kollegen an.\",\"breadcrumb\":{\"@id\":\"https:\\\/\\\/www.qboxmail.com\\\/de\\\/funktionen\\\/control-panel\\\/zentrale-verwaltung-von-e-mail-signaturen\\\/#breadcrumb\"},\"inLanguage\":\"de\",\"potentialAction\":[{\"@type\":\"ReadAction\",\"target\":[\"https:\\\/\\\/www.qboxmail.com\\\/de\\\/funktionen\\\/control-panel\\\/zentrale-verwaltung-von-e-mail-signaturen\\\/\"]}]},{\"@type\":\"BreadcrumbList\",\"@id\":\"https:\\\/\\\/www.qboxmail.com\\\/de\\\/funktionen\\\/control-panel\\\/zentrale-verwaltung-von-e-mail-signaturen\\\/#breadcrumb\",\"itemListElement\":[{\"@type\":\"ListItem\",\"position\":1,\"name\":\"Home\",\"item\":\"https:\\\/\\\/www.qboxmail.com\\\/de\\\/\"},{\"@type\":\"ListItem\",\"position\":2,\"name\":\"Viele Funktionen zur Verbesserung der E-Mails Ihrer Kunden\",\"item\":\"https:\\\/\\\/www.qboxmail.com\\\/de\\\/funktionen\\\/\"},{\"@type\":\"ListItem\",\"position\":3,\"name\":\"Control Panel\",\"item\":\"https:\\\/\\\/www.qboxmail.com\\\/de\\\/funktionen\\\/control-panel\\\/\"},{\"@type\":\"ListItem\",\"position\":4,\"name\":\"Zentrale Verwaltung von E-Mail-Signaturen\"}]},{\"@type\":\"WebSite\",\"@id\":\"https:\\\/\\\/www.qboxmail.com\\\/de\\\/#website\",\"url\":\"https:\\\/\\\/www.qboxmail.com\\\/de\\\/\",\"name\":\"Qboxmail\",\"description\":\"Semplifica la gestione delle email aziendali\",\"publisher\":{\"@id\":\"https:\\\/\\\/www.qboxmail.com\\\/de\\\/#organization\"},\"potentialAction\":[{\"@type\":\"SearchAction\",\"target\":{\"@type\":\"EntryPoint\",\"urlTemplate\":\"https:\\\/\\\/www.qboxmail.com\\\/de\\\/?s={search_term_string}\"},\"query-input\":{\"@type\":\"PropertyValueSpecification\",\"valueRequired\":true,\"valueName\":\"search_term_string\"}}],\"inLanguage\":\"de\"},{\"@type\":\"Organization\",\"@id\":\"https:\\\/\\\/www.qboxmail.com\\\/de\\\/#organization\",\"name\":\"Qboxmail Srl\",\"url\":\"https:\\\/\\\/www.qboxmail.com\\\/de\\\/\",\"logo\":{\"@type\":\"ImageObject\",\"inLanguage\":\"de\",\"@id\":\"https:\\\/\\\/www.qboxmail.com\\\/de\\\/#\\\/schema\\\/logo\\\/image\\\/\",\"url\":\"https:\\\/\\\/www.qboxmail.com\\\/wp-content\\\/uploads\\\/2020\\\/08\\\/logo_qboxmail.svg\",\"contentUrl\":\"https:\\\/\\\/www.qboxmail.com\\\/wp-content\\\/uploads\\\/2020\\\/08\\\/logo_qboxmail.svg\",\"width\":\"1024\",\"height\":\"1024\",\"caption\":\"Qboxmail Srl\"},\"image\":{\"@id\":\"https:\\\/\\\/www.qboxmail.com\\\/de\\\/#\\\/schema\\\/logo\\\/image\\\/\"},\"sameAs\":[\"https:\\\/\\\/www.facebook.com\\\/qboxmail\",\"https:\\\/\\\/x.com\\\/qboxmail\",\"https:\\\/\\\/www.linkedin.com\\\/company\\\/qboxmail\"]}]}<\/script>\n<!-- \/ Yoast SEO plugin. -->","yoast_head_json":{"title":"Erstellen Sie zentralisierte E-Mail-Signaturen f\u00fcr Ihr Unternehmen \u2013 Qboxmail","description":"Verwalten Sie Unternehmens-E-Mail-Signaturen zentral \u00fcber Ihr Control Panel. Erstellen Sie professionelle Signaturen und wenden Sie diese auf die E-Mails Ihrer Kollegen an.","robots":{"index":"index","follow":"follow","max-snippet":"max-snippet:-1","max-image-preview":"max-image-preview:large","max-video-preview":"max-video-preview:-1"},"canonical":"https:\/\/www.qboxmail.com\/de\/funktionen\/control-panel\/zentrale-verwaltung-von-e-mail-signaturen\/","og_locale":"de_DE","og_type":"article","og_title":"Erstellen Sie zentralisierte E-Mail-Signaturen f\u00fcr Ihr Unternehmen \u2013 Qboxmail","og_description":"Verwalten Sie Unternehmens-E-Mail-Signaturen zentral \u00fcber Ihr Control Panel. Erstellen Sie professionelle Signaturen und wenden Sie diese auf die E-Mails Ihrer Kollegen an.","og_url":"https:\/\/www.qboxmail.com\/de\/funktionen\/control-panel\/zentrale-verwaltung-von-e-mail-signaturen\/","og_site_name":"Qboxmail","article_publisher":"https:\/\/www.facebook.com\/qboxmail","article_modified_time":"2025-08-01T07:31:59+00:00","og_image":[{"width":1200,"height":630,"url":"https:\/\/www.qboxmail.com\/wp-content\/uploads\/2020\/08\/og_social.jpg","type":"image\/jpeg"}],"twitter_card":"summary_large_image","twitter_site":"@qboxmail","schema":{"@context":"https:\/\/schema.org","@graph":[{"@type":"WebPage","@id":"https:\/\/www.qboxmail.com\/de\/funktionen\/control-panel\/zentrale-verwaltung-von-e-mail-signaturen\/","url":"https:\/\/www.qboxmail.com\/de\/funktionen\/control-panel\/zentrale-verwaltung-von-e-mail-signaturen\/","name":"Erstellen Sie zentralisierte E-Mail-Signaturen f\u00fcr Ihr Unternehmen \u2013 Qboxmail","isPartOf":{"@id":"https:\/\/www.qboxmail.com\/de\/#website"},"datePublished":"2021-03-05T11:29:41+00:00","dateModified":"2025-08-01T07:31:59+00:00","description":"Verwalten Sie Unternehmens-E-Mail-Signaturen zentral \u00fcber Ihr Control Panel. Erstellen Sie professionelle Signaturen und wenden Sie diese auf die E-Mails Ihrer Kollegen an.","breadcrumb":{"@id":"https:\/\/www.qboxmail.com\/de\/funktionen\/control-panel\/zentrale-verwaltung-von-e-mail-signaturen\/#breadcrumb"},"inLanguage":"de","potentialAction":[{"@type":"ReadAction","target":["https:\/\/www.qboxmail.com\/de\/funktionen\/control-panel\/zentrale-verwaltung-von-e-mail-signaturen\/"]}]},{"@type":"BreadcrumbList","@id":"https:\/\/www.qboxmail.com\/de\/funktionen\/control-panel\/zentrale-verwaltung-von-e-mail-signaturen\/#breadcrumb","itemListElement":[{"@type":"ListItem","position":1,"name":"Home","item":"https:\/\/www.qboxmail.com\/de\/"},{"@type":"ListItem","position":2,"name":"Viele Funktionen zur Verbesserung der E-Mails Ihrer Kunden","item":"https:\/\/www.qboxmail.com\/de\/funktionen\/"},{"@type":"ListItem","position":3,"name":"Control Panel","item":"https:\/\/www.qboxmail.com\/de\/funktionen\/control-panel\/"},{"@type":"ListItem","position":4,"name":"Zentrale Verwaltung von E-Mail-Signaturen"}]},{"@type":"WebSite","@id":"https:\/\/www.qboxmail.com\/de\/#website","url":"https:\/\/www.qboxmail.com\/de\/","name":"Qboxmail","description":"Semplifica la gestione delle email aziendali","publisher":{"@id":"https:\/\/www.qboxmail.com\/de\/#organization"},"potentialAction":[{"@type":"SearchAction","target":{"@type":"EntryPoint","urlTemplate":"https:\/\/www.qboxmail.com\/de\/?s={search_term_string}"},"query-input":{"@type":"PropertyValueSpecification","valueRequired":true,"valueName":"search_term_string"}}],"inLanguage":"de"},{"@type":"Organization","@id":"https:\/\/www.qboxmail.com\/de\/#organization","name":"Qboxmail Srl","url":"https:\/\/www.qboxmail.com\/de\/","logo":{"@type":"ImageObject","inLanguage":"de","@id":"https:\/\/www.qboxmail.com\/de\/#\/schema\/logo\/image\/","url":"https:\/\/www.qboxmail.com\/wp-content\/uploads\/2020\/08\/logo_qboxmail.svg","contentUrl":"https:\/\/www.qboxmail.com\/wp-content\/uploads\/2020\/08\/logo_qboxmail.svg","width":"1024","height":"1024","caption":"Qboxmail Srl"},"image":{"@id":"https:\/\/www.qboxmail.com\/de\/#\/schema\/logo\/image\/"},"sameAs":["https:\/\/www.facebook.com\/qboxmail","https:\/\/x.com\/qboxmail","https:\/\/www.linkedin.com\/company\/qboxmail"]}]}},"_links":{"self":[{"href":"https:\/\/www.qboxmail.com\/de\/wp-json\/wp\/v2\/pages\/12744","targetHints":{"allow":["GET"]}}],"collection":[{"href":"https:\/\/www.qboxmail.com\/de\/wp-json\/wp\/v2\/pages"}],"about":[{"href":"https:\/\/www.qboxmail.com\/de\/wp-json\/wp\/v2\/types\/page"}],"author":[{"embeddable":true,"href":"https:\/\/www.qboxmail.com\/de\/wp-json\/wp\/v2\/users\/5"}],"replies":[{"embeddable":true,"href":"https:\/\/www.qboxmail.com\/de\/wp-json\/wp\/v2\/comments?post=12744"}],"version-history":[{"count":1,"href":"https:\/\/www.qboxmail.com\/de\/wp-json\/wp\/v2\/pages\/12744\/revisions"}],"predecessor-version":[{"id":12749,"href":"https:\/\/www.qboxmail.com\/de\/wp-json\/wp\/v2\/pages\/12744\/revisions\/12749"}],"up":[{"embeddable":true,"href":"https:\/\/www.qboxmail.com\/de\/wp-json\/wp\/v2\/pages\/12797"}],"wp:attachment":[{"href":"https:\/\/www.qboxmail.com\/de\/wp-json\/wp\/v2\/media?parent=12744"}],"curies":[{"name":"wp","href":"https:\/\/api.w.org\/{rel}","templated":true}]}}