{"id":12623,"date":"2024-05-15T17:02:26","date_gmt":"2024-05-15T15:02:26","guid":{"rendered":"https:\/\/www.qboxmail.com\/mehrstufiges-control-panel\/"},"modified":"2025-08-04T09:18:50","modified_gmt":"2025-08-04T07:18:50","slug":"multi-level-control-panel","status":"publish","type":"page","link":"https:\/\/www.qboxmail.com\/de\/multi-level-control-panel\/","title":{"rendered":"<em>Multi-Level<\/em> Control Panel"},"content":{"rendered":"\n<section class=\"block-section block-evidence block-bg--gradient-start \">\n\t<div class=\"block-content\">\n\t\t<p>Mit dem <strong>mehrstufigen Control Panel <\/strong>von Qboxmail k\u00f6nnen die Verwaltung der Firmen-E-Mail-Konten an Kolleg:innen oder Kund:innen delegiert werden \u2013 mit genau den Funktionen und Zugriffsrechten, die Sie f\u00fcr angemessen halten.<\/p>\n\t<\/div>\n<\/section>\n<section class=\"block-section block-bg--secondary block-features-box\">\n  <div class=\"block-content\">\n          <h2 class=\"block-title block-features-box__title\">Alle verf\u00fcgbaren Rollen entdecken<\/h2>\n    \n    <div class=\"block-features-box__wrap-card\">\n    \t        \n                      <div class=\"block-features-box__card\">\n              <figure class=\"block-features-box__card-icon\">\n                <img decoding=\"async\" src=\"https:\/\/www.qboxmail.com\/wp-content\/uploads\/2020\/08\/multi_leveI_icon.svg\" alt=\"Multilevel control panel\"\/>\n              <\/figure>       \n              <h2 class=\"block-features-box__card-title\">Admin<\/h2>\n              <p class=\"block-features-box__card-text\">Der Administrator (Admin) des <strong>Control Panels<\/strong> ist befugt, Domains und E-Mail-Konten hinzuzuf\u00fcgen und zu verwalten und verf\u00fcgt \u00fcber uneingeschr\u00e4nkte Kontrolle \u00fcber alle Ressourcen im Account.<\/p>    \n            <\/div>\n          \n        \n                      <div class=\"block-features-box__card\">\n              <figure class=\"block-features-box__card-icon\">\n                <img decoding=\"async\" src=\"https:\/\/www.qboxmail.com\/wp-content\/uploads\/2022\/03\/icon_identities.svg\" alt=\"icon of identities, with two icon of people in different blue.\"\/>\n              <\/figure>       \n              <h2 class=\"block-features-box__card-title\">Teammitglied <\/h2>\n              <p class=\"block-features-box__card-text\">Das Teammitglied ist in der Regel eine interne Person im Unternehmen. Der Administrator legt deren Handlungsspielraum fest, indem er bestimmt, welche Aktionen ausgef\u00fchrt werden d\u00fcrfen und welche nicht. <\/p>    \n            <\/div>\n          \n        \n                      <div class=\"block-features-box__card\">\n              <figure class=\"block-features-box__card-icon\">\n                <img decoding=\"async\" src=\"https:\/\/www.qboxmail.com\/wp-content\/uploads\/2022\/03\/icon_account.svg\" alt=\"image appears to be a generic user or profile icon\"\/>\n              <\/figure>       \n              <h2 class=\"block-features-box__card-title\">Manager<\/h2>\n              <p class=\"block-features-box__card-text\">Mit der Rolle des Managers kann die Verwaltung mehrerer Domains an eine ausgew\u00e4hlte Person delegiert werden. So k\u00f6nnen Ihre Kunden ihre eigenen Domains selbst verwalten oder Qboxmail-<strong>Dienste<\/strong> an <strong>weitere Wiederverk\u00e4ufer<\/strong> weiterverkaufen. <\/p>    \n            <\/div>\n          \n        \n                      <div class=\"block-features-box__card\">\n              <figure class=\"block-features-box__card-icon\">\n                <img decoding=\"async\" src=\"https:\/\/www.qboxmail.com\/wp-content\/uploads\/2022\/12\/icon_support.svg\" alt=\"icon blue light rapresenting the human support always available\"\/>\n              <\/figure>       \n              <h2 class=\"block-features-box__card-title\">Postmaster<\/h2>\n              <p class=\"block-features-box__card-text\">Der Postmaster ist f\u00fcr eine einzelne Domain verantwortlich und kann die zugeh\u00f6rigen Postf\u00e4cher eigenst\u00e4ndig erstellen und verwalten \u2013 innerhalb der von Ihnen festgelegten Grenzen f\u00fcr diese Domain.<\/p>    \n            <\/div>\n          \n        \n                      <div class=\"block-features-box__card\">\n              <figure class=\"block-features-box__card-icon\">\n                <img decoding=\"async\" src=\"https:\/\/www.qboxmail.com\/wp-content\/uploads\/2023\/04\/icon_extra-messages.png\" alt=\"icon extra messages\"\/>\n              <\/figure>       \n              <h2 class=\"block-features-box__card-title\">E-Mail-Konto <\/h2>\n              <p class=\"block-features-box__card-text\">Das E-Mail-Konto ist Inhaber der einzelnen E-Mail-Adresse und kann ausschlie\u00dflich die dazugeh\u00f6rigen Einstellungen verwalten.<\/p>    \n            <\/div>\n          \n        \n                      <div class=\"block-features-box__card\">\n              <figure class=\"block-features-box__card-icon\">\n                <img decoding=\"async\" src=\"https:\/\/www.qboxmail.com\/wp-content\/uploads\/2020\/08\/support_icon.svg\" alt=\"Illustration of a figure icon with a message cloud\"\/>\n              <\/figure>       \n              <h2 class=\"block-features-box__card-title\">Delegieren<\/h2>\n              <p class=\"block-features-box__card-text\">Die Rolle \u201eDelegate\u201c erm\u00f6glicht es, sich selbst oder einer Kollegin\/einem Kollegen Zugriff auf die <strong>Sicherheitsarchive<\/strong> zu gew\u00e4hren. Dabei wird die Exklusivit\u00e4t des Zugriffs auf die gespeicherten Daten gewahrt, was dem Archiv seinen rechtlichen Wert verleiht.<\/p>    \n            <\/div>\n          \n                  <\/div>\n\n      <\/div>\n<\/section>\n<section class=\"block-section block-features-list block-bg--gradient-end \" id=\"\">\n\t<div class=\"block-content\">\n\t\t<div>\n\t\t\t\t\t\t\t<h2 class=\"block-title\"> Vorteile des Mehrstufigen Zugriffs<\/h2>\n\t\t\t\t\n\t\t\t<div class=\"block-features-list__wrap-card\">\n\t\t\t\t \t\t        \t\t\t        <a class=\"block-features-list__card\" href=\"\">\n\t\t\t\t        <h3 class=\"card-title\">Zeit- und Kostenersparnis <\/h3>\n\t\t\t\t        <p class=\"card-text\">Die Verwaltung der Firmen-E-Mail-Konten wird <strong>vereinfacht<\/strong>, wodurch Zeit und Aufwand deutlich reduziert werden. Durch die Verteilung der Arbeitslast auf mehrere Mitarbeitende lassen sich zudem die Betriebskosten senken. <\/p>    \n\t\t\t        <\/a>\n\t\t\t   \t  \t\t\t        <a class=\"block-features-list__card\" href=\"\">\n\t\t\t\t        <h3 class=\"card-title\">Delegation<\/h3>\n\t\t\t\t        <p class=\"card-text\">Erm\u00f6glicht die Delegation administrativer Aufgaben auf verschiedenen Ebenen und steigert so<strong> die Effizienz<\/strong>. Ihre Kunden k\u00f6nnen die Verwaltung ihrer Postf\u00e4cher selbst \u00fcbernehmen, w\u00e4hrend Wiederverk\u00e4ufer die Gesamtsteuerung und -\u00fcberwachung behalten. <\/p>    \n\t\t\t        <\/a>\n\t\t\t   \t  \t\t\t        <a class=\"block-features-list__card\" href=\"\">\n\t\t\t\t        <h3 class=\"card-title\">Skalierbarkeit<\/h3>\n\t\t\t\t        <p class=\"card-text\">Erm\u00f6glicht die <strong>Skalierbarkeit<\/strong> der E-Mail-Verwaltung. Mit dem Wachstum des Gesch\u00e4fts eines Wiederverk\u00e4ufers oder bei sich \u00e4ndernden Kundenanforderungen kann das System problemlos erweitert werden, um mehr Nutzer zu unterst\u00fctzen. \r\n<\/p>    \n\t\t\t        <\/a>\n\t\t\t   \t  \t\t\t        <a class=\"block-features-list__card\" href=\"\">\n\t\t\t\t        <h3 class=\"card-title\">Berichterstattung und Analyse <\/h3>\n\t\t\t\t        <p class=\"card-text\"><strong>Stellt Bericht- und Analysewerkzeuge<\/strong> bereit, mit denen Wiederverk\u00e4ufer die Nutzung \u00fcberwachen, potenzielle Probleme erkennen und die Leistung des E-Mail-Dienstes f\u00fcr ihre Kunden optimieren k\u00f6nnen.<\/p>    \n\t\t\t        <\/a>\n\t\t\t   \t  \t\t\t        <a class=\"block-features-list__card\" href=\"\">\n\t\t\t\t        <h3 class=\"card-title\">Erh\u00f6hte Wiederverkaufsgewinne <\/h3>\n\t\t\t\t        <p class=\"card-text\">Erstellen Sie Unterkonten f\u00fcr weitere Wiederverk\u00e4ufer in Ihrem Panel und <strong>reduzieren Sie<\/strong> so die St\u00fcckkosten der Postf\u00e4cher durch <strong>Mengennachl\u00e4sse<\/strong>.<\/p>    \n\t\t\t        <\/a>\n\t\t\t   \t  \t\t\t        <a class=\"block-features-list__card\" href=\"\">\n\t\t\t\t        <h3 class=\"card-title\">Verbesserte Benutzererfahrung<\/h3>\n\t\t\t\t        <p class=\"card-text\">Eine intuitive und benutzerfreundliche Oberfl\u00e4che <strong>verbessert die Nutzererfahrung der Endkunden<\/strong>, indem sie deren Verwaltung der E-Mail-Einstellungen erleichtert und h\u00e4ufige technische Supportanfragen an Sie reduziert.\r\n<\/p>    \n\t\t\t        <\/a>\n\t\t\t   \t  \t\t      \t\t\t<\/div>\n\t\t\t\n\t\t<\/div>\n\t\t<div class=\"block-list-wrap-btn\">\n\t\t\t\t\t<\/div>\n\t<\/div>\n<\/section>\n<section class=\"block-section block-text-img block-bg--gradient-section\">\n\t<div class=\"block-content \">\n\n\t\t<div class=\"block-text-img__content\">\n\t\t\t\t\n\t\t\t\n\t\t\t\t\t\t\t<h2 class=\"block-title\"> Werden Sie selbst zum professionellen E-Mail-Dienstleister.<\/h2>\n\t\t\t\t\n\n\t\t\t<p>Qboxmail bietet eine einzigartige M\u00f6glichkeit: Mit dem <strong>Multi-Level Control Panel<\/strong> k\u00f6nnen Sie zum Anbieter professioneller E-Mail-Dienste werden. <\/p>\n<p>Die Manager-Rolle erm\u00f6glicht es, Unterkonten f\u00fcr andere Unternehmen oder Fachleute anzulegen, die die Postf\u00e4cher ihrer Kunden verwalten m\u00fcssen. Bestehende Domains k\u00f6nnen den Managern zugewiesen werden, und sie erhalten die Befugnis, innerhalb der von Ihnen festgelegten Grenzen neue Domains zu erstellen. <\/p>\n<p>Mit den <strong>White-Label-Optionen<\/strong>, die es erm\u00f6glichen, das Qboxmail-Logo zu verbergen und den Dienst mit Ihrer eigenen Marke und Domain zu individualisieren, behalten Sie den Status als Dienstanbieter. Dieselben White-Label-Optionen k\u00f6nnen Sie auch Ihren Wiederverk\u00e4ufer-Kunden anbieten. So schaffen Sie Ihr eigenes Wiederverkaufssystem und sichern <strong>sich dank Mengennachl\u00e4ssen g\u00fcnstigere Preise<\/strong>.  <\/p>\n\n\t\t\t\t\t<\/div>\n\n\t\t<figure class=\"block-text-img__img\">\n\t\t\t\t\t\t\t<img decoding=\"async\" src=\"https:\/\/www.qboxmail.com\/wp-content\/uploads\/2025\/02\/designed-for-resellers-1280x949.webp\" alt=\"designed for resellers\">\n\t\t\t\t\t<\/figure>\n\t<\/div>\n<\/section>\n<section class=\"block-section block-cta block-bg--gradient-hero \">\n\t<div class=\"block-content\">\n\t\n\t\t\t\t\t<h2 class=\"cta-title\">Delegation der E-Mail-Administration mit Multi-Level-Control<\/h2>\n\t\t\t\t\n\t\t<p><span class=\"highlight author-d-1gg9uz65z1iz85zgdz68zmqkz84zo2qowz81zz86z59libz82zz66z4cz69zhz69zz74zz83zfz81z52z73zz76zz88zq6xnz70zz85zwt\" data-highlight-color=\"#F7CC62\">Bieten Sie Ihren Kunden ma\u00dfgeschneiderten Zugriff, reduzieren Sie die Arbeitsbelastung und skalieren Sie m\u00fchelos.<\/span><\/p>\n\n\t\t\n\t\t<div class=\"block-cta__wrap-btn\">\n\t\t\t\t      \t\t<a class=\"btn-accent\" href=\"https:\/\/www.qboxmail.com\/de\/kostenlose-testphase\/\">Kostenlose Testphase starten<\/a>\n\t    \t\n\t    \t\n\t\t\t\t\t<\/div>\n\n\t<\/div>\n<\/section>","protected":false},"excerpt":{"rendered":"<p>Delegieren Sie die E-Mail-Verwaltung und vereinfachen Sie die Arbeitsabl\u00e4ufe in Ihrer Organisation.<\/p>\n","protected":false},"author":11,"featured_media":0,"parent":0,"menu_order":0,"comment_status":"closed","ping_status":"closed","template":"","meta":{"_acf_changed":false,"inline_featured_image":false,"footnotes":""},"class_list":["post-12623","page","type-page","status-publish","hentry"],"acf":[],"yoast_head":"<!-- This site is optimized with the Yoast SEO plugin v27.3 - https:\/\/yoast.com\/product\/yoast-seo-wordpress\/ -->\n<title>Qboxmails Multi-Level Control Panel - Qboxmail<\/title>\n<meta name=\"description\" content=\"Optimieren Sie die E-Mail-Verwaltung mit Qboxmails Multi-Level Control Panel. Starten Sie noch heute Ihre kostenlose 30-t\u00e4gige Testphase!\" \/>\n<meta name=\"robots\" content=\"index, follow, max-snippet:-1, max-image-preview:large, max-video-preview:-1\" \/>\n<link rel=\"canonical\" href=\"https:\/\/www.qboxmail.com\/de\/multi-level-control-panel\/\" \/>\n<meta property=\"og:locale\" content=\"de_DE\" \/>\n<meta property=\"og:type\" content=\"article\" \/>\n<meta property=\"og:title\" content=\"Qboxmails Multi-Level Control Panel - Qboxmail\" \/>\n<meta property=\"og:description\" content=\"Optimieren Sie die E-Mail-Verwaltung mit Qboxmails Multi-Level Control Panel. Starten Sie noch heute Ihre kostenlose 30-t\u00e4gige Testphase!\" \/>\n<meta property=\"og:url\" content=\"https:\/\/www.qboxmail.com\/de\/multi-level-control-panel\/\" \/>\n<meta property=\"og:site_name\" content=\"Qboxmail\" \/>\n<meta property=\"article:publisher\" content=\"https:\/\/www.facebook.com\/qboxmail\" \/>\n<meta property=\"article:modified_time\" content=\"2025-08-04T07:18:50+00:00\" \/>\n<meta property=\"og:image\" content=\"https:\/\/www.qboxmail.com\/wp-content\/uploads\/2020\/08\/og_social.jpg\" \/>\n\t<meta property=\"og:image:width\" content=\"1200\" \/>\n\t<meta property=\"og:image:height\" content=\"630\" \/>\n\t<meta property=\"og:image:type\" content=\"image\/jpeg\" \/>\n<meta name=\"twitter:card\" content=\"summary_large_image\" \/>\n<meta name=\"twitter:site\" content=\"@qboxmail\" \/>\n<meta name=\"twitter:label1\" content=\"Gesch\u00e4tzte Lesezeit\" \/>\n\t<meta name=\"twitter:data1\" content=\"3\u00a0Minuten\" \/>\n<script type=\"application\/ld+json\" class=\"yoast-schema-graph\">{\"@context\":\"https:\\\/\\\/schema.org\",\"@graph\":[{\"@type\":\"WebPage\",\"@id\":\"https:\\\/\\\/www.qboxmail.com\\\/de\\\/multi-level-control-panel\\\/\",\"url\":\"https:\\\/\\\/www.qboxmail.com\\\/de\\\/multi-level-control-panel\\\/\",\"name\":\"Qboxmails Multi-Level Control Panel - Qboxmail\",\"isPartOf\":{\"@id\":\"https:\\\/\\\/www.qboxmail.com\\\/de\\\/#website\"},\"datePublished\":\"2024-05-15T15:02:26+00:00\",\"dateModified\":\"2025-08-04T07:18:50+00:00\",\"description\":\"Optimieren Sie die E-Mail-Verwaltung mit Qboxmails Multi-Level Control Panel. Starten Sie noch heute Ihre kostenlose 30-t\u00e4gige Testphase!\",\"breadcrumb\":{\"@id\":\"https:\\\/\\\/www.qboxmail.com\\\/de\\\/multi-level-control-panel\\\/#breadcrumb\"},\"inLanguage\":\"de\",\"potentialAction\":[{\"@type\":\"ReadAction\",\"target\":[\"https:\\\/\\\/www.qboxmail.com\\\/de\\\/multi-level-control-panel\\\/\"]}]},{\"@type\":\"BreadcrumbList\",\"@id\":\"https:\\\/\\\/www.qboxmail.com\\\/de\\\/multi-level-control-panel\\\/#breadcrumb\",\"itemListElement\":[{\"@type\":\"ListItem\",\"position\":1,\"name\":\"Home\",\"item\":\"https:\\\/\\\/www.qboxmail.com\\\/de\\\/\"},{\"@type\":\"ListItem\",\"position\":2,\"name\":\"Multi-Level Control Panel\"}]},{\"@type\":\"WebSite\",\"@id\":\"https:\\\/\\\/www.qboxmail.com\\\/de\\\/#website\",\"url\":\"https:\\\/\\\/www.qboxmail.com\\\/de\\\/\",\"name\":\"Qboxmail\",\"description\":\"Semplifica la gestione delle email aziendali\",\"publisher\":{\"@id\":\"https:\\\/\\\/www.qboxmail.com\\\/de\\\/#organization\"},\"potentialAction\":[{\"@type\":\"SearchAction\",\"target\":{\"@type\":\"EntryPoint\",\"urlTemplate\":\"https:\\\/\\\/www.qboxmail.com\\\/de\\\/?s={search_term_string}\"},\"query-input\":{\"@type\":\"PropertyValueSpecification\",\"valueRequired\":true,\"valueName\":\"search_term_string\"}}],\"inLanguage\":\"de\"},{\"@type\":\"Organization\",\"@id\":\"https:\\\/\\\/www.qboxmail.com\\\/de\\\/#organization\",\"name\":\"Qboxmail Srl\",\"url\":\"https:\\\/\\\/www.qboxmail.com\\\/de\\\/\",\"logo\":{\"@type\":\"ImageObject\",\"inLanguage\":\"de\",\"@id\":\"https:\\\/\\\/www.qboxmail.com\\\/de\\\/#\\\/schema\\\/logo\\\/image\\\/\",\"url\":\"https:\\\/\\\/www.qboxmail.com\\\/wp-content\\\/uploads\\\/2020\\\/08\\\/logo_qboxmail.svg\",\"contentUrl\":\"https:\\\/\\\/www.qboxmail.com\\\/wp-content\\\/uploads\\\/2020\\\/08\\\/logo_qboxmail.svg\",\"width\":\"1024\",\"height\":\"1024\",\"caption\":\"Qboxmail Srl\"},\"image\":{\"@id\":\"https:\\\/\\\/www.qboxmail.com\\\/de\\\/#\\\/schema\\\/logo\\\/image\\\/\"},\"sameAs\":[\"https:\\\/\\\/www.facebook.com\\\/qboxmail\",\"https:\\\/\\\/x.com\\\/qboxmail\",\"https:\\\/\\\/www.linkedin.com\\\/company\\\/qboxmail\"]}]}<\/script>\n<!-- \/ Yoast SEO plugin. -->","yoast_head_json":{"title":"Qboxmails Multi-Level Control Panel - Qboxmail","description":"Optimieren Sie die E-Mail-Verwaltung mit Qboxmails Multi-Level Control Panel. Starten Sie noch heute Ihre kostenlose 30-t\u00e4gige Testphase!","robots":{"index":"index","follow":"follow","max-snippet":"max-snippet:-1","max-image-preview":"max-image-preview:large","max-video-preview":"max-video-preview:-1"},"canonical":"https:\/\/www.qboxmail.com\/de\/multi-level-control-panel\/","og_locale":"de_DE","og_type":"article","og_title":"Qboxmails Multi-Level Control Panel - Qboxmail","og_description":"Optimieren Sie die E-Mail-Verwaltung mit Qboxmails Multi-Level Control Panel. Starten Sie noch heute Ihre kostenlose 30-t\u00e4gige Testphase!","og_url":"https:\/\/www.qboxmail.com\/de\/multi-level-control-panel\/","og_site_name":"Qboxmail","article_publisher":"https:\/\/www.facebook.com\/qboxmail","article_modified_time":"2025-08-04T07:18:50+00:00","og_image":[{"width":1200,"height":630,"url":"https:\/\/www.qboxmail.com\/wp-content\/uploads\/2020\/08\/og_social.jpg","type":"image\/jpeg"}],"twitter_card":"summary_large_image","twitter_site":"@qboxmail","twitter_misc":{"Gesch\u00e4tzte Lesezeit":"3\u00a0Minuten"},"schema":{"@context":"https:\/\/schema.org","@graph":[{"@type":"WebPage","@id":"https:\/\/www.qboxmail.com\/de\/multi-level-control-panel\/","url":"https:\/\/www.qboxmail.com\/de\/multi-level-control-panel\/","name":"Qboxmails Multi-Level Control Panel - Qboxmail","isPartOf":{"@id":"https:\/\/www.qboxmail.com\/de\/#website"},"datePublished":"2024-05-15T15:02:26+00:00","dateModified":"2025-08-04T07:18:50+00:00","description":"Optimieren Sie die E-Mail-Verwaltung mit Qboxmails Multi-Level Control Panel. Starten Sie noch heute Ihre kostenlose 30-t\u00e4gige Testphase!","breadcrumb":{"@id":"https:\/\/www.qboxmail.com\/de\/multi-level-control-panel\/#breadcrumb"},"inLanguage":"de","potentialAction":[{"@type":"ReadAction","target":["https:\/\/www.qboxmail.com\/de\/multi-level-control-panel\/"]}]},{"@type":"BreadcrumbList","@id":"https:\/\/www.qboxmail.com\/de\/multi-level-control-panel\/#breadcrumb","itemListElement":[{"@type":"ListItem","position":1,"name":"Home","item":"https:\/\/www.qboxmail.com\/de\/"},{"@type":"ListItem","position":2,"name":"Multi-Level Control Panel"}]},{"@type":"WebSite","@id":"https:\/\/www.qboxmail.com\/de\/#website","url":"https:\/\/www.qboxmail.com\/de\/","name":"Qboxmail","description":"Semplifica la gestione delle email aziendali","publisher":{"@id":"https:\/\/www.qboxmail.com\/de\/#organization"},"potentialAction":[{"@type":"SearchAction","target":{"@type":"EntryPoint","urlTemplate":"https:\/\/www.qboxmail.com\/de\/?s={search_term_string}"},"query-input":{"@type":"PropertyValueSpecification","valueRequired":true,"valueName":"search_term_string"}}],"inLanguage":"de"},{"@type":"Organization","@id":"https:\/\/www.qboxmail.com\/de\/#organization","name":"Qboxmail Srl","url":"https:\/\/www.qboxmail.com\/de\/","logo":{"@type":"ImageObject","inLanguage":"de","@id":"https:\/\/www.qboxmail.com\/de\/#\/schema\/logo\/image\/","url":"https:\/\/www.qboxmail.com\/wp-content\/uploads\/2020\/08\/logo_qboxmail.svg","contentUrl":"https:\/\/www.qboxmail.com\/wp-content\/uploads\/2020\/08\/logo_qboxmail.svg","width":"1024","height":"1024","caption":"Qboxmail Srl"},"image":{"@id":"https:\/\/www.qboxmail.com\/de\/#\/schema\/logo\/image\/"},"sameAs":["https:\/\/www.facebook.com\/qboxmail","https:\/\/x.com\/qboxmail","https:\/\/www.linkedin.com\/company\/qboxmail"]}]}},"_links":{"self":[{"href":"https:\/\/www.qboxmail.com\/de\/wp-json\/wp\/v2\/pages\/12623","targetHints":{"allow":["GET"]}}],"collection":[{"href":"https:\/\/www.qboxmail.com\/de\/wp-json\/wp\/v2\/pages"}],"about":[{"href":"https:\/\/www.qboxmail.com\/de\/wp-json\/wp\/v2\/types\/page"}],"author":[{"embeddable":true,"href":"https:\/\/www.qboxmail.com\/de\/wp-json\/wp\/v2\/users\/11"}],"replies":[{"embeddable":true,"href":"https:\/\/www.qboxmail.com\/de\/wp-json\/wp\/v2\/comments?post=12623"}],"version-history":[{"count":3,"href":"https:\/\/www.qboxmail.com\/de\/wp-json\/wp\/v2\/pages\/12623\/revisions"}],"predecessor-version":[{"id":12969,"href":"https:\/\/www.qboxmail.com\/de\/wp-json\/wp\/v2\/pages\/12623\/revisions\/12969"}],"wp:attachment":[{"href":"https:\/\/www.qboxmail.com\/de\/wp-json\/wp\/v2\/media?parent=12623"}],"curies":[{"name":"wp","href":"https:\/\/api.w.org\/{rel}","templated":true}]}}